{"id":35,"date":"2015-06-29T13:47:31","date_gmt":"2015-06-29T12:47:31","guid":{"rendered":"https:\/\/apps.atilf.fr\/homepages\/mdargnat\/?page_id=35"},"modified":"2025-09-03T08:45:18","modified_gmt":"2025-09-03T07:45:18","slug":"accueil","status":"publish","type":"page","link":"https:\/\/perso.atilf.fr\/mdargnat\/","title":{"rendered":"Accueil"},"content":{"rendered":"<p style=\"text-align: center\"><span style=\"color: #3366ff\"><a href=\"https:\/\/perso.atilf.fr\/mdargnat\/wp-content\/uploads\/sites\/54\/2023\/04\/ID-Laure-e1681059077116.jpg\"><img loading=\"lazy\" decoding=\"async\" class=\"size-medium wp-image-237 aligncenter\" src=\"https:\/\/perso.atilf.fr\/mdargnat\/wp-content\/uploads\/sites\/54\/2023\/04\/ID-Laure-e1681059077116-185x300.jpg\" alt=\"\" width=\"185\" height=\"300\" srcset=\"https:\/\/perso.atilf.fr\/mdargnat\/wp-content\/uploads\/sites\/54\/2023\/04\/ID-Laure-e1681059077116-185x300.jpg 185w, https:\/\/perso.atilf.fr\/mdargnat\/wp-content\/uploads\/sites\/54\/2023\/04\/ID-Laure-e1681059077116.jpg 283w\" sizes=\"auto, (max-width: 185px) 100vw, 185px\" \/><\/a><\/span><\/p>\n<p style=\"text-align: center\"><strong><span style=\"color: #000000\">Professeure des Universit\u00e9s<\/span><\/strong><\/p>\n<p style=\"text-align: center\"><span style=\"color: #000000\"><strong>Contact<\/strong> : pr\u00e9nom.nom@univ-lorraine.fr<\/span><br \/>\n<span style=\"text-decoration: underline;color: #f29563\"><span style=\"text-decoration: underline\"><a style=\"color: #f29563;text-decoration: underline\" href=\"https:\/\/sites.google.com\/view\/mathilde-dargnat\/\"><strong>Site web personnel<\/strong><\/a><\/span><\/span><\/p>\n<p>&nbsp;<\/p>\n<p>&nbsp;<\/p>\n<p><span style=\"color: #808080\"><strong>Doctorat en Sciences du langage : <\/strong>Universit\u00e9 de Provence, Laboratoire Parole &amp; Langage (LPL)<\/span><br \/>\n<span style=\"color: #808080\"><strong>PhD en \u00c9tudes fran\u00e7aises : <\/strong>Universit\u00e9 de Montr\u00e9al, D\u00e9partement d&rsquo;\u00c9tudes fran\u00e7aises<\/span><br \/>\n<span style=\"color: #808080\"><strong>HDR en Sciences du langage<\/strong> : Universit\u00e9 Paris 8 &#8211; Vincennes Saint-Denis &amp; Laboratoire Structures Formelles du Langage (SFL)<\/span><br \/>\n<span style=\"color: #808080\"><strong>Qualifications<\/strong> : Sciences du langage (section CNU 7) et Langue et litt\u00e9rature fran\u00e7aises (section CNU 9)<\/span><\/p>\n<p><span style=\"text-decoration: underline;color: #808080\"><strong>Coordonn\u00e9es au laboratoire ATILF<br \/>\n<\/strong><\/span><\/p>\n<p><span style=\"color: #808080\">ATILF CNRS<\/span><br \/>\n<span style=\"color: #808080\">Bureau 201<\/span><br \/>\n<span style=\"color: #808080\">44 avenue de la Lib\u00e9ration<\/span><br \/>\n<span style=\"color: #808080\">BP 30687 &#8211; 54063 Nancy Cedex<\/span><\/p>\n<p><span style=\"text-decoration: underline;color: #808080\"><strong>Coordonn\u00e9es \u00e0 l&rsquo;Universit\u00e9 de Lorraine<\/strong><\/span><\/p>\n<p><span style=\"color: #808080\">Campus Lettres et Sciences Humaines<\/span><br \/>\n<span style=\"color: #808080\">Bureau A247<\/span><br \/>\n<span style=\"color: #808080\">23 Boulevard Albert 1er<\/span><br \/>\n<span style=\"color: #808080\">BP 13397 &#8211; 54015 Nancy Cedex<\/span><\/p>\n","protected":false},"excerpt":{"rendered":"<p>Professeure des Universit\u00e9s Contact : pr\u00e9nom.nom@univ-lorraine.fr Site web personnel &nbsp; &nbsp; Doctorat en Sciences du langage : Universit\u00e9 de Provence, Laboratoire Parole &amp; Langage (LPL) PhD en \u00c9tudes fran\u00e7aises : Universit\u00e9 de Montr\u00e9al, D\u00e9partement d&rsquo;\u00c9tudes fran\u00e7aises HDR en Sciences du langage : Universit\u00e9 Paris 8 &#8211; Vincennes Saint-Denis &amp; Laboratoire Structures Formelles du Langage (SFL) [&hellip;]<\/p>\n","protected":false},"author":1,"featured_media":0,"parent":0,"menu_order":0,"comment_status":"closed","ping_status":"closed","template":"","meta":{"footnotes":""},"class_list":["post-35","page","type-page","status-publish","hentry"],"_links":{"self":[{"href":"https:\/\/perso.atilf.fr\/mdargnat\/wp-json\/wp\/v2\/pages\/35","targetHints":{"allow":["GET"]}}],"collection":[{"href":"https:\/\/perso.atilf.fr\/mdargnat\/wp-json\/wp\/v2\/pages"}],"about":[{"href":"https:\/\/perso.atilf.fr\/mdargnat\/wp-json\/wp\/v2\/types\/page"}],"author":[{"embeddable":true,"href":"https:\/\/perso.atilf.fr\/mdargnat\/wp-json\/wp\/v2\/users\/1"}],"replies":[{"embeddable":true,"href":"https:\/\/perso.atilf.fr\/mdargnat\/wp-json\/wp\/v2\/comments?post=35"}],"version-history":[{"count":67,"href":"https:\/\/perso.atilf.fr\/mdargnat\/wp-json\/wp\/v2\/pages\/35\/revisions"}],"predecessor-version":[{"id":251,"href":"https:\/\/perso.atilf.fr\/mdargnat\/wp-json\/wp\/v2\/pages\/35\/revisions\/251"}],"wp:attachment":[{"href":"https:\/\/perso.atilf.fr\/mdargnat\/wp-json\/wp\/v2\/media?parent=35"}],"curies":[{"name":"wp","href":"https:\/\/api.w.org\/{rel}","templated":true}]}}