{"id":13,"date":"2015-06-29T13:43:15","date_gmt":"2015-06-29T12:43:15","guid":{"rendered":"https:\/\/apps.atilf.fr\/homepages\/mdeneire\/?page_id=13"},"modified":"2015-09-03T22:40:26","modified_gmt":"2015-09-03T21:40:26","slug":"enseignement","status":"publish","type":"page","link":"https:\/\/perso.atilf.fr\/mdeneire\/enseignement\/","title":{"rendered":"Enseignement"},"content":{"rendered":"<ul>\n<li>Sociolinguistique\u00a0: L3 et M1<\/li>\n<li>Grammaire \u00e9nonciative\u00a0et fonctionnelle: L1 et L3<\/li>\n<li>Expression \u00e9crite\u00a0: L1, L3 et langues de sp\u00e9cialit\u00e9 (LSP)<\/li>\n<li>Compr\u00e9hension orale\u00a0et expression orale: tous niveaux, y compris LSP<\/li>\n<li>Phon\u00e9tique\u00a0(intonation)\u00a0: L1 et L3<\/li>\n<li>Introduction \u00e0 la linguistique L1 et L2<\/li>\n<li>M\u00e9thodologie de la recherche\u00a0: L3 et M2<\/li>\n<li>Traduction assist\u00e9e par ordinateur (TAO)<\/li>\n<li>Didactique\u00a0: M1+CAPES<\/li>\n<li>Communication interculturelle (LEA)<\/li>\n<li>Introduction au droit am\u00e9ricain<\/li>\n<li>Professionnalisation dans le cadre de l\u2019Unit\u00e9 d\u2019exp\u00e9rience professionnelle<\/li>\n<li>Suivi de m\u00e9moires en linguistique et sociolinguistique<\/li>\n<li>Suivi de m\u00e9moires professionnels \u00e0 l\u2019IUFM, ESPE<\/li>\n<li>Suivi des stages UEP<\/li>\n<\/ul>\n","protected":false},"excerpt":{"rendered":"<p>Sociolinguistique\u00a0: L3 et M1 Grammaire \u00e9nonciative\u00a0et fonctionnelle: L1 et L3 Expression \u00e9crite\u00a0: L1, L3 et langues de sp\u00e9cialit\u00e9 (LSP) Compr\u00e9hension orale\u00a0et expression orale: tous niveaux, y compris LSP Phon\u00e9tique\u00a0(intonation)\u00a0: L1 et L3 Introduction \u00e0 la linguistique L1 et L2 M\u00e9thodologie &hellip; <a href=\"https:\/\/perso.atilf.fr\/mdeneire\/enseignement\/\">Continuer la lecture <span class=\"meta-nav\">&rarr;<\/span><\/a><\/p>\n","protected":false},"author":1,"featured_media":0,"parent":0,"menu_order":0,"comment_status":"closed","ping_status":"closed","template":"","meta":{"footnotes":""},"class_list":["post-13","page","type-page","status-publish","hentry"],"_links":{"self":[{"href":"https:\/\/perso.atilf.fr\/mdeneire\/wp-json\/wp\/v2\/pages\/13","targetHints":{"allow":["GET"]}}],"collection":[{"href":"https:\/\/perso.atilf.fr\/mdeneire\/wp-json\/wp\/v2\/pages"}],"about":[{"href":"https:\/\/perso.atilf.fr\/mdeneire\/wp-json\/wp\/v2\/types\/page"}],"author":[{"embeddable":true,"href":"https:\/\/perso.atilf.fr\/mdeneire\/wp-json\/wp\/v2\/users\/1"}],"replies":[{"embeddable":true,"href":"https:\/\/perso.atilf.fr\/mdeneire\/wp-json\/wp\/v2\/comments?post=13"}],"version-history":[{"count":8,"href":"https:\/\/perso.atilf.fr\/mdeneire\/wp-json\/wp\/v2\/pages\/13\/revisions"}],"predecessor-version":[{"id":189,"href":"https:\/\/perso.atilf.fr\/mdeneire\/wp-json\/wp\/v2\/pages\/13\/revisions\/189"}],"wp:attachment":[{"href":"https:\/\/perso.atilf.fr\/mdeneire\/wp-json\/wp\/v2\/media?parent=13"}],"curies":[{"name":"wp","href":"https:\/\/api.w.org\/{rel}","templated":true}]}}