{"id":19,"date":"2015-06-29T13:43:50","date_gmt":"2015-06-29T12:43:50","guid":{"rendered":"https:\/\/apps.atilf.fr\/homepages\/mdeneire\/?page_id=19"},"modified":"2015-09-04T12:38:14","modified_gmt":"2015-09-04T11:38:14","slug":"animations","status":"publish","type":"page","link":"https:\/\/perso.atilf.fr\/mdeneire\/animations\/","title":{"rendered":"Administration"},"content":{"rendered":"<p><span style=\"text-decoration: underline\"><strong>Responsabilit\u00e9s actuelles<\/strong><\/span><\/p>\n<ul>\n<li>Responsable du Master d&rsquo;anglais &#8211; Parcours enseignement<\/li>\n<li>Directeur d&rsquo;\u00e9tudes<\/li>\n<li>Enseignant-r\u00e9f\u00e9rent TICE (Nancy-Universit\u00e9)<\/li>\n<li>Repr\u00e9sentant SUI2P ( Service universitaire d\u2019ing\u00e9ni\u00e9rie et d\u2019innovation p\u00e9dagogique) au collegium ALL (Arts Lettres et Langues<\/li>\n<\/ul>\n<p><span style=\"text-decoration: underline\"><strong>Responsabilit\u00e9s pass\u00e9es<\/strong><\/span><\/p>\n<ul>\n<li>Commissions de sp\u00e9cialistes (4)<\/li>\n<li>Bureau du d\u00e9partement d\u2019anglais (4 ans)<\/li>\n<li>Directeur adjoint de l\u2019UFR-Langues\u00a0(4 ans)<\/li>\n<li>Directeur d\u2019\u00e9tudes<\/li>\n<li>Enseignant-r\u00e9f\u00e9rent (plan licence)<\/li>\n<li>Webmestre du d\u00e9partement d\u2019anglais + charg\u00e9 du site cours<\/li>\n<li>Commission d\u2019\u00e9valuation de l\u2019universit\u00e9.<\/li>\n<li>Responsable de la compl\u00e9mentaire \u00ab\u00a0M\u00e9tiers de l\u2019administration\u00a0\u00bb<\/li>\n<li>Responsable du parcours \u00ab\u00a0M\u00e9tiers de la traduction\u00a0\u00bb<\/li>\n<li>Responsable de l\u2019UEP du Master 1 (Unit\u00e9 d\u2019exp\u00e9rience professionnelle)<\/li>\n<\/ul>\n","protected":false},"excerpt":{"rendered":"<p>Responsabilit\u00e9s actuelles Responsable du Master d&rsquo;anglais &#8211; Parcours enseignement Directeur d&rsquo;\u00e9tudes Enseignant-r\u00e9f\u00e9rent TICE (Nancy-Universit\u00e9) Repr\u00e9sentant SUI2P ( Service universitaire d\u2019ing\u00e9ni\u00e9rie et d\u2019innovation p\u00e9dagogique) au collegium ALL (Arts Lettres et Langues Responsabilit\u00e9s pass\u00e9es Commissions de sp\u00e9cialistes (4) Bureau du d\u00e9partement d\u2019anglais &hellip; <a href=\"https:\/\/perso.atilf.fr\/mdeneire\/animations\/\">Continuer la lecture <span class=\"meta-nav\">&rarr;<\/span><\/a><\/p>\n","protected":false},"author":1,"featured_media":0,"parent":0,"menu_order":0,"comment_status":"closed","ping_status":"closed","template":"onecolumn-page.php","meta":{"footnotes":""},"class_list":["post-19","page","type-page","status-publish","hentry"],"_links":{"self":[{"href":"https:\/\/perso.atilf.fr\/mdeneire\/wp-json\/wp\/v2\/pages\/19","targetHints":{"allow":["GET"]}}],"collection":[{"href":"https:\/\/perso.atilf.fr\/mdeneire\/wp-json\/wp\/v2\/pages"}],"about":[{"href":"https:\/\/perso.atilf.fr\/mdeneire\/wp-json\/wp\/v2\/types\/page"}],"author":[{"embeddable":true,"href":"https:\/\/perso.atilf.fr\/mdeneire\/wp-json\/wp\/v2\/users\/1"}],"replies":[{"embeddable":true,"href":"https:\/\/perso.atilf.fr\/mdeneire\/wp-json\/wp\/v2\/comments?post=19"}],"version-history":[{"count":5,"href":"https:\/\/perso.atilf.fr\/mdeneire\/wp-json\/wp\/v2\/pages\/19\/revisions"}],"predecessor-version":[{"id":202,"href":"https:\/\/perso.atilf.fr\/mdeneire\/wp-json\/wp\/v2\/pages\/19\/revisions\/202"}],"wp:attachment":[{"href":"https:\/\/perso.atilf.fr\/mdeneire\/wp-json\/wp\/v2\/media?parent=19"}],"curies":[{"name":"wp","href":"https:\/\/api.w.org\/{rel}","templated":true}]}}