{"id":35,"date":"2015-06-29T13:47:31","date_gmt":"2015-06-29T12:47:31","guid":{"rendered":"https:\/\/apps.atilf.fr\/homepages\/mdeneire\/?page_id=35"},"modified":"2015-09-04T12:42:10","modified_gmt":"2015-09-04T11:42:10","slug":"accueil","status":"publish","type":"page","link":"https:\/\/perso.atilf.fr\/mdeneire\/","title":{"rendered":"Accueil"},"content":{"rendered":"<p style=\"text-align: left\"><span style=\"text-decoration: underline\"><strong>Fonctions<\/strong><\/span><\/p>\n\n<table id=\"tablepress-3\" class=\"tablepress tablepress-id-3\">\n<tbody class=\"row-striping row-hover\">\n<tr class=\"row-1\">\n\t<td class=\"column-1\"><a href=\"https:\/\/perso.atilf.fr\/mdeneire\/wp-content\/uploads\/sites\/18\/2015\/09\/idmarc3.jpg\"><img loading=\"lazy\" decoding=\"async\" src=\"https:\/\/perso.atilf.fr\/mdeneire\/wp-content\/uploads\/sites\/18\/2015\/09\/idmarc3.jpg\" alt=\"idmarc3\" width=\"207\" height=\"256\" class=\"alignnone size-full wp-image-178\" \/><\/a><\/td><td class=\"column-2\">Ma\u00eetre de Conf\u00e9rences<br \/>\nLinguistique, sociolinguistique et didactique de l'anglais<\/td>\n<\/tr>\n<\/tbody>\n<\/table>\n<!-- #tablepress-3 from cache -->\n<p><span style=\"text-decoration: underline\"><strong>Coordonn\u00e9es au laboratoire ATILF<\/strong><\/span><\/p>\n\n<table id=\"tablepress-4\" class=\"tablepress tablepress-id-4\">\n<tbody class=\"row-striping\">\n<tr class=\"row-1\">\n\t<td class=\"column-1\">\u00c9quipe<\/td><td class=\"column-2\">Sociolinguistique et didactique des langues<\/td>\n<\/tr>\n<tr class=\"row-2\">\n\t<td class=\"column-1\">Courriel<\/td><td class=\"column-2\">Marc.Deneire@univ-lorraine.fr<\/td>\n<\/tr>\n<tr class=\"row-3\">\n\t<td class=\"column-1\">T\u00e9l\u00e9phone<\/td><td class=\"column-2\">+33 (0)3 54 50 46 86<\/td>\n<\/tr>\n<tr class=\"row-4\">\n\t<td class=\"column-1\">Lieu<\/td><td class=\"column-2\">Campus CLSH - B\u00e2timent E _ 2\u00e8me \u00e9tage<\/td>\n<\/tr>\n<tr class=\"row-5\">\n\t<td class=\"column-1\">Adresse<\/td><td class=\"column-2\">ERUDI<br \/>\n42-44 Avenue de la Lib\u00e9ration<br \/>\nBP3397 <br \/>\n54015 Nancy Cedex<\/td>\n<\/tr>\n<\/tbody>\n<\/table>\n<!-- #tablepress-4 from cache -->\n<p>&nbsp;<\/p>\n<!-- Le tableau avec l\u2018ID 5 est vide\u00a0! --><!-- #tablepress-5 from cache -->\n","protected":false},"excerpt":{"rendered":"<p>Fonctions Coordonn\u00e9es au laboratoire ATILF &nbsp;<\/p>\n","protected":false},"author":1,"featured_media":0,"parent":0,"menu_order":0,"comment_status":"closed","ping_status":"closed","template":"","meta":{"footnotes":""},"class_list":["post-35","page","type-page","status-publish","hentry"],"_links":{"self":[{"href":"https:\/\/perso.atilf.fr\/mdeneire\/wp-json\/wp\/v2\/pages\/35","targetHints":{"allow":["GET"]}}],"collection":[{"href":"https:\/\/perso.atilf.fr\/mdeneire\/wp-json\/wp\/v2\/pages"}],"about":[{"href":"https:\/\/perso.atilf.fr\/mdeneire\/wp-json\/wp\/v2\/types\/page"}],"author":[{"embeddable":true,"href":"https:\/\/perso.atilf.fr\/mdeneire\/wp-json\/wp\/v2\/users\/1"}],"replies":[{"embeddable":true,"href":"https:\/\/perso.atilf.fr\/mdeneire\/wp-json\/wp\/v2\/comments?post=35"}],"version-history":[{"count":35,"href":"https:\/\/perso.atilf.fr\/mdeneire\/wp-json\/wp\/v2\/pages\/35\/revisions"}],"predecessor-version":[{"id":182,"href":"https:\/\/perso.atilf.fr\/mdeneire\/wp-json\/wp\/v2\/pages\/35\/revisions\/182"}],"wp:attachment":[{"href":"https:\/\/perso.atilf.fr\/mdeneire\/wp-json\/wp\/v2\/media?parent=35"}],"curies":[{"name":"wp","href":"https:\/\/api.w.org\/{rel}","templated":true}]}}