{"id":13,"date":"2015-06-29T13:43:15","date_gmt":"2015-06-29T12:43:15","guid":{"rendered":"https:\/\/apps.atilf.fr\/homepages\/mhusiany\/?page_id=13"},"modified":"2020-09-14T18:19:47","modified_gmt":"2020-09-14T17:19:47","slug":"enseignement","status":"publish","type":"page","link":"https:\/\/perso.atilf.fr\/mhusiany\/enseignement\/","title":{"rendered":"Enseignement"},"content":{"rendered":"<p><span style=\"text-decoration: underline\"><strong>Universit\u00e9s<br \/>\n<\/strong><\/span><\/p>\n<p>2019-actuel : Universit\u00e9 de Lille, Mission La\u00efque Fran\u00e7aise, DU Enseigner en milieu plurilingue au Cycle 1<\/p>\n<p>2017-actuel : Universit\u00e9 de Lorraine, \u00c9cole d&rsquo;orthophonie<\/p>\n<p>2016-2017\u00a0: Universit\u00e9 de Lorraine (sites de Nancy et Metz), UFR Sciences du Langage<\/p>\n<p>2015-2016\u00a0: Universit\u00e9 de Lorraine (sites de Nancy et Metz), UFR Sciences du Langage et UFR Math\u00e9matiques et Informatique<\/p>\n<p>2014-2015\u00a0: Universit\u00e9 de Lorraine (sites de Nancy et Metz), UFR Sciences du Langage et UFR Math\u00e9matiques et Informatique<\/p>\n<p>2011-2014\u00a0: Universit\u00e9 de Lorraine (sites de Nancy et Metz) et IUT de Saint-Di\u00e9 des Vosges, d\u00e9partement MMI<\/p>\n<p>2009-2011\u00a0: IUT de Saint-Di\u00e9-des-Vosges, d\u00e9partement SRC<\/p>\n<p>2005-2009\u00a0: Universit\u00e9 de Nancy 2<\/p>\n<p>&nbsp;<\/p>\n<p><strong>Enseignements \u00e0 l&rsquo;Ecole d&rsquo;orthophonie<\/strong><\/p>\n<p>CM et TD Intervention et promotion de la sant\u00e9, L2<\/p>\n<p>&nbsp;<\/p>\n<p><span style=\"text-decoration: underline\"><strong>Enseignements en Sciences du Langage<br \/>\n<\/strong><\/span><\/p>\n<p>TD parcours \u00ab\u00a0Difficult\u00e9s de langage oral et \u00e9crit: de la pr\u00e9vention \u00e0 l&rsquo;intervention\u00a0\u00bb, L2, L3<\/p>\n<p>TD Normes et Usages, M2<\/p>\n<p>CM et TD Variations, normes et usage, L3<\/p>\n<p>CM et TD Analyse des interactions, L3<\/p>\n<p>TD Langue, langage, soci\u00e9t\u00e9, L3<\/p>\n<p>CM Linguistique textuelle et discursive, L3<\/p>\n<p>TD et CM Enonciation, L1, L2, L3, L3 EAM<\/p>\n<p>CM et TD Linguistique appliqu\u00e9e, L1<\/p>\n<p>TD Langue et culture, L1<\/p>\n<p>TD M\u00e9thodologie du travail universitaire, L1<\/p>\n<p>&nbsp;<\/p>\n<p><span style=\"text-decoration: underline\"><strong>Enseignements \u00e0 l&rsquo;UFR Math\u00e9matiques et informatique<\/strong><\/span><\/p>\n<p>CM et TD Linguistique: courants et principes, M1 SCA option TAL<\/p>\n<p>CM et TD Introduction \u00e0 la linguistique, L2 MIASHS &#8211; Math\u00e9matiques, Informatique Appliqu\u00e9es aux Sciences Humaines et Sociales, Parcours Sciences Cognitives<\/p>\n<p>&nbsp;<\/p>\n<p><span style=\"text-decoration: underline\"><strong>Enseignements \u00e0 l&rsquo;IUT<br \/>\n<\/strong><\/span><\/p>\n<p>TD Culture et soci\u00e9t\u00e9, IUT, 2\u00e8me ann\u00e9e<\/p>\n<p>CM et TD Communication interpersonnelle, IUT, 1\u00e8re ann\u00e9e<\/p>\n<p>TD Cours de FLE pour les \u00e9tudiants chinois, IUT, 1\u00e8re ann\u00e9e<\/p>\n<p>TD Harmonisation, IUT, 1\u00e8re ann\u00e9e<\/p>\n","protected":false},"excerpt":{"rendered":"<p>Universit\u00e9s 2019-actuel : Universit\u00e9 de Lille, Mission La\u00efque Fran\u00e7aise, DU Enseigner en milieu plurilingue au Cycle 1 2017-actuel : Universit\u00e9 de Lorraine, \u00c9cole d&rsquo;orthophonie 2016-2017\u00a0: Universit\u00e9 de Lorraine (sites de Nancy et Metz), UFR Sciences du Langage 2015-2016\u00a0: Universit\u00e9 de Lorraine (sites de Nancy et Metz), UFR Sciences du Langage et UFR Math\u00e9matiques et Informatique [&hellip;]<\/p>\n","protected":false},"author":1,"featured_media":0,"parent":0,"menu_order":0,"comment_status":"closed","ping_status":"closed","template":"","meta":{"footnotes":""},"class_list":["post-13","page","type-page","status-publish","hentry"],"_links":{"self":[{"href":"https:\/\/perso.atilf.fr\/mhusiany\/wp-json\/wp\/v2\/pages\/13","targetHints":{"allow":["GET"]}}],"collection":[{"href":"https:\/\/perso.atilf.fr\/mhusiany\/wp-json\/wp\/v2\/pages"}],"about":[{"href":"https:\/\/perso.atilf.fr\/mhusiany\/wp-json\/wp\/v2\/types\/page"}],"author":[{"embeddable":true,"href":"https:\/\/perso.atilf.fr\/mhusiany\/wp-json\/wp\/v2\/users\/1"}],"replies":[{"embeddable":true,"href":"https:\/\/perso.atilf.fr\/mhusiany\/wp-json\/wp\/v2\/comments?post=13"}],"version-history":[{"count":12,"href":"https:\/\/perso.atilf.fr\/mhusiany\/wp-json\/wp\/v2\/pages\/13\/revisions"}],"predecessor-version":[{"id":272,"href":"https:\/\/perso.atilf.fr\/mhusiany\/wp-json\/wp\/v2\/pages\/13\/revisions\/272"}],"wp:attachment":[{"href":"https:\/\/perso.atilf.fr\/mhusiany\/wp-json\/wp\/v2\/media?parent=13"}],"curies":[{"name":"wp","href":"https:\/\/api.w.org\/{rel}","templated":true}]}}