{"id":35,"date":"2015-06-29T13:47:31","date_gmt":"2015-06-29T12:47:31","guid":{"rendered":"https:\/\/apps.atilf.fr\/homepages\/mhusiany\/?page_id=35"},"modified":"2020-09-14T18:39:19","modified_gmt":"2020-09-14T17:39:19","slug":"accueil","status":"publish","type":"page","link":"https:\/\/perso.atilf.fr\/mhusiany\/","title":{"rendered":"Magali Husianycia"},"content":{"rendered":"<p style=\"text-align: left\"><strong>Docteure en<em> Sciences du Langage<\/em><\/strong><\/p>\n<p style=\"text-align: left\"><span style=\"text-decoration: underline\"><strong>Fonctions<\/strong><\/span><\/p>\n<p>Responsable de formation, charg\u00e9e de d\u00e9veloppement \u00e0 l&rsquo;AsFoReL (Association de Formation et de Recherche sur le Langage)<\/p>\n<p>Formatrice et coordinatrice des actions de l&rsquo;AsFoReL<\/p>\n<p>&nbsp;<\/p>\n<p><span style=\"text-decoration: underline\"><strong>Coordonn\u00e9es au laboratoire ATILF<\/strong><\/span><\/p>\n<p>44, avenue de la Lib\u00e9ration<br \/>\nATILF &#8211; CNRS \/ Universit\u00e9 de Lorraine<br \/>\nB.P. 30687<br \/>\n54063 Nancy Cedex<\/p>\n<p>Bureau S02 <a class=\"lien\" href=\"http:\/\/www.atilf.fr\/spip.php?article70\" target=\"_blank\" rel=\"noopener noreferrer\">B\u00e2timent CNRS<\/a><\/p>\n<p>&nbsp;<\/p>\n","protected":false},"excerpt":{"rendered":"<p>Docteure en Sciences du Langage Fonctions Responsable de formation, charg\u00e9e de d\u00e9veloppement \u00e0 l&rsquo;AsFoReL (Association de Formation et de Recherche sur le Langage) Formatrice et coordinatrice des actions de l&rsquo;AsFoReL &nbsp; Coordonn\u00e9es au laboratoire ATILF 44, avenue de la Lib\u00e9ration ATILF &#8211; CNRS \/ Universit\u00e9 de Lorraine B.P. 30687 54063 Nancy Cedex Bureau S02 B\u00e2timent [&hellip;]<\/p>\n","protected":false},"author":1,"featured_media":0,"parent":0,"menu_order":0,"comment_status":"closed","ping_status":"closed","template":"","meta":{"footnotes":""},"class_list":["post-35","page","type-page","status-publish","hentry"],"_links":{"self":[{"href":"https:\/\/perso.atilf.fr\/mhusiany\/wp-json\/wp\/v2\/pages\/35","targetHints":{"allow":["GET"]}}],"collection":[{"href":"https:\/\/perso.atilf.fr\/mhusiany\/wp-json\/wp\/v2\/pages"}],"about":[{"href":"https:\/\/perso.atilf.fr\/mhusiany\/wp-json\/wp\/v2\/types\/page"}],"author":[{"embeddable":true,"href":"https:\/\/perso.atilf.fr\/mhusiany\/wp-json\/wp\/v2\/users\/1"}],"replies":[{"embeddable":true,"href":"https:\/\/perso.atilf.fr\/mhusiany\/wp-json\/wp\/v2\/comments?post=35"}],"version-history":[{"count":43,"href":"https:\/\/perso.atilf.fr\/mhusiany\/wp-json\/wp\/v2\/pages\/35\/revisions"}],"predecessor-version":[{"id":280,"href":"https:\/\/perso.atilf.fr\/mhusiany\/wp-json\/wp\/v2\/pages\/35\/revisions\/280"}],"wp:attachment":[{"href":"https:\/\/perso.atilf.fr\/mhusiany\/wp-json\/wp\/v2\/media?parent=35"}],"curies":[{"name":"wp","href":"https:\/\/api.w.org\/{rel}","templated":true}]}}