{"id":35,"date":"2015-06-29T13:47:31","date_gmt":"2015-06-29T12:47:31","guid":{"rendered":"https:\/\/apps.atilf.fr\/homepages\/mkauffer\/?page_id=35"},"modified":"2021-11-16T11:31:55","modified_gmt":"2021-11-16T10:31:55","slug":"accueil","status":"publish","type":"page","link":"https:\/\/perso.atilf.fr\/mkauffer\/","title":{"rendered":"Accueil"},"content":{"rendered":"<p style=\"text-align: left\"><span style=\"text-decoration: underline\"><strong>Fonctions<\/strong><\/span><\/p>\n\n<table id=\"tablepress-3\" class=\"tablepress tablepress-id-3\">\n<tbody class=\"row-striping row-hover\">\n<tr class=\"row-1\">\n\t<td class=\"column-1\"><a href=\"https:\/\/perso.atilf.fr\/mkauffer\/wp-content\/uploads\/sites\/21\/2021\/11\/IMG_20151212_133453-2.jpg\"><img loading=\"lazy\" decoding=\"async\" src=\"https:\/\/perso.atilf.fr\/mkauffer\/wp-content\/uploads\/sites\/21\/2021\/11\/IMG_20151212_133453-2-298x300.jpg\" alt=\"\" width=\"298\" height=\"300\" class=\"alignnone size-medium wp-image-231\" srcset=\"https:\/\/perso.atilf.fr\/mkauffer\/wp-content\/uploads\/sites\/21\/2021\/11\/IMG_20151212_133453-2-298x300.jpg 298w, https:\/\/perso.atilf.fr\/mkauffer\/wp-content\/uploads\/sites\/21\/2021\/11\/IMG_20151212_133453-2-150x150.jpg 150w, https:\/\/perso.atilf.fr\/mkauffer\/wp-content\/uploads\/sites\/21\/2021\/11\/IMG_20151212_133453-2.jpg 475w\" sizes=\"auto, (max-width: 298px) 100vw, 298px\" \/><\/a><\/td><td class=\"column-2\">Professeur \u00e9m\u00e9rite des universit\u00e9s en linguistique allemande \u00e0 l\u2019Universit\u00e9 de Lorraine (site de Nancy)<br \/>\n<br \/>\nResponsable du GLFA (Groupe de lexicographie franco-allemande) jusqu'en oct. 2021 : <br \/>\n<a href=\"http:\/\/www.atilf.fr\/spip.php?rubrique203\">http:\/\/www.atilf.fr\/spip.php?rubrique203 <\/a><\/td>\n<\/tr>\n<\/tbody>\n<\/table>\n<!-- #tablepress-3 from cache -->\n<p><span style=\"text-decoration: underline\"><strong>Coordonn\u00e9es au laboratoire ATILF<\/strong><\/span><\/p>\n\n<table id=\"tablepress-4\" class=\"tablepress tablepress-id-4\">\n<tbody class=\"row-striping\">\n<tr class=\"row-1\">\n\t<td class=\"column-1\">\u00c9quipe<\/td><td class=\"column-2\">Lexique, axe : GLFA<\/td>\n<\/tr>\n<tr class=\"row-2\">\n\t<td class=\"column-1\">T\u00e9l\u00e9phone<\/td><td class=\"column-2\">+33 (0)3 54 50 53 26<\/td>\n<\/tr>\n<tr class=\"row-3\">\n\t<td class=\"column-1\">Portable<\/td><td class=\"column-2\">+33 (0)6 66 29 45 67<\/td>\n<\/tr>\n<tr class=\"row-4\">\n\t<td class=\"column-1\">Adresse<\/td><td class=\"column-2\">ATILF (CNRS &amp; Universit\u00e9 de Lorraine) <br \/>\n44, avenue de la Lib\u00e9ration <br \/>\nB.P. 30687 <br \/>\n54063 Nancy Cedex<\/td>\n<\/tr>\n<\/tbody>\n<\/table>\n<!-- #tablepress-4 from cache -->\n<p><span style=\"text-decoration: underline\"><strong>Coordonn\u00e9es \u00e0 l&rsquo;Universit\u00e9 de Lorraine<br \/>\n<\/strong><\/span><\/p>\n\n<table id=\"tablepress-5\" class=\"tablepress tablepress-id-5\">\n<tbody class=\"row-striping row-hover\">\n<tr class=\"row-1\">\n\t<td class=\"column-1\">Courriel<\/td><td class=\"column-2\"><a href=\"http:\/\/Maurice.Kauffer@univ-lorraine.fr\">Maurice.Kauffer@univ-lorraine.fr<\/a><\/td>\n<\/tr>\n<tr class=\"row-2\">\n\t<td class=\"column-1\">Lieu<\/td><td class=\"column-2\">UFR Arts, Lettres et Langues, d\u00e9partement d\u2019Allemand<\/td>\n<\/tr>\n<tr class=\"row-3\">\n\t<td class=\"column-1\">Adresse<\/td><td class=\"column-2\">3 place Godefroy de Bouillon <br \/>\nBP 13397<br \/>\n54015 Nancy Cedex<\/td>\n<\/tr>\n<\/tbody>\n<\/table>\n<!-- #tablepress-5 from cache -->\n","protected":false},"excerpt":{"rendered":"<p>Fonctions Coordonn\u00e9es au laboratoire ATILF Coordonn\u00e9es \u00e0 l&rsquo;Universit\u00e9 de Lorraine<\/p>\n","protected":false},"author":1,"featured_media":0,"parent":0,"menu_order":0,"comment_status":"closed","ping_status":"closed","template":"","meta":{"footnotes":""},"class_list":["post-35","page","type-page","status-publish","hentry"],"_links":{"self":[{"href":"https:\/\/perso.atilf.fr\/mkauffer\/wp-json\/wp\/v2\/pages\/35","targetHints":{"allow":["GET"]}}],"collection":[{"href":"https:\/\/perso.atilf.fr\/mkauffer\/wp-json\/wp\/v2\/pages"}],"about":[{"href":"https:\/\/perso.atilf.fr\/mkauffer\/wp-json\/wp\/v2\/types\/page"}],"author":[{"embeddable":true,"href":"https:\/\/perso.atilf.fr\/mkauffer\/wp-json\/wp\/v2\/users\/1"}],"replies":[{"embeddable":true,"href":"https:\/\/perso.atilf.fr\/mkauffer\/wp-json\/wp\/v2\/comments?post=35"}],"version-history":[{"count":37,"href":"https:\/\/perso.atilf.fr\/mkauffer\/wp-json\/wp\/v2\/pages\/35\/revisions"}],"predecessor-version":[{"id":235,"href":"https:\/\/perso.atilf.fr\/mkauffer\/wp-json\/wp\/v2\/pages\/35\/revisions\/235"}],"wp:attachment":[{"href":"https:\/\/perso.atilf.fr\/mkauffer\/wp-json\/wp\/v2\/media?parent=35"}],"curies":[{"name":"wp","href":"https:\/\/api.w.org\/{rel}","templated":true}]}}