{"id":17,"date":"2015-06-29T13:43:37","date_gmt":"2015-06-29T12:43:37","guid":{"rendered":"https:\/\/apps.atilf.fr\/homepages\/?page_id=17"},"modified":"2024-06-14T16:40:03","modified_gmt":"2024-06-14T15:40:03","slug":"publications","status":"publish","type":"page","link":"https:\/\/perso.atilf.fr\/mlancien\/publications\/","title":{"rendered":"Publications"},"content":{"rendered":"<p style=\"text-align: center\"><strong>Articles de journaux \u00e9valu\u00e9s par des pairs<\/strong><\/p>\n<p>&nbsp;<\/p>\n<p>Lancien, M. &amp; Hutin, M. (soumis) \u00ab Weakness and strength in phonological representations:\u00a0 Evidence from the rhotic of Quebec French.\u00bb. Phonology.<\/p>\n<p>Lancien, M. &amp; Hutin, M. (soumis) \u00ab On the (socio)acoustic and phonological variation of \/R\/ in french .\u00bb. Journal of Laboratory Phonology.<\/p>\n<p>Lancien, M. &amp; C\u00f4t\u00e9, M-H. (2022) \u00ab Hypoarticulation as a tool for assessing social distance: an acoustic study of speech addressed to different type of interlocutors.\u00bb. Studii de Lingvistica, 11.<br \/>\nhttps:\/\/studiidelingvistica.uoradea.ro\/arhiva-ro-11-2021.html<\/p>\n<p>Merminod, G.Merminod, G. &amp; Lancien, M. (2021) \u00ab \u00c9crire et dire les nouvelles en salle de r\u00e9daction: l\u2019oralisation entre faits et dramatisation.\u00bb. Dans Linguistique de l\u2019\u00e9crit 2, \u00c9crits pr\u00e9parants &#8211; paroles pr\u00e9par\u00e9es. https:\/\/linguistique-ecrit.org\/module\/pub\/view.php?publi=257959&amp;proofs=1918<\/p>\n<p>Lancien, M. (2020). \u00ab Caract\u00e9risation de la variation li\u00e9e \u00e0 la situation de communication : apport de l&rsquo;acoustique \u00e0 la phonostylistique.\u00bb. Glottopol : Varia &#8211; Libert\u00e9, \u00e9galit\u00e9, diversit\u00e9 !, 33, pp. 133-151.<br \/>\nhttp:\/\/glottopol.univ-rouen.fr\/telecharger\/numero_33\/gpl33_10lancien.pdf<\/p>\n<p>&nbsp;<\/p>\n<p style=\"text-align: center\"><strong>Livres et monographies \u00e9valu\u00e9s par les pairs<\/strong><\/p>\n<p>&nbsp;<\/p>\n<p>Lancien, M. (2021). Le r\u00f4le de la r\u00e9duction phon\u00e9tique dans l&rsquo;expression de la proximit\u00e9 sociale : \u00c9tude acoustique des voyelles orales du fran\u00e7ais qu\u00e9b\u00e9cois dans diff\u00e9rentes situations de communication. Th\u00e8se de doctorat,<br \/>\nUniversit\u00e9 de Lausanne, Lausanne, Suisse.<br \/>\nhttps:\/\/serval.unil.ch\/fr\/notice\/serval:BIB_03594ED8CEEE<\/p>\n<p>&nbsp;<\/p>\n<p style=\"text-align: center\"><strong>Chapitres de monographies<\/strong><\/p>\n<p>&nbsp;<\/p>\n<p>Lancien, M. (2022). \u00ab\u00a0De la resocialisation des personnes souffrant d\u2019isolement social par l\u2019int\u00e9gration d\u2019affects sociaux vocaux dans la domotique\u00a0\u00bb dans Gilles Merminod, Orest Weber, Vincent Wenger (\u00e9ds), Langues, m\u00e9decine et soci\u00e9t\u00e9. M\u00e9langes en l\u2019honneur de Pascal Singy, Limoges, Lambert Lucas, 2022.<\/p>\n<p style=\"text-align: center\"><strong>Articles de conf\u00e9rence \u00e9valu\u00e9s par les pairs<\/strong><\/p>\n<p>&nbsp;<\/p>\n<p><strong>2023<\/strong><\/p>\n<p>Lancien, M. &amp; Hutin, M. (2023) \u00ab The Nuances of \/R\/: An Analysis of Progressive and Regressive Voicing Assimilation in Quebec French \u00bb.<br \/>\nDans les 53rd Linguistic Symposium on Romance Languages (LSRL 53) .<\/p>\n<p>Lancien, M., Adda-Decker, M. &amp; Stuart-Smith, J. (2023) \u00ab Knowledge-driven vs. data-driven methods for filtering acoustic measures in phonetics corpora \u00bb. Dans les Proceeding of the 20th International Congress of the Phonetic Sciences (ICPhs).<\/p>\n<p>Lancien, M., Adda-Decker, M. &amp; Stuart-Smith, J. (2023) \u00ab Using Mahalanobis distance to filter erroneous vowel features in<br \/>\nless-resourced languages : application to Quebec French \u00bb. Dans les Proceeding of the 20th International Congress of the Phonetic Sciences (ICPhs).<\/p>\n<p>Lancien, M., Hutin, M., Adda-Decker, M. &amp; Vasilescu, I. (2023) \u00ab \/R\/ lenition in Quebec French : Evidence from the distribution of 9 allophones in large corpora \u00bb. Dans les Proceeding of the 20th International Congress of the Phonetic Sciences (ICPhs).<\/p>\n<p><strong>2022<\/strong><\/p>\n<p>Lancien, M. (2022). \u00ab Documenter la variabilit\u00e9 en fran\u00e7ais qu\u00e9b\u00e9cois : une description acoustique des allophones l\u00e9nifi\u00e9s de \/R\/. \u00bb. Dans les Actes de la 34e \u00e9dition des Journ\u00e9es d&rsquo;\u00c9tudes sur la Parole (JEP, 34e \u00e9dition).<\/p>\n<p><strong>2020<\/strong><\/p>\n<p>Lancien, M. (2020). \u00ab De la possibilit\u00e9 d\u2019un rel\u00e2chement des voyelles hautes dans les troncations finissant par \/v, z, Z, R\/ en fran\u00e7ais qu\u00e9b\u00e9cois.\u00bb. Dans les Actes de la 6e conf\u00e9rence conjointe Journ\u00e9es d&rsquo;\u00c9tudes sur la Parole (JEP, 33e \u00e9dition), Traitement Automatique des Langues Naturelles (TALN, 27e \u00e9dition), Rencontre des \u00c9tudiants Chercheurs en Informatique pour le Traitement Automatique des Langues (R\u00c9CITAL, 22e \u00e9dition). Vol. 1: Journ\u00e9es d&rsquo;\u00c9tudes sur la Parole, pp. 317-325. https:\/\/www.aclweb.org\/anthology\/2020.jeptalnrecital-jep.36.pdf<\/p>\n<p>Lancien, M. (2020). \u00ab Variation stylistique en fran\u00e7ais qu\u00e9b\u00e9cois: l\u2019effet de l\u2019identit\u00e9 de l\u2019interlocuteur.\u00bb. Dans les Actes de la 6e conf\u00e9rence conjointe Journ\u00e9es d&rsquo;\u00c9tudes sur la Parole (JEP, 33e \u00e9dition), Traitement Automatique des Langues Naturelles (TALN, 27e \u00e9dition), Rencontre des \u00c9tudiants Chercheurs en Informatique pour le Traitement Automatique des Langues (R\u00c9CITAL, 22e \u00e9dition). Vol. 1: Journ\u00e9es d&rsquo;\u00c9tudes sur la Parole, pp. 308-316. https:\/\/www.aclweb.org\/anthology\/2020.jeptalnrecital-jep.35.pdf<\/p>\n<p>Lancien, M., C\u00f4t\u00e9, M-H., &amp; Bigi, B. (2020). \u00ab Developing Resources for Automated Speech Processing of Quebec French.\u00bb. Dans les Proceedings of the 12th Language Resources and Evaluation Conference (LREC 2020). pp. 5323-5328. https:\/\/serval.unil.ch\/fr\/notice\/serval:BIB_07821F4536D4<\/p>\n<p>hypertargetStorme, B.Storme, B. &amp; Lancien, M. (2020). \u00ab A contrast-based account of word-final tensing.\u00bb. Dans les actes de l&rsquo;Annual Meetings of Phonology. Stony Brook University (Octobre 2019). https:\/\/journals.linguisticsociety.org\/proceedings\/index.php\/amphonology\/article\/view\/4674<\/p>\n<p><strong>2019<\/strong><\/p>\n<p>Lancien, M., &amp; C\u00f4t\u00e9, M-H. (2019). \u00ab Intrusive vowels preceding \/R\/ in Quebec French \u00bb. Dans Sasha Calhoun, Paola Escudero, Marija Tabain &amp; Paul Warren (eds.) Proceedings of the 19th International Congress of Phonetic Sciences, Melbourne, Australia 2019 (pp. 3473-3477).<br \/>\nCanberra, Australia: Australasian Speech Science and Technology Association Inc.<br \/>\nhttps:\/\/assta.org\/proceedings\/ICPhS2019\/papers\/ICPhS_3522.pdf<\/p>\n<p>C\u00f4t\u00e9, M-H., &amp; Lancien, M. (2019). \u00ab The [E]-[3] contrast in Quebec French \u00bb. Dans Sasha Calhoun, Paola Escudero, Marija Tabain &amp; Paul Warren (eds.) Proceedings of the 19th International Congress of Phonetic Sciences, Melbourne, Australia 2019 (pp. 1530-1534).<br \/>\nCanberra, Australia: Australasian Speech Science and Technology Association Inc.<br \/>\nhttps:\/\/assta.org\/proceedings\/ICPhS2019\/papers\/ICPhS_1579.pdf<\/p>\n<p><strong>2018<\/strong><\/p>\n<p>Lancien, M. , Audibert, N., &amp; Fougeron, C. (2018). \u00ab Effet de la situation de parole sur la variabilit\u00e9 des voyelles en fran\u00e7ais \u00bb. Dans les Actes de la 33e \u00e9dition des Journ\u00e9es d&rsquo;\u00c9tudes sur la Parole (JEP, 33e \u00e9dition), pp. 338-347.<br \/>\nhttps:\/\/jep2018.sciencesconf.org\/data\/ActesJEP2018.pdf<\/p>\n<p>Lancien, M. &amp; C\u00f4t\u00e9, M-H. (2018). \u00abPhonostyle et r\u00e9duction vocalique en fran\u00e7ais laurentien\u00bb. Dans les Actes du 6e Congr\u00e8s Mondial de Linguistique Fran\u00e7aise. Volume 46, 2018. SHS Web Conf.<br \/>\nhttps:\/\/www.shs-conferences.org\/articles\/shsconf\/abs\/2018\/07\/shsconf_cmlf2018_09003\/shsconf_cmlf2018_09003.html<\/p>\n<p><strong>2017<\/strong><\/p>\n<p>Lancien, M. &amp; hypertargetMartin, P.Martin, P. (2017). \u00ab The prosodic structure in Basque languages. \u00bb. Dans les Proccedings of Experimental Linguistics, Heraklion.<br \/>\nhttp:\/\/www.exlingworkshop.com\/images\/ExLing-2016\/ExLing-2016-docs\/Proceedings_ExLing_2016.pdf<\/p>\n<p>&nbsp;<\/p>\n<p style=\"text-align: center\"><strong>Pr\u00e9sentations \u00e0 des conf\u00e9rence sans actes<\/strong><\/p>\n<p><strong>2023<\/strong><\/p>\n<p>Hutin, M. &amp; Lancien, M. (2021). \u00ab Strength and weakness in phonological representations: A formal account of lenition. \u00bb, \u00e0 XXXX (En ligne, Printemps 2023). Communication orale sans actes.<br \/>\nhttps:\/\/drive.switch.ch\/index.php\/s\/UIv6AqwXWUCpzpO<\/p>\n<p><strong>2021<\/strong><\/p>\n<p>C\u00f4t\u00e9, M-H., &amp; Lancien, M. (2021). \u00ab More on the transition from apical to dorsal \/R\/ in Quebec. \u00bb, \u00e0 R-atics7 conference (Lausanne, Novembre 2021). Communication orale sans actes.<br \/>\nhttps:\/\/drive.switch.ch\/index.php\/s\/UIv6AqwXWUCpzpO<\/p>\n<p><strong>2019<\/strong><\/p>\n<p>Merminod, G., &amp; Lancien, M. (2019) \u00ab Dire les nouvelles : quelle m\u00e9thodologie sociolinguistique pour traiter du passage de l\u2019\u00e9crit \u00e0 l\u2019oral ?\u00bb, au colloque Oral \/ \u00e9crit. Quelle place dans les mod\u00e8les linguistiques ? (Lausanne, D\u00e9cembre 2019). Communication orale sans actes.<\/p>\n<p>C\u00f4t\u00e9, M-H., &amp; Lancien, M. (2019). \u00ab From apical to dorsal \/R\/ in Quebec: the role of mode of articulation. \u00bb, \u00e0 R-atics6 conference (Paris, Novembre 2019). Communication orale sans actes.<\/p>\n<p>Storme, B., &amp; Lancien, M (2019). \u00ab Why do word-final vowels tense ? A contrast-based account. \u00bb, \u00e0 la 42e \u00e9dition de Generative Linguistics in the Old World (Oslo, Avril, 2019). Poster.<\/p>\n<p>Lancien, M. (2019) \u00ab The part of phonetic reduction in the expression of social distance \u00bb, au SOCIAL MEANING workshop (Berlin, Mars 2019). Poster.<\/p>\n<p><strong>2018<\/strong><\/p>\n<p>C\u00f4t\u00e9, M-H., &amp; Lancien, M. (2018). \u00ab L\u2019opposition faites-f\u00eate en fran\u00e7ais laurentien. \u00bb, Au s\u00e9minaire annuel PFC (Paris Novembre 2018). Communication orale sans actes. https:\/\/www.projet-pfc.net\/wp-content\/uploads\/2019\/01\/2018_Cote_Lancien.pdf<\/p>\n<p>Lancien, M. (2018). \u00ab \u00c9tude acoustique de l\u2019hypoarticulation dans l\u2019alternance stylistique : l\u2019importance des caract\u00e9ristiques sociales des interactants. \u00bb, \u00e0 la conf\u00e9rence anniversaire du CESLO. Communication orale sans actes.<\/p>\n<p><strong>2017<\/strong><\/p>\n<p>Lancien, M. (2017). \u00ab \u00c9tude de la variation acoustique dans les voyelles du fran\u00e7ais: l&rsquo;impact des conditions de production. \u00bb, Au s\u00e9minaire annuel PFC (Paris, Novembre 2017). Communication orale sans actes. https:\/\/www.projet-pfc.net\/wp-content\/uploads\/2017\/12\/Lancien_2017.pdf<\/p>\n<p><strong>2016<\/strong><\/p>\n<p>Lancien M. (2016). \u00ab Expressions spontan\u00e9es d\u2019affects par des supporters de rugby : entre \u00e9motion et affects sociaux.\u00bb, au 5e colloque estudiantin des sciences du langage (Bordeaux, Avril 2016). Communication orale sans actes.<\/p>\n<blockquote class=\"wp-embedded-content\" data-secret=\"9BDnLqstHQ\"><p><a href=\"https:\/\/colloquesdl2016.wordpress.com\/expressions-spontanees-daffects-par-des-supporters-de-rugby-entre-emotion-et-affects-sociaux-melanie-lancien-master-1-universite-sorbonne-nouvelle-paris-3\/\">\u00ab Expressions spontan\u00e9es d\u2019affects par des supporters de rugby : entre \u00e9motion et affects sociaux. \u00bb  M\u00e9lanie LANCIEN (master 1, Universit\u00e9 Sorbonne Nouvelle \u2013 Paris&nbsp;3)<\/a><\/p><\/blockquote>\n<p><iframe loading=\"lazy\" class=\"wp-embedded-content\" sandbox=\"allow-scripts\" security=\"restricted\" style=\"position: absolute; clip: rect(1px, 1px, 1px, 1px);\" title=\"&laquo;&nbsp;\u00ab Expressions spontan\u00e9es d\u2019affects par des supporters de rugby : entre \u00e9motion et affects sociaux. \u00bb  M\u00e9lanie LANCIEN (master 1, Universit\u00e9 Sorbonne Nouvelle \u2013 Paris&nbsp;3)&nbsp;&raquo; &#8212; 5\u00e8me colloque estudiantin des Sciences du Langage\" src=\"https:\/\/colloquesdl2016.wordpress.com\/expressions-spontanees-daffects-par-des-supporters-de-rugby-entre-emotion-et-affects-sociaux-melanie-lancien-master-1-universite-sorbonne-nouvelle-paris-3\/embed\/#?secret=7exPLoTBvm#?secret=9BDnLqstHQ\" data-secret=\"9BDnLqstHQ\" width=\"600\" height=\"338\" frameborder=\"0\" marginwidth=\"0\" marginheight=\"0\" scrolling=\"no\"><\/iframe><\/p>\n<p>&nbsp;<\/p>\n<p style=\"text-align: center\"><strong>Invitations \u00e0 des s\u00e9minaires<\/strong><\/p>\n<p>&nbsp;<\/p>\n<p>Lancien M. (2023). \u00ab Phonetic reduction &amp; speech accommodation. \u00bb, au s\u00e9minaire de recherche du laboratoire GLUP, Glasgow, mars 2023.<br \/>\nhttps:\/\/drive.switch.ch\/index.php\/s\/xyhx7gObD98KAB4<\/p>\n<p>Lancien M. (2023). \u00ab M\u00e9thodes de recherche en sociophon\u00e9tique : une \u00e9tude acoustique de la proximit\u00e9 sociale : \u00bb, au s\u00e9minaire de sociophon\u00e9tique de Maria Candea (Sorbonne-Nouvelle), Paris, mars 2023.<\/p>\n<p>Lancien M. (2023). \u00ab Hypoarticulation et proximit\u00e9 sociale : quand Linblom rencontre la CAT \u00bb, au s\u00e9minaire de recherche du laboratoire LPP, Paris, mars 2023.<\/p>\n<p>Lancien M. (2021). \u00ab Phonetic reduction &amp; the expression of social proximity : Extending the study of speech accommodation. \u00bb, au s\u00e9minaire de recherche du laboratoire LIUM, Le mans, d\u00e9cembre 2021.<br \/>\nhttps:\/\/drive.switch.ch\/index.php\/s\/xyhx7gObD98KAB4<\/p>\n<p>Lancien M. (2021). \u00ab Introduction \u00e0 l&rsquo;utilisation de Praat pour l&rsquo;\u00e9tude des rapports entre l&rsquo;\u00e9crit et l&rsquo;oral \u00bb, au s\u00e9minaire de g\u00e9n\u00e9tique des textes, Lausanne, octobre 2021.<\/p>\n","protected":false},"excerpt":{"rendered":"<p>Articles de journaux \u00e9valu\u00e9s par des pairs &nbsp; Lancien, M. &amp; Hutin, M. (soumis) \u00ab Weakness and strength in phonological representations:\u00a0 Evidence from the rhotic of Quebec French.\u00bb. Phonology. Lancien, M. &amp; Hutin, M. (soumis) \u00ab On the (socio)acoustic and phonological variation of \/R\/ in french .\u00bb. Journal of Laboratory Phonology. Lancien, M. &amp; C\u00f4t\u00e9, [&hellip;]<\/p>\n","protected":false},"author":1,"featured_media":0,"parent":0,"menu_order":0,"comment_status":"closed","ping_status":"closed","template":"","meta":{"footnotes":""},"class_list":["post-17","page","type-page","status-publish","hentry"],"_links":{"self":[{"href":"https:\/\/perso.atilf.fr\/mlancien\/wp-json\/wp\/v2\/pages\/17","targetHints":{"allow":["GET"]}}],"collection":[{"href":"https:\/\/perso.atilf.fr\/mlancien\/wp-json\/wp\/v2\/pages"}],"about":[{"href":"https:\/\/perso.atilf.fr\/mlancien\/wp-json\/wp\/v2\/types\/page"}],"author":[{"embeddable":true,"href":"https:\/\/perso.atilf.fr\/mlancien\/wp-json\/wp\/v2\/users\/1"}],"replies":[{"embeddable":true,"href":"https:\/\/perso.atilf.fr\/mlancien\/wp-json\/wp\/v2\/comments?post=17"}],"version-history":[{"count":14,"href":"https:\/\/perso.atilf.fr\/mlancien\/wp-json\/wp\/v2\/pages\/17\/revisions"}],"predecessor-version":[{"id":378,"href":"https:\/\/perso.atilf.fr\/mlancien\/wp-json\/wp\/v2\/pages\/17\/revisions\/378"}],"wp:attachment":[{"href":"https:\/\/perso.atilf.fr\/mlancien\/wp-json\/wp\/v2\/media?parent=17"}],"curies":[{"name":"wp","href":"https:\/\/api.w.org\/{rel}","templated":true}]}}