{"id":196,"date":"2020-10-09T09:35:31","date_gmt":"2020-10-09T08:35:31","guid":{"rendered":"https:\/\/perso.atilf.fr\/mmusiol\/?page_id=196"},"modified":"2020-10-09T09:35:31","modified_gmt":"2020-10-09T08:35:31","slug":"hal","status":"publish","type":"page","link":"https:\/\/perso.atilf.fr\/mmusiol\/hal\/","title":{"rendered":"HAL"},"content":{"rendered":"<div> no results !<\/div><\/div>\n    <\/div>\n<\/div><div class=\"wphal-footer\"><p style=\"color:#B3B2B0\">Documents r\u00e9cup\u00e9r\u00e9s de l'archive ouverte HAL&nbsp;<a href=\"https:\/\/hal.science\/\" target=\"_blank\"><img decoding=\"async\" alt=\"logo\" src=\"https:\/\/perso.atilf.fr\/mmusiol\/wp-content\/plugins\/hal\/img\/logo-hal.png\" style=\"width:90px\"><\/a><\/p><\/div>\n","protected":false},"excerpt":{"rendered":"","protected":false},"author":41,"featured_media":0,"parent":0,"menu_order":0,"comment_status":"closed","ping_status":"closed","template":"","meta":{"footnotes":""},"class_list":["post-196","page","type-page","status-publish","hentry"],"_links":{"self":[{"href":"https:\/\/perso.atilf.fr\/mmusiol\/wp-json\/wp\/v2\/pages\/196","targetHints":{"allow":["GET"]}}],"collection":[{"href":"https:\/\/perso.atilf.fr\/mmusiol\/wp-json\/wp\/v2\/pages"}],"about":[{"href":"https:\/\/perso.atilf.fr\/mmusiol\/wp-json\/wp\/v2\/types\/page"}],"author":[{"embeddable":true,"href":"https:\/\/perso.atilf.fr\/mmusiol\/wp-json\/wp\/v2\/users\/41"}],"replies":[{"embeddable":true,"href":"https:\/\/perso.atilf.fr\/mmusiol\/wp-json\/wp\/v2\/comments?post=196"}],"version-history":[{"count":1,"href":"https:\/\/perso.atilf.fr\/mmusiol\/wp-json\/wp\/v2\/pages\/196\/revisions"}],"predecessor-version":[{"id":197,"href":"https:\/\/perso.atilf.fr\/mmusiol\/wp-json\/wp\/v2\/pages\/196\/revisions\/197"}],"wp:attachment":[{"href":"https:\/\/perso.atilf.fr\/mmusiol\/wp-json\/wp\/v2\/media?parent=196"}],"curies":[{"name":"wp","href":"https:\/\/api.w.org\/{rel}","templated":true}]}}