{"id":21,"date":"2015-06-29T13:44:07","date_gmt":"2015-06-29T12:44:07","guid":{"rendered":"https:\/\/apps.atilf.fr\/homepages\/msalcedo\/?page_id=21"},"modified":"2016-11-23T16:05:27","modified_gmt":"2016-11-23T15:05:27","slug":"conferences-seminaires","status":"publish","type":"page","link":"https:\/\/perso.atilf.fr\/msalcedo\/conferences-seminaires\/","title":{"rendered":"Conf\u00e9rences \/ S\u00e9minaires"},"content":{"rendered":"<p><span style=\"text-decoration: underline\"><strong>Conf\u00e9rences<\/strong><\/span><\/p>\n<ul>\n<li>Rencontre de linguistique Nancy-Fribourg, 10-11 avril 2014 _ Pr\u00e9sentation du sujet de th\u00e8se \u00ab\u00a0L&rsquo; anaphore r\u00e9somptive : aspects lexicaux, discursifs et pragmatiques\u00a0\u00bb<\/li>\n<li>Colloque CDM 2015 : Continuit\u00e9 r\u00e9f\u00e9rentielle, le choix des mots dans les textes fran\u00e7ais et anglais \u00e0 la fin du Moyen-Age et aux p\u00e9riodes modernes et contemporaines, \u00e0 Poitiers les 26, 27 et 28 octobre 2015 _ \u00ab\u00a0L&rsquo; Anaphore r\u00e9somptive avec recat\u00e9gorisation\u00a0\u00bb<\/li>\n<\/ul>\n<p>&nbsp;<\/p>\n<p><span style=\"text-decoration: underline\"><strong>S\u00e9minaires<\/strong><\/span><\/p>\n","protected":false},"excerpt":{"rendered":"<p>Conf\u00e9rences Rencontre de linguistique Nancy-Fribourg, 10-11 avril 2014 _ Pr\u00e9sentation du sujet de th\u00e8se \u00ab\u00a0L&rsquo; anaphore r\u00e9somptive : aspects lexicaux, discursifs et pragmatiques\u00a0\u00bb Colloque CDM 2015 : Continuit\u00e9 r\u00e9f\u00e9rentielle, le choix des mots dans les textes fran\u00e7ais et anglais \u00e0 la fin du Moyen-Age et aux p\u00e9riodes modernes et contemporaines, \u00e0 Poitiers les 26, 27 [&hellip;]<\/p>\n","protected":false},"author":1,"featured_media":0,"parent":0,"menu_order":0,"comment_status":"closed","ping_status":"closed","template":"","meta":{"footnotes":""},"class_list":["post-21","page","type-page","status-publish","hentry"],"_links":{"self":[{"href":"https:\/\/perso.atilf.fr\/msalcedo\/wp-json\/wp\/v2\/pages\/21","targetHints":{"allow":["GET"]}}],"collection":[{"href":"https:\/\/perso.atilf.fr\/msalcedo\/wp-json\/wp\/v2\/pages"}],"about":[{"href":"https:\/\/perso.atilf.fr\/msalcedo\/wp-json\/wp\/v2\/types\/page"}],"author":[{"embeddable":true,"href":"https:\/\/perso.atilf.fr\/msalcedo\/wp-json\/wp\/v2\/users\/1"}],"replies":[{"embeddable":true,"href":"https:\/\/perso.atilf.fr\/msalcedo\/wp-json\/wp\/v2\/comments?post=21"}],"version-history":[{"count":5,"href":"https:\/\/perso.atilf.fr\/msalcedo\/wp-json\/wp\/v2\/pages\/21\/revisions"}],"predecessor-version":[{"id":215,"href":"https:\/\/perso.atilf.fr\/msalcedo\/wp-json\/wp\/v2\/pages\/21\/revisions\/215"}],"wp:attachment":[{"href":"https:\/\/perso.atilf.fr\/msalcedo\/wp-json\/wp\/v2\/media?parent=21"}],"curies":[{"name":"wp","href":"https:\/\/api.w.org\/{rel}","templated":true}]}}