{"id":190,"date":"2016-02-24T12:11:16","date_gmt":"2016-02-24T11:11:16","guid":{"rendered":"https:\/\/apps.atilf.fr\/homepages\/?page_id=190"},"modified":"2016-02-24T12:11:16","modified_gmt":"2016-02-24T11:11:16","slug":"hal","status":"publish","type":"page","link":"https:\/\/perso.atilf.fr\/ngader\/hal\/","title":{"rendered":"HAL"},"content":{"rendered":"Plugin is not configured correctly or shortcode parameters are not valid, please check the <a href=\"https:\/\/doc.archives-ouvertes.fr\/afficher-une-liste-de-publications-dans-wordpress\/\" target=\"_blank\" id=\"wrong_params\">documentation<\/a><div class=\"wphal-footer\"><p style=\"color:#B3B2B0\">Documents r\u00e9cup\u00e9r\u00e9s de l'archive ouverte HAL&nbsp;<a href=\"https:\/\/hal.science\/\" target=\"_blank\"><img decoding=\"async\" alt=\"logo\" src=\"https:\/\/perso.atilf.fr\/ngader\/wp-content\/plugins\/hal\/img\/logo-hal.png\" style=\"width:90px\"><\/a><\/p><\/div>\n","protected":false},"excerpt":{"rendered":"","protected":false},"author":1,"featured_media":0,"parent":0,"menu_order":0,"comment_status":"closed","ping_status":"closed","template":"","meta":{"footnotes":""},"class_list":["post-190","page","type-page","status-publish","hentry"],"_links":{"self":[{"href":"https:\/\/perso.atilf.fr\/ngader\/wp-json\/wp\/v2\/pages\/190","targetHints":{"allow":["GET"]}}],"collection":[{"href":"https:\/\/perso.atilf.fr\/ngader\/wp-json\/wp\/v2\/pages"}],"about":[{"href":"https:\/\/perso.atilf.fr\/ngader\/wp-json\/wp\/v2\/types\/page"}],"author":[{"embeddable":true,"href":"https:\/\/perso.atilf.fr\/ngader\/wp-json\/wp\/v2\/users\/1"}],"replies":[{"embeddable":true,"href":"https:\/\/perso.atilf.fr\/ngader\/wp-json\/wp\/v2\/comments?post=190"}],"version-history":[{"count":1,"href":"https:\/\/perso.atilf.fr\/ngader\/wp-json\/wp\/v2\/pages\/190\/revisions"}],"predecessor-version":[{"id":191,"href":"https:\/\/perso.atilf.fr\/ngader\/wp-json\/wp\/v2\/pages\/190\/revisions\/191"}],"wp:attachment":[{"href":"https:\/\/perso.atilf.fr\/ngader\/wp-json\/wp\/v2\/media?parent=190"}],"curies":[{"name":"wp","href":"https:\/\/api.w.org\/{rel}","templated":true}]}}