{"id":13,"date":"2015-06-29T13:43:15","date_gmt":"2015-06-29T12:43:15","guid":{"rendered":"https:\/\/apps.atilf.fr\/homepages\/nmolle\/?page_id=13"},"modified":"2018-11-19T20:53:19","modified_gmt":"2018-11-19T19:53:19","slug":"enseignement","status":"publish","type":"page","link":"https:\/\/perso.atilf.fr\/nmolle\/enseignement\/","title":{"rendered":"Enseignement"},"content":{"rendered":"<p><span style=\"text-decoration: underline\"><strong>Enseignements<\/strong><\/span><\/p>\n<p>Actuellement, \u00e0 l\u2019Universit\u00e9 de Lorraine (Lansad) :<\/p>\n<ul>\n<li>Anglais pour fili\u00e8re Droit, Master 2 Juriste d&rsquo;Affaires International<\/li>\n<li>Anglais pour fili\u00e8re Droit, Master 2 Juriste d&rsquo;Affaires Europ\u00e9en<\/li>\n<\/ul>\n<p>Exemples d&rsquo;enseignements pass\u00e9s, \u00e0 l&rsquo;Universit\u00e9 de Lorraine (Lansad)<\/p>\n<ul>\n<li>Anglais pour fili\u00e8re Droit, Licence 3, Licence 3 parcours juridique<\/li>\n<li>Anglais de pour fili\u00e8re Arts Lettres et Langues, licence 3 et Master 1 &amp; 2 audiovisuel et cin\u00e9ma<\/li>\n<li>Anglais pour fili\u00e8re Arts Lettres et Langues, Licences 3 Langues et Cultures<\/li>\n<li>Anglais pour Sciences Humaines et sociales, Licence 2<\/li>\n<\/ul>\n<p><strong>Autres enseignements<br \/>\n<\/strong><\/p>\n<p>Professeur en Coll\u00e8ge (5 ans &#8211; Professeur principal de 6\u00e8me et 4\u00e8me, professeur en classe d&rsquo;insertion professionnelle et classe SEGPA)<\/p>\n","protected":false},"excerpt":{"rendered":"<p>Enseignements Actuellement, \u00e0 l\u2019Universit\u00e9 de Lorraine (Lansad) : Anglais pour fili\u00e8re Droit, Master 2 Juriste d&rsquo;Affaires International Anglais pour fili\u00e8re Droit, Master 2 Juriste d&rsquo;Affaires Europ\u00e9en Exemples d&rsquo;enseignements pass\u00e9s, \u00e0 l&rsquo;Universit\u00e9 de Lorraine (Lansad) Anglais pour fili\u00e8re Droit, Licence 3, &hellip; <a href=\"https:\/\/perso.atilf.fr\/nmolle\/enseignement\/\">Continuer la lecture <span class=\"meta-nav\">&rarr;<\/span><\/a><\/p>\n","protected":false},"author":1,"featured_media":0,"parent":0,"menu_order":0,"comment_status":"closed","ping_status":"closed","template":"","meta":{"footnotes":""},"class_list":["post-13","page","type-page","status-publish","hentry"],"_links":{"self":[{"href":"https:\/\/perso.atilf.fr\/nmolle\/wp-json\/wp\/v2\/pages\/13","targetHints":{"allow":["GET"]}}],"collection":[{"href":"https:\/\/perso.atilf.fr\/nmolle\/wp-json\/wp\/v2\/pages"}],"about":[{"href":"https:\/\/perso.atilf.fr\/nmolle\/wp-json\/wp\/v2\/types\/page"}],"author":[{"embeddable":true,"href":"https:\/\/perso.atilf.fr\/nmolle\/wp-json\/wp\/v2\/users\/1"}],"replies":[{"embeddable":true,"href":"https:\/\/perso.atilf.fr\/nmolle\/wp-json\/wp\/v2\/comments?post=13"}],"version-history":[{"count":12,"href":"https:\/\/perso.atilf.fr\/nmolle\/wp-json\/wp\/v2\/pages\/13\/revisions"}],"predecessor-version":[{"id":309,"href":"https:\/\/perso.atilf.fr\/nmolle\/wp-json\/wp\/v2\/pages\/13\/revisions\/309"}],"wp:attachment":[{"href":"https:\/\/perso.atilf.fr\/nmolle\/wp-json\/wp\/v2\/media?parent=13"}],"curies":[{"name":"wp","href":"https:\/\/api.w.org\/{rel}","templated":true}]}}