{"id":15,"date":"2015-06-29T13:43:26","date_gmt":"2015-06-29T12:43:26","guid":{"rendered":"https:\/\/apps.atilf.fr\/homepages\/nmolle\/?page_id=15"},"modified":"2025-11-06T18:05:14","modified_gmt":"2025-11-06T17:05:14","slug":"projets","status":"publish","type":"page","link":"https:\/\/perso.atilf.fr\/nmolle\/projets\/","title":{"rendered":"Projets en cours"},"content":{"rendered":"<p><strong>GR ALIATA<\/strong> (Apprentissages des Langues soutenu par l&rsquo;Intelligence Artificielle et la Traduction Automatique) : cartographie et analyse des usages par les apprenants des outils de la traduction automatique et des outils d&rsquo;IA g\u00e9n\u00e9rative en secteur Lansad.<\/p>\n<p>a) Cr\u00e9ation d&rsquo;un r\u00e9seau d&rsquo;enseignants-chercheurs sur cette question avec comme partenaires : universit\u00e9 de Montpellier, Universit\u00e9 de Neuch\u00e2tel (Suisse) et Universit\u00e9 de Paderbornn (Allemagne), Universit\u00e9 de Li\u00e8ge, Universit\u00e9 du Luxembourg.<\/p>\n<p>b) Cr\u00e9ation d&rsquo;une formation en ligne (MOOC) \u00e0 destination des enseignants de langues (Laur\u00e9at de l&rsquo;AAP de l&rsquo;Universit\u00e9 de Li\u00e8ge, projet 2026-2027)<\/p>\n<p><strong>PLEIADES<\/strong> (<a href=\"https:\/\/www.univ-lorraine.fr\/pleiades\/\">Projet lorrain d\u2019environnement num\u00e9rique pour des Apprentissages Durables<\/a>):\u00a0 Responsable du projet \u00ab\u00a0<em>Relations<\/em>\u00a0\u00bb : dynamiser l\u2019apprentissage des langues par la mise en relation des \u00e9tudiants de l\u2019universit\u00e9 avec des \u00e9tudiants d\u2019universit\u00e9s \u00e9trang\u00e8res.<\/p>\n<p>=&gt; Membre du Comit\u00e9 de Pilotage Pl\u00e9iades (ANR-21-DMES-0010) et de la cellule IMPACT (2023-2025)<\/p>\n<p>=&gt; Coordinateur du programme University Language Exchange Programme &#8211; Relation Pl\u00e9iades\u00a0 (<a href=\"https:\/\/ulep.univ-lorraine.fr\/\">ULEP<\/a>)<\/p>\n<p><strong>Projet <em>EDOlang<\/em><\/strong> (Environnement et Dispositifs Ouverts pour l&rsquo;apprentissage des langues) : Elaboration de la plateforme <a href=\"http:\/\/edolang.univ-lorraine.fr\">EDOlang. <\/a>==&gt; Porteur du projet Edolang Version 2 (financement <em>Education &amp; Territoire <\/em>de l&rsquo;Universit\u00e9 de Lorraine)<\/p>\n<p><strong>Projet Universit\u00e9 Inclusive D\u00e9monstratrice (UID)<\/strong>\u00a0Travail autour de la question de l&rsquo;enseignement des langues et de l&rsquo;accessibilit\u00e9. Cr\u00e9ation de contenu accessibles et r\u00e9flexions pour la mise en place de pratiques p\u00e9dagogiques inclusives dans l&rsquo;enseignement-apprentissage des langues \u00e0 l&rsquo;Universit\u00e9 de Lorraine.<\/p>\n<p><strong>Projet Insight <\/strong>D\u00e9velopp\u00e9 dans le cadre du programme IMPACT de Lorraine Universit\u00e9 d&rsquo;Excellence (LUE), s\u2019inscrit dans le d\u00e9fi \u00ab\u202fTransition de la soci\u00e9t\u00e9\u202f\u00bb. <a href=\"https:\/\/factuel.univ-lorraine.fr\/article\/insight-le-projet-impact-lue-pour-rapprocher-sciences-humaines-et-sociales-et-intelligence-artificielle\/\">INSIGHT<\/a> ambitionne de construire de nouveaux ponts entre sciences humaines et sociales, arts, sciences juridiques et technologies num\u00e9riques, en s\u2019appuyant notamment sur les outils de l\u2019intelligence artificielle et du traitement automatique des langues. Co-Responsable avec N.Hub\u00e9 de l&rsquo;axe transverse IA et Soci\u00e9t\u00e9.<\/p>\n","protected":false},"excerpt":{"rendered":"<p>GR ALIATA (Apprentissages des Langues soutenu par l&rsquo;Intelligence Artificielle et la Traduction Automatique) : cartographie et analyse des usages par les apprenants des outils de la traduction automatique et des outils d&rsquo;IA g\u00e9n\u00e9rative en secteur Lansad. a) Cr\u00e9ation d&rsquo;un r\u00e9seau &hellip; <a href=\"https:\/\/perso.atilf.fr\/nmolle\/projets\/\">Continuer la lecture <span class=\"meta-nav\">&rarr;<\/span><\/a><\/p>\n","protected":false},"author":1,"featured_media":0,"parent":0,"menu_order":0,"comment_status":"closed","ping_status":"closed","template":"","meta":{"footnotes":""},"class_list":["post-15","page","type-page","status-publish","hentry"],"_links":{"self":[{"href":"https:\/\/perso.atilf.fr\/nmolle\/wp-json\/wp\/v2\/pages\/15","targetHints":{"allow":["GET"]}}],"collection":[{"href":"https:\/\/perso.atilf.fr\/nmolle\/wp-json\/wp\/v2\/pages"}],"about":[{"href":"https:\/\/perso.atilf.fr\/nmolle\/wp-json\/wp\/v2\/types\/page"}],"author":[{"embeddable":true,"href":"https:\/\/perso.atilf.fr\/nmolle\/wp-json\/wp\/v2\/users\/1"}],"replies":[{"embeddable":true,"href":"https:\/\/perso.atilf.fr\/nmolle\/wp-json\/wp\/v2\/comments?post=15"}],"version-history":[{"count":26,"href":"https:\/\/perso.atilf.fr\/nmolle\/wp-json\/wp\/v2\/pages\/15\/revisions"}],"predecessor-version":[{"id":545,"href":"https:\/\/perso.atilf.fr\/nmolle\/wp-json\/wp\/v2\/pages\/15\/revisions\/545"}],"wp:attachment":[{"href":"https:\/\/perso.atilf.fr\/nmolle\/wp-json\/wp\/v2\/media?parent=15"}],"curies":[{"name":"wp","href":"https:\/\/api.w.org\/{rel}","templated":true}]}}