{"id":190,"date":"2016-02-24T12:11:16","date_gmt":"2016-02-24T11:11:16","guid":{"rendered":"https:\/\/apps.atilf.fr\/homepages\/nmolle\/?page_id=190"},"modified":"2023-12-05T14:16:11","modified_gmt":"2023-12-05T13:16:11","slug":"hal","status":"publish","type":"page","link":"https:\/\/perso.atilf.fr\/nmolle\/hal\/","title":{"rendered":"Activit\u00e9s personnelles de recherche"},"content":{"rendered":"<p>Int\u00e9r\u00eat pour la musique classique du 19\u00e8me si\u00e8cle, en particulier Beethoven.<\/p>\n<p><strong>Communications &amp; publications<br \/>\n<\/strong><\/p>\n<p>Molle, Nicolas (2023)\u00a0\u00ab <em>La Wellingtons Sieg oder die Schlacht bei Vitoria de Beethoven\u00a0: un t\u00e9moignage politique<\/em><em>\u00a0<\/em>\u00bb Revue Beethoven, vol. 23<\/p>\n<p>Invit\u00e9 \u00e0 la Journ\u00e9e d\u2019\u00c9tudes <em>Beethoven et le monde anglophone, <\/em>Universit\u00e9 de Toulon, 8 octobre 2021.<\/p>\n<p>Dans le cadre du dossier Th\u00e9matique Beethoven et le Royaume Uni de la <em>Revue Beethoven<\/em>, parution de:<\/p>\n<ul>\n<li>Molle, Nicolas (2020) \u00ab\u00a0<em>Beethoven et la Soci\u00e9t\u00e9 Philharmonique de Londres<\/em>\u00a0\u00bb dans <em>Revue Beethoven<\/em>, vol.20<\/li>\n<li>Molle, Nicolas (2020) \u00ab\u00a0<em>Beethoven et son admiration pour l&rsquo;Angleterre<\/em>\u00a0\u00bb dans <em>Revue Beethoven<\/em>, vol.20<\/li>\n<li>Molle, Nicolas (2020) \u00ab\u00a0<em>Beethoven, Haendel et Shakespeare: la rencontre de 3 g\u00e9ants\u00a0\u00bb<\/em> dans <em>Revue Beethoven<\/em>, vol.20<\/li>\n<li>Conf\u00e9rencier invit\u00e9 par le Conservatoire R\u00e9gional de Nancy dans le cadre du cycle des conf\u00e9rences:\u00a0 <em>Les \u0153uvres de Beethoven en Europe (25 et 26 avril 2019)<\/em><\/li>\n<\/ul>\n<p>Molle, N. \u201cBeethoven\u2019s Admiration for Britain\u00a0: A Life-time Mental Process of Idealisation\u201d <em>The Beethoven Journal<\/em>, (2019, vol.33, n\u00b01 &amp; 2, 4-11)<\/p>\n<p><em><br \/>\n<\/em>Conf\u00e9rence internationale (Birmingham, Angleterre, 28-30 juin 2017): The Eleventh Biennal International Conference on Music in Nineteenth-Century Britain. Titre de la communication: <em>From Wellingtons Sieg oder die Schlacht bei Vitoria to The Battle Symphony: A Perfect Symbol of Beethoven\u2019s Relationships with Britain during his Life-time.<\/em><em><a href=\"https:\/\/www.birmingham.ac.uk\/schools\/lcahm\/departments\/music\/events\/2017\/mncb\/index.aspx\">https:\/\/www.birmingham.ac.uk\/schools\/lcahm\/departments\/music\/events\/2017\/mncb\/index.aspx<\/a><\/em><\/p>\n<p>Colloque international (Lucca, Italie, 24-26 novembre 2015): Clementi and the English musical scene. Titre de la communication: <em>Clementi and the English Lobbies: Professional Networks in Action for Beethoven\u2019s Breakthrough in England in the Early 19<sup>th<\/sup> Century<\/em>. <a href=\"http:\/\/www.luigiboccherini.org\/images\/Programme%20Clementi.pdf\">http:\/\/www.luigiboccherini.org\/images \/Programme%20Clementi.pdf<\/a><\/p>\n<p>Conf\u00e9rencier invit\u00e9 par l\u2019Association <em>Beethoven France<\/em>: <em>George Thomson: Les Folksongs de Beethoven <\/em>(Paris, 17 d\u00e9cembre 2017)<\/p>\n<p>&nbsp;<\/p>\n<p>&nbsp;<\/p>\n<p>&nbsp;<\/p>\n<p>&nbsp;<\/p>\n<p>&nbsp;<\/p>\n<p><strong>\u00a0<\/strong><\/p>\n<p>&nbsp;<\/p>\n","protected":false},"excerpt":{"rendered":"<p>Int\u00e9r\u00eat pour la musique classique du 19\u00e8me si\u00e8cle, en particulier Beethoven. Communications &amp; publications Molle, Nicolas (2023)\u00a0\u00ab La Wellingtons Sieg oder die Schlacht bei Vitoria de Beethoven\u00a0: un t\u00e9moignage politique\u00a0\u00bb Revue Beethoven, vol. 23 Invit\u00e9 \u00e0 la Journ\u00e9e d\u2019\u00c9tudes Beethoven &hellip; <a href=\"https:\/\/perso.atilf.fr\/nmolle\/hal\/\">Continuer la lecture <span class=\"meta-nav\">&rarr;<\/span><\/a><\/p>\n","protected":false},"author":1,"featured_media":0,"parent":0,"menu_order":0,"comment_status":"closed","ping_status":"closed","template":"","meta":{"footnotes":""},"class_list":["post-190","page","type-page","status-publish","hentry"],"_links":{"self":[{"href":"https:\/\/perso.atilf.fr\/nmolle\/wp-json\/wp\/v2\/pages\/190","targetHints":{"allow":["GET"]}}],"collection":[{"href":"https:\/\/perso.atilf.fr\/nmolle\/wp-json\/wp\/v2\/pages"}],"about":[{"href":"https:\/\/perso.atilf.fr\/nmolle\/wp-json\/wp\/v2\/types\/page"}],"author":[{"embeddable":true,"href":"https:\/\/perso.atilf.fr\/nmolle\/wp-json\/wp\/v2\/users\/1"}],"replies":[{"embeddable":true,"href":"https:\/\/perso.atilf.fr\/nmolle\/wp-json\/wp\/v2\/comments?post=190"}],"version-history":[{"count":13,"href":"https:\/\/perso.atilf.fr\/nmolle\/wp-json\/wp\/v2\/pages\/190\/revisions"}],"predecessor-version":[{"id":480,"href":"https:\/\/perso.atilf.fr\/nmolle\/wp-json\/wp\/v2\/pages\/190\/revisions\/480"}],"wp:attachment":[{"href":"https:\/\/perso.atilf.fr\/nmolle\/wp-json\/wp\/v2\/media?parent=190"}],"curies":[{"name":"wp","href":"https:\/\/api.w.org\/{rel}","templated":true}]}}