{"id":35,"date":"2015-06-29T13:47:31","date_gmt":"2015-06-29T12:47:31","guid":{"rendered":"https:\/\/apps.atilf.fr\/homepages\/nmolle\/?page_id=35"},"modified":"2025-11-06T18:01:09","modified_gmt":"2025-11-06T17:01:09","slug":"accueil","status":"publish","type":"page","link":"https:\/\/perso.atilf.fr\/nmolle\/","title":{"rendered":"Accueil"},"content":{"rendered":"<p style=\"text-align: left\"><strong><span style=\"text-decoration: underline\">Pr\u00e9sentation synth\u00e9tique<\/span><\/strong><\/p>\n<ul>\n<li>Maitre de Conf\u00e9rences (Section 11)<\/li>\n<li>Directeur de l&rsquo;<a href=\"https:\/\/lansad.univ-lorraine.fr\/\">UFR Lansad <\/a>(LANgues pour Sp\u00e9cialistes d&rsquo;Autres Disciplines) de l&rsquo;Universit\u00e9 de Lorraine (Membre du Conseil de Coll\u00e9gium Interface)<\/li>\n<li>Laboratoire <a href=\"https:\/\/www.atilf.fr\/\">ATILF<\/a> (UL &#8211; CNRS, UMR 7118) <a href=\"https:\/\/www.atilf.fr\/recherche\/axes-disciplinaires\/didactique-des-langues-et-sociolinguistique\/\">Axe Didactique des Langues et Sociolinguistique<\/a><\/li>\n<li>Tr\u00e9sorier Association pour la Recherche en Didactique et Acquisition de l&rsquo;Anglais (<a href=\"https:\/\/ardaa.hypotheses.org\/\">ARDAA<\/a>)<\/li>\n<li>Co-\u00e9diteur de la revue <a href=\"https:\/\/www.atilf.fr\/publications\/revues-atilf\/melanges-crapel\/\"><em>M\u00e9langes Crapel<\/em><\/a><\/li>\n<li>Membre du CA de <a href=\"https:\/\/www.ranacles.org\/\">Ranacles<\/a> (Rassemblement National des Centres de Ressources en Langues)<\/li>\n<li>Membre du Comit\u00e9 de Pilotage du Certificat des Langues de l&rsquo;Enseignement Sup\u00e9rieur (<a href=\"https:\/\/www.certification-cles.fr\/\">CLES<\/a>)<\/li>\n<li>Membre du comit\u00e9 ex\u00e9cutif de la <a href=\"https:\/\/maison-langues.univ-lorraine.fr\/\">Maison pour les langues en Lorraine<\/a><\/li>\n<\/ul>\n<p>&nbsp;<\/p>\n<p><span style=\"text-decoration: underline\"><strong>Coordonn\u00e9es au laboratoire ATILF<\/strong><\/span><\/p>\n<table id=\"tablepress-4\" class=\"tablepress tablepress-id-4\">\n<tbody>\n<tr class=\"row-1 odd\">\n<td class=\"column-1\">\u00c9quipe<\/td>\n<td class=\"column-2\">Didactique des langues et sociolinguistique (CRAPEL)<\/td>\n<\/tr>\n<tr class=\"row-2 even\">\n<td class=\"column-1\">Courriel<\/td>\n<td class=\"column-2\">nicolas.molle@univ-lorraine.fr<\/td>\n<\/tr>\n<tr class=\"row-3 odd\">\n<td class=\"column-1\">Adresse<\/td>\n<td class=\"column-2\">ATILF (CNRS &amp; Universit\u00e9 de Lorraine)<br \/>\n44, avenue de la Lib\u00e9ration<br \/>\nB.P. 30687<br \/>\n54063 Nancy Cedex<\/td>\n<\/tr>\n<\/tbody>\n<\/table>\n<p>&nbsp;<\/p>\n","protected":false},"excerpt":{"rendered":"<p>Pr\u00e9sentation synth\u00e9tique Maitre de Conf\u00e9rences (Section 11) Directeur de l&rsquo;UFR Lansad (LANgues pour Sp\u00e9cialistes d&rsquo;Autres Disciplines) de l&rsquo;Universit\u00e9 de Lorraine (Membre du Conseil de Coll\u00e9gium Interface) Laboratoire ATILF (UL &#8211; CNRS, UMR 7118) Axe Didactique des Langues et Sociolinguistique Tr\u00e9sorier &hellip; <a href=\"https:\/\/perso.atilf.fr\/nmolle\/\">Continuer la lecture <span class=\"meta-nav\">&rarr;<\/span><\/a><\/p>\n","protected":false},"author":1,"featured_media":0,"parent":0,"menu_order":0,"comment_status":"closed","ping_status":"closed","template":"","meta":{"footnotes":""},"class_list":["post-35","page","type-page","status-publish","hentry"],"_links":{"self":[{"href":"https:\/\/perso.atilf.fr\/nmolle\/wp-json\/wp\/v2\/pages\/35","targetHints":{"allow":["GET"]}}],"collection":[{"href":"https:\/\/perso.atilf.fr\/nmolle\/wp-json\/wp\/v2\/pages"}],"about":[{"href":"https:\/\/perso.atilf.fr\/nmolle\/wp-json\/wp\/v2\/types\/page"}],"author":[{"embeddable":true,"href":"https:\/\/perso.atilf.fr\/nmolle\/wp-json\/wp\/v2\/users\/1"}],"replies":[{"embeddable":true,"href":"https:\/\/perso.atilf.fr\/nmolle\/wp-json\/wp\/v2\/comments?post=35"}],"version-history":[{"count":69,"href":"https:\/\/perso.atilf.fr\/nmolle\/wp-json\/wp\/v2\/pages\/35\/revisions"}],"predecessor-version":[{"id":544,"href":"https:\/\/perso.atilf.fr\/nmolle\/wp-json\/wp\/v2\/pages\/35\/revisions\/544"}],"wp:attachment":[{"href":"https:\/\/perso.atilf.fr\/nmolle\/wp-json\/wp\/v2\/media?parent=35"}],"curies":[{"name":"wp","href":"https:\/\/api.w.org\/{rel}","templated":true}]}}