{"id":13,"date":"2015-06-29T13:43:15","date_gmt":"2015-06-29T12:43:15","guid":{"rendered":"https:\/\/apps.atilf.fr\/homepages\/pmikhel\/?page_id=13"},"modified":"2022-10-10T18:21:05","modified_gmt":"2022-10-10T17:21:05","slug":"enseignement","status":"publish","type":"page","link":"https:\/\/perso.atilf.fr\/pmikhel\/enseignement\/","title":{"rendered":"Enseignement"},"content":{"rendered":"<p><strong><a href=\"http:\/\/www.inalco.fr\/\">INaLCO (Institut National des Langues et Civilisations Orientales)<\/a><\/strong><\/p>\n<p><a href=\"http:\/\/www.inalco.fr\/departement\/etudes-russes\"><strong>\u00c9tudes russes<\/strong><\/a><\/p>\n<ul>\n<li><em>Phon\u00e9tique<\/em> (Dipl\u00f4me d&rsquo;Initiation, Licence 1, Licence 2)<\/li>\n<li><em>Expression \u00e9crite<\/em> (Dipl\u00f4me d&rsquo;Initiation, Licence 1)<\/li>\n<li><em>Expression orale<\/em> (Dipl\u00f4me d&rsquo;Initiation, Licence 1)<\/li>\n<li><em>Compr\u00e9hension orale<\/em> (Licence 2)<\/li>\n<\/ul>\n<p><a href=\"https:\/\/www.univ-lorraine.fr\/\"><strong>Universit\u00e9 de Lorraine<\/strong><\/a><\/p>\n<p><strong>Sciences du langage\u00a0<\/strong><\/p>\n<ul>\n<li>UE901 EC1 <em>Structure relationnelle du lexique\u00a0 <\/em>(Master 2)<\/li>\n<\/ul>\n","protected":false},"excerpt":{"rendered":"<p>INaLCO (Institut National des Langues et Civilisations Orientales) \u00c9tudes russes Phon\u00e9tique (Dipl\u00f4me d&rsquo;Initiation, Licence 1, Licence 2) Expression \u00e9crite (Dipl\u00f4me d&rsquo;Initiation, Licence 1) Expression orale (Dipl\u00f4me d&rsquo;Initiation, Licence 1) Compr\u00e9hension orale (Licence 2) Universit\u00e9 de Lorraine Sciences du langage\u00a0 UE901 EC1 Structure relationnelle du lexique\u00a0 (Master 2)<\/p>\n","protected":false},"author":1,"featured_media":0,"parent":0,"menu_order":0,"comment_status":"closed","ping_status":"closed","template":"","meta":{"footnotes":""},"class_list":["post-13","page","type-page","status-publish","hentry"],"_links":{"self":[{"href":"https:\/\/perso.atilf.fr\/pmikhel\/wp-json\/wp\/v2\/pages\/13","targetHints":{"allow":["GET"]}}],"collection":[{"href":"https:\/\/perso.atilf.fr\/pmikhel\/wp-json\/wp\/v2\/pages"}],"about":[{"href":"https:\/\/perso.atilf.fr\/pmikhel\/wp-json\/wp\/v2\/types\/page"}],"author":[{"embeddable":true,"href":"https:\/\/perso.atilf.fr\/pmikhel\/wp-json\/wp\/v2\/users\/1"}],"replies":[{"embeddable":true,"href":"https:\/\/perso.atilf.fr\/pmikhel\/wp-json\/wp\/v2\/comments?post=13"}],"version-history":[{"count":13,"href":"https:\/\/perso.atilf.fr\/pmikhel\/wp-json\/wp\/v2\/pages\/13\/revisions"}],"predecessor-version":[{"id":392,"href":"https:\/\/perso.atilf.fr\/pmikhel\/wp-json\/wp\/v2\/pages\/13\/revisions\/392"}],"wp:attachment":[{"href":"https:\/\/perso.atilf.fr\/pmikhel\/wp-json\/wp\/v2\/media?parent=13"}],"curies":[{"name":"wp","href":"https:\/\/api.w.org\/{rel}","templated":true}]}}