{"id":21,"date":"2015-06-29T13:44:07","date_gmt":"2015-06-29T12:44:07","guid":{"rendered":"https:\/\/apps.atilf.fr\/homepages\/pmikhel\/?page_id=21"},"modified":"2022-09-01T15:32:26","modified_gmt":"2022-09-01T14:32:26","slug":"conferences-seminaires","status":"publish","type":"page","link":"https:\/\/perso.atilf.fr\/pmikhel\/conferences-seminaires\/","title":{"rendered":"Conf\u00e9rences \/ s\u00e9minaires"},"content":{"rendered":"<p><span style=\"text-decoration: underline\"><strong>Responsabilit\u00e9s pass\u00e9es :<\/strong><\/span><\/p>\n<ul>\n<li>Co-organisation du Colloque International <a href=\"https:\/\/lexique2020.sciencesconf.org\/\">\u00ab Lexique et corps humain \u00bb<\/a>, 11-12 juin 2021, INaLCO, Paris, France<\/li>\n<\/ul>\n<p><span style=\"text-decoration: underline\"><strong>Communications orales (2019-2022) :<\/strong><\/span><\/p>\n<ul>\n<li>Interface entre Terminologie et Langue G\u00e9n\u00e9rale : Une Etude Multilingue du Lexique de la Chimie, <em>Multilingual Digital Terminology Today 2022<\/em>, Padua, Italy, 16-17 juin, 2022<\/li>\n<li>La terminologie de chimie. <em>Le 68e congr\u00e8s national des professeurs de physique et de chimie,\u00a0 l&rsquo;UdPPC<\/em>, Nancy, France, 3 novembre 2021<\/li>\n<li class=\"p1\">La chimie sur le bout de la langue.<i> Journ\u00e9e Th\u00e9matique Transversale ATILF \u00ab Au-del\u00e0 du mot \u00bb<\/i>, Nancy, France, 15 juin 2021<\/li>\n<li>\n<p class=\"p1\">Vocabulaire de la chimie : l\u2019analyse s\u00e9mantique des phras\u00e8mes. <i>Colloque International <\/i><i>Phras\u00e9oTerm : Phras\u00e9ologie et Terminologie<\/i>, Universit\u00e0 degli Studi di Verona Dipartimento di Lingue e Letterature Straniere, V\u00e9rone, Italie, 16-17 novembre 2020<\/p>\n<\/li>\n<li>\n<p class=\"p1\">Multilingual study of the lexicon of chemistry using Lexical Networks. Universit\u00e9 de Lorraine, Nancy, France, 29 janvier 2020<\/p>\n<\/li>\n<li>\n<p class=\"p1\">\u00c9tude multilingue du lexique de la chimie \u00e0 l\u2019interface entre terminologie et langue g\u00e9n\u00e9rale. <i>S\u00e9minaire doctoral<\/i>, ATILF-CNRS, Nancy, France, 8 novembre 2019<\/p>\n<\/li>\n<li>\n<p class=\"p1\">Using Lexical Networks for the terminological analysis and description of core chemical terms. Institut de mod\u00e9lisation computationnelle de l\u2019Acad\u00e9mie des sciences de Russie, Krasno\u00efarsk, Russie, 23 octobre 2019<\/p>\n<\/li>\n<li>\n<p class=\"p1\">Towards a multilingual resource on the language of chemistry: a Lexical Network approach. <i>47th IUPAC World Chemistry Congress<\/i>, Paris, France, 10 juillet 2019<\/p>\n<\/li>\n<li>\n<p class=\"p1\">Towards a multilingual study of the lexicon of chemistry: A Lexical Network Approach.<br \/>\nObservatoire de linguistique Sens \u2013 Texte (OLST) de l\u2019Universit\u00e9 de Montr\u00e9al, Montr\u00e9al, Canada, 10 avril 2019<\/p>\n<\/li>\n<\/ul>\n","protected":false},"excerpt":{"rendered":"<p>Responsabilit\u00e9s pass\u00e9es : Co-organisation du Colloque International \u00ab Lexique et corps humain \u00bb, 11-12 juin 2021, INaLCO, Paris, France Communications orales (2019-2022) : Interface entre Terminologie et Langue G\u00e9n\u00e9rale : Une Etude Multilingue du Lexique de la Chimie, Multilingual Digital Terminology Today 2022, Padua, Italy, 16-17 juin, 2022 La terminologie de chimie. Le 68e congr\u00e8s [&hellip;]<\/p>\n","protected":false},"author":1,"featured_media":0,"parent":0,"menu_order":0,"comment_status":"closed","ping_status":"closed","template":"","meta":{"footnotes":""},"class_list":["post-21","page","type-page","status-publish","hentry"],"_links":{"self":[{"href":"https:\/\/perso.atilf.fr\/pmikhel\/wp-json\/wp\/v2\/pages\/21","targetHints":{"allow":["GET"]}}],"collection":[{"href":"https:\/\/perso.atilf.fr\/pmikhel\/wp-json\/wp\/v2\/pages"}],"about":[{"href":"https:\/\/perso.atilf.fr\/pmikhel\/wp-json\/wp\/v2\/types\/page"}],"author":[{"embeddable":true,"href":"https:\/\/perso.atilf.fr\/pmikhel\/wp-json\/wp\/v2\/users\/1"}],"replies":[{"embeddable":true,"href":"https:\/\/perso.atilf.fr\/pmikhel\/wp-json\/wp\/v2\/comments?post=21"}],"version-history":[{"count":13,"href":"https:\/\/perso.atilf.fr\/pmikhel\/wp-json\/wp\/v2\/pages\/21\/revisions"}],"predecessor-version":[{"id":388,"href":"https:\/\/perso.atilf.fr\/pmikhel\/wp-json\/wp\/v2\/pages\/21\/revisions\/388"}],"wp:attachment":[{"href":"https:\/\/perso.atilf.fr\/pmikhel\/wp-json\/wp\/v2\/media?parent=21"}],"curies":[{"name":"wp","href":"https:\/\/api.w.org\/{rel}","templated":true}]}}