{"id":23,"date":"2015-06-29T13:44:14","date_gmt":"2015-06-29T12:44:14","guid":{"rendered":"https:\/\/apps.atilf.fr\/homepages\/?page_id=23"},"modified":"2020-10-09T14:52:38","modified_gmt":"2020-10-09T13:52:38","slug":"cv","status":"publish","type":"page","link":"https:\/\/perso.atilf.fr\/rtrujilloasensio\/cv\/","title":{"rendered":"CV"},"content":{"rendered":"<p>&nbsp;<\/p>\n<p><span style=\"text-decoration: underline\"><strong>Formation<\/strong><\/span><\/p>\n<p>2014\u20132017 Licence en \u00ab Traduction e Interpr\u00e9tation \u00bb<br \/>\nUniversit\u00e9 de M\u00e1laga (UMA), Espagne.<\/p>\n<p>2017\u20132018 Master \u00ab de Formation des Professeurs d\u2019Enseignement Secondaire Obligatoire et<br \/>\nBaccalaur\u00e9at, Formation Professionnelle et Enseignement de Langues. Sp\u00e9cialit\u00e9 en Langue \u00c9trang\u00e8re : Fran\u00e7ais \u00bb<\/p>\n<p>Universit\u00e9 de M\u00e1laga (UMA), Espagne.<\/p>\n<p>Ann\u00e9e 2019 Projet de th\u00e8se doctorale<\/p>\n<p>Cotutelle Universit\u00e9 de Lorraine (UL) et Universit\u00e9 de G\u00e9rone (UdG)<\/p>\n<p><em>La Retirada<\/em> : Analyse Linguistique des Discours Fran\u00e7ais et Espagnol [1939-2019] d&rsquo;un Exil R\u00e9publicain<\/p>\n<p><span style=\"text-decoration: underline\"><strong>Exp\u00e9rience professionnelle<\/strong><\/span><\/p>\n<p>2018-2020 : Ma\u00eetre de langue en espagnol licence LEA (Universit\u00e9 de Lorraine)<\/p>\n<p>&nbsp;<\/p>\n<p>&nbsp;<\/p>\n<p>&nbsp;<\/p>\n","protected":false},"excerpt":{"rendered":"<p>&nbsp; Formation 2014\u20132017 Licence en \u00ab Traduction e Interpr\u00e9tation \u00bb Universit\u00e9 de M\u00e1laga (UMA), Espagne. 2017\u20132018 Master \u00ab de Formation des Professeurs d\u2019Enseignement Secondaire Obligatoire et Baccalaur\u00e9at, Formation Professionnelle et Enseignement de Langues. Sp\u00e9cialit\u00e9 en Langue \u00c9trang\u00e8re : Fran\u00e7ais \u00bb Universit\u00e9 de M\u00e1laga (UMA), Espagne. Ann\u00e9e 2019 Projet de th\u00e8se doctorale Cotutelle Universit\u00e9 de Lorraine [&hellip;]<\/p>\n","protected":false},"author":1,"featured_media":0,"parent":0,"menu_order":0,"comment_status":"closed","ping_status":"closed","template":"","meta":{"footnotes":""},"class_list":["post-23","page","type-page","status-publish","hentry"],"_links":{"self":[{"href":"https:\/\/perso.atilf.fr\/rtrujilloasensio\/wp-json\/wp\/v2\/pages\/23","targetHints":{"allow":["GET"]}}],"collection":[{"href":"https:\/\/perso.atilf.fr\/rtrujilloasensio\/wp-json\/wp\/v2\/pages"}],"about":[{"href":"https:\/\/perso.atilf.fr\/rtrujilloasensio\/wp-json\/wp\/v2\/types\/page"}],"author":[{"embeddable":true,"href":"https:\/\/perso.atilf.fr\/rtrujilloasensio\/wp-json\/wp\/v2\/users\/1"}],"replies":[{"embeddable":true,"href":"https:\/\/perso.atilf.fr\/rtrujilloasensio\/wp-json\/wp\/v2\/comments?post=23"}],"version-history":[{"count":10,"href":"https:\/\/perso.atilf.fr\/rtrujilloasensio\/wp-json\/wp\/v2\/pages\/23\/revisions"}],"predecessor-version":[{"id":318,"href":"https:\/\/perso.atilf.fr\/rtrujilloasensio\/wp-json\/wp\/v2\/pages\/23\/revisions\/318"}],"wp:attachment":[{"href":"https:\/\/perso.atilf.fr\/rtrujilloasensio\/wp-json\/wp\/v2\/media?parent=23"}],"curies":[{"name":"wp","href":"https:\/\/api.w.org\/{rel}","templated":true}]}}