{"id":13,"date":"2015-06-29T13:43:15","date_gmt":"2015-06-29T12:43:15","guid":{"rendered":"https:\/\/apps.atilf.fr\/homepages\/?page_id=13"},"modified":"2020-10-13T14:31:29","modified_gmt":"2020-10-13T13:31:29","slug":"enseignement","status":"publish","type":"page","link":"https:\/\/perso.atilf.fr\/sbazin\/enseignement\/","title":{"rendered":"Enseignement"},"content":{"rendered":"<h3>Enseignements<\/h3>\n<p>Enseignement de l\u2019histoire de la langue fran\u00e7aise et de la linguistique m\u00e9di\u00e9vale \u00e0 tous les niveaux acad\u00e9miques, licence, master et pr\u00e9paration des concours. Litt\u00e9rature m\u00e9di\u00e9vale. Pal\u00e9ographie et \u00e9dition de textes anciens.<\/p>\n<p>Jury\u00a0du CAPES de Lettres modernes (1996-1999\u00a0; 2011-2014), Jury de l\u2019Agr\u00e9gation de Lettres modernes (2001-2005\u00a0; 2007-2010)<\/p>\n<p>&nbsp;<\/p>\n<h3>Direction de th\u00e8ses<\/h3>\n<ul>\n<li><a href=\"http:\/\/www.theses.fr\/s226085\">L&rsquo;\u00e9volution du syst\u00e8me verbal fran\u00e7ais entre r\u00e9gularisation et norme (1300-1700) le cas du pr\u00e9sent de l&rsquo;indicatif<\/a>, par Charlene Weyh,\u00a0sous la direction de Sylvie Bazin-Tacchella et B\u00e9reng\u00e8re Bouard, Universit\u00e9 de Lorraine, th\u00e8se en cours depuis 2019.<\/li>\n<li><a href=\"http:\/\/www.theses.fr\/s138504\">Le syntagme pr\u00e9postionnel marquant l&rsquo;inclusion : analyse diachronique de \u00ab\u00a0en\u00a0\u00bb, \u00ab\u00a0dans\u00a0\u00bb, \u00ab\u00a0dedans\u00a0\u00bb et \u00ab\u00a0\u00e0\u00a0\u00bb<\/a>, par Claire Schlienger, sous la direction de Sylvie Bazin-Tacchella, Universit\u00e9 de Lorraine, th\u00e8se en cours depuis 2014.<\/li>\n<li><a href=\"http:\/\/www.theses.fr\/2016LORR0016\">Les r\u00e9cits de voyage des XIVe et XVe si\u00e8cles lemmatis\u00e9s : apports lexicographiques au Dictionnaire du moyen fran\u00e7ais<\/a>, par Capucine Herbert, sous la direction de Sylvie Bazin-Tacchella, Universit\u00e9 de Lorraine, <span style=\"float: none;background-color: #ffffff;color: #555555;cursor: text;font-family: 'Roboto','Helvetica Neue',Helvetica,Arial,sans-serif;font-size: 16px;font-style: normal;font-variant: normal;font-weight: 400;letter-spacing: normal;text-align: left;text-decoration: none;text-indent: 0px;text-transform: none\">th\u00e8se soutenue<\/span> en 2016.<\/li>\n<li><a href=\"http:\/\/www.theses.fr\/2011NAN21003\">Parcours du mot dans les essais litt\u00e9raires de J.-B. Pontalis : mouvances s\u00e9mantiques et mots retrouv\u00e9s au-del\u00e0 du langage<\/a>, par Esther Lothammer, sous la direction de Bernard Combettes et de Sylvie Bazin-Tacchella, Nancy 2, th\u00e8se soutenue en 2011.<\/li>\n<\/ul>\n<p>&nbsp;<\/p>\n","protected":false},"excerpt":{"rendered":"<p>Enseignements Enseignement de l\u2019histoire de la langue fran\u00e7aise et de la linguistique m\u00e9di\u00e9vale \u00e0 tous les niveaux acad\u00e9miques, licence, master et pr\u00e9paration des concours. Litt\u00e9rature m\u00e9di\u00e9vale. Pal\u00e9ographie et \u00e9dition de textes anciens. Jury\u00a0du CAPES de Lettres modernes (1996-1999\u00a0; 2011-2014), Jury de l\u2019Agr\u00e9gation de Lettres modernes (2001-2005\u00a0; 2007-2010) &nbsp; Direction de th\u00e8ses L&rsquo;\u00e9volution du syst\u00e8me verbal [&hellip;]<\/p>\n","protected":false},"author":1,"featured_media":0,"parent":0,"menu_order":0,"comment_status":"closed","ping_status":"closed","template":"","meta":{"footnotes":""},"class_list":["post-13","page","type-page","status-publish","hentry"],"_links":{"self":[{"href":"https:\/\/perso.atilf.fr\/sbazin\/wp-json\/wp\/v2\/pages\/13","targetHints":{"allow":["GET"]}}],"collection":[{"href":"https:\/\/perso.atilf.fr\/sbazin\/wp-json\/wp\/v2\/pages"}],"about":[{"href":"https:\/\/perso.atilf.fr\/sbazin\/wp-json\/wp\/v2\/types\/page"}],"author":[{"embeddable":true,"href":"https:\/\/perso.atilf.fr\/sbazin\/wp-json\/wp\/v2\/users\/1"}],"replies":[{"embeddable":true,"href":"https:\/\/perso.atilf.fr\/sbazin\/wp-json\/wp\/v2\/comments?post=13"}],"version-history":[{"count":16,"href":"https:\/\/perso.atilf.fr\/sbazin\/wp-json\/wp\/v2\/pages\/13\/revisions"}],"predecessor-version":[{"id":348,"href":"https:\/\/perso.atilf.fr\/sbazin\/wp-json\/wp\/v2\/pages\/13\/revisions\/348"}],"wp:attachment":[{"href":"https:\/\/perso.atilf.fr\/sbazin\/wp-json\/wp\/v2\/media?parent=13"}],"curies":[{"name":"wp","href":"https:\/\/api.w.org\/{rel}","templated":true}]}}