{"id":17,"date":"2015-06-29T13:43:37","date_gmt":"2015-06-29T12:43:37","guid":{"rendered":"https:\/\/apps.atilf.fr\/homepages\/?page_id=17"},"modified":"2020-12-16T23:34:19","modified_gmt":"2020-12-16T22:34:19","slug":"publications","status":"publish","type":"page","link":"https:\/\/perso.atilf.fr\/sbazin\/publications\/","title":{"rendered":"Publications"},"content":{"rendered":"<ol>\n<li>Travaux sur les textes m\u00e9dicaux (14e -16e s.)<\/li>\n<li>Travaux sur la langue m\u00e9di\u00e9vale et les outils informatiques, notamment de lemmatisation<\/li>\n<li>Travaux de linguistique diachronique<\/li>\n<li>Travaux de litt\u00e9rature m\u00e9di\u00e9vale<\/li>\n<\/ol>\n<p>&nbsp;<\/p>\n<p>&nbsp;<\/p>\n<p>&nbsp;<\/p>\n<p>&nbsp;<\/p>\n","protected":false},"excerpt":{"rendered":"<p>Travaux sur les textes m\u00e9dicaux (14e -16e s.) Travaux sur la langue m\u00e9di\u00e9vale et les outils informatiques, notamment de lemmatisation Travaux de linguistique diachronique Travaux de litt\u00e9rature m\u00e9di\u00e9vale &nbsp; &nbsp; &nbsp; &nbsp;<\/p>\n","protected":false},"author":1,"featured_media":0,"parent":0,"menu_order":0,"comment_status":"closed","ping_status":"closed","template":"","meta":{"footnotes":""},"class_list":["post-17","page","type-page","status-publish","hentry"],"_links":{"self":[{"href":"https:\/\/perso.atilf.fr\/sbazin\/wp-json\/wp\/v2\/pages\/17","targetHints":{"allow":["GET"]}}],"collection":[{"href":"https:\/\/perso.atilf.fr\/sbazin\/wp-json\/wp\/v2\/pages"}],"about":[{"href":"https:\/\/perso.atilf.fr\/sbazin\/wp-json\/wp\/v2\/types\/page"}],"author":[{"embeddable":true,"href":"https:\/\/perso.atilf.fr\/sbazin\/wp-json\/wp\/v2\/users\/1"}],"replies":[{"embeddable":true,"href":"https:\/\/perso.atilf.fr\/sbazin\/wp-json\/wp\/v2\/comments?post=17"}],"version-history":[{"count":7,"href":"https:\/\/perso.atilf.fr\/sbazin\/wp-json\/wp\/v2\/pages\/17\/revisions"}],"predecessor-version":[{"id":354,"href":"https:\/\/perso.atilf.fr\/sbazin\/wp-json\/wp\/v2\/pages\/17\/revisions\/354"}],"wp:attachment":[{"href":"https:\/\/perso.atilf.fr\/sbazin\/wp-json\/wp\/v2\/media?parent=17"}],"curies":[{"name":"wp","href":"https:\/\/api.w.org\/{rel}","templated":true}]}}