{"id":23,"date":"2015-06-29T13:44:14","date_gmt":"2015-06-29T12:44:14","guid":{"rendered":"https:\/\/apps.atilf.fr\/homepages\/?page_id=23"},"modified":"2020-10-13T13:59:50","modified_gmt":"2020-10-13T12:59:50","slug":"cv","status":"publish","type":"page","link":"https:\/\/perso.atilf.fr\/sbazin\/cv\/","title":{"rendered":"CV"},"content":{"rendered":"<p><span style=\"text-decoration: underline\"><strong>T\u00e9l\u00e9chargement <\/strong><\/span><strong>(\u00e0 venir)<\/strong><\/p>\n<p>&nbsp;<\/p>\n<h3>Carri\u00e8re<\/h3>\n\n<table id=\"tablepress-9\" class=\"tablepress tablepress-id-9\">\n<tbody class=\"row-striping\">\n<tr class=\"row-1\">\n\t<td class=\"column-1\">2005<\/td><td class=\"column-2\">pr\u00e9sent<\/td><td class=\"column-3\">Professeur des Universit\u00e9s, Histoire de la langue, Universit\u00e9 Nancy 2, puis Universit\u00e9 de Lorraine, classe exceptionnelle depuis 2018.<\/td>\n<\/tr>\n<tr class=\"row-2\">\n\t<td class=\"column-1\">1999<\/td><td class=\"column-2\">2005<\/td><td class=\"column-3\">Ma\u00eetre de Conf\u00e9rences, Langue fran\u00e7aise, m\u00e9di\u00e9vale et moderne, Universit\u00e9 de Nancy 2<\/td>\n<\/tr>\n<tr class=\"row-3\">\n\t<td class=\"column-1\">1995<\/td><td class=\"column-2\">1999<\/td><td class=\"column-3\">Ma\u00eetre de Conf\u00e9rences, Langue et Litt\u00e9rature m\u00e9di\u00e9vales, Universit\u00e9 de Reims<\/td>\n<\/tr>\n<tr class=\"row-4\">\n\t<td class=\"column-1\">1985<\/td><td class=\"column-2\">1995<\/td><td class=\"column-3\">Professeur agr\u00e9g\u00e9e de Lettres modernes, Lyc\u00e9e Charles Hermite, Dieuze (Moselle)<\/td>\n<\/tr>\n<\/tbody>\n<\/table>\n<!-- #tablepress-9 from cache -->\n<h3>Formation<\/h3>\n\n<table id=\"tablepress-10\" class=\"tablepress tablepress-id-10\">\n<tbody class=\"row-striping\">\n<tr class=\"row-1\">\n\t<td class=\"column-1\">2004<\/td><td class=\"column-2\">Habilitation \u00e0 diriger des recherches, Universit\u00e9 de  Paris-Sorbonne, <em>La traduction fran\u00e7aise du XVe si\u00e8cle de la <\/em>Chirurgia Magna <em>de Guy de Chauliac, chapitre singulier, trait\u00e9s 1 \u00e0 3<\/em>, nouvelle \u00e9dition critique, avec \u00e9tude de langue et glossaire.<\/td>\n<\/tr>\n<tr class=\"row-2\">\n\t<td class=\"column-1\">1994<\/td><td class=\"column-2\">Doctorat, Universit\u00e9 de  Paris-Sorbonne, <em>Essai sur la diffusion et la vulgarisation de la<\/em> Chirurgia Magna <em>de Guy de Chauliac<\/em>.<\/td>\n<\/tr>\n<tr class=\"row-3\">\n\t<td class=\"column-1\">1988<\/td><td class=\"column-2\">DEA de Langue fran\u00e7aise, Universit\u00e9 de Paris-Sorbonne<\/td>\n<\/tr>\n<tr class=\"row-4\">\n\t<td class=\"column-1\">1984<\/td><td class=\"column-2\">Agr\u00e9gation de Lettres modernes<\/td>\n<\/tr>\n<\/tbody>\n<\/table>\n<!-- #tablepress-10 from cache -->\n","protected":false},"excerpt":{"rendered":"<p>T\u00e9l\u00e9chargement (\u00e0 venir) &nbsp; Carri\u00e8re Formation<\/p>\n","protected":false},"author":1,"featured_media":0,"parent":0,"menu_order":0,"comment_status":"closed","ping_status":"closed","template":"","meta":{"footnotes":""},"class_list":["post-23","page","type-page","status-publish","hentry"],"_links":{"self":[{"href":"https:\/\/perso.atilf.fr\/sbazin\/wp-json\/wp\/v2\/pages\/23","targetHints":{"allow":["GET"]}}],"collection":[{"href":"https:\/\/perso.atilf.fr\/sbazin\/wp-json\/wp\/v2\/pages"}],"about":[{"href":"https:\/\/perso.atilf.fr\/sbazin\/wp-json\/wp\/v2\/types\/page"}],"author":[{"embeddable":true,"href":"https:\/\/perso.atilf.fr\/sbazin\/wp-json\/wp\/v2\/users\/1"}],"replies":[{"embeddable":true,"href":"https:\/\/perso.atilf.fr\/sbazin\/wp-json\/wp\/v2\/comments?post=23"}],"version-history":[{"count":18,"href":"https:\/\/perso.atilf.fr\/sbazin\/wp-json\/wp\/v2\/pages\/23\/revisions"}],"predecessor-version":[{"id":334,"href":"https:\/\/perso.atilf.fr\/sbazin\/wp-json\/wp\/v2\/pages\/23\/revisions\/334"}],"wp:attachment":[{"href":"https:\/\/perso.atilf.fr\/sbazin\/wp-json\/wp\/v2\/media?parent=23"}],"curies":[{"name":"wp","href":"https:\/\/api.w.org\/{rel}","templated":true}]}}