{"id":25,"date":"2015-06-29T13:45:00","date_gmt":"2015-06-29T12:45:00","guid":{"rendered":"https:\/\/apps.atilf.fr\/homepages\/?page_id=25"},"modified":"2020-10-13T14:01:53","modified_gmt":"2020-10-13T13:01:53","slug":"recherche","status":"publish","type":"page","link":"https:\/\/perso.atilf.fr\/sbazin\/recherche\/","title":{"rendered":"Recherche"},"content":{"rendered":"<h3>Domaines de recherche :<\/h3>\n<ul>\n<li>\u00a0Ancien et moyen fran\u00e7ais<\/li>\n<li>\u00a0Linguistique diachronique, en particulier morphologie verbale<\/li>\n<li>\u00a0Histoire de la langue fran\u00e7aise<\/li>\n<li>Textes m\u00e9dicaux en fran\u00e7ais des XIV<sup>e<\/sup> et XV<sup>e<\/sup> si\u00e8cles, notamment trait\u00e9s de peste, r\u00e9ceptaires m\u00e9dicaux et chirurgies.<\/li>\n<li>\u00a0Lexicographie historique : r<span style=\"float: none;background-color: #ffffff;color: #555555;cursor: text;font-family: 'Roboto','Helvetica Neue',Helvetica,Arial,sans-serif;font-size: 16px;font-style: normal;font-variant: normal;font-weight: 400;letter-spacing: normal;text-align: left;text-decoration: none;text-indent: 0px;text-transform: none\">esponsable scientifique du <a href=\"http:\/\/www.atilf.fr\/dmf\">DMF<\/a> (<\/span><em>Dictionnaire de Moyen Fran\u00e7ais<\/em><span style=\"float: none;background-color: #ffffff;color: #555555;cursor: text;font-family: 'Roboto','Helvetica Neue',Helvetica,Arial,sans-serif;font-size: 16px;font-style: normal;font-variant: normal;font-weight: 400;letter-spacing: normal;text-align: left;text-decoration: none;text-indent: 0px;text-transform: none\">)<\/span><\/li>\n<li>\u00a0Linguistique informatique : lemmatisation et dictionnaire \u00e9lectronique<\/li>\n<\/ul>\n<p>&nbsp;<\/p>\n","protected":false},"excerpt":{"rendered":"<p>Domaines de recherche : \u00a0Ancien et moyen fran\u00e7ais \u00a0Linguistique diachronique, en particulier morphologie verbale \u00a0Histoire de la langue fran\u00e7aise Textes m\u00e9dicaux en fran\u00e7ais des XIVe et XVe si\u00e8cles, notamment trait\u00e9s de peste, r\u00e9ceptaires m\u00e9dicaux et chirurgies. \u00a0Lexicographie historique : responsable scientifique du DMF (Dictionnaire de Moyen Fran\u00e7ais) \u00a0Linguistique informatique : lemmatisation et dictionnaire \u00e9lectronique &nbsp;<\/p>\n","protected":false},"author":1,"featured_media":0,"parent":0,"menu_order":0,"comment_status":"closed","ping_status":"closed","template":"","meta":{"footnotes":""},"class_list":["post-25","page","type-page","status-publish","hentry"],"_links":{"self":[{"href":"https:\/\/perso.atilf.fr\/sbazin\/wp-json\/wp\/v2\/pages\/25","targetHints":{"allow":["GET"]}}],"collection":[{"href":"https:\/\/perso.atilf.fr\/sbazin\/wp-json\/wp\/v2\/pages"}],"about":[{"href":"https:\/\/perso.atilf.fr\/sbazin\/wp-json\/wp\/v2\/types\/page"}],"author":[{"embeddable":true,"href":"https:\/\/perso.atilf.fr\/sbazin\/wp-json\/wp\/v2\/users\/1"}],"replies":[{"embeddable":true,"href":"https:\/\/perso.atilf.fr\/sbazin\/wp-json\/wp\/v2\/comments?post=25"}],"version-history":[{"count":8,"href":"https:\/\/perso.atilf.fr\/sbazin\/wp-json\/wp\/v2\/pages\/25\/revisions"}],"predecessor-version":[{"id":338,"href":"https:\/\/perso.atilf.fr\/sbazin\/wp-json\/wp\/v2\/pages\/25\/revisions\/338"}],"wp:attachment":[{"href":"https:\/\/perso.atilf.fr\/sbazin\/wp-json\/wp\/v2\/media?parent=25"}],"curies":[{"name":"wp","href":"https:\/\/api.w.org\/{rel}","templated":true}]}}