{"id":23,"date":"2015-06-29T13:44:14","date_gmt":"2015-06-29T12:44:14","guid":{"rendered":"https:\/\/apps.atilf.fr\/homepages\/slerat\/?page_id=23"},"modified":"2022-02-24T14:26:35","modified_gmt":"2022-02-24T13:26:35","slug":"cv","status":"publish","type":"page","link":"https:\/\/perso.atilf.fr\/sdoyle\/cv\/","title":{"rendered":"CV"},"content":{"rendered":"<p><span style=\"text-decoration: underline\"><strong>Formation<\/strong><\/span><\/p>\n<ul>\n<li><strong>Doctorat en Sciences du langage<\/strong>,\u00a0Universit\u00e9 de Nantes\n<ul>\n<li>Th\u00e8se :\u00a0<i><span lang=\"FR\">Une \u00e9tude des fonctions s\u00e9mantiques et discursives des formes verbales fran\u00e7aises et anglaises en interaction avec le s\u00e9mantisme des verbes illocutionnaires suggestifs<\/span><\/i><span lang=\"FR\">, avec f\u00e9licitations du jury \u00e0 l&rsquo;unanimit\u00e9\u00a0<\/span><\/li>\n<\/ul>\n<\/li>\n<li><strong>Master of Arts<\/strong>\u00a0(French), Dalhousie University, Canada\n<ul>\n<li>Th\u00e8se :\u00a0<i><span lang=\"FR\">Pour une approche s\u00e9mantique de l\u2019enseignement de la morphologie flexionnelle verbale fran\u00e7aise aux apprenants anglophones adultes<\/span><\/i><\/li>\n<\/ul>\n<\/li>\n<li><strong>Bachelor of Education<\/strong>\u00a0(Intermediate\/Senior French as a Second Language and Mathematics) with Distinction, University of Western Ontario, Canada<\/li>\n<li><strong>Bachelor of Arts <\/strong>(French) with Honours,\u00a0Dalhousie University, Canada<\/li>\n<\/ul>\n<p><span style=\"text-decoration: underline\"><strong>Exp\u00e9rience professionnelle<\/strong><\/span><\/p>\n<ul>\n<li>Depuis 09\/2016\u00a0: Maitresse de conf\u00e9rences \u00e0 l\u2019Universit\u00e9 de Lorraine (Insp\u00e9 de Metz-Montigny), laboratoire ATILF<\/li>\n<li>2016 : Enseignante d&rsquo;anglais,\u00a0<em>EDHEC<\/em>, Roubaix<\/li>\n<li>2011-2016 : Enseignante d&rsquo;anglais,\u00a0<em>Ecole Centrale de Lille<\/em>, Lille<\/li>\n<li>2011-2014 : Formatrice d&rsquo;anglais,\u00a0<em>ASAP Coaching<\/em>, Lille\n<ul>\n<li>Formatrice en entreprise<\/li>\n<li>Formatrice dans l&rsquo;enseignement sup\u00e9rieur<\/li>\n<\/ul>\n<\/li>\n<li>2009-2010 : Monitrice en FLE, <em>Dalhousie University<\/em>,\u00a0Halifax, Canada<\/li>\n<\/ul>\n<p>&nbsp;<\/p>\n","protected":false},"excerpt":{"rendered":"<p>Formation Doctorat en Sciences du langage,\u00a0Universit\u00e9 de Nantes Th\u00e8se :\u00a0Une \u00e9tude des fonctions s\u00e9mantiques et discursives des formes verbales fran\u00e7aises et anglaises en interaction avec le s\u00e9mantisme des verbes illocutionnaires suggestifs, avec f\u00e9licitations du jury \u00e0 l&rsquo;unanimit\u00e9\u00a0 Master of Arts\u00a0(French), &hellip; <a href=\"https:\/\/perso.atilf.fr\/sdoyle\/cv\/\">Continuer la lecture <span class=\"meta-nav\">&rarr;<\/span><\/a><\/p>\n","protected":false},"author":1,"featured_media":0,"parent":0,"menu_order":0,"comment_status":"closed","ping_status":"closed","template":"","meta":{"footnotes":""},"class_list":["post-23","page","type-page","status-publish","hentry"],"_links":{"self":[{"href":"https:\/\/perso.atilf.fr\/sdoyle\/wp-json\/wp\/v2\/pages\/23","targetHints":{"allow":["GET"]}}],"collection":[{"href":"https:\/\/perso.atilf.fr\/sdoyle\/wp-json\/wp\/v2\/pages"}],"about":[{"href":"https:\/\/perso.atilf.fr\/sdoyle\/wp-json\/wp\/v2\/types\/page"}],"author":[{"embeddable":true,"href":"https:\/\/perso.atilf.fr\/sdoyle\/wp-json\/wp\/v2\/users\/1"}],"replies":[{"embeddable":true,"href":"https:\/\/perso.atilf.fr\/sdoyle\/wp-json\/wp\/v2\/comments?post=23"}],"version-history":[{"count":23,"href":"https:\/\/perso.atilf.fr\/sdoyle\/wp-json\/wp\/v2\/pages\/23\/revisions"}],"predecessor-version":[{"id":423,"href":"https:\/\/perso.atilf.fr\/sdoyle\/wp-json\/wp\/v2\/pages\/23\/revisions\/423"}],"wp:attachment":[{"href":"https:\/\/perso.atilf.fr\/sdoyle\/wp-json\/wp\/v2\/media?parent=23"}],"curies":[{"name":"wp","href":"https:\/\/api.w.org\/{rel}","templated":true}]}}