{"id":395,"date":"2022-02-04T10:13:49","date_gmt":"2022-02-04T09:13:49","guid":{"rendered":"https:\/\/perso.atilf.fr\/sdoyle\/?page_id=395"},"modified":"2022-02-24T14:26:53","modified_gmt":"2022-02-24T13:26:53","slug":"enseignements","status":"publish","type":"page","link":"https:\/\/perso.atilf.fr\/sdoyle\/enseignements\/","title":{"rendered":"Enseignement"},"content":{"rendered":"<p><strong>Master M\u00e9tiers de l&rsquo;Enseignement, de l&rsquo;Education et de la Formation (MEEF)<\/strong><\/p>\n<p><em>MEEF 1er degr\u00e9 :<\/em><\/p>\n<ul>\n<li>Renforcement de la pratique d&rsquo;une langue-culture \u00e9trang\u00e8re<\/li>\n<li>M\u00e9moire : Formulation de questions de recherche<\/li>\n<li>M\u00e9moire : Aide \u00e0 l&rsquo;\u00e9criture<\/li>\n<\/ul>\n<p><em>MEEF 2d\u00a0<\/em><i>degr\u00e9 :<\/i>\u00a0Enseignement Technologique et professionnel<\/p>\n<ul>\n<li>Renforcement de la pratique d&rsquo;une langue-culture \u00e9trang\u00e8re<\/li>\n<\/ul>\n<p><em>Master 2 MEEF Pratiques et Ing\u00e9nierie de la Formation (PIF)<\/em><\/p>\n<p><span style=\"text-decoration: underline\">Mention: Ing\u00e9nierie p\u00e9dagogique\u00a0<\/span><\/p>\n<ul>\n<li>\n<div><span lang=\"FR\">Identification, observation et analyse de structures d\u2019\u00e9ducation ou de formation et mise en perspective avec son projet de d\u00e9veloppement personnel et professionnel<\/span><\/div>\n<\/li>\n<li>\n<div><span lang=\"FR\">Conception, mise en \u0153uvre, \u00e9valuation et analyse d\u2019un projet d\u2019action men\u00e9 dans une structure d\u2019\u00e9ducation ou de formation en lien avec son projet professionnel<\/span><\/div>\n<\/li>\n<li>\n<div><span lang=\"FR\">Renforcement d\u2019une langue \u00e9trang\u00e8re dans une perspective professionnelle<\/span><\/div>\n<\/li>\n<li>Renforcement de la pratique d&rsquo;une langue-culture \u00e9trang\u00e8re<\/li>\n<\/ul>\n<p><span style=\"text-decoration: underline\">Mention : Ethiques et Pratiques de l&rsquo;enseignement<\/span><\/p>\n<ul>\n<li>Renforcement de la pratique d&rsquo;une langue-culture \u00e9trang\u00e8re<\/li>\n<\/ul>\n<p><strong>Encadrement<\/strong><\/p>\n<ul>\n<li>Tutrice d&rsquo;\u00e9tudiants fonctionnaires stagiaires (EFS)<\/li>\n<li>Tutrice de m\u00e9moires M2 (MEEF 1 degr\u00e9 et Ing\u00e9nierie p\u00e9dagogique)<\/li>\n<li>Tutrice de stage M2 IP<\/li>\n<\/ul>\n<p><strong>Ecole doctorale de l&rsquo;Universit\u00e9 de Lorraine (Nancy)<\/strong><\/p>\n<ul>\n<li>Surviving your First Presentation in English<\/li>\n<li>Writing Academic English: a Survival Kit<\/li>\n<\/ul>\n<p><em>Je n&rsquo;assure pas tous ces cours tous les ans.<\/em><\/p>\n","protected":false},"excerpt":{"rendered":"<p>Master M\u00e9tiers de l&rsquo;Enseignement, de l&rsquo;Education et de la Formation (MEEF) MEEF 1er degr\u00e9 : Renforcement de la pratique d&rsquo;une langue-culture \u00e9trang\u00e8re M\u00e9moire : Formulation de questions de recherche M\u00e9moire : Aide \u00e0 l&rsquo;\u00e9criture MEEF 2d\u00a0degr\u00e9 :\u00a0Enseignement Technologique et professionnel &hellip; <a href=\"https:\/\/perso.atilf.fr\/sdoyle\/enseignements\/\">Continuer la lecture <span class=\"meta-nav\">&rarr;<\/span><\/a><\/p>\n","protected":false},"author":104,"featured_media":0,"parent":0,"menu_order":0,"comment_status":"closed","ping_status":"closed","template":"","meta":{"footnotes":""},"class_list":["post-395","page","type-page","status-publish","hentry"],"_links":{"self":[{"href":"https:\/\/perso.atilf.fr\/sdoyle\/wp-json\/wp\/v2\/pages\/395","targetHints":{"allow":["GET"]}}],"collection":[{"href":"https:\/\/perso.atilf.fr\/sdoyle\/wp-json\/wp\/v2\/pages"}],"about":[{"href":"https:\/\/perso.atilf.fr\/sdoyle\/wp-json\/wp\/v2\/types\/page"}],"author":[{"embeddable":true,"href":"https:\/\/perso.atilf.fr\/sdoyle\/wp-json\/wp\/v2\/users\/104"}],"replies":[{"embeddable":true,"href":"https:\/\/perso.atilf.fr\/sdoyle\/wp-json\/wp\/v2\/comments?post=395"}],"version-history":[{"count":5,"href":"https:\/\/perso.atilf.fr\/sdoyle\/wp-json\/wp\/v2\/pages\/395\/revisions"}],"predecessor-version":[{"id":413,"href":"https:\/\/perso.atilf.fr\/sdoyle\/wp-json\/wp\/v2\/pages\/395\/revisions\/413"}],"wp:attachment":[{"href":"https:\/\/perso.atilf.fr\/sdoyle\/wp-json\/wp\/v2\/media?parent=395"}],"curies":[{"name":"wp","href":"https:\/\/api.w.org\/{rel}","templated":true}]}}