{"id":1003,"date":"2021-05-12T16:57:51","date_gmt":"2021-05-12T15:57:51","guid":{"rendered":"https:\/\/perso.atilf.fr\/sollinge\/?page_id=1003"},"modified":"2021-05-12T16:59:03","modified_gmt":"2021-05-12T15:59:03","slug":"initiation-a-perl","status":"publish","type":"page","link":"https:\/\/perso.atilf.fr\/sollinge\/enseignement\/initiation-a-perl\/","title":{"rendered":"Initiation \u00e0 Perl"},"content":{"rendered":"<p style=\"text-align: left\"><span style=\"font-family: Open Sans Condensed;font-size: 1.5em\">Acc\u00e9der au TP<\/span><\/p>\n<p><span style=\"padding-left: 2em\">Cliquer <a href=\"https:\/\/mybinder.org\/v2\/gh\/sollinge\/jupyperl\/HEAD\" rel=\"noopener noreferrer\" target=\"_blank\">ici<\/a>. Une page binder s\u2019ouvre. Patienter pendant que l&rsquo;environnement Jupyter charge. Il sera pr\u00eat lorsqu\u2019il ressemblera \u00e0 la copie d\u2019\u00e9cran suivante\u00a0:<\/span><\/p>\n<p><a href=\"https:\/\/perso.atilf.fr\/sollinge\/wp-content\/uploads\/sites\/13\/2021\/05\/Capture-de\u0301cran-2021-05-12-a\u0300-16.51.13.png\"><img loading=\"lazy\" decoding=\"async\" src=\"https:\/\/perso.atilf.fr\/sollinge\/wp-content\/uploads\/sites\/13\/2021\/05\/Capture-de\u0301cran-2021-05-12-a\u0300-16.51.13-300x137.png\" alt=\"\" width=\"300\" height=\"137\" class=\"alignnone size-medium wp-image-1014\" srcset=\"https:\/\/perso.atilf.fr\/sollinge\/wp-content\/uploads\/sites\/13\/2021\/05\/Capture-de\u0301cran-2021-05-12-a\u0300-16.51.13-300x137.png 300w, https:\/\/perso.atilf.fr\/sollinge\/wp-content\/uploads\/sites\/13\/2021\/05\/Capture-de\u0301cran-2021-05-12-a\u0300-16.51.13-1024x466.png 1024w, https:\/\/perso.atilf.fr\/sollinge\/wp-content\/uploads\/sites\/13\/2021\/05\/Capture-de\u0301cran-2021-05-12-a\u0300-16.51.13-768x350.png 768w, https:\/\/perso.atilf.fr\/sollinge\/wp-content\/uploads\/sites\/13\/2021\/05\/Capture-de\u0301cran-2021-05-12-a\u0300-16.51.13.png 1182w\" sizes=\"auto, (max-width: 300px) 100vw, 300px\" \/><\/a><\/p>\n<div class=\"chapitre\">\n<p style=\"text-align: left\"><span style=\"font-family: Open Sans Condensed;font-size: 1.5em\">Contexte<\/span><\/p>\n<p><span style=\"padding-left: 2em\">Enseignement \u00e0 distance en raison de la crise sanitaire. S\u00e9ances de 4 heures en salle de classe virtuelle (Microsoft Teams). Utilisation de questionnaires Wooclap (non diffus\u00e9s sur cette page).<\/span><br \/>\n<br \/>\n<span style=\"padding-left: 2em\">Environnement technique\u00a0:<\/span><\/p>\n<div style=\"text-align: justify;font-size: small\">\n<ul>\n<li>d\u00e9p\u00f4t <a href=\"https:\/\/github.com\/sollinge\/jupyperl\" target=\"_blank\" rel=\"noopener noreferrer\">GitHub<\/a>,<\/li>\n<li>URL <a href=\"https:\/\/mybinder.org\/\" target=\"_blank\" rel=\"noopener noreferrer\">binder<\/a>,<\/li>\n<li>Notebooks <a href=\"https:\/\/jupyter.org\/\" target=\"_blank\" rel=\"noopener noreferrer\">Jupyter<\/a>.<\/li>\n<\/ul>\n<\/div>\n<\/div>\n<div class=\"chapitre\">\n<p style=\"text-align: left\"><span style=\"font-family: Open Sans Condensed;font-size: 1.5em\">M\u00e9mos utiles pour le TP<\/span><\/p>\n<div class=\"section\">\n\t\t<span style=\"padding-left: 2em\">Sauvegarder son travail<\/span><\/p>\n<div style=\"text-align: justify;font-size: small\">\n\t\t\tCe m\u00e9mo pr\u00e9sente trois mani\u00e8res compl\u00e9mentaires de sauvegarder son travail.\n\t\t<\/div>\n<div style=\"text-align: right\"><a href=\"https:\/\/perso.atilf.fr\/sollinge\/wp-content\/uploads\/sites\/13\/2021\/05\/Memo_enregistrerNotebooks.pdf\">pdf<\/a><\/div>\n<p>\t\t<span style=\"padding-left: 2em\">Rem\u00e9dier \u00e0 une d\u00e9connexion intempestive<\/span><\/p>\n<div style=\"text-align: justify;font-size: small\">\n\t\t\tCe m\u00e9mo contient des conseils et instructions pour \u00e9viter de perdre son travail en cours lorsque l&rsquo;on est d\u00e9connect\u00e9 d&rsquo;un notebook.\n\t\t<\/div>\n<div style=\"text-align: right\"><a href=\"https:\/\/perso.atilf.fr\/sollinge\/wp-content\/uploads\/sites\/13\/2021\/05\/Memo_perteConnexionNotebooks.pdf\">pdf<\/a><\/div>\n<p>\t\t<span style=\"padding-left: 2em\">Fiche de vocabulaire<\/span><\/p>\n<div style=\"text-align: justify;font-size: small\">\n\t\t\tCe m\u00e9mo reprend l&rsquo;ensemble du vocabulaire Perl vu au cours du TP.\n\t\t<\/div>\n<div style=\"text-align: right\"><a href=\"https:\/\/perso.atilf.fr\/sollinge\/wp-content\/uploads\/sites\/13\/2021\/05\/vocabulaire_Perl.pdf\">pdf<\/a><\/div>\n<\/p><\/div>\n<\/div>\n<div class=\"chapitre\">\n<p style=\"text-align: left\">\n\t\t<span style=\"font-family: Open Sans Condensed;font-size: 1.5em\">Introduction<\/span>\n\t<\/p>\n<div class=\"section\">\n\t\t<span style=\"padding-left: 2em\">S\u00e9lectionner le notebook <strong>introduction.ipynb<\/strong><\/span><\/p>\n<div style=\"text-align: right\">Correction (<a href=\"https:\/\/mycore.core-cloud.net\/index.php\/s\/bkOkYRM4CbcRDg6\/download\" rel=\"noopener noreferrer\" target=\"_blank\">html<\/a>)<\/div>\n<\/p><\/div>\n<\/div>\n<div class=\"chapitre\">\n<p style=\"text-align: left\">\n\t\t<span style=\"font-family: Open Sans Condensed;font-size: 1.5em\">Manipulation de scalaires<\/span>\n\t<\/p>\n<div class=\"section\">\n\t\t<span style=\"padding-left: 2em\">S\u00e9lectionner le notebook <strong>manipulation_de_scalaires.ipynb<\/strong><\/span><\/p>\n<div style=\"text-align: right\">Correction (<a href=\"https:\/\/mycore.core-cloud.net\/index.php\/s\/R1MtskviNCCgvzz\/download\" rel=\"noopener noreferrer\" target=\"_blank\">html<\/a>)<\/div>\n<\/p><\/div>\n<\/div>\n<div class=\"chapitre\">\n<p style=\"text-align: left\">\n\t\t<span style=\"font-family: Open Sans Condensed;font-size: 1.5em\">Avec des expressions r\u00e9guli\u00e8res<\/span>\n\t<\/p>\n<div class=\"section\">\n\t\t<span style=\"padding-left: 2em\">D\u00e9couvrir les expressions r\u00e9guli\u00e8res<\/strong><\/span><\/p>\n<div style=\"text-align: right\">Automates \u00e0 \u00e9tats finis (<a href=\"https:\/\/www.youtube.com\/watch?v=ChUAX4xxghI\">vid\u00e9o<\/a>)<\/div>\n<div style=\"text-align: right\">M\u00e9mo expressions r\u00e9guli\u00e8res (<a href=\"https:\/\/perso.atilf.fr\/sollinge\/wp-content\/uploads\/sites\/13\/2021\/05\/Memo_REGEXP.pdf\">pdf<\/a>)<\/div>\n<div style=\"text-align: right\">S&rsquo;entra\u00eener \u00e0 \u00e9crire des expressions r\u00e9guli\u00e8res (<a href=\"https:\/\/regexcrossword.com\/\">site<\/a>)<\/div>\n<p><\/p>\n<div class=\"section\">\n\t\t<span style=\"padding-left: 2em\">S\u00e9lectionner le notebook <strong>avec_des_expressions_regulieres.ipynb<\/strong><\/span><\/p>\n<div style=\"text-align: right\">Correction (<a href=\"https:\/\/mycore.core-cloud.net\/index.php\/s\/gANOE39YPvIsefQ\/download\" rel=\"noopener noreferrer\" target=\"_blank\">html<\/a>)<\/div>\n<\/p><\/div>\n<\/div>\n","protected":false},"excerpt":{"rendered":"<p>Acc\u00e9der au TP Cliquer ici. Une page binder s\u2019ouvre. Patienter pendant que l&rsquo;environnement Jupyter charge. Il sera pr\u00eat lorsqu\u2019il ressemblera \u00e0 la copie d\u2019\u00e9cran suivante\u00a0: Contexte Enseignement \u00e0 distance en raison de la crise sanitaire. S\u00e9ances de 4 heures en salle de classe virtuelle (Microsoft Teams). Utilisation de questionnaires Wooclap (non diffus\u00e9s sur cette page). [&hellip;]<\/p>\n","protected":false},"author":17,"featured_media":0,"parent":13,"menu_order":2,"comment_status":"closed","ping_status":"closed","template":"","meta":{"footnotes":""},"class_list":["post-1003","page","type-page","status-publish","hentry"],"_links":{"self":[{"href":"https:\/\/perso.atilf.fr\/sollinge\/wp-json\/wp\/v2\/pages\/1003","targetHints":{"allow":["GET"]}}],"collection":[{"href":"https:\/\/perso.atilf.fr\/sollinge\/wp-json\/wp\/v2\/pages"}],"about":[{"href":"https:\/\/perso.atilf.fr\/sollinge\/wp-json\/wp\/v2\/types\/page"}],"author":[{"embeddable":true,"href":"https:\/\/perso.atilf.fr\/sollinge\/wp-json\/wp\/v2\/users\/17"}],"replies":[{"embeddable":true,"href":"https:\/\/perso.atilf.fr\/sollinge\/wp-json\/wp\/v2\/comments?post=1003"}],"version-history":[{"count":18,"href":"https:\/\/perso.atilf.fr\/sollinge\/wp-json\/wp\/v2\/pages\/1003\/revisions"}],"predecessor-version":[{"id":1027,"href":"https:\/\/perso.atilf.fr\/sollinge\/wp-json\/wp\/v2\/pages\/1003\/revisions\/1027"}],"up":[{"embeddable":true,"href":"https:\/\/perso.atilf.fr\/sollinge\/wp-json\/wp\/v2\/pages\/13"}],"wp:attachment":[{"href":"https:\/\/perso.atilf.fr\/sollinge\/wp-json\/wp\/v2\/media?parent=1003"}],"curies":[{"name":"wp","href":"https:\/\/api.w.org\/{rel}","templated":true}]}}