{"id":13,"date":"2015-06-29T13:43:15","date_gmt":"2015-06-29T12:43:15","guid":{"rendered":"https:\/\/apps.atilf.fr\/homepages\/sollinge\/?page_id=13"},"modified":"2019-06-25T13:08:13","modified_gmt":"2019-06-25T12:08:13","slug":"enseignement","status":"publish","type":"page","link":"https:\/\/perso.atilf.fr\/sollinge\/enseignement\/","title":{"rendered":"Enseignement"},"content":{"rendered":"\n<table id=\"tablepress-12\" class=\"tablepress tablepress-id-12 tbody-has-connected-cells\">\n<tbody class=\"row-hover\">\n<tr class=\"row-1\">\n\t<td colspan=\"4\" class=\"column-1\">Linguistique de corpus<\/td><td class=\"column-5\"><\/td>\n<\/tr>\n<tr class=\"row-2\">\n\t<td class=\"column-1\">2020<\/td><td class=\"column-2\">Traitement de corpus : initiation \u00e0 PERL<\/td><td class=\"column-3\">Universit\u00e9 de Lorraine<br \/>\nD\u00e9partement Sciences du langage<\/td><td class=\"column-4\">Licence 2<\/td><td class=\"column-5\"><a href=\"https:\/\/perso.atilf.fr\/sollinge\/enseignement\/initiation-a-perl\/\">d\u00e9tails<\/a><\/td>\n<\/tr>\n<tr class=\"row-3\">\n\t<td class=\"column-1\">2018<\/td><td class=\"column-2\">Premiers pas dans la nouvelle interface de Frantext<\/td><td class=\"column-3\">ATILF <br \/>\nJourn\u00e9e de rentr\u00e9e 2018<br \/>\nVandoeuvre-l\u00e8s-Nancy<\/td><td class=\"column-4\">Membres ATILF<\/td><td class=\"column-5\"><a href=\"https:\/\/perso.atilf.fr\/sollinge\/wp-content\/uploads\/sites\/13\/2019\/06\/PremiersPasFrantext.pdf\" rel=\"noopener noreferrer\" target=\"_blank\">pdf<\/a><br \/>\n<a href=\"https:\/\/perso.atilf.fr\/sollinge\/wp-content\/uploads\/sites\/13\/2019\/06\/SuitePremiersPasFrantext.pdf\" rel=\"noopener noreferrer\" target=\"_blank\">pdf<\/a><\/td>\n<\/tr>\n<tr class=\"row-4\">\n\t<td class=\"column-1\">2016<\/td><td class=\"column-2\">Description linguistique sur corpus et statistiques<\/td><td class=\"column-3\">Universit\u00e9 de Lorraine<br \/>\nD\u00e9partement Sciences du langage<br \/>\nNancy<\/td><td class=\"column-4\">Licence 3<\/td><td class=\"column-5\"><\/td>\n<\/tr>\n<tr class=\"row-5\">\n\t<td class=\"column-1\">2011<\/td><td class=\"column-2\">Introduction aux outils de linguistiques de corpus<\/td><td class=\"column-3\">Universit\u00e9 de Chypre<br \/>\n\u00c9cole doctorale AUF du Moyen-Orient<br \/>\nNicosie<\/td><td class=\"column-4\">Doctorants<\/td><td class=\"column-5\"><a href=\"https:\/\/perso.atilf.fr\/sollinge\/seminaire-chypre\/\">d\u00e9tails<\/a><\/td>\n<\/tr>\n<tr class=\"row-6\">\n\t<td class=\"column-1\">2007-2010<\/td><td class=\"column-2\">Outils Shell, traitement et exploitation de corpus textuels<\/td><td class=\"column-3\">Universit\u00e9 Nancy 2<br \/>\nUFR Sciences du langage<br \/>\nNancy<\/td><td class=\"column-4\">Licence 2<\/td><td class=\"column-5\"><\/td>\n<\/tr>\n<tr class=\"row-7\">\n\t<td colspan=\"4\" class=\"column-1\">Introductions<\/td><td class=\"column-5\"><\/td>\n<\/tr>\n<tr class=\"row-8\">\n\t<td class=\"column-1\">2018-2020<\/td><td class=\"column-2\">Linguistique MIASHS<\/td><td class=\"column-3\">Universit\u00e9 de Lorraine<br \/>\nInstitut des sciences du Digital Management et Cognition<br \/>\nNancy<\/td><td class=\"column-4\">Licence 2<\/td><td class=\"column-5\"><\/td>\n<\/tr>\n<tr class=\"row-9\">\n\t<td class=\"column-1\">2016-2018<\/td><td class=\"column-2\">Linguistique MIASHS<\/td><td class=\"column-3\">Universit\u00e9 de Lorraine<br \/>\n UFR Math\u00e9matiques et Informatique<br \/>\nNancy<\/td><td class=\"column-4\">Licence 2<\/td><td class=\"column-5\"><\/td>\n<\/tr>\n<tr class=\"row-10\">\n\t<td colspan=\"4\" class=\"column-1\">Technologies Web<\/td><td class=\"column-5\"><\/td>\n<\/tr>\n<tr class=\"row-11\">\n\t<td class=\"column-1\">2009-2011<\/td><td class=\"column-2\">Database and web technologies<\/td><td class=\"column-3\">Universit\u00e9 Nancy 2<br \/>\nUFR Math\u00e9matiques et Informatique<br \/>\nNancy<\/td><td class=\"column-4\">Master 2<\/td><td class=\"column-5\"><\/td>\n<\/tr>\n<tr class=\"row-12\">\n\t<td colspan=\"4\" class=\"column-1\">Divers<\/td><td class=\"column-5\"><\/td>\n<\/tr>\n<tr class=\"row-13\">\n\t<td class=\"column-1\">2024-2025<\/td><td class=\"column-2\">Professionalisation<\/td><td class=\"column-3\">Universit\u00e9 de Lorraine<br \/>\nD\u00e9partement Sciences du langage<br \/>\nNancy<\/td><td class=\"column-4\">Licence\u00a02 &amp; Licence\u00a03<\/td><td class=\"column-5\"><\/td>\n<\/tr>\n<tr class=\"row-14\">\n\t<td class=\"column-1\">2024<\/td><td class=\"column-2\">Collecter et analyser des donn\u00e9es en SHS\u00a0: les donn\u00e9es langagi\u00e8res<\/td><td class=\"column-3\">Universit\u00e9 de Lorraine<br \/>\n\u00c9cole doctorale SLTC<\/td><td class=\"column-4\">Doctorants<\/td><td class=\"column-5\"><\/td>\n<\/tr>\n<tr class=\"row-15\">\n\t<td class=\"column-1\">2021<\/td><td class=\"column-2\">Transcrire automatiquement ses entretiens\u00a0: r\u00eave ou r\u00e9alit\u00e9\u00a0?<\/td><td class=\"column-3\">Universit\u00e9 de Lausanne<br \/>\nProgramme doctoral en \u00e9tudes num\u00e9riques<\/td><td class=\"column-4\">Doctorants<\/td><td class=\"column-5\"><a href=\"https:\/\/news.unil.ch\/display\/1629966815617\">d\u00e9tails<\/a><\/td>\n<\/tr>\n<tr class=\"row-16\">\n\t<td class=\"column-1\">2015-2018<\/td><td class=\"column-2\">Professionalisation<\/td><td class=\"column-3\">Universit\u00e9 de Lorraine<br \/>\nD\u00e9partement Sciences du langage<br \/>\nNancy<\/td><td class=\"column-4\">Master 1<\/td><td class=\"column-5\"><\/td>\n<\/tr>\n<\/tbody>\n<\/table>\n<!-- #tablepress-12 from cache -->\n","protected":false},"excerpt":{"rendered":"","protected":false},"author":1,"featured_media":0,"parent":0,"menu_order":0,"comment_status":"closed","ping_status":"closed","template":"","meta":{"footnotes":""},"class_list":["post-13","page","type-page","status-publish","hentry"],"_links":{"self":[{"href":"https:\/\/perso.atilf.fr\/sollinge\/wp-json\/wp\/v2\/pages\/13","targetHints":{"allow":["GET"]}}],"collection":[{"href":"https:\/\/perso.atilf.fr\/sollinge\/wp-json\/wp\/v2\/pages"}],"about":[{"href":"https:\/\/perso.atilf.fr\/sollinge\/wp-json\/wp\/v2\/types\/page"}],"author":[{"embeddable":true,"href":"https:\/\/perso.atilf.fr\/sollinge\/wp-json\/wp\/v2\/users\/1"}],"replies":[{"embeddable":true,"href":"https:\/\/perso.atilf.fr\/sollinge\/wp-json\/wp\/v2\/comments?post=13"}],"version-history":[{"count":13,"href":"https:\/\/perso.atilf.fr\/sollinge\/wp-json\/wp\/v2\/pages\/13\/revisions"}],"predecessor-version":[{"id":223,"href":"https:\/\/perso.atilf.fr\/sollinge\/wp-json\/wp\/v2\/pages\/13\/revisions\/223"}],"wp:attachment":[{"href":"https:\/\/perso.atilf.fr\/sollinge\/wp-json\/wp\/v2\/media?parent=13"}],"curies":[{"name":"wp","href":"https:\/\/api.w.org\/{rel}","templated":true}]}}