{"id":15,"date":"2015-06-29T13:43:26","date_gmt":"2015-06-29T12:43:26","guid":{"rendered":"https:\/\/apps.atilf.fr\/homepages\/sollinge\/?page_id=15"},"modified":"2019-06-26T08:35:23","modified_gmt":"2019-06-26T07:35:23","slug":"projets","status":"publish","type":"page","link":"https:\/\/perso.atilf.fr\/sollinge\/projets\/","title":{"rendered":"Projets"},"content":{"rendered":"\n<table id=\"tablepress-13\" class=\"tablepress tablepress-id-13 tbody-has-connected-cells\">\n<tbody class=\"row-hover\">\n<tr class=\"row-1\">\n\t<td colspan=\"5\" class=\"column-1\">Polys\u00e9mie et ambigu\u00eft\u00e9 lexicale<\/td>\n<\/tr>\n<tr class=\"row-2\">\n\t<td class=\"column-1\">ALIVoLex<\/td><td class=\"column-2\">2025-2026<\/td><td class=\"column-3\">Sandrine Ollinger<\/td><td class=\"column-4\">ATILF<br \/>\nUniversit\u00e9 de Lorraine<br \/>\nP\u00f4le CLCS<\/td><td class=\"column-5\"><a href=\"https:\/\/perso.atilf.fr\/sollinge\/projets\/alivolex\/\" target=\"_blank\" rel=\"noopener\">Description<\/a><\/td>\n<\/tr>\n<tr class=\"row-3\">\n\t<td class=\"column-1\">ALUMCoCo<\/td><td class=\"column-2\">2024-2026<\/td><td class=\"column-3\">Sandrine Ollinger<\/td><td class=\"column-4\">ATILF<br \/>\nUniversit\u00e9 de Lorraine<br \/>\nP\u00f4le CLCS<\/td><td class=\"column-5\"><a href=\"https:\/\/perso.atilf.fr\/sollinge\/projets\/alumcoco\/\" target=\"_blank\" rel=\"noopener\">Description<\/a><\/td>\n<\/tr>\n<tr class=\"row-4\">\n\t<td colspan=\"5\" class=\"column-1\">R\u00e9seaux lexicaux<\/td>\n<\/tr>\n<tr class=\"row-5\">\n\t<td class=\"column-1\">Cyth\u00e8re<\/td><td class=\"column-2\">2022-2023<\/td><td class=\"column-3\"><a href=\"https:\/\/perso.atilf.fr\/apolguere\" target=\"_blank\" rel=\"noopener noreferrer\">Alain Polgu\u00e8re<\/a><\/td><td class=\"column-4\">Universit\u00e9 de Lorraine<\/td><td class=\"column-5\"><\/td>\n<\/tr>\n<tr class=\"row-6\">\n\t<td class=\"column-1\">ItsyBitsy Editor<\/td><td class=\"column-2\">2018-<\/td><td class=\"column-3\"><a href=\"https:\/\/perso.atilf.fr\/apolguere\" target=\"_blank\" rel=\"noopener noreferrer\">Alain Polgu\u00e8re<\/a><\/td><td class=\"column-4\">CPER LCHN<\/td><td class=\"column-5\"><a href=\"https:\/\/lexical-systems.atilf.fr\/lexicographie\/\" target=\"_blank\" rel=\"noopener noreferrer\">Description<\/a><\/td>\n<\/tr>\n<tr class=\"row-7\">\n\t<td class=\"column-1\">BEL-RL-fr<\/td><td class=\"column-2\">2018-2022<\/td><td class=\"column-3\">Sandrine Ollinger<\/td><td class=\"column-4\">CORLI<br \/>\nCPER LCHN<br \/>\nIMPACT OLKi-LUE<\/td><td class=\"column-5\"><a href=\"https:\/\/perso.atilf.fr\/sollinge\/projets\/bel-rl-fr\/\">Description<\/a><\/td>\n<\/tr>\n<tr class=\"row-8\">\n\t<td class=\"column-1\">PaToMo<\/td><td class=\"column-2\">2017<\/td><td class=\"column-3\">Sandrine Ollinger &amp; <a href=\"https:\/\/perso.atilf.fr\/apolguere\" target=\"_blank\" rel=\"noopener noreferrer\">Alain Polgu\u00e8re<\/a><\/td><td class=\"column-4\">Universit\u00e9 de Lorraine<\/td><td class=\"column-5\"><a href=\"https:\/\/lexical-systems.atilf.fr\/spiderlex\/\" target=\"_blank\" rel=\"noopener noreferrer\">Description<\/a><\/td>\n<\/tr>\n<tr class=\"row-9\">\n\t<td class=\"column-1\">RELIEF<\/td><td class=\"column-2\">2011-2014<\/td><td class=\"column-3\"><a href=\"https:\/\/perso.atilf.fr\/apolguere\" target=\"_blank\" rel=\"noopener noreferrer\">Alain Polgu\u00e8re<\/a><\/td><td class=\"column-4\">Agence de Mobilisation \u00c9conomique de la R\u00e9gion Lorraine et FEDER Lorrain<\/td><td class=\"column-5\"><a href=\"https:\/\/lexical-systems.atilf.fr\/historique\/\" target=\"_blank\" rel=\"noopener noreferrer\">Description<\/a><\/td>\n<\/tr>\n<tr class=\"row-10\">\n\t<td colspan=\"5\" class=\"column-1\">Annotation<\/td>\n<\/tr>\n<tr class=\"row-11\">\n\t<td class=\"column-1\">CoReA2D<\/td><td class=\"column-2\">2017-2019<\/td><td class=\"column-3\">Evelyne Jacquey<\/td><td class=\"column-4\">CPER LCHN<\/td><td class=\"column-5\"><\/td>\n<\/tr>\n<tr class=\"row-12\">\n\t<td class=\"column-1\">\u00c9tiquetage en parties du discours Frantext \u2013 partie moderne<\/td><td class=\"column-2\">2015-2016<\/td><td class=\"column-3\">Sandrine Ollinger<\/td><td class=\"column-4\"><\/td><td class=\"column-5\"><a href=\"https:\/\/www.ortolang.fr\/market\/tools\/talismane-frantext-modern\" target=\"_blank\" rel=\"noopener noreferrer\">Distribution<\/a><\/td>\n<\/tr>\n<tr class=\"row-13\">\n\t<td colspan=\"5\" class=\"column-1\">Terminologie<\/td>\n<\/tr>\n<tr class=\"row-14\">\n\t<td class=\"column-1\">GROTO<\/td><td class=\"column-2\">2022-<\/td><td class=\"column-3\"><a href=\"https:\/\/perso.atilf.fr\/frederiquebrinhenry\" target=\"_blank\" rel=\"noopener noreferrer\">Fr\u00e9d\u00e9rique Brin-Henry<\/a><\/td><td class=\"column-4\"><\/td><td class=\"column-5\"><\/td>\n<\/tr>\n<tr class=\"row-15\">\n\t<td class=\"column-1\">OrthoCorpus<\/td><td class=\"column-2\">2015-2017<\/td><td class=\"column-3\"><a href=\"https:\/\/perso.atilf.fr\/frederiquebrinhenry\" target=\"_blank\" rel=\"noopener noreferrer\">Fr\u00e9d\u00e9rique Brin-Henry<\/a><\/td><td class=\"column-4\">R\u00e9gion Lorraine<\/td><td class=\"column-5\"><a href=\"https:\/\/apps.atilf.fr\/homepages\/frederiquebrinhenry\/publications\/\" target=\"_blank\" rel=\"noopener noreferrer\">Description<\/a><\/td>\n<\/tr>\n<tr class=\"row-16\">\n\t<td class=\"column-1\">Termith<\/td><td class=\"column-2\">2012-2016<\/td><td class=\"column-3\">Evelyne Jacquey &amp; Laurence Kister<\/td><td class=\"column-4\">ANR<\/td><td class=\"column-5\"><a href=\"https:\/\/web-data.atilf.fr\/ressources\/termith\/\" target=\"_blank\" rel=\"noopener noreferrer\">Description<\/a><\/td>\n<\/tr>\n<tr class=\"row-17\">\n\t<td class=\"column-1\">ASTTIC<\/td><td class=\"column-2\">2011-2012<\/td><td class=\"column-3\"><a href=\"https:\/\/perso.atilf.fr\/lkister\" target=\"_blank\" rel=\"noopener noreferrer\">Laurence Kister<\/a><\/td><td class=\"column-4\">MSH Lorraine<\/td><td class=\"column-5\"><a href=\"https:\/\/mshl.hypotheses.org\/200\" target=\"_blank\" rel=\"noopener noreferrer\">Description<\/a><\/td>\n<\/tr>\n<tr class=\"row-18\">\n\t<td colspan=\"5\" class=\"column-1\">Cr\u00e9ativit\u00e9 lexicale<\/td>\n<\/tr>\n<tr class=\"row-19\">\n\t<td class=\"column-1\">DIXEM<\/td><td class=\"column-2\">2006-2010<\/td><td class=\"column-3\">Mathieu Valette<\/td><td class=\"column-4\"><\/td><td class=\"column-5\"><a href=\"https:\/\/perso.atilf.fr\/sollinge\/projets\/dixem\/\" target=\"_blank\" rel=\"noopener noreferrer\">Description<\/a><\/td>\n<\/tr>\n<tr class=\"row-20\">\n\t<td colspan=\"5\" class=\"column-1\">TLFi \u2014 Morphalou<\/td>\n<\/tr>\n<tr class=\"row-21\">\n\t<td class=\"column-1\">TLFi en TEI et UTF-8<\/td><td class=\"column-2\">2022-2026<\/td><td class=\"column-3\">\u00c9tienne Petitjean &amp; Jessika Perignon\u00a0<\/td><td class=\"column-4\"><\/td><td class=\"column-5\"><a href=\"https:\/\/www.ortolang.fr\/market\/lexicons\/xml-tlfi\/\" target=\"blank_\" rel=\"noopener\">Description<\/a><\/td>\n<\/tr>\n<tr class=\"row-22\">\n\t<td class=\"column-1\">Morphalou 3<\/td><td class=\"column-2\">2015<\/td><td class=\"column-3\">\u00c9tienne Petitjean<\/td><td class=\"column-4\"><\/td><td class=\"column-5\"><a href=\"https:\/\/www.ortolang.fr\/market\/lexicons\/morphalou\/3.0\" target=\"blank_\" rel=\"noopener\">Description<\/a><\/td>\n<\/tr>\n<tr class=\"row-23\">\n\t<td class=\"column-1\">Correction hi\u00e9rarchie d\u00e9finitions TLFi<\/td><td class=\"column-2\">2009-2011<\/td><td class=\"column-3\">\u00c9tienne Petitjean<\/td><td class=\"column-4\"><\/td><td class=\"column-5\"><\/td>\n<\/tr>\n<tr class=\"row-24\">\n\t<td class=\"column-1\">Phon\u00e9tisation Morphalou<\/td><td class=\"column-2\">2007<\/td><td class=\"column-3\">\u00c9tienne Petitjean &amp; Susanne Salmon-Alt<\/td><td class=\"column-4\"><\/td><td class=\"column-5\"><\/td>\n<\/tr>\n<\/tbody>\n<\/table>\n<!-- #tablepress-13 from cache -->\n","protected":false},"excerpt":{"rendered":"","protected":false},"author":1,"featured_media":0,"parent":0,"menu_order":0,"comment_status":"closed","ping_status":"closed","template":"","meta":{"footnotes":""},"class_list":["post-15","page","type-page","status-publish","hentry"],"_links":{"self":[{"href":"https:\/\/perso.atilf.fr\/sollinge\/wp-json\/wp\/v2\/pages\/15","targetHints":{"allow":["GET"]}}],"collection":[{"href":"https:\/\/perso.atilf.fr\/sollinge\/wp-json\/wp\/v2\/pages"}],"about":[{"href":"https:\/\/perso.atilf.fr\/sollinge\/wp-json\/wp\/v2\/types\/page"}],"author":[{"embeddable":true,"href":"https:\/\/perso.atilf.fr\/sollinge\/wp-json\/wp\/v2\/users\/1"}],"replies":[{"embeddable":true,"href":"https:\/\/perso.atilf.fr\/sollinge\/wp-json\/wp\/v2\/comments?post=15"}],"version-history":[{"count":9,"href":"https:\/\/perso.atilf.fr\/sollinge\/wp-json\/wp\/v2\/pages\/15\/revisions"}],"predecessor-version":[{"id":294,"href":"https:\/\/perso.atilf.fr\/sollinge\/wp-json\/wp\/v2\/pages\/15\/revisions\/294"}],"wp:attachment":[{"href":"https:\/\/perso.atilf.fr\/sollinge\/wp-json\/wp\/v2\/media?parent=15"}],"curies":[{"name":"wp","href":"https:\/\/api.w.org\/{rel}","templated":true}]}}