{"id":17,"date":"2015-06-29T13:43:37","date_gmt":"2015-06-29T12:43:37","guid":{"rendered":"https:\/\/apps.atilf.fr\/homepages\/sollinge\/?page_id=17"},"modified":"2019-06-26T09:08:16","modified_gmt":"2019-06-26T08:08:16","slug":"publications","status":"publish","type":"page","link":"https:\/\/perso.atilf.fr\/sollinge\/publications\/","title":{"rendered":"Publications"},"content":{"rendered":"\n<table id=\"tablepress-14\" class=\"tablepress tablepress-id-14 tbody-has-connected-cells\">\n<tbody class=\"row-hover\">\n<tr class=\"row-1\">\n\t<td colspan=\"5\" class=\"column-1\">Corpus : constitution, annotation, exploitation<\/td>\n<\/tr>\n<tr class=\"row-2\">\n\t<td class=\"column-1\">S. Ollinger, D.\u00a0Maurel<\/td><td class=\"column-2\">2024<\/td><td class=\"column-3\">Segmentation en phrases\u00a0: ouvrez les guillemets sans perdre le fil<\/td><td class=\"column-4\">JADT 2024 : 17th International Conference on Statistical Analysis of Textual Data, 25-27 juin 2024 Bruxelles (Belgique), Mots compt\u00e9s, textes d\u00e9chiffr\u00e9s, Vol. 2, Anne Dister et Dominique Longre\u0301e (e\u0301d.), Presses Universitaires de Louvain, pages\u00a0683-691.<\/td><td class=\"column-5\"><a href=\"https:\/\/shs.hal.science\/halshs-04663124\" target=\"_blank\" rel=\"noopener\">pdf<\/a><\/td>\n<\/tr>\n<tr class=\"row-3\">\n\t<td class=\"column-1\">A.\u00a0Sinha, S.\u00a0Ollinger, M.\u00a0Constant<\/td><td class=\"column-2\">2022<\/td><td class=\"column-3\">Word Sense Disambiguation of French Lexicographical Examples Using Lexical Networks<\/td><td class=\"column-4\">Proceedings of TextGraphs-16: Graph-based Methods for Natural Language Processing, Gyeongju, Republic of Korea, pages 70\u201376<\/td><td class=\"column-5\"><a href=\"https:\/\/aclanthology.org\/2022.textgraphs-1.8\/\" target=\"blank\" rel=\"noopener\">pdf<\/a><\/td>\n<\/tr>\n<tr class=\"row-4\">\n\t<td class=\"column-1\">\u00c9.\u00a0Tancoigne,  J-P.\u00a0Corbellini, G.\u00a0Deletraz, L.\u00a0Gayraud, S.\u00a0Ollinger, D.\u00a0Val\u00e9ro<\/td><td class=\"column-2\">2022<\/td><td class=\"column-3\">Un mot pour un autre ? Analyse et comparaison de huit plateformes de transcription automatique<\/td><td class=\"column-4\">Bulletin de M\u00e9thodologie Sociologique, Volume: 155, issue: 1, page(s): 45-81 <\/td><td class=\"column-5\"><a href=\"https:\/\/doi.org\/10.1177%2F07591063221088322\">BMS<\/a><\/td>\n<\/tr>\n<tr class=\"row-5\">\n\t<td class=\"column-1\">\u00c9.\u00a0Tancoigne,  J-P.\u00a0Corbellini, G.\u00a0Deletraz, L.\u00a0Gayraud, S.\u00a0Ollinger, D.\u00a0Val\u00e9ro<\/td><td class=\"column-2\">2020<\/td><td class=\"column-3\">La transcription automatique : un r\u00eave enfin accessible ?<\/td><td class=\"column-4\">Mate-SHS<\/td><td class=\"column-5\"><a href=\"https:\/\/halshs.archives-ouvertes.fr\/halshs-02917916v2\" rel=\"noopener noreferrer\" target=\"_blank\">pdf<\/a><\/td>\n<\/tr>\n<tr class=\"row-6\">\n\t<td class=\"column-1\"> F.\u00a0Brin-Henry, \u00c9.\u00a0Jacquey, J.\u00a0Perignon, S.\u00a0Ollinger<\/td><td class=\"column-2\">2019<\/td><td class=\"column-3\">Rapport technique de la constitution du corpus OrthoCorpus<\/td><td class=\"column-4\">Projet OrthoCorpus<\/td><td class=\"column-5\"><a href=\"https:\/\/hal.archives-ouvertes.fr\/halshs-02388135\" rel=\"noopener noreferrer\" target=\"_blank\">pdf<\/a><\/td>\n<\/tr>\n<tr class=\"row-7\">\n\t<td class=\"column-1\">S.\u00a0Ollinger<\/td><td class=\"column-2\">2017<\/td><td class=\"column-3\">Entra\u00eenement de Talismane pour textes litt\u00e9raires en fran\u00e7ais moderne<\/td><td class=\"column-4\">\u00c9tiquetage en parties du discours Frantext \u2013 partie moderne, ATILF CNRS<\/td><td class=\"column-5\"><a href=\"https:\/\/repository.ortolang.fr\/api\/content\/talismane-frantext-modern\/3\/TalismaneFrantext.pdf\" target=\"_blank\" rel=\"noopener noreferrer\">pdf<\/a><\/td>\n<\/tr>\n<tr class=\"row-8\">\n\t<td class=\"column-1\">S.\u00a0Ollinger<\/td><td class=\"column-2\">2017<\/td><td class=\"column-3\">Campagne cat\u00e9gorisation Frantext post-1850 : corpus d'apprentissage <\/td><td class=\"column-4\">\u00c9tiquetage en parties du discours Frantext \u2013 partie moderne, ATILF CNRS<\/td><td class=\"column-5\"><\/td>\n<\/tr>\n<tr class=\"row-9\">\n\t<td colspan=\"5\" class=\"column-1\">Syst\u00e8mes Lexicaux<\/td>\n<\/tr>\n<tr class=\"row-10\">\n\t<td class=\"column-1\">S. Ollinger<\/td><td class=\"column-2\">2020, 2023, 2024<\/td><td class=\"column-3\">Distribution du corpus BEL-RL-fr <\/td><td class=\"column-4\">Rapport technique, ATILF CNRS, Nancy<\/td><td class=\"column-5\"><a href=\"https:\/\/repository.ortolang.fr\/api\/content\/examples-ls-fr\/9\/documentationBEL-RL-fr-V3.1.pdf\" target=\"_blank\" rel=\"noopener\">pdf<\/a><\/td>\n<\/tr>\n<tr class=\"row-11\">\n\t<td class=\"column-1\">S. Ollinger, A.\u00a0Polgu\u00e8re<\/td><td class=\"column-2\">2017, 2020, 2023, 2024<\/td><td class=\"column-3\">Distribution des Syst\u00e8mes Lexicaux <\/td><td class=\"column-4\">Rapport technique, ATILF CNRS, Nancy<\/td><td class=\"column-5\"><a href=\"https:\/\/repository.ortolang.fr\/api\/content\/lexical-system-fr\/10\/documentationSL-V3.1-fr.pdf\" target=\"_blank\" rel=\"noopener\">pdf<\/a><\/td>\n<\/tr>\n<tr class=\"row-12\">\n\t<td class=\"column-1\">S.\u00a0Ollinger, A.\u00a0Polgu\u00e8re, T.\u00a0Chudy, B.\u00a0Gaume<\/td><td class=\"column-2\">2020<\/td><td class=\"column-3\">Spiderlex et compagnie<\/td><td class=\"column-4\">Actes de la 6e conf\u00e9rence conjointe Journ\u00e9es d'\u00c9tudes sur la Parole (JEP, 31e \u00e9dition), Traitement Automatique des Langues Naturelles (TALN, 27e \u00e9dition), Rencontre des \u00c9tudiants Chercheurs en Informatique pour le Traitement Automatique des Langues (R\u00c9CITAL, 22e \u00e9dition). Volume 4 : D\u00e9monstrations et r\u00e9sum\u00e9s d'articles internationaux, Jun 2020, Nancy, France. pp.60-63. <\/td><td class=\"column-5\"><a href=\"https:\/\/hal.archives-ouvertes.fr\/hal-02768517v3\" target=\"_blank\" rel=\"noopener noreferrer\">pdf<\/a><\/td>\n<\/tr>\n<tr class=\"row-13\">\n\t<td class=\"column-1\">S. Ollinger, A.\u00a0Polgu\u00e8re<\/td><td class=\"column-2\">2020<\/td><td class=\"column-3\">M\u00e9mo Syst\u00e8mes Lexicaux. Exemples lexicographiques <\/td><td class=\"column-4\">Rapport technique, ATILF CNRS, Nancy<\/td><td class=\"column-5\"><a href=\"https:\/\/lexical-systems.atilf.fr\/wp-content\/uploads\/2020\/06\/OllingerPolguere-2020c.pdf\" target=\"_blank\" rel=\"noopener noreferrer\">pdf<\/a><\/td>\n<\/tr>\n<tr class=\"row-14\">\n\t<td class=\"column-1\">S. Ollinger<\/td><td class=\"column-2\">2014<\/td><td class=\"column-3\">Le raisonnement analogique en lexicographie,<br \/>\nson informatisation et son application<br \/>\nau R\u00e9seau Lexical du Fran\u00e7ais<\/td><td class=\"column-4\">Th\u00e8se de doctorat, Universit\u00e9 de Lorraine, Nancy<\/td><td class=\"column-5\"><\/td>\n<\/tr>\n<tr class=\"row-15\">\n\t<td class=\"column-1\">S. Ollinger<\/td><td class=\"column-2\">2014<\/td><td class=\"column-3\">Regroupement de structures de d\u00e9rivations lexicales par raisonnement analogique<\/td><td class=\"column-4\">in : Brigitte Bigi (\u00e9d.), Actes de R\u00e9cital 2014, Facult\u00e9 Saint Charles, Aix Marseille Universit\u00e9 (Marseille), du 1er au 4 juillet 2014, pp.92-103<\/td><td class=\"column-5\"><a href=\"http:\/\/talnarchives.atala.org\/RECITAL\/RECITAL-2014\/recital-2014-long-009.pdf\" target=\"_blank\" rel=\"noopener noreferrer\">pdf<\/a><\/td>\n<\/tr>\n<tr class=\"row-16\">\n\t<td class=\"column-1\">N. Gader, S.\u00a0Ollinger &amp; A.\u00a0Polgu\u00e8re<\/td><td class=\"column-2\">2014<\/td><td class=\"column-3\">One Lexicon, Two Structures: So What Gives? \u00bb<\/td><td class=\"column-4\">Heili Orav, Christiane Feldlbaum, Piek Vossen (\u00e9d.), Proceedings of the Seventh Global WordNet Conference (GWC2014), (Tartu, Estonia, January 25-29, 2014), pp.163-171<\/td><td class=\"column-5\"><a href=\"https:\/\/aclweb.org\/anthology\/W14-0122\" target=\"_blank\" rel=\"noopener noreferrer\">pdf<\/a><\/td>\n<\/tr>\n<tr class=\"row-17\">\n\t<td class=\"column-1\">S. Ollinger<\/td><td class=\"column-2\">2013<\/td><td class=\"column-3\">M\u00e9mo RLF. Propri\u00e9t\u00e9s formelles du RLF et du RLA<\/td><td class=\"column-4\">Projet RELIEF\/RLF, ATILF CNRS<\/td><td class=\"column-5\"><\/td>\n<\/tr>\n<tr class=\"row-18\">\n\t<td colspan=\"5\" class=\"column-1\">Tr\u00e9sor de la Langue Fran\u00e7aise Informatis\u00e9<\/td>\n<\/tr>\n<tr class=\"row-19\">\n\t<td class=\"column-1\">J. Cardinali, E. Jacquey, S. Ollinger, \u00c9. Petitjean<\/td><td class=\"column-2\">2026<\/td><td class=\"column-3\">Refonte du balisage : rapport op\u00e9rationnel<\/td><td class=\"column-4\">Rapport technique, ATILF CNRS, Nancy<\/td><td class=\"column-5\"><a href=\"https:\/\/hal.science\/hal-05477953\" target=\"_blank\" rel=\"noopener\">pdf<\/a><\/td>\n<\/tr>\n<tr class=\"row-20\">\n\t<td class=\"column-1\">J. Cardinali, E. Jacquey, S. Ollinger, \u00c9. Petitjean<\/td><td class=\"column-2\">2026<\/td><td class=\"column-3\">Description d\u00e9taill\u00e9e du balisage du Tr\u00e9sor de la Langue Fran\u00e7aise informatis\u00e9<\/td><td class=\"column-4\">Rapport technique, ATILF CNRS, Nancy<\/td><td class=\"column-5\"><a href=\"https:\/\/hal.science\/hal-05477902\" target=\"_blank\" rel=\"noopener\">pdf<\/a><\/td>\n<\/tr>\n<tr class=\"row-21\">\n\t<td colspan=\"5\" class=\"column-1\">Terminologie<\/td>\n<\/tr>\n<tr class=\"row-22\">\n\t<td class=\"column-1\">F.\u00a0Brin-Henry, \u00c9.\u00a0Jacquey, S.\u00a0Ollinger<\/td><td class=\"column-2\">2018<\/td><td class=\"column-3\">\u00c9tude lexicom\u00e9trique des termes centraux dans un corpus d\u2019articles scientifiques en orthophonie.<\/td><td class=\"column-4\">Lexis N\u00b011 : le lexique dans les langues de sp\u00e9cialit\u00e9<\/td><td class=\"column-5\"><a href=\"http:\/\/journals.openedition.org\/lexis\/1069\" target=\"_blank\" rel=\"noopener noreferrer\">Lexis<\/a><\/td>\n<\/tr>\n<tr class=\"row-23\">\n\t<td class=\"column-1\">\u00c9.\u00a0Jacquey et al.<\/td><td class=\"column-2\">2013<\/td><td class=\"column-3\">Filtrage terminologique par le lexique transdisciplinaire scientifique : une exp\u00e9rimentation en sciences humaines.<\/td><td class=\"column-4\">Actes TIA 2013 (Laboratoire d'Informatique de Paris Nord Universit\u00e9 Paris 13 - Villetaneuse, 28-30 octobre 2013), pp.121-128. <\/td><td class=\"column-5\"><a href=\"https:\/\/halshs.archives-ouvertes.fr\/halshs-00880215\" target=\"_blank\" rel=\"noopener noreferrer\">notice<\/a><\/td>\n<\/tr>\n<tr class=\"row-24\">\n\t<td class=\"column-1\">\u00c9.\u00a0Jacquey et al.<\/td><td class=\"column-2\">2010<\/td><td class=\"column-3\">Th\u00e9saurus et corpus de sp\u00e9cialit\u00e9 sciences du langage : approches lexicom\u00e9triques appliqu\u00e9es \u00e0 l\u2019analyse de termes en corpus<\/td><td class=\"column-4\">Actes TALN 2010, Montr\u00e9al, Qu\u00e9bec, juillet 2010<\/td><td class=\"column-5\"><a href=\"http:\/\/www.iro.umontreal.ca\/~felipe\/TALN2010\/Xml\/Papers\/all\/taln2010_submission_166.pdf\" target=\"_blank\" rel=\"noopener noreferrer\">pdf<\/a><\/td>\n<\/tr>\n<tr class=\"row-25\">\n\t<td colspan=\"5\" class=\"column-1\">Cr\u00e9ativit\u00e9 lexicale<\/td>\n<\/tr>\n<tr class=\"row-26\">\n\t<td class=\"column-1\">C.\u00a0Reutenauer, \u00c9.\u00a0Jacquey, S.\u00a0Ollinger<\/td><td class=\"column-2\">2011<\/td><td class=\"column-3\">N\u00e9ologies de sens : contribution \u00e0 leur d\u00e9tection et leur caract\u00e9risation dans un corpus autour du th\u00e8me de la crise financi\u00e8re<\/td><td class=\"column-4\">M. Teresa Cabr\u00e9 i Castellv\u00ed et al. (\u00e9d.), Actes del II Congr\u00e9s Internacional de Neologia de les lleng\u00fces romaniques (CINEO\u201911) (Universidade de S\u00e3o Paulo, 04-08 d\u00e9cembre 2011)<\/td><td class=\"column-5\"><a href=\"https:\/\/halshs.archives-ouvertes.fr\/halshs-00872138\/document\" target=\"_blank\" rel=\"noopener noreferrer\">pdf<\/a><\/td>\n<\/tr>\n<tr class=\"row-27\">\n\t<td class=\"column-1\">S.\u00a0Ollinger, M.\u00a0Valette<\/td><td class=\"column-2\">2010<\/td><td class=\"column-3\">La cr\u00e9ativit\u00e9 lexicale : des pratiques sociales aux textes<\/td><td class=\"column-4\">M. Teresa Cabr\u00e9 i Castellv\u00ed et al. (\u00e9d.), Actes del I Congr\u00e9s Internacional de Neologia de les lleng\u00fces romaniques (CINEO\u201908) (Barcelona, 07-10 maig 2008), Publicacions de l'Institut Universitari de Ling\u00fc\u00edstica Aplicada (IULA) de la Universitat Pompeu Fabra (UPF), pp. 965-876<\/td><td class=\"column-5\"><a href=\"https:\/\/hal.archives-ouvertes.fr\/hal-00430314\/document\" target=\"_blank\" rel=\"noopener noreferrer\">pdf<\/a><\/td>\n<\/tr>\n<\/tbody>\n<\/table>\n<!-- #tablepress-14 from cache -->\n","protected":false},"excerpt":{"rendered":"","protected":false},"author":1,"featured_media":0,"parent":0,"menu_order":0,"comment_status":"closed","ping_status":"closed","template":"","meta":{"footnotes":""},"class_list":["post-17","page","type-page","status-publish","hentry"],"_links":{"self":[{"href":"https:\/\/perso.atilf.fr\/sollinge\/wp-json\/wp\/v2\/pages\/17","targetHints":{"allow":["GET"]}}],"collection":[{"href":"https:\/\/perso.atilf.fr\/sollinge\/wp-json\/wp\/v2\/pages"}],"about":[{"href":"https:\/\/perso.atilf.fr\/sollinge\/wp-json\/wp\/v2\/types\/page"}],"author":[{"embeddable":true,"href":"https:\/\/perso.atilf.fr\/sollinge\/wp-json\/wp\/v2\/users\/1"}],"replies":[{"embeddable":true,"href":"https:\/\/perso.atilf.fr\/sollinge\/wp-json\/wp\/v2\/comments?post=17"}],"version-history":[{"count":6,"href":"https:\/\/perso.atilf.fr\/sollinge\/wp-json\/wp\/v2\/pages\/17\/revisions"}],"predecessor-version":[{"id":302,"href":"https:\/\/perso.atilf.fr\/sollinge\/wp-json\/wp\/v2\/pages\/17\/revisions\/302"}],"wp:attachment":[{"href":"https:\/\/perso.atilf.fr\/sollinge\/wp-json\/wp\/v2\/media?parent=17"}],"curies":[{"name":"wp","href":"https:\/\/api.w.org\/{rel}","templated":true}]}}