{"id":19,"date":"2015-06-29T13:43:50","date_gmt":"2015-06-29T12:43:50","guid":{"rendered":"https:\/\/apps.atilf.fr\/homepages\/sollinge\/?page_id=19"},"modified":"2019-06-27T14:02:26","modified_gmt":"2019-06-27T13:02:26","slug":"mediation","status":"publish","type":"page","link":"https:\/\/perso.atilf.fr\/sollinge\/mediation\/","title":{"rendered":"M\u00e9diation scientifique"},"content":{"rendered":"\n<table id=\"tablepress-17\" class=\"tablepress tablepress-id-17\">\n<tbody class=\"row-hover\">\n<tr class=\"row-1\">\n\t<td class=\"column-1\">Mars 2026<\/td><td class=\"column-2\"><a href=\"https:\/\/www.atilf.fr\/recherche\/manifestations\/grand-public-mediation\/20260306-classe-cm1-cm2-ecole-buthegnemont\/\" target=\"_blank\">Viens voir mon dico<\/a><\/td><td class=\"column-3\">Accueil classe CM1-CM2<\/td><td class=\"column-4\">ATILF, Nancy<\/td>\n<\/tr>\n<tr class=\"row-2\">\n\t<td class=\"column-1\">F\u00e9vrier 2026<\/td><td class=\"column-2\">Pr\u00e9sentation du GR PAL<\/td><td class=\"column-3\">Stage immersion de professeurs en laboratoire<\/td><td class=\"column-4\">ATILF, Nancy<\/td>\n<\/tr>\n<tr class=\"row-3\">\n\t<td class=\"column-1\">F\u00e9vrier 2025<\/td><td class=\"column-2\">Pr\u00e9sentation du GR PAL<\/td><td class=\"column-3\">Stage immersion de professeurs en laboratoire<\/td><td class=\"column-4\">ATILF, Nancy<\/td>\n<\/tr>\n<tr class=\"row-4\">\n\t<td class=\"column-1\">Juin 2024<\/td><td class=\"column-2\">Dis, c'est quoi un dictionnaire ?<\/td><td class=\"column-3\">Atelier p\u00e9dagogique<\/td><td class=\"column-4\">\u00c9cole Buthegn\u00e9mont, Nancy<\/td>\n<\/tr>\n<tr class=\"row-5\">\n\t<td class=\"column-1\">Mars 2024<\/td><td class=\"column-2\"><a href=\"https:\/\/perso.atilf.fr\/sollinge\/wp-content\/uploads\/sites\/13\/2024\/03\/exemplier_complet.pdf\" target=\"_blank\" rel=\"noopener\">Polys\u00e9mie et ambigu\u00eft\u00e9 lexicale : quand les corpus rencontrent un dictionnaire<\/a><\/td><td class=\"column-3\">Stage immersion de professeurs en laboratoire<\/td><td class=\"column-4\">ATILF, Nancy<\/td>\n<\/tr>\n<tr class=\"row-6\">\n\t<td class=\"column-1\">Novembre 2023<\/td><td class=\"column-2\">Les instruments de la lexicographie des Syst\u00e8mes Lexicaux<\/td><td class=\"column-3\">Stand<\/td><td class=\"column-4\">Forum des Sciences Cognitives 2023, IDMC, NAncy<\/td>\n<\/tr>\n<tr class=\"row-7\">\n\t<td class=\"column-1\">Octobre 2023<\/td><td class=\"column-2\"><a href=\"https:\/\/perso.atilf.fr\/sollinge\/blog\/2023\/10\/16\/quest-ce-quiels-sont-susceptibles\/\" target=\"_blank\" rel=\"noopener\">Qu'est-ce qu'iels sont susceptibles\u00a0!<\/a><\/td><td class=\"column-3\">Atelier journ\u00e9e de rentr\u00e9e ATILF<\/td><td class=\"column-4\">INSP\u00c9, Max\u00e9ville<\/td>\n<\/tr>\n<tr class=\"row-8\">\n\t<td class=\"column-1\">Avril 2022<\/td><td class=\"column-2\"><a href=\"https:\/\/www.atilf.fr\/recherche\/manifestations\/grand-public-mediation\/dis-cest-quoi-un-dictionnaire\/\" target=\"_blank\" rel=\"noopener\"> Dis, c'est quoi un dictionnaire ?<\/a><\/td><td class=\"column-3\">\u00c9mission de TV interne<\/td><td class=\"column-4\">H\u00f4pital d\u2019enfants, Brabois<\/td>\n<\/tr>\n<tr class=\"row-9\">\n\t<td class=\"column-1\">2021<\/td><td class=\"column-2\"><a target=\"_blank\" href=\"https:\/\/20ans.atilf.fr\/interviews\/\" rel=\"noopener\">Les interviews des 20 ans<\/a><\/td><td class=\"column-3\">Interviews \u00e9crites et film\u00e9es<\/td><td class=\"column-4\"><a target=\"_blank\" href=\"https:\/\/20ans.atilf.fr\" rel=\"noopener\">Ls 20 ans de l'ATILF<\/a><\/td>\n<\/tr>\n<tr class=\"row-10\">\n\t<td class=\"column-1\">Octobre 2020<\/td><td class=\"column-2\">Seins, des mots pour le dire<\/td><td class=\"column-3\">Vid\u00e9o <\/td><td class=\"column-4\"><a target=\"_blank\" href=\"https:\/\/www.youtube.com\/watch?v=tt20DasHB4I&amp;list=PL0GV68zUiOp-oEc-39ZdF2DON68D-SPbI&amp;amp\" rel=\"noopener noreferrer\">Portraits de seins<\/a>,  Institut de Canc\u00e9rologie de Lorraine<\/td>\n<\/tr>\n<tr class=\"row-11\">\n\t<td class=\"column-1\">Octobre 2019<\/td><td class=\"column-2\">R\u00e9seaux lexicaux : une lexicographie 3D pour voir des mots dans tous les sens et des liens entre ces sens <\/td><td class=\"column-3\">Ateliers grand public<\/td><td class=\"column-4\"><a target=\"_blank\" href=\"https:\/\/nuit80ans.sciencesconf.org\/\" rel=\"noopener\">La nuit des 80 ans du CNRS<\/a>, H\u00f4tel de ville de Nancy, salle Chepfer<\/td>\n<\/tr>\n<tr class=\"row-12\">\n\t<td class=\"column-1\">Mars 2019<\/td><td class=\"column-2\"><a href=\"https:\/\/www.atilf.fr\/recherche\/manifestations\/retour-sur\/retour-sur-la-conference-auteur-autrice\/\" target=\"_blank\" rel=\"noopener\">Auteure\/Autrice ; Lecteure\/Lectrice ? Quand la langue cherche un f\u00e9minin<\/a><\/td><td class=\"column-3\">Conf\u00e9rence-d\u00e9bat<\/td><td class=\"column-4\">Grands salons de l'h\u00f4tel de ville, Nancy<\/td>\n<\/tr>\n<tr class=\"row-13\">\n\t<td class=\"column-1\">Juin 2018<\/td><td class=\"column-2\">Explorons les r\u00e9seaux lexicaux<\/td><td class=\"column-3\">Ateliers p\u00e9dagogiques<\/td><td class=\"column-4\"><a target=\"_blank\" href=\"http:\/\/www.atilf.fr\/spip.php?article4292\" rel=\"noopener\">La nouvelle de la classe<\/a>, ATILF, Nancy<\/td>\n<\/tr>\n<tr class=\"row-14\">\n\t<td class=\"column-1\">Avril 2018<\/td><td class=\"column-2\">\u00c9criture inclusive : et la langue, elle en dit quoi\u00a0?<\/td><td class=\"column-3\">Conf\u00e9rence-d\u00e9bat<\/td><td class=\"column-4\">Campus Lettres et Sciences Humaines, Nancy<\/td>\n<\/tr>\n<tr class=\"row-15\">\n\t<td class=\"column-1\">Juin 2013<\/td><td class=\"column-2\">Exploiter le raisonnement analogique pour d\u00e9crire la langue fran\u00e7aise<\/td><td class=\"column-3\">Rencontres entre jeunes chercheurs et scolaires<\/td><td class=\"column-4\">Exp\u00e9rimentarium, \u00c9cole d\u02bcHarou\u00e9<\/td>\n<\/tr>\n<tr class=\"row-16\">\n\t<td class=\"column-1\">Juin 2012<\/td><td class=\"column-2\">Histoire des noms d\u02bcaliments et de v\u00eatements<\/td><td class=\"column-3\">Ateliers p\u00e9dagogiques<\/td><td class=\"column-4\">\u00c9cole du Charmois, Vandoeuvre-l\u00e8s-Nancy<\/td>\n<\/tr>\n<tr class=\"row-17\">\n\t<td class=\"column-1\">Mai 2011<\/td><td class=\"column-2\">\u00c0 quoi servent les dictionnaires ?<\/td><td class=\"column-3\">Ateliers p\u00e9dagogiques<\/td><td class=\"column-4\">\u00c9cole du Charmois, Vandoeuvre-l\u00e8s-Nancy<\/td>\n<\/tr>\n<\/tbody>\n<\/table>\n<!-- #tablepress-17 from cache -->\n","protected":false},"excerpt":{"rendered":"","protected":false},"author":1,"featured_media":0,"parent":0,"menu_order":0,"comment_status":"closed","ping_status":"closed","template":"","meta":{"footnotes":""},"class_list":["post-19","page","type-page","status-publish","hentry"],"_links":{"self":[{"href":"https:\/\/perso.atilf.fr\/sollinge\/wp-json\/wp\/v2\/pages\/19","targetHints":{"allow":["GET"]}}],"collection":[{"href":"https:\/\/perso.atilf.fr\/sollinge\/wp-json\/wp\/v2\/pages"}],"about":[{"href":"https:\/\/perso.atilf.fr\/sollinge\/wp-json\/wp\/v2\/types\/page"}],"author":[{"embeddable":true,"href":"https:\/\/perso.atilf.fr\/sollinge\/wp-json\/wp\/v2\/users\/1"}],"replies":[{"embeddable":true,"href":"https:\/\/perso.atilf.fr\/sollinge\/wp-json\/wp\/v2\/comments?post=19"}],"version-history":[{"count":3,"href":"https:\/\/perso.atilf.fr\/sollinge\/wp-json\/wp\/v2\/pages\/19\/revisions"}],"predecessor-version":[{"id":322,"href":"https:\/\/perso.atilf.fr\/sollinge\/wp-json\/wp\/v2\/pages\/19\/revisions\/322"}],"wp:attachment":[{"href":"https:\/\/perso.atilf.fr\/sollinge\/wp-json\/wp\/v2\/media?parent=19"}],"curies":[{"name":"wp","href":"https:\/\/api.w.org\/{rel}","templated":true}]}}