{"id":21,"date":"2015-06-29T13:44:07","date_gmt":"2015-06-29T12:44:07","guid":{"rendered":"https:\/\/apps.atilf.fr\/homepages\/sollinge\/?page_id=21"},"modified":"2019-06-27T14:01:55","modified_gmt":"2019-06-27T13:01:55","slug":"communications","status":"publish","type":"page","link":"https:\/\/perso.atilf.fr\/sollinge\/communications\/","title":{"rendered":"Communications"},"content":{"rendered":"\n<table id=\"tablepress-15\" class=\"tablepress tablepress-id-15 tbody-has-connected-cells\">\n<tbody class=\"row-hover\">\n<tr class=\"row-1\">\n\t<td colspan=\"5\" class=\"column-1\">Corpus\u00a0: constitution, annotation, exploitation<\/td>\n<\/tr>\n<tr class=\"row-2\">\n\t<td class=\"column-1\">23 juin 2025<\/td><td class=\"column-2\">S. Ollinger<\/td><td class=\"column-3\">ALUMCoCo: Measuring the influence of lexical contexts on the sense annotation task<\/td><td class=\"column-4\">Digital Sprit, University of Verona, Verona, Italie<\/td><td class=\"column-5\"><a href=\"https:\/\/hal.science\/hal-05572850\" target=\"_blank\" rel=\"noopener\">pdf<\/a><\/td>\n<\/tr>\n<tr class=\"row-3\">\n\t<td class=\"column-1\">3 avril 2025<\/td><td class=\"column-2\">S. Ollinger<\/td><td class=\"column-3\">projet ALUMCoCo, tour d'horizon<\/td><td class=\"column-4\">STRange Thursdays, ATILF, Nancy<\/td><td class=\"column-5\"><\/td>\n<\/tr>\n<tr class=\"row-4\">\n\t<td class=\"column-1\">27\u00a0juin\u00a02024<\/td><td class=\"column-2\">S.\u00a0Ollinger &amp; D.\u00a0Maurel<\/td><td class=\"column-3\">Segmentation en phrases : ouvrez les<br \/>\nguillemets sans perdre le fil<\/td><td class=\"column-4\">Journ\u00e9es internationales d'Analyse statistique des Donn\u00e9es Textuelles, Bruxelles<\/td><td class=\"column-5\"><a href=\"https:\/\/perso.atilf.fr\/sollinge\/wp-content\/uploads\/sites\/13\/2024\/07\/JADT_2024_fianl.pdf\" target=\"_blank\" rel=\"noopener\">pdf<\/a><\/td>\n<\/tr>\n<tr class=\"row-5\">\n\t<td class=\"column-1\">4 juin 2024<\/td><td class=\"column-2\">S. Ollinger<\/td><td class=\"column-3\">Annotation Lexicale : Une Mesure de Complexit\u00e9 Contextuelle<\/td><td class=\"column-4\">Journ\u00e9e d\u2019\u00e9tude conjointe AHP \/ ATILF, ATILF, Nancy<\/td><td class=\"column-5\"><\/td>\n<\/tr>\n<tr class=\"row-6\">\n\t<td class=\"column-1\">11 avril 2024<\/td><td class=\"column-2\">J. Lascar &amp; S.\u00a0Ollinger<\/td><td class=\"column-3\">Sans les mains\u00a0!<br \/>\n\u00c9tat des lieux des outils de transcription automatique d'entretiens audio<\/td><td class=\"column-4\">S\u00e9minaire GLISS, CNRS \u2014 Universit\u00e9 de Strasbourg, Strasbourg<\/td><td class=\"column-5\"><a href=\"https:\/\/perso.atilf.fr\/sollinge\/wp-content\/uploads\/sites\/13\/2024\/04\/partie1_SO.pdf\" target=\"_blank\" rel=\"noopener\">pdf<\/a><\/td>\n<\/tr>\n<tr class=\"row-7\">\n\t<td class=\"column-1\">22 mars 2024<\/td><td class=\"column-2\">S. Ollinger &amp; \u00c9.\u00a0Jacquey<\/td><td class=\"column-3\">Pr\u00e9-campagne d'annotation<br \/>\nApprendre \u00e0 regarder ensemble dans la m\u00eame direction<\/td><td class=\"column-4\">Journ\u00e9e th\u00e9matique transversale \u00ab\u00a0La linguistique de corpus \u00e0 la crois\u00e9e de questionnements th\u00e9oriques, m\u00e9thodologiques et empiriques\u00a0\u00bb, ATILF, Nancy<\/td><td class=\"column-5\"><a href=\"https:\/\/www.atilf.fr\/wp-content\/uploads\/manifestations\/autres\/JTTA_LEX_EJacquey_SOllinger_2024-03-22.pdf\" target=\"_blank\" rel=\"noopener\">pdf<\/a><\/td>\n<\/tr>\n<tr class=\"row-8\">\n\t<td class=\"column-1\">20 octobre 2023<\/td><td class=\"column-2\">GR\u00a0PAL<\/td><td class=\"column-3\">Polys\u00e9mie et Ambigu\u00eft\u00e9 Lexicale (GR PAL)<\/td><td class=\"column-4\">Journ\u00e9e de rentr\u00e9e ATILF, INSP\u00c9, Max\u00e9ville<\/td><td class=\"column-5\"><a href=\"https:\/\/perso.atilf.fr\/sollinge\/wp-content\/uploads\/sites\/13\/2023\/10\/posterJRA2023.png\">poster<\/a><\/td>\n<\/tr>\n<tr class=\"row-9\">\n\t<td class=\"column-1\">20 avril 2023<\/td><td class=\"column-2\">S. Ollinger<\/td><td class=\"column-3\">INCEpTION <br \/>\nRetour d\u2019exp\u00e9rience<\/td><td class=\"column-4\">STRange Thursdays, ATILF, Nancy<\/td><td class=\"column-5\"><\/td>\n<\/tr>\n<tr class=\"row-10\">\n\t<td class=\"column-1\">13 f\u00e9vrier 2023<\/td><td class=\"column-2\">S. Ollinger &amp; \u00c9.\u00a0Jacquey<\/td><td class=\"column-3\">Lev\u00e9e d\u2019ambigu\u00eft\u00e9<br \/>\nmanuelle (pr\u00e9misses)<\/td><td class=\"column-4\">GR PAL, ATILF, Nancy<\/td><td class=\"column-5\"><\/td>\n<\/tr>\n<tr class=\"row-11\">\n\t<td class=\"column-1\">16 octobre 2022<\/td><td class=\"column-2\">A.\u00a0Sinha, S.\u00a0Ollinger, M.\u00a0Constant<\/td><td class=\"column-3\">Word Sense Disambiguation of French Lexicographical Examples Using Lexical Networks<\/td><td class=\"column-4\">TextGraphs-16, workshop COLING 2022, Gyeongju, Republic of Korea.<\/td><td class=\"column-5\"><\/td>\n<\/tr>\n<tr class=\"row-12\">\n\t<td class=\"column-1\">27 janvier 2022<\/td><td class=\"column-2\">S.\u00a0Ollinger<\/td><td class=\"column-3\">BEL-RL-fr et d\u00e9sambigu\u00efsation lexicale<\/td><td class=\"column-4\">STRange Thursdays, ATILF, Nancy<\/td><td class=\"column-5\"><a href=\"https:\/\/str.atilf.fr\/wp-content\/uploads\/2022\/01\/STRange_Thursday_27i22.pdf\" rel=\"noopener noreferrer\" target=\"_blank\">pdf<\/a><\/td>\n<\/tr>\n<tr class=\"row-13\">\n\t<td class=\"column-1\">31 mai 2021<\/td><td class=\"column-2\">S.\u00a0Ollinger<\/td><td class=\"column-3\">BEL-RL-fr : l\u2019enrichir, l\u2019annoter, l\u2019explorer<\/td><td class=\"column-4\">Demi-journ\u00e9e th\u00e9matique transversale \u00ab\u00a0Outils informatiques et intelligence artificielle pour les sciences du langage\u00a0\u00bb, ATILF, Nancy<\/td><td class=\"column-5\"><a href=\"https:\/\/perso.atilf.fr\/sollinge\/wp-content\/uploads\/sites\/13\/2021\/05\/31mai.pdf\" rel=\"noopener noreferrer\" target=\"_blank\">pdf<\/a><\/td>\n<\/tr>\n<tr class=\"row-14\">\n\t<td class=\"column-1\">28 novembre 2019<\/td><td class=\"column-2\">\u00c9.\u00a0Petitjean, C.\u00a0Benzitoun, B.\u00a0Husson, S.\u00a0Ollinger<\/td><td class=\"column-3\">Allegro\u00a0: une plateforme \u00ab\u00a0couteau suisse\u00a0\u00bb pour l'exploitation des ressources textuelles<\/td><td class=\"column-4\">LIFT 2019 : Journ\u00e9es scientifiques \u00ab Linguistique informatique, formelle et de terrain \u00bb, Orl\u00e9ans<\/td><td class=\"column-5\"><a href=\"https:\/\/hal.archives-ouvertes.fr\/halshs-02381605v1\" rel=\"noopener noreferrer\" target=\"_blank\">pdf<\/a><br \/>\n<a href=\"https:\/\/perso.atilf.fr\/sollinge\/wp-content\/uploads\/sites\/13\/2020\/02\/LIFT19_Allegro.pdf\">r\u00e9sum\u00e9<\/a><\/td>\n<\/tr>\n<tr class=\"row-15\">\n\t<td class=\"column-1\">3 novembre 2016<\/td><td class=\"column-2\">S.\u00a0Ollinger<\/td><td class=\"column-3\">Nouvelle cat\u00e9gorisation de Frantext<\/td><td class=\"column-4\">S\u00e9minaire technique ATILF, ATILF, Nancy<\/td><td class=\"column-5\"><a href=\"https:\/\/perso.atilf.fr\/sollinge\/wp-content\/uploads\/sites\/13\/2019\/06\/etiquetageFrantext_seminaire.pdf\" rel=\"noopener noreferrer\" target=\"_blank\">pdf<\/a><br \/>\n<a href=\"https:\/\/perso.atilf.fr\/sollinge\/wp-content\/uploads\/sites\/13\/2019\/06\/etiquetageFrantext_versionLongue.pdf\" rel=\"noopener noreferrer\" target=\"_blank\">pdf_long<\/a><\/td>\n<\/tr>\n<tr class=\"row-16\">\n\t<td colspan=\"5\" class=\"column-1\">R\u00e9seaux lexicaux<\/td>\n<\/tr>\n<tr class=\"row-17\">\n\t<td class=\"column-1\">31 mai 2024<\/td><td class=\"column-2\">S. Ollinger, A. Polgu\u00e8re<\/td><td class=\"column-3\">R\u00e9seau Lexical du Fran\u00e7ais (RL-fr) &amp; Corpus BEL-RL-fr<\/td><td class=\"column-4\">ErSciLang \u2014\u00a0Instant Ressources, en ligne<\/td><td class=\"column-5\"><\/td>\n<\/tr>\n<tr class=\"row-18\">\n\t<td class=\"column-1\">16 d\u00e9cembre 2021<\/td><td class=\"column-2\">S.\u00a0Ollinger, A.\u00a0Polgu\u00e8re<\/td><td class=\"column-3\">Lexicographie des r\u00e9seaux lexicaux : le pourquoi et le comment<\/td><td class=\"column-4\">Journ\u00e9e d'\u00e9tude sur les r\u00e9seaux lexicaux, INALCO, Paris<\/td><td class=\"column-5\"><a href=\"https:\/\/perso.atilf.fr\/sollinge\/wp-content\/uploads\/sites\/13\/2021\/12\/Ollinger_Polguere.pdf\" target=\"_blank\" rel=\"noopener noreferrer\">pdf<\/a><\/td>\n<\/tr>\n<tr class=\"row-19\">\n\t<td class=\"column-1\">16 juin 2020<\/td><td class=\"column-2\">S.\u00a0Ollinger, A.\u00a0Polgu\u00e8re, Y.\u00a0Chudy, B.\u00a0Gaume<\/td><td class=\"column-3\">Spiderlex et Compagnie<\/td><td class=\"column-4\">JEP-TALN-RECITAL 2020, en ligne, Universit\u00e9 de Lorraine, Nancy<\/td><td class=\"column-5\"><\/td>\n<\/tr>\n<tr class=\"row-20\">\n\t<td class=\"column-1\">3 d\u00e9cembre 2018<\/td><td class=\"column-2\">S.\u00a0Kremer, S.\u00a0Ollinger, B.\u00a0Husson<\/td><td class=\"column-3\">Crossing perspectives of computer engineers and designers on lexicographic resources<\/td><td class=\"column-4\">Institut f\u00fcr Deutsche Sprache (IDS), Mannheim, Vortragssaal<\/td><td class=\"column-5\"><a href=\"https:\/\/perso.atilf.fr\/sollinge\/181204_ids_mannheim\/\" rel=\"noopener noreferrer\" target=\"_blank\">pdf<\/a><\/td>\n<\/tr>\n<tr class=\"row-21\">\n\t<td class=\"column-1\">13 septembre 2017<\/td><td class=\"column-2\">S.\u00a0Ollinger &amp; A.\u00a0Polgu\u00e8re<\/td><td class=\"column-3\">Distribution publique des donn\u00e9es du R\u00e9seau Lexical du Fran\u00e7ais (RL-fr)<\/td><td class=\"column-4\">S\u00e9minaire RALI-OLST, OLST, Montr\u00e9al<\/td><td class=\"column-5\"><\/td>\n<\/tr>\n<tr class=\"row-22\">\n\t<td class=\"column-1\">18 juin 2015<\/td><td class=\"column-2\">S.\u00a0Ollinger &amp; Y.\u00a0Desalle<\/td><td class=\"column-3\">Raisonnement analogique et r\u00e9seaux lexicaux: caract\u00e9risation de l'analogie lexicale<\/td><td class=\"column-4\">S\u00e9minaire CLLE-ERSS, CLLE-ERSS, Toulouse<\/td><td class=\"column-5\"><\/td>\n<\/tr>\n<tr class=\"row-23\">\n\t<td class=\"column-1\">4 juillet 2014<\/td><td class=\"column-2\">S.\u00a0Ollinger<\/td><td class=\"column-3\">Regroupement de structures de d\u00e9rivations lexicales par raisonnement analogique<\/td><td class=\"column-4\">TALN-RECITAL 2014, Facult\u00e9 Saint Charles, Universit\u00e9 d\u2019Aix-Marseille, Marseille<\/td><td class=\"column-5\"><a href=\"https:\/\/perso.atilf.fr\/sollinge\/wp-content\/uploads\/sites\/13\/2019\/06\/RECITAL.pdf\" rel=\"noopener noreferrer\" target=\"_blank\">pdf<\/a><\/td>\n<\/tr>\n<tr class=\"row-24\">\n\t<td class=\"column-1\">29 janvier 2014<\/td><td class=\"column-2\">N.\u00a0Gader, S.\u00a0Ollinger &amp; A.\u00a0Polguere<\/td><td class=\"column-3\">One Lexicon, Two Structures: So What Gives?<\/td><td class=\"column-4\">7th International Global WordNet Conference, 25-29 janvier 2014, Tartu, Estonie<\/td><td class=\"column-5\"><a href=\"https:\/\/perso.atilf.fr\/sollinge\/wp-content\/uploads\/sites\/13\/2019\/06\/finalGWC.pdf\" rel=\"noopener noreferrer\" target=\"_blank\">pdf<\/a><\/td>\n<\/tr>\n<tr class=\"row-25\">\n\t<td class=\"column-1\">13 juin 2013<\/td><td class=\"column-2\">S. Ollinger<\/td><td class=\"column-3\">Structure de graphe des RL-: comparaison formelle du RLF et du RLA<\/td><td class=\"column-4\">3e journ\u00e9e RELIEF, MSH, Nancy<\/td><td class=\"column-5\"><a href=\"https:\/\/perso.atilf.fr\/sollinge\/wp-content\/uploads\/sites\/13\/2019\/06\/structureRLF_RLA.pdf\" rel=\"noopener noreferrer\" target=\"_blank\">pdf<\/a><\/td>\n<\/tr>\n<tr class=\"row-26\">\n\t<td class=\"column-1\">21 f\u00e9vrier 2013<\/td><td class=\"column-2\">S. Ollinger<\/td><td class=\"column-3\">Une \u00e9bauche de d\u00e9tection de paires de lexies en relation analogique<\/td><td class=\"column-4\">2e journ\u00e9e RELIEF, MSH, Nancy<\/td><td class=\"column-5\"><a href=\"https:\/\/prezi.com\/_zvt_l5y8lfj\/?token=e0ea970276c2e527ac8ef168c61776e80385f2eef432b3a21468ce424e68d1e9&amp;utm_campaign=share&amp;utm_medium=copy&amp;rc=ex0share\" rel=\"noopener noreferrer\" target=\"_blank\">prezi<\/a><\/td>\n<\/tr>\n<tr class=\"row-27\">\n\t<td class=\"column-1\">21 f\u00e9vrier 2013<\/td><td class=\"column-2\">E. Jacquey, V.\u00a0Lux-Pogodalla, S.\u00a0Ollinger, C.\u00a0Pestel<\/td><td class=\"column-3\">TXM : utilisations pour le projet RELIEF<\/td><td class=\"column-4\">2e journ\u00e9e RELIEF, MSH, Nancy<\/td><td class=\"column-5\"><\/td>\n<\/tr>\n<tr class=\"row-28\">\n\t<td class=\"column-1\">22 mai 2012<\/td><td class=\"column-2\">S. Ollinger<\/td><td class=\"column-3\">RLF : Structure de graphe<\/td><td class=\"column-4\">1re journ\u00e9e RELIEF, ATILF, Nancy<\/td><td class=\"column-5\"><a href=\"https:\/\/www.atilf.fr\/wp-content\/uploads\/projets-ressources\/atilf_Relief_1ere_J_10-STRUCTURE_DE_GRAPHE.pdf\" rel=\"noopener noreferrer\" target=\"_blank\">pdf<\/a><\/td>\n<\/tr>\n<tr class=\"row-29\">\n\t<td colspan=\"5\" class=\"column-1\">Terminologie<\/td>\n<\/tr>\n<tr class=\"row-30\">\n\t<td class=\"column-1\">15 juin 2016<\/td><td class=\"column-2\">F.\u00a0Brin-Henry, E.\u00a0Jacquey, S.\u00a0Ollinger, J.\u00a0P\u00e9rignon<\/td><td class=\"column-3\">Projet Ortho Corpus<\/td><td class=\"column-4\">S\u00e9minaire technique ATILF, ATILF, Nancy<\/td><td class=\"column-5\"><\/td>\n<\/tr>\n<tr class=\"row-31\">\n\t<td colspan=\"5\" class=\"column-1\">Cr\u00e9ativit\u00e9 lexicale<\/td>\n<\/tr>\n<tr class=\"row-32\">\n\t<td class=\"column-1\">9 mai 2008 <\/td><td class=\"column-2\">S. Ollinger &amp; M.\u00a0Valette<\/td><td class=\"column-3\">La cr\u00e9ativit\u00e9 lexicale : des pratiques sociales aux textes<\/td><td class=\"column-4\">CINEO 2008, Institut Universitari de Ling\u00fc\u00edstica Aplicada, Universitat Pompeu Fabra, Barcelone<\/td><td class=\"column-5\"><a href=\"https:\/\/hal.archives-ouvertes.fr\/hal-01806090v1\" rel=\"noopener noreferrer\" target=\"_blank\">pdf<\/a><\/td>\n<\/tr>\n<tr class=\"row-33\">\n\t<td class=\"column-1\">17 janvier 2008 <\/td><td class=\"column-2\">S. Ollinger<\/td><td class=\"column-3\">La POMPAMO : extraction de n\u00e9ologismes<\/td><td class=\"column-4\">TAL Seminar, LORIA, Vand\u0153uvre-l\u00e8s-Nancy<\/td><td class=\"column-5\"><\/td>\n<\/tr>\n<tr class=\"row-34\">\n\t<td class=\"column-1\">16 mars 2007<\/td><td class=\"column-2\">S. Ollinger<\/td><td class=\"column-3\">La Pompamo : un outil de d\u00e9tection des candidats \u00e0 la n\u00e9ologie pour la veille lexicale <\/td><td class=\"column-4\">S\u00e9minaire ATILF, ATILF, Nancy<\/td><td class=\"column-5\"><\/td>\n<\/tr>\n<tr class=\"row-35\">\n\t<td class=\"column-1\">27 janvier 2007<\/td><td class=\"column-2\">S. Ollinger &amp; M.\u00a0Valette<\/td><td class=\"column-3\">La cr\u00e9ativit\u00e9 lexicale : des pratiques sociales aux textes<\/td><td class=\"column-4\">Conf\u00e9rence de l\u2019ED268, Universit\u00e9 Sorbonne Nouvelle, Paris 3, Ecole Doctorale 268, Paris <\/td><td class=\"column-5\"><\/td>\n<\/tr>\n<tr class=\"row-36\">\n\t<td class=\"column-1\">26 janvier 2007<\/td><td class=\"column-2\">S. Ollinger<\/td><td class=\"column-3\">POMPAMO : outil de d\u00e9tection de candidats \u00e0 la n\u00e9ologie<\/td><td class=\"column-4\">S\u00e9minaire Lexicographie et informatique M\u00e9tadif, Universit\u00e9 de Cergy-Pontoise, Cergy-Pontoise<\/td><td class=\"column-5\"><a href=\"https:\/\/cnrtl.fr\/outils\/pompamo\/DocumentationPompamo.pdf\" rel=\"noopener noreferrer\" target=\"_blank\">pdf<\/a><\/td>\n<\/tr>\n<tr class=\"row-37\">\n\t<td colspan=\"5\" class=\"column-1\">Ing\u00e9nieure en SHS<\/td>\n<\/tr>\n<tr class=\"row-38\">\n\t<td class=\"column-1\">24 mai 2024<\/td><td class=\"column-2\">M.\u00a0Dassa, M.\u00a0B\u00e9lign\u00e9, J.\u00a0Lascar, S.\u00a0Ollinger<\/td><td class=\"column-3\">Se faciliter la vie avec l\u2019IA sans briser nos collectifs (table ronde)<\/td><td class=\"column-4\">Journ\u00e9es annuelles du r\u00e9seau Mate-SHS : Intelligence artificielle - applications et implications pour le m\u00e9tier d'ing\u00e9nieur en SHS, Sciences Po Lille,Lille<\/td><td class=\"column-5\"><\/td>\n<\/tr>\n<\/tbody>\n<\/table>\n<!-- #tablepress-15 from cache -->\n","protected":false},"excerpt":{"rendered":"","protected":false},"author":1,"featured_media":0,"parent":0,"menu_order":0,"comment_status":"closed","ping_status":"closed","template":"","meta":{"footnotes":""},"class_list":["post-21","page","type-page","status-publish","hentry"],"_links":{"self":[{"href":"https:\/\/perso.atilf.fr\/sollinge\/wp-json\/wp\/v2\/pages\/21","targetHints":{"allow":["GET"]}}],"collection":[{"href":"https:\/\/perso.atilf.fr\/sollinge\/wp-json\/wp\/v2\/pages"}],"about":[{"href":"https:\/\/perso.atilf.fr\/sollinge\/wp-json\/wp\/v2\/types\/page"}],"author":[{"embeddable":true,"href":"https:\/\/perso.atilf.fr\/sollinge\/wp-json\/wp\/v2\/users\/1"}],"replies":[{"embeddable":true,"href":"https:\/\/perso.atilf.fr\/sollinge\/wp-json\/wp\/v2\/comments?post=21"}],"version-history":[{"count":5,"href":"https:\/\/perso.atilf.fr\/sollinge\/wp-json\/wp\/v2\/pages\/21\/revisions"}],"predecessor-version":[{"id":331,"href":"https:\/\/perso.atilf.fr\/sollinge\/wp-json\/wp\/v2\/pages\/21\/revisions\/331"}],"wp:attachment":[{"href":"https:\/\/perso.atilf.fr\/sollinge\/wp-json\/wp\/v2\/media?parent=21"}],"curies":[{"name":"wp","href":"https:\/\/api.w.org\/{rel}","templated":true}]}}