{"id":230,"date":"2019-06-25T13:42:04","date_gmt":"2019-06-25T12:42:04","guid":{"rendered":"https:\/\/perso.atilf.fr\/sollinge\/?page_id=230"},"modified":"2020-10-05T13:27:11","modified_gmt":"2020-10-05T12:27:11","slug":"seminaire-chypre","status":"publish","type":"page","link":"https:\/\/perso.atilf.fr\/sollinge\/enseignement\/seminaire-chypre\/","title":{"rendered":"S\u00e9minaire Chypre"},"content":{"rendered":"<p style=\"text-align: left\">\n\t<span style=\"font-family: Open Sans Condensed;font-size: 1.5em\">Intervenantes<\/span>\n<\/p>\n<p style=\"text-align: justify\">\n\tEvelyne Jacquey, Sandrine Ollinger\n<\/p>\n<div class=\"chapitre\">\n<p style=\"text-align: left\">\n\t\t<span style=\"font-family: Open Sans Condensed;font-size: 1.5em\">Exercices pr\u00e9paratoires<\/span>\n\t<\/p>\n<div class=\"section\">\n\t\t<span style=\"padding-left: 2em\">Se familiariser avec les fonctionnalit\u00e9s d&rsquo;un concordancier<\/span><\/p>\n<div style=\"text-align: right\">Exercices (<a href=\"https:\/\/mycore.core-cloud.net\/index.php\/s\/OguoeA2l7KaY15s\" rel=\"noopener noreferrer\" target=\"_blank\">pdf<\/a>)<\/div>\n<\/p><\/div>\n<div class=\"section\">\n\t\t<span style=\"padding-left: 2em\">Se familiariser avec les expressions r\u00e9guli\u00e8res<\/span><\/p>\n<div style=\"text-align: justify;font-size: small\">\n\t\t\tPour ces exercices, vous devez t\u00e9l\u00e9charger le document <span style=\"color: #292929\">Exercices<\/span> et l&rsquo;archive <span style=\"color: #292929\">Donn\u00e9es<\/span>. Une fois d\u00e9compress\u00e9e, cette archive vous donne acc\u00e8s \u00e0 4 fichiers. Vous aurez \u00e9galement besoin de fichiers disponibles dans la partie documents de r\u00e9f\u00e9rence.\n\t\t<\/div>\n<div style=\"text-align: right\">Exercices (<a href=\"https:\/\/mycore.core-cloud.net\/index.php\/s\/sjpqM8IRGvaVEkY\" rel=\"noopener noreferrer\" target=\"_blank\">pdf<\/a>)<\/div>\n<div style=\"text-align: right\">Donn\u00e9es (<a href=\"https:\/\/mycore.core-cloud.net\/index.php\/s\/D1pCQX8dNdVp0vn\" rel=\"noopener noreferrer\" target=\"_blank\">zip<\/a>)<\/div>\n<div style=\"text-align: right\">Correction (<a href=\"https:\/\/mycore.core-cloud.net\/index.php\/s\/pQe8G2v4Yqk1rqV\" rel=\"noopener noreferrer\" target=\"_blank\">pdf<\/a>)<\/div>\n<\/p><\/div>\n<div class=\"section\">\n\t\t<span style=\"padding-left: 2em\">Se familiariser avec le dictionnaire le TLFi<\/span><\/p>\n<div style=\"text-align: justify;font-size: small\">\n\t\t\tPour ces exercices, vous aurez \u00e9galement besoin de fichiers disponibles dans la partie documents de r\u00e9f\u00e9rence.\n\t\t<\/div>\n<div style=\"text-align: right\">Exercices (<a href=\"https:\/\/mycore.core-cloud.net\/index.php\/s\/n2r46Zu090gBND8\" rel=\"noopener noreferrer\" target=\"_blank\">pdf<\/a>)<\/div>\n<\/p><\/div>\n<\/div>\n<div class=\"chapitre\">\n<p style=\"text-align: left\">\n\t\t<span style=\"font-family: Open Sans Condensed;font-size: 1.5em\">Constitution de corpus<\/span>\n\t<\/p>\n<div class=\"section\">\n\t\t<span style=\"padding-left: 2em\">Introduction<\/span><\/p>\n<div style=\"text-align: right\">Constitution de corpus (<a href=\"https:\/\/mycore.core-cloud.net\/index.php\/s\/UN9Ix2F79uGdHhs\" rel=\"noopener noreferrer\" target=\"_blank\">pdf<\/a>)<\/div>\n<\/p><\/div>\n<div class=\"section\">\n\t\t<span style=\"padding-left: 2em\">Frantext<\/span><\/p>\n<div style=\"text-align: right\">Constitution de corpus Frantext (<a href=\"https:\/\/mycore.core-cloud.net\/index.php\/s\/kcGxi79lWRiSNAM\" rel=\"noopener noreferrer\" target=\"_blank\">pdf<\/a>)<\/div>\n<div style=\"text-align: right\">Bidouiller pour exploiter Frantext libre de droit (<a href=\"https:\/\/mycore.core-cloud.net\/index.php\/s\/A4OS5qdGaBIXPsU\" rel=\"noopener noreferrer\" target=\"_blank\">pdf<\/a>)<\/div>\n<\/p><\/div>\n<\/div>\n<div class=\"chapitre\">\n<p style=\"text-align: left\">\n\t\t<span style=\"font-family: Open Sans Condensed;font-size: 1.5em\">Concordances<\/span>\n\t<\/p>\n<div class=\"section\">\n\t\t<span style=\"padding-left: 2em\">Frantext<\/span><\/p>\n<div style=\"text-align: right\">Concordances sous Frantext (<a href=\"https:\/\/mycore.core-cloud.net\/index.php\/s\/RtlqteXk81elfv4\" rel=\"noopener noreferrer\" target=\"_blank\">pdf<\/a>)<\/div>\n<\/p><\/div>\n<div class=\"section\">\n\t\t<span style=\"padding-left: 2em\">Antconc<\/span><\/p>\n<div style=\"text-align: right\">Concordances sous Antconc (<a>pdf<\/a>)<\/div>\n<\/p><\/div>\n<div class=\"section\">\n\t\t<span style=\"padding-left: 2em\">Export-Import tableurs<\/span><\/p>\n<div style=\"text-align: right\">Exploiter des concordances avec un tableur (<a href=\"https:\/\/mycore.core-cloud.net\/index.php\/s\/wDENOJG6luDego8\" rel=\"noopener noreferrer\" target=\"_blank\">pdf<\/a>)<\/div>\n<\/p><\/div>\n<div class=\"section\">\n\t\t<span style=\"padding-left: 2em\">Exercice pratique<\/span><\/p>\n<div style=\"text-align: right\">TP Syntaxe (<a href=\"https:\/\/mycore.core-cloud.net\/index.php\/s\/44kWx36X38LhsJN\" rel=\"noopener noreferrer\" target=\"_blank\">pdf<\/a>)<\/div>\n<div style=\"text-align: right\">Correction (<a href=\"https:\/\/mycore.core-cloud.net\/index.php\/s\/YQj7i4lFoMVQv5p\" rel=\"noopener noreferrer\" target=\"_blank\">zip<\/a>)<\/div>\n<\/p><\/div>\n<\/div>\n<div class=\"chapitre\">\n<p style=\"text-align: left\">\n\t\t<span style=\"font-family: Open Sans Condensed;font-size: 1.5em\">Extracteur de terminologie<\/span>\n\t<\/p>\n<div class=\"section\">\n\t\t<span style=\"padding-left: 2em\">Termostat<\/span><\/p>\n<div style=\"text-align: right\">Termostat (<a href=\"https:\/\/mycore.core-cloud.net\/index.php\/s\/Zp3XuZ2rB6I50mX\" rel=\"noopener noreferrer\" target=\"_blank\">pdf<\/a>)<\/div>\n<\/p><\/div>\n<\/div>\n<div class=\"chapitre\">\n<p style=\"text-align: left\">\n\t\t<span style=\"font-family: Open Sans Condensed;font-size: 1.5em\">Champs lexicaux<\/span>\n\t<\/p>\n<div class=\"section\">\n\t\t<span style=\"padding-left: 2em\">Constitution de champs lexicaux<\/span><\/p>\n<div style=\"text-align: right\">Champs lexicaux (<a href=\"https:\/\/mycore.core-cloud.net\/index.php\/s\/px3RwBemrZupfdN\" rel=\"noopener noreferrer\" target=\"_blank\">pdf<\/a>)<\/div>\n<div style=\"text-align: right\">Correction (<a href=\"https:\/\/mycore.core-cloud.net\/index.php\/s\/Khf6nWfbct6iiKk\" rel=\"noopener noreferrer\" target=\"_blank\">pdf<\/a>)<\/div>\n<\/p><\/div>\n<\/div>\n<div class=\"chapitre\">\n<p style=\"text-align: left\">\n\t\t<span style=\"font-family: Open Sans Condensed;font-size: 1.5em\">Documents de r\u00e9f\u00e9rence<\/span>\n\t<\/p>\n<div class=\"section\">\n\t\t<span style=\"padding-left: 2em\">Expressions r\u00e9guli\u00e8res<\/span><\/p>\n<div style=\"text-align: right\">M\u00e9mo REGEXP (<a href=\"https:\/\/mycore.core-cloud.net\/index.php\/s\/piF6DU4DeHrLyQO\" rel=\"noopener noreferrer\" target=\"_blank\">pdf<\/a>)<\/div>\n<\/p><\/div>\n<div class=\"section\">\n\t\t<span style=\"padding-left: 2em\">\u00c9diteur Notepad++<\/span><\/p>\n<div style=\"text-align: right\">M\u00e9mo Notepad++ (<a href=\"https:\/\/mycore.core-cloud.net\/index.php\/s\/MGADxcMgWDR00cX\" rel=\"noopener noreferrer\" target=\"_blank\">pdf<\/a>)<\/div>\n<\/p><\/div>\n<div class=\"section\">\n\t\t<span style=\"padding-left: 2em\">TLFi<\/span><\/p>\n<div style=\"text-align: right\">Pr\u00e9sentation du TLFi (<a href=\"https:\/\/mycore.core-cloud.net\/index.php\/s\/Yq1anVfb8tqbkRJ\" rel=\"noopener noreferrer\" target=\"_blank\">pdf<\/a>)<\/div>\n<div style=\"text-align: right\">Pr\u00e9face originale du TLF (<a href=\"https:\/\/mycore.core-cloud.net\/index.php\/s\/Ht0pRXpS4OE9VWl\" rel=\"noopener noreferrer\" target=\"_blank\">pdf<\/a>)<\/div>\n<div style=\"text-align: right\">Pr\u00e9face du TLFi (<a href=\"https:\/\/mycore.core-cloud.net\/index.php\/s\/hcnnR94fJ9E0lH7\" rel=\"noopener noreferrer\" target=\"_blank\">pdf<\/a>)<\/div>\n<div style=\"text-align: right\">Abbr\u00e9viations du TLFi (<a href=\"https:\/\/mycore.core-cloud.net\/index.php\/s\/2JHZqp1yNmwq2Hh\" rel=\"noopener noreferrer\" target=\"_blank\">pdf<\/a>)<\/div>\n<\/p><\/div>\n<\/div>\n<div class=\"chapitre\">\n<p style=\"text-align: left\">\n\t\t<span style=\"font-family: Open Sans Condensed;font-size: 1.5em\">Divers liens<\/span>\n\t<\/p>\n<div class=\"section\">\n\t\t<span style=\"padding-left: 2em\">Ressources langue \u00e9crite<\/span><\/p>\n<div style=\"text-align: right\"><a href=\"http:\/\/www.cnrtl.fr\/\" rel=\"noopener noreferrer\" target=\"_blank\">CNRTL<\/a><\/div>\n<div style=\"text-align: right\"><a href=\"http:\/\/www.frantext.fr\/\" rel=\"noopener noreferrer\" target=\"_blank\">Frantext<\/a><\/div>\n<div style=\"text-align: right\"><a href=\"http:\/\/atilf.atilf.fr\/\" rel=\"noopener noreferrer\" target=\"_blank\">TLFi<\/a><\/div>\n<div style=\"text-align: right\"><a href=\"http:\/\/www.laurenceanthony.net\/software.html\" rel=\"noopener noreferrer\" target=\"_blank\">AntConc<\/a><\/div>\n<div style=\"text-align: right\"><a href=\"http:\/\/olst.ling.umontreal.ca\/~drouinp\/termostat_web\/\" rel=\"noopener noreferrer\" target=\"_blank\">Termostat<\/a><\/div>\n<div style=\"text-align: right\"><a href=\"http:\/\/textometrie.ens-lyon.fr\/\" rel=\"noopener noreferrer\" target=\"_blank\">TXM<\/a><\/div>\n<\/p><\/div>\n<div class=\"section\">\n\t\t<span style=\"padding-left: 2em\">Ressources langue orale<\/span><\/p>\n<div style=\"text-align: right\"><a href=\"http:\/\/www.sldr.fr\/\" rel=\"noopener noreferrer\" target=\"_blank\">SLDR<\/a><\/div>\n<div style=\"text-align: right\"><a href=\"https:\/\/cnrtl.fr\/corpus\/tcof\/\" rel=\"noopener noreferrer\" target=\"_blank\">TCOF<\/a><\/div>\n<\/p><\/div>\n<\/div>\n","protected":false},"excerpt":{"rendered":"<p>Intervenantes Evelyne Jacquey, Sandrine Ollinger Exercices pr\u00e9paratoires Se familiariser avec les fonctionnalit\u00e9s d&rsquo;un concordancier Exercices (pdf) Se familiariser avec les expressions r\u00e9guli\u00e8res Pour ces exercices, vous devez t\u00e9l\u00e9charger le document Exercices et l&rsquo;archive Donn\u00e9es. Une fois d\u00e9compress\u00e9e, cette archive vous donne acc\u00e8s \u00e0 4 fichiers. Vous aurez \u00e9galement besoin de fichiers disponibles dans la partie [&hellip;]<\/p>\n","protected":false},"author":17,"featured_media":0,"parent":13,"menu_order":0,"comment_status":"closed","ping_status":"closed","template":"","meta":{"footnotes":""},"class_list":["post-230","page","type-page","status-publish","hentry"],"_links":{"self":[{"href":"https:\/\/perso.atilf.fr\/sollinge\/wp-json\/wp\/v2\/pages\/230","targetHints":{"allow":["GET"]}}],"collection":[{"href":"https:\/\/perso.atilf.fr\/sollinge\/wp-json\/wp\/v2\/pages"}],"about":[{"href":"https:\/\/perso.atilf.fr\/sollinge\/wp-json\/wp\/v2\/types\/page"}],"author":[{"embeddable":true,"href":"https:\/\/perso.atilf.fr\/sollinge\/wp-json\/wp\/v2\/users\/17"}],"replies":[{"embeddable":true,"href":"https:\/\/perso.atilf.fr\/sollinge\/wp-json\/wp\/v2\/comments?post=230"}],"version-history":[{"count":19,"href":"https:\/\/perso.atilf.fr\/sollinge\/wp-json\/wp\/v2\/pages\/230\/revisions"}],"predecessor-version":[{"id":866,"href":"https:\/\/perso.atilf.fr\/sollinge\/wp-json\/wp\/v2\/pages\/230\/revisions\/866"}],"up":[{"embeddable":true,"href":"https:\/\/perso.atilf.fr\/sollinge\/wp-json\/wp\/v2\/pages\/13"}],"wp:attachment":[{"href":"https:\/\/perso.atilf.fr\/sollinge\/wp-json\/wp\/v2\/media?parent=230"}],"curies":[{"name":"wp","href":"https:\/\/api.w.org\/{rel}","templated":true}]}}