{"id":35,"date":"2015-06-29T13:47:31","date_gmt":"2015-06-29T12:47:31","guid":{"rendered":"https:\/\/apps.atilf.fr\/homepages\/sollinge\/?page_id=35"},"modified":"2024-01-30T12:54:38","modified_gmt":"2024-01-30T11:54:38","slug":"accueil","status":"publish","type":"page","link":"https:\/\/perso.atilf.fr\/sollinge\/","title":{"rendered":"Accueil"},"content":{"rendered":"<p style=\"text-align: left\"><span style=\"font-family: Open Sans Condensed;font-size: 1.5em\">Fonctions<\/span><\/p>\n<p>Ing\u00e9nieure de recherche en production, traitement et analyse de donn\u00e9es<\/p>\n<p><span style=\"font-family: Open Sans Condensed;font-size: 1.5em\">Responsabilit\u00e9s<\/span><\/p>\n\n<table id=\"tablepress-16\" class=\"tablepress tablepress-id-16 tbody-has-connected-cells\">\n<tbody class=\"row-hover\">\n<tr class=\"row-1\">\n\t<td colspan=\"2\" class=\"column-1\">En cours<\/td>\n<\/tr>\n<tr class=\"row-2\">\n\t<td class=\"column-1\">Depuis 2023<\/td><td class=\"column-2\">Responsable du groupe de recherche <a href=\"https:\/\/perso.atilf.fr\/sollinge\/polysemie-et-ambiguite-lexicale\/\" target=\"_blank\" rel=\"noopener\">PAL<\/a><\/td>\n<\/tr>\n<tr class=\"row-3\">\n\t<td class=\"column-1\">Depuis 2020<\/td><td class=\"column-2\">Co-responsable des s\u00e9minaires <a target=\"_blank\" href=\"https:\/\/str.atilf.fr\/strange-thursdays\/\" rel=\"noopener\">STRange Thursdays<\/a><\/td>\n<\/tr>\n<tr class=\"row-4\">\n\t<td class=\"column-1\">2024-2028<\/td><td class=\"column-2\">Membre du comit\u00e9 scientifique revue <a href=\"https:\/\/msh-lorraine.fr\/mshl-17\/\" target=\"_blank\" rel=\"noopener\">Data &amp; Corpus<\/a><\/td>\n<\/tr>\n<tr class=\"row-5\">\n\t<td class=\"column-1\">2024-2026<\/td><td class=\"column-2\">Membre du comit\u00e9 d'organisation scientifique <a href=\"https:\/\/lexiques.sciencesconf.org\/\" target=\"_blank\" rel=\"noopener\">Lexiques 2026<\/a><\/td>\n<\/tr>\n<tr class=\"row-6\">\n\t<td colspan=\"2\" class=\"column-1\">Pass\u00e9es<\/td>\n<\/tr>\n<tr class=\"row-7\">\n\t<td class=\"column-1\">2024-2025<\/td><td class=\"column-2\">Membre du comit\u00e9 d'organisation <a href=\"https:\/\/neala2025.sciencesconf.org\/\" target=\"_blank\" rel=\"noopener\">N\u00e9ala 2025<\/a><\/td>\n<\/tr>\n<tr class=\"row-8\">\n\t<td class=\"column-1\">2010-2023<\/td><td class=\"column-2\">Membre du conseil d'unit\u00e9 de l\u02bcATILF <\/td>\n<\/tr>\n<tr class=\"row-9\">\n\t<td class=\"column-1\">2020-2022<\/td><td class=\"column-2\">Co-responsable du comit\u00e9 d'organisation des <a href=\"https:\/\/20ans.atilf.fr\/\" target=\"_blank\" rel=\"noopener noreferrer\">20 ans de l\u2019ATILF<\/a><\/td>\n<\/tr>\n<tr class=\"row-10\">\n\t<td class=\"column-1\">2019-2021<\/td><td class=\"column-2\">Membre du comit\u00e9 d'organisation des Journ\u00e9es de Rentr\u00e9es <br \/>\nde l'ATILF\u00a0\u2014\u00a0responsable du programme scientifique<\/td>\n<\/tr>\n<tr class=\"row-11\">\n\t<td class=\"column-1\">2015-2020<\/td><td class=\"column-2\">Correspondante ATILF au sein du groupe de travail \u00c9DI <br \/>\n(\u00c9galite, Diversit\u00e9, Inclusion) de l\u02bcUniversit\u00e9 de Lorraine<\/td>\n<\/tr>\n<\/tbody>\n<\/table>\n<!-- #tablepress-16 from cache -->\n<p><span style=\"font-family: Open Sans Condensed;font-size: 1.5em\">Coordonn\u00e9es<\/span><\/p>\n\n<table id=\"tablepress-4\" class=\"tablepress tablepress-id-4\">\n<tbody class=\"row-hover\">\n<tr class=\"row-1\">\n\t<td class=\"column-1\">Axes<\/td><td class=\"column-2\">Lexique<br \/>\nMod\u00e9lisation, ressources et traitement informatique<\/td>\n<\/tr>\n<tr class=\"row-2\">\n\t<td class=\"column-1\">Groupes de Recherche<\/td><td class=\"column-2\">Polys\u00e9mie &amp; Ambigu\u00eft\u00e9 Lexicale<br \/>\nLexicologie des R\u00e9seaux Lexicaux<br \/>\nTerminologie &amp; Ortophonie<br \/>\nTELEXAGORA<\/td>\n<\/tr>\n<tr class=\"row-3\">\n\t<td class=\"column-1\">Groupe de Travail<\/td><td class=\"column-2\">Sciences Ouvertes<br \/>\n<\/td>\n<\/tr>\n<tr class=\"row-4\">\n\t<td class=\"column-1\">Service<\/td><td class=\"column-2\">Soutien Technique \u00e0 la Recherche<\/td>\n<\/tr>\n<tr class=\"row-5\">\n\t<td class=\"column-1\">Courriel<\/td><td class=\"column-2\">Sandrine(point)Ollinger(arobase)atilf(point)fr<\/td>\n<\/tr>\n<tr class=\"row-6\">\n\t<td class=\"column-1\">T\u00e9l\u00e9phone<\/td><td class=\"column-2\">03 54 50 52 98<\/td>\n<\/tr>\n<tr class=\"row-7\">\n\t<td class=\"column-1\">Adresse<\/td><td class=\"column-2\">ATILF <br \/>\n44, avenue de la Lib\u00e9ration <br \/>\nB.P. 30687 <br \/>\n54063 Nancy Cedex<\/td>\n<\/tr>\n<tr class=\"row-8\">\n\t<td class=\"column-1\">Lieu<\/td><td class=\"column-2\">Bureau 106 - 1er \u00e9tage - B\u00e2timent CNRS<\/td>\n<\/tr>\n<\/tbody>\n<\/table>\n<!-- #tablepress-4 from cache -->\n<p><span style=\"font-family: Open Sans Condensed;font-size: 1.5em\">Plateformes<\/span><\/p>\n\n<table id=\"tablepress-5\" class=\"tablepress tablepress-id-5\">\n<tbody class=\"row-hover\">\n<tr class=\"row-1\">\n\t<td class=\"column-1\">ORTOLANG<\/td><td class=\"column-2\"><a href=\"https:\/\/www.ortolang.fr\/contributors\/sandrine_ollinger\"> \thttps:\/\/www.ortolang.fr\/contributors\/sandrine_ollinger<\/a><\/td>\n<\/tr>\n<tr class=\"row-2\">\n\t<td class=\"column-1\">HAL-SHS<\/td><td class=\"column-2\"><a href=\"https:\/\/cv.archives-ouvertes.fr\/sandrine-ollinger\">https:\/\/cv.archives-ouvertes.fr\/sandrine-ollinger<\/a><\/td>\n<\/tr>\n<tr class=\"row-3\">\n\t<td class=\"column-1\">GitLab<\/td><td class=\"column-2\"><a href=\"https:\/\/gitlab.univ-lorraine.fr\/ollinger5\">https:\/\/gitlab.univ-lorraine.fr\/ollinger5<\/a><\/td>\n<\/tr>\n<\/tbody>\n<\/table>\n<!-- #tablepress-5 from cache -->\n","protected":false},"excerpt":{"rendered":"<p>Fonctions Ing\u00e9nieure de recherche en production, traitement et analyse de donn\u00e9es Responsabilit\u00e9s Coordonn\u00e9es Plateformes<\/p>\n","protected":false},"author":1,"featured_media":0,"parent":0,"menu_order":0,"comment_status":"closed","ping_status":"closed","template":"","meta":{"footnotes":""},"class_list":["post-35","page","type-page","status-publish","hentry"],"_links":{"self":[{"href":"https:\/\/perso.atilf.fr\/sollinge\/wp-json\/wp\/v2\/pages\/35","targetHints":{"allow":["GET"]}}],"collection":[{"href":"https:\/\/perso.atilf.fr\/sollinge\/wp-json\/wp\/v2\/pages"}],"about":[{"href":"https:\/\/perso.atilf.fr\/sollinge\/wp-json\/wp\/v2\/types\/page"}],"author":[{"embeddable":true,"href":"https:\/\/perso.atilf.fr\/sollinge\/wp-json\/wp\/v2\/users\/1"}],"replies":[{"embeddable":true,"href":"https:\/\/perso.atilf.fr\/sollinge\/wp-json\/wp\/v2\/comments?post=35"}],"version-history":[{"count":46,"href":"https:\/\/perso.atilf.fr\/sollinge\/wp-json\/wp\/v2\/pages\/35\/revisions"}],"predecessor-version":[{"id":1129,"href":"https:\/\/perso.atilf.fr\/sollinge\/wp-json\/wp\/v2\/pages\/35\/revisions\/1129"}],"wp:attachment":[{"href":"https:\/\/perso.atilf.fr\/sollinge\/wp-json\/wp\/v2\/media?parent=35"}],"curies":[{"name":"wp","href":"https:\/\/api.w.org\/{rel}","templated":true}]}}