{"id":453,"date":"2020-02-05T14:47:51","date_gmt":"2020-02-05T13:47:51","guid":{"rendered":"https:\/\/perso.atilf.fr\/sollinge\/?page_id=453"},"modified":"2024-07-29T14:30:33","modified_gmt":"2024-07-29T13:30:33","slug":"bel-rl-fr","status":"publish","type":"page","link":"https:\/\/perso.atilf.fr\/sollinge\/projets\/bel-rl-fr\/","title":{"rendered":"BEL-RL-fr"},"content":{"rendered":"<p>Le projet BEL-RL-fr a d\u00e9but\u00e9 en 2018. Il est intimement li\u00e9 au R\u00e9seau lexical du fran\u00e7ais (RL-fr), dont il valorise la base de citations lexicographiques, \u00e0 travers sa diffusion et son exploitation dans le cadre de travaux exploratoires sur l\u2019ambigu\u00eft\u00e9 lexicale.<\/p>\n<p>Les citations utilis\u00e9es comme exemples lexicographiques repr\u00e9sentent un genre textuel particuliers. En tant que courts extraits choisis pour illustrer des sens et leurs emplois, elles pr\u00e9sentent notamment un int\u00e9r\u00eat pour les travaux en d\u00e9sambigu\u00efsation lexicale automatique (Lux-Pogodalla 2014).<\/p>\n<p>Afin d\u2019en simplifier l\u2019appropriation et l\u2019exploitation, la base d\u2019exemples associ\u00e9e au RL-fr est distribu\u00e9e depuis d\u00e9cembre 2019 sur l\u2019\u00e9quipex Ortolang en tant que corpus ind\u00e9pendant, sous le nom de BEL-RL-fr. <\/p>\n<p>Tout comme le RL-fr, cette base est enrichie quotidiennement.<\/p>\n<p>Dans l\u2019\u00e9tat courant du r\u00e9seau, on d\u00e9nombre 52\u00a0218 exemples, associant des unit\u00e9s lexicales \u00e0 33\u00a0051 citations. Chaque unit\u00e9 lexicale est illustr\u00e9e par 1 \u00e0 63\u00a0exemples et chaque citation est utilis\u00e9e pour illustrer 1 \u00e0 12\u00a0unit\u00e9s lexicales distinctes. <\/p>\n<p>Ainsi, la citation ci-dessous sert d\u2019exemple lexicographique \u00e0 chacune des douze unit\u00e9s lexicales en bleu. D&rsquo;un clic, vous pouvez visualiser leur int\u00e9gration au r\u00e9seau et leur description description lexicographique.<\/p>\n<div style=\"background-color: #f1f4f7;padding:15px;margin-bottom:10px\">\n<div>Chez nous il est tout juste 20 h et nous <a href=\"https:\/\/spiderlex.atilf.fr\/fr\/id\/29244\" target=\"_blank\" rel=\"noopener noreferrer\">revenons<\/a> du <a href=\"https:\/\/spiderlex.atilf.fr\/fr\/id\/29497\" target=\"_blank\" rel=\"noopener noreferrer\">stade<\/a> <a href=\"https:\/\/spiderlex.atilf.fr\/fr\/id\/28598\" target=\"_blank\" rel=\"noopener noreferrer\">o\u00f9<\/a> nous <a href=\"https:\/\/spiderlex.atilf.fr\/fr\/id\/39134\" target=\"_blank\" rel=\"noopener noreferrer\">avons fait<\/a> un <a href=\"https:\/\/spiderlex.atilf.fr\/fr\/id\/35122\" target=\"_blank\" rel=\"noopener noreferrer\">petit<\/a> <a href=\"https:\/\/spiderlex.atilf.fr\/fr\/id\/39272\" target=\"_blank\" rel=\"noopener noreferrer\">football<\/a> <a href=\"https:\/\/spiderlex.atilf.fr\/fr\/id\/39987\" target=\"_blank\" rel=\"noopener noreferrer\">avec<\/a> <a href=\"https:\/\/spiderlex.atilf.fr\/fr\/id\/29048\" target=\"_blank\" rel=\"noopener noreferrer\">quelques<\/a> <a href=\"https:\/\/spiderlex.atilf.fr\/fr\/id\/33209\" target=\"_blank\" rel=\"noopener noreferrer\">copains<\/a> <a href=\"https:\/\/spiderlex.atilf.fr\/fr\/id\/31530\" target=\"_blank\" rel=\"noopener noreferrer\">allemands<\/a>, <a href=\"https:\/\/spiderlex.atilf.fr\/fr\/id\/53296\" target=\"_blank\" rel=\"noopener noreferrer\">su\u00e9dois<\/a> et <a href=\"https:\/\/spiderlex.atilf.fr\/fr\/id\/27618\" target=\"_blank\" rel=\"noopener noreferrer\">fran\u00e7ais<\/a>.<\/div>\n<div style=\"text-align: right\"><b> FrWac<\/b>, f\u00e9vrier 2008<\/div>\n<\/div>\n<p>Les citations sont distribu\u00e9es dans un format XML conforme aux propositions de la TEI, qui int\u00e8gre les positions des unit\u00e9s lexicales illustr\u00e9es. Chaque citation est associ\u00e9e \u00e0 l\u2019ensemble des m\u00e9tadonn\u00e9es disponibles (origine, titre de la source, auteur, emplacement, date de publication). Des URI sont utilis\u00e9s pour \u00e9tablir des liens entre BEL-RL-fr et les mises \u00e0 disposition du RL-fr pr\u00e9existantes (visualisation en ligne mise \u00e0 jour quotidiennement, export t\u00e9l\u00e9chargeable).<\/p>\n<p>Ce projet s&rsquo;inscrit dans le cadre des travaux sur les <a href=\"https:\/\/lexical-systems.atilf.fr\/\">Syst\u00e8mes Lexicaux <\/a> men\u00e9s sous la responsabilit\u00e9 d\u2019<a href=\"https:\/\/perso.atilf.fr\/apolguere\/fr\/accueil\/\">Alain Polgu\u00e8re<\/a>.<\/p>\n<p>\u00c0 partir de janvier 2023, le projet BEL-RL-fr se font en partie dans le <a href=\"https:\/\/perso.atilf.fr\/sollinge\/polysemie-et-ambiguite-lexicale\/\">Groupe de Recherche Polys\u00e9mie et Ambigu\u00eft\u00e9 Lexicale<\/a>. <\/p>\n<p>Seules les mises \u00e0 jour de la distribution de la ressource continuent \u00e0 \u00eatre document\u00e9es sur cette page.<\/p>\n\n<table id=\"tablepress-19\" class=\"tablepress tablepress-id-19 tbody-has-connected-cells\">\n<tbody class=\"row-hover\">\n<tr class=\"row-1\">\n\t<td colspan=\"4\" class=\"column-1\">\u00c9tapes<\/td>\n<\/tr>\n<tr class=\"row-2\">\n\t<td class=\"column-1\">mai\u00a0-\u00a0ao\u00fbt 2022<\/td><td class=\"column-2\">Cl\u00e9mentine Bleuze<br \/>\nSandrine Ollinger<br \/>\nMathieu Constant<\/td><td class=\"column-3\">- exp\u00e9riences de d\u00e9sambiguisation lexicale automatique (couples de sens)<br \/>\n- stage de L3<\/td><td class=\"column-4\"><a href=\"https:\/\/perso.atilf.fr\/sollinge\/wp-content\/uploads\/sites\/13\/2022\/09\/rapport_de_stage_Clementine_BLEUZE.pdf\">Rapport de stage<\/a><br \/><br \/>\n<a href=\"https:\/\/perso.atilf.fr\/sollinge\/wp-content\/uploads\/sites\/13\/2022\/09\/soutenance_stage_Clementine_BLEUZE.pdf\">Soutenance<\/a><\/td>\n<\/tr>\n<tr class=\"row-3\">\n\t<td class=\"column-1\">nov. 2020 - juin 2021<\/td><td class=\"column-2\">Aman Sinha<br \/>\nSandrine Ollinger<br \/>\nMathieu Constant<br \/>\nAlain Polgu\u00e8re<\/td><td class=\"column-3\">CPER LCHN<\/td><td class=\"column-4\"><a href=\"https:\/\/aclanthology.org\/2022.textgraphs-1.8\/\" target=\"_blank\" rel=\"noopener\">Article<\/a><br \/>\n<a href=\"https:\/\/github.com\/ATILF-UMR7118\/GraphWSD\" target=\"_blank\" rel=\"noopener\">Code<\/a><br \/>\n<a href=\"https:\/\/perso.atilf.fr\/sollinge\/wp-content\/uploads\/sites\/13\/2022\/10\/GraphWSD-TextGraphs-2022-COLING-16-October-final.pdf\" target=\"_blank\" rel=\"noopener\">Pr\u00e9sentation<\/a><\/td>\n<\/tr>\n<tr class=\"row-4\">\n\t<td class=\"column-1\"><\/td><td class=\"column-2\"><\/td><td class=\"column-3\">- exp\u00e9riences de d\u00e9sambiguisation lexicale automatique<\/td><td class=\"column-4\"><\/td>\n<\/tr>\n<tr class=\"row-5\">\n\t<td class=\"column-1\">janv. 2020 - juin 2024<\/td><td class=\"column-2\">Sandrine Ollinger<br \/>\nDenis Maurel (<a href=\"https:\/\/lifat.univ-tours.fr\/\">Lifat<\/a>)<\/td><td class=\"column-3\">- segmentation en phrases par cascades d'analyse<\/td><td class=\"column-4\"><a href=\"https:\/\/shs.hal.science\/halshs-04663124\" target=\"_blank\" rel=\"noopener\">Article<\/a><br \/>\n<a target=\"_blank\" href=\"https:\/\/tln.lifat.univ-tours.fr\/version-francaise\/ressources\/casfin\" rel=\"noopener\">Distribution<\/a><\/td>\n<\/tr>\n<tr class=\"row-6\">\n\t<td class=\"column-1\">avril 2021<\/td><td class=\"column-2\">Sandrine Ollinger<\/td><td class=\"column-3\"><\/td><td class=\"column-4\"><a href=\"https:\/\/www.ortolang.fr\/market\/corpora\/examples-ls-fr\/V2\">Distribution V2<\/a><\/td>\n<\/tr>\n<tr class=\"row-7\">\n\t<td class=\"column-1\">juin - ao\u00fbt 2020<\/td><td class=\"column-2\">Camille Kuntz<br \/>\nSandrine Ollinger<br \/>\nAlain Polgu\u00e8re<\/td><td class=\"column-3\">IMPACT OLKi-LUE<\/td><td class=\"column-4\"><\/td>\n<\/tr>\n<tr class=\"row-8\">\n\t<td class=\"column-1\"><\/td><td class=\"column-2\"><\/td><td colspan=\"2\" class=\"column-3\">- r\u00e9vision base d'exemples<br \/>\n- validation exemples<br \/>\n- ajout marques d'usage<br \/>\n- r\u00e9vision <a href=\"https:\/\/lexical-systems.atilf.fr\/wp-content\/uploads\/2020\/06\/OllingerPolguere-2020c.pdf\" target=\"_blank\" rel=\"noopener\">M\u00e9mo<\/a><\/td>\n<\/tr>\n<tr class=\"row-9\">\n\t<td class=\"column-1\">f\u00e9vrier 2020<\/td><td class=\"column-2\">Sandrine Ollinger<\/td><td class=\"column-3\">- import TXM<\/td><td class=\"column-4\"><a href=\"https:\/\/perso.atilf.fr\/sollinge\/blog\/2020\/02\/26\/bel-rl-fr-entre-en-txm\/\">Billet<\/a><\/td>\n<\/tr>\n<tr class=\"row-10\">\n\t<td class=\"column-1\">sept. - d\u00e9c. 2019<\/td><td class=\"column-2\">Marine Schmitt<br \/>\nSandrine Ollinger<br \/>\n\u00c9tienne Petitjean<\/td><td class=\"column-3\">CORLI<br \/>\nCPER LCHN<\/td><td class=\"column-4\"><a href=\"https:\/\/www.ortolang.fr\/market\/corpora\/examples-ls-fr\/V1\">Distribution V1<\/a><\/td>\n<\/tr>\n<tr class=\"row-11\">\n\t<td class=\"column-1\"><\/td><td class=\"column-2\"><\/td><td colspan=\"2\" class=\"column-3\">- d\u00e9finition format XML-TEI <br \/>\n- impl\u00e9mentation cha\u00eene de traitement<br \/>\n- essais segmentation en phrases<br \/>\n- corrections exemples<br \/>\n- r\u00e9vision CG statuts lexicaux (Alain Polgu\u00e8re)<\/td>\n<\/tr>\n<tr class=\"row-12\">\n\t<td class=\"column-1\">mars - oct. 2018<\/td><td class=\"column-2\">Sandrine Ollinger<br \/>\n\u00c9velyne Jacquey<br \/>\nVeronika Lux-Pogodalla<br \/>\nSimon M\u00e9oni<br \/>\nAlain Polgu\u00e8re<br \/>\nMarie-Sophie Paus\u00e9<\/td><td class=\"column-3\">CoReA2D<br \/>\nCPER LCHN<\/td><td class=\"column-4\"><\/td>\n<\/tr>\n<tr class=\"row-13\">\n\t<td class=\"column-1\"><\/td><td class=\"column-2\"><\/td><td class=\"column-3\">- annotation d\u2019exemples en sens lexicaux\u00a0:<br \/>\n        \u2022 AUBE<br \/>\n        \u2022 SOLEIL<\/td><td class=\"column-4\"><\/td>\n<\/tr>\n<\/tbody>\n<\/table>\n<!-- #tablepress-19 from cache -->\n\n<table id=\"tablepress-20\" class=\"tablepress tablepress-id-20 tbody-has-connected-cells\">\n<tbody class=\"row-hover\">\n<tr class=\"row-1\">\n\t<td colspan=\"5\" class=\"column-1\">Bibliographie<\/td>\n<\/tr>\n<tr class=\"row-2\">\n\t<td class=\"column-1\">S. Ollinger, D. Maurel<\/td><td class=\"column-2\">2024<\/td><td class=\"column-3\">Segmentation en phrases : ouvrez les guillemets sans perdre le fil<\/td><td class=\"column-4\">JADT 2024 : 17th International Conference on Statistical Analysis of Textual Data, 25-27 juin 2024 Bruxelles (Belgique), Mots compt\u00e9s, textes d\u00e9chiffr\u00e9s, Vol. 2, Anne Dister et Dominique Longre\u0301e (e\u0301d.), Presses Universitaires de Louvain, pages\u00a0683-691.<\/td><td class=\"column-5\"><a href=\"https:\/\/shs.hal.science\/halshs-04663124\" target=\"_blank\" rel=\"noopener\">pdf<\/a><\/td>\n<\/tr>\n<tr class=\"row-3\">\n\t<td class=\"column-1\">S.\u00a0Ollinger<\/td><td class=\"column-2\">2024<\/td><td class=\"column-3\">Distribution du corpus BEL-RL-fr Version 3.1<\/td><td class=\"column-4\">Rapport technique, ATILF CNRS, Nancy<\/td><td class=\"column-5\"><a href=\"https:\/\/repository.ortolang.fr\/api\/content\/examples-ls-fr\/9\/documentationBEL-RL-fr-V3.1.pdf\" target=\"_blank\" rel=\"noopener\">pdf<\/a><\/td>\n<\/tr>\n<tr class=\"row-4\">\n\t<td class=\"column-1\">S.\u00a0Ollinger<\/td><td class=\"column-2\">2023<\/td><td class=\"column-3\">Distribution du corpus BEL-RL-fr \u2014 Version 3<\/td><td class=\"column-4\">Rapport technique, ATILF CNRS, Nancy<\/td><td class=\"column-5\"><a href=\"https:\/\/repository.ortolang.fr\/api\/content\/examples-ls-fr\/7\/documentationBEL-RL-fr-V3.pdf\" target=\"_blank\" rel=\"noopener\">pdf<\/a><\/td>\n<\/tr>\n<tr class=\"row-5\">\n\t<td class=\"column-1\">A.\u00a0Sinha, S.\u00a0Ollinger, M.\u00a0Constant<\/td><td class=\"column-2\">2022<\/td><td class=\"column-3\">Word Sense Disambiguation of French Lexicographical Examples Using Lexical Networks<\/td><td class=\"column-4\">Proceedings of TextGraphs-16: Graph-based Methods for Natural Language Processing, Gyeongju, Republic of Korea, pages 70\u201376<\/td><td class=\"column-5\"><a href=\"https:\/\/aclanthology.org\/2022.textgraphs-1.8\/\" target=\"_blank\" rel=\"noopener\">pdf<\/a><\/td>\n<\/tr>\n<tr class=\"row-6\">\n\t<td class=\"column-1\">S. Ollinger, A. Polgu\u00e8re<\/td><td class=\"column-2\">2020<\/td><td class=\"column-3\">M\u00e9mo Syst\u00e8mes Lexicaux. Exemples lexicographiques <\/td><td class=\"column-4\">Rapport technique, ATILF CNRS, Nancy<\/td><td class=\"column-5\"><a href=\"https:\/\/lexical-systems.atilf.fr\/wp-content\/uploads\/2020\/06\/OllingerPolguere-2020c.pdf\" target=\"_blank\" rel=\"noopener noreferrer\">pdf<\/a><\/td>\n<\/tr>\n<tr class=\"row-7\">\n\t<td class=\"column-1\">V. Lux-Pogodalla<\/td><td class=\"column-2\">2014<\/td><td class=\"column-3\">Int\u00e9gration relationnelle des exemples lexicographiques dans un r\u00e9seau lexical<\/td><td class=\"column-4\">Actes TALN (Traitement Automatique du Langage Naturel), Marseille, France, Juillet 2014<\/td><td class=\"column-5\"><a href=\"https:\/\/www.aclweb.org\/anthology\/F14-2033\/\" target=\"_blank\" rel=\"noopener\">pdf<\/a><\/td>\n<\/tr>\n<\/tbody>\n<\/table>\n<!-- #tablepress-20 from cache -->\n\n<table id=\"tablepress-23\" class=\"tablepress tablepress-id-23 tbody-has-connected-cells\">\n<tbody class=\"row-hover\">\n<tr class=\"row-1\">\n\t<td colspan=\"5\" class=\"column-1\">Communications<\/td>\n<\/tr>\n<tr class=\"row-2\">\n\t<td class=\"column-1\">27\u00a0juin\u00a02024<\/td><td class=\"column-2\"><b>S.\u00a0Ollinger<\/b> &amp; D.\u00a0Maurel<\/td><td class=\"column-3\">Segmentation en phrases : ouvrez les<br \/>\nguillemets sans perdre le fil<\/td><td class=\"column-4\">Journ\u00e9es internationales d'Analyse statistique des Donn\u00e9es Textuelles, Bruxelles<\/td><td class=\"column-5\"><a href=\"https:\/\/perso.atilf.fr\/sollinge\/wp-content\/uploads\/sites\/13\/2024\/07\/JADT_2024_fianl.pdf\" target=\"_blank\" rel=\"noopener\">pdf<\/a><\/td>\n<\/tr>\n<tr class=\"row-3\">\n\t<td class=\"column-1\">16\u00a0octobre\u00a02022<\/td><td class=\"column-2\"><b>A.\u00a0Sinha<\/b>, S.\u00a0Ollinger, M.\u00a0Constant<\/td><td class=\"column-3\">Word Sense Disambiguation of French Lexicographical Examples Using Lexical Networks<\/td><td class=\"column-4\">TextGraphs-16, COLING22, Gyeongju, Republic of Korea <\/td><td class=\"column-5\"><\/td>\n<\/tr>\n<tr class=\"row-4\">\n\t<td class=\"column-1\">27 janvier 2022<\/td><td class=\"column-2\">S. Ollinger<\/td><td class=\"column-3\">BEL-RL-fr et d\u00e9sambigu\u00efsation lexicale<\/td><td class=\"column-4\">STRange Thursdays, ATILF, Nancy<\/td><td class=\"column-5\"><a href=\"https:\/\/str.atilf.fr\/wp-content\/uploads\/2022\/01\/STRange_Thursday_27i22.pdf\" rel=\"noopener noreferrer\" target=\"_blank\">pdf<\/a><\/td>\n<\/tr>\n<tr class=\"row-5\">\n\t<td class=\"column-1\">31 mai 2021<\/td><td class=\"column-2\">S. Ollinger<\/td><td class=\"column-3\">BEL-RL-fr : l\u2019enrichir, l\u2019annoter, l\u2019explorer<\/td><td class=\"column-4\">Demi-journ\u00e9e th\u00e9matique transversale \u00ab Outils informatiques et intelligence artificielle pour les sciences du langage \u00bb, ATILF, Nancy<\/td><td class=\"column-5\"><a href=\"https:\/\/perso.atilf.fr\/sollinge\/wp-content\/uploads\/sites\/13\/2021\/05\/31mai.pdf\" rel=\"noopener noreferrer\" target=\"_blank\">pdf<\/a><\/td>\n<\/tr>\n<\/tbody>\n<\/table>\n<!-- #tablepress-23 from cache -->\n<p><span style=\"font-family: Open Sans Condensed;font-size: 1.5em\">Statistiques<\/span><\/p>\n<p>La V3.1 du <b>BEL-RL-fr <\/b> diffus\u00e9e sur Ortolang comporte <b>31 987<\/b> citations et <b>53 013 <\/b> segments textuels annot\u00e9s en unit\u00e9 lexicale. Sa taille est de <strong>1 259 589<\/strong> mots.<\/p>\n<p><a href=\"https:\/\/perso.atilf.fr\/sollinge\/wp-content\/uploads\/sites\/13\/2024\/07\/sources.png\"><img loading=\"lazy\" decoding=\"async\" src=\"https:\/\/perso.atilf.fr\/sollinge\/wp-content\/uploads\/sites\/13\/2024\/07\/sources-300x300.png\" alt=\"\" width=\"150\" height=\"150\" class=\"alignnone size-medium wp-image-1648\" srcset=\"https:\/\/perso.atilf.fr\/sollinge\/wp-content\/uploads\/sites\/13\/2024\/07\/sources-300x300.png 300w, https:\/\/perso.atilf.fr\/sollinge\/wp-content\/uploads\/sites\/13\/2024\/07\/sources-1024x1024.png 1024w, https:\/\/perso.atilf.fr\/sollinge\/wp-content\/uploads\/sites\/13\/2024\/07\/sources-150x150.png 150w, https:\/\/perso.atilf.fr\/sollinge\/wp-content\/uploads\/sites\/13\/2024\/07\/sources-768x768.png 768w, https:\/\/perso.atilf.fr\/sollinge\/wp-content\/uploads\/sites\/13\/2024\/07\/sources.png 1413w\" sizes=\"auto, (max-width: 150px) 100vw, 150px\" \/><\/a><a href=\"https:\/\/perso.atilf.fr\/sollinge\/wp-content\/uploads\/sites\/13\/2024\/07\/dates.png\"><img loading=\"lazy\" decoding=\"async\" src=\"https:\/\/perso.atilf.fr\/sollinge\/wp-content\/uploads\/sites\/13\/2024\/07\/dates-300x300.png\" alt=\"\" width=\"150\" height=\"150\" class=\"alignnone size-medium wp-image-1649\" srcset=\"https:\/\/perso.atilf.fr\/sollinge\/wp-content\/uploads\/sites\/13\/2024\/07\/dates-300x300.png 300w, https:\/\/perso.atilf.fr\/sollinge\/wp-content\/uploads\/sites\/13\/2024\/07\/dates-1024x1024.png 1024w, https:\/\/perso.atilf.fr\/sollinge\/wp-content\/uploads\/sites\/13\/2024\/07\/dates-150x150.png 150w, https:\/\/perso.atilf.fr\/sollinge\/wp-content\/uploads\/sites\/13\/2024\/07\/dates-768x768.png 768w, https:\/\/perso.atilf.fr\/sollinge\/wp-content\/uploads\/sites\/13\/2024\/07\/dates.png 1380w\" sizes=\"auto, (max-width: 150px) 100vw, 150px\" \/><\/a><\/p>\n<p>La V3 du <b>BEL-RL-fr <\/b> diffus\u00e9e sur Ortolang comporte <b>31 781<\/b> citations et <b>52 600 <\/b> segments textuels annot\u00e9s en unit\u00e9 lexicale. Sa taille est de <strong>1 281 763<\/strong> mots.<\/p>\n<p><a href=\"https:\/\/perso.atilf.fr\/sollinge\/wp-content\/uploads\/sites\/13\/2023\/10\/sources.png\"><img loading=\"lazy\" decoding=\"async\" src=\"https:\/\/perso.atilf.fr\/sollinge\/wp-content\/uploads\/sites\/13\/2023\/10\/sources-300x251.png\" alt=\"\" width=\"150\" height=\"150\" class=\"alignnone size-medium wp-image-1388\" \/><\/a><a href=\"https:\/\/perso.atilf.fr\/sollinge\/wp-content\/uploads\/sites\/13\/2023\/10\/dates.png\"><img loading=\"lazy\" decoding=\"async\" src=\"https:\/\/perso.atilf.fr\/sollinge\/wp-content\/uploads\/sites\/13\/2023\/10\/dates-300x282.png\" alt=\"\" width=\"150\" height=\"150\" class=\"alignnone size-medium wp-image-1387\" \/><\/a><\/p>\n<p>La V2 du <b>BEL-RL-fr <\/b> diffus\u00e9e sur Ortolang comporte <b>31 131<\/b> citations et <b>51 347<\/b> segments textuels annot\u00e9s en unit\u00e9 lexicale. Sa taille est de <strong>1 231 923<\/strong> mots.<\/p>\n<p><a href=\"https:\/\/perso.atilf.fr\/sollinge\/wp-content\/uploads\/sites\/13\/2021\/04\/sourcesV2_2.png\"><img loading=\"lazy\" decoding=\"async\" src=\"https:\/\/perso.atilf.fr\/sollinge\/wp-content\/uploads\/sites\/13\/2021\/04\/sourcesV2_2-150x150.png\" alt=\"r\u00e9partition des exemples par sources\" width=\"150\" height=\"150\" class=\"alignnone size-thumbnail wp-image-980\" \/><\/a><a href=\"https:\/\/perso.atilf.fr\/sollinge\/wp-content\/uploads\/sites\/13\/2021\/04\/datesV2_2.png\"><img loading=\"lazy\" decoding=\"async\" src=\"https:\/\/perso.atilf.fr\/sollinge\/wp-content\/uploads\/sites\/13\/2021\/04\/datesV2_2-150x150.png\" alt=\"r\u00e9partition des exemples par dates\" width=\"150\" height=\"150\" class=\"alignnone size-thumbnail wp-image-979\" \/><\/a><\/p>\n<p>La V1 du <b>BEL-RL-fr <\/b> diffus\u00e9e sur Ortolang comporte <b>29\u00a0892<\/b>\u00a0citations et <b>49\u00a0160<\/b> segments textuels annot\u00e9s en unit\u00e9 lexicale. Sa taille est de <strong>1 033 574<\/strong> mots.<\/p>\n<p><a href=\"https:\/\/perso.atilf.fr\/sollinge\/wp-content\/uploads\/sites\/13\/2019\/12\/sources.png\"><img loading=\"lazy\" decoding=\"async\" src=\"https:\/\/perso.atilf.fr\/sollinge\/wp-content\/uploads\/sites\/13\/2019\/12\/sources-150x150.png\" alt=\"r\u00e9partition des exemples par sources\" width=\"150\" height=\"150\" class=\"alignnone size-thumbnail wp-image-398\" \/><\/a><a href=\"https:\/\/perso.atilf.fr\/sollinge\/wp-content\/uploads\/sites\/13\/2019\/12\/dates.png\"><img loading=\"lazy\" decoding=\"async\" src=\"https:\/\/perso.atilf.fr\/sollinge\/wp-content\/uploads\/sites\/13\/2019\/12\/dates-150x150.png\" alt=\"r\u00e9partition des exemples par dates\" width=\"150\" height=\"150\" class=\"alignnone size-thumbnail wp-image-397\" \/><\/a><\/p>\n","protected":false},"excerpt":{"rendered":"<p>Le projet BEL-RL-fr a d\u00e9but\u00e9 en 2018. Il est intimement li\u00e9 au R\u00e9seau lexical du fran\u00e7ais (RL-fr), dont il valorise la base de citations lexicographiques, \u00e0 travers sa diffusion et son exploitation dans le cadre de travaux exploratoires sur l\u2019ambigu\u00eft\u00e9 lexicale. Les citations utilis\u00e9es comme exemples lexicographiques repr\u00e9sentent un genre textuel particuliers. En tant que [&hellip;]<\/p>\n","protected":false},"author":17,"featured_media":0,"parent":15,"menu_order":2,"comment_status":"closed","ping_status":"closed","template":"","meta":{"footnotes":""},"class_list":["post-453","page","type-page","status-publish","hentry"],"_links":{"self":[{"href":"https:\/\/perso.atilf.fr\/sollinge\/wp-json\/wp\/v2\/pages\/453","targetHints":{"allow":["GET"]}}],"collection":[{"href":"https:\/\/perso.atilf.fr\/sollinge\/wp-json\/wp\/v2\/pages"}],"about":[{"href":"https:\/\/perso.atilf.fr\/sollinge\/wp-json\/wp\/v2\/types\/page"}],"author":[{"embeddable":true,"href":"https:\/\/perso.atilf.fr\/sollinge\/wp-json\/wp\/v2\/users\/17"}],"replies":[{"embeddable":true,"href":"https:\/\/perso.atilf.fr\/sollinge\/wp-json\/wp\/v2\/comments?post=453"}],"version-history":[{"count":64,"href":"https:\/\/perso.atilf.fr\/sollinge\/wp-json\/wp\/v2\/pages\/453\/revisions"}],"predecessor-version":[{"id":1652,"href":"https:\/\/perso.atilf.fr\/sollinge\/wp-json\/wp\/v2\/pages\/453\/revisions\/1652"}],"up":[{"embeddable":true,"href":"https:\/\/perso.atilf.fr\/sollinge\/wp-json\/wp\/v2\/pages\/15"}],"wp:attachment":[{"href":"https:\/\/perso.atilf.fr\/sollinge\/wp-json\/wp\/v2\/media?parent=453"}],"curies":[{"name":"wp","href":"https:\/\/api.w.org\/{rel}","templated":true}]}}