{"id":584,"date":"2020-04-23T09:55:38","date_gmt":"2020-04-23T08:55:38","guid":{"rendered":"https:\/\/perso.atilf.fr\/sollinge\/?page_id=584"},"modified":"2026-04-15T16:26:51","modified_gmt":"2026-04-15T15:26:51","slug":"systemes-lexicaux","status":"publish","type":"page","link":"https:\/\/perso.atilf.fr\/sollinge\/ressources\/systemes-lexicaux\/","title":{"rendered":"Syst\u00e8mes Lexicaux"},"content":{"rendered":"<p>Les <a href=\"https:\/\/lexical-systems.atilf.fr\/\">Syst\u00e8mes Lexicaux<\/a> (Polgu\u00e8re, 2014) sont des mod\u00e8les de repr\u00e9sentation du lexique construits selon les principes th\u00e9oriques et descriptifs de la Lexicologie Explicative et Combinatoire (Mel\u2019\u010duk et al., 1995). Ils ont la particularit\u00e9 d\u2019\u00eatre structur\u00e9s sous forme de graphes lexicaux.<\/p>\n<p><code>en construction<\/code><\/p>\n\n<table id=\"tablepress-22\" class=\"tablepress tablepress-id-22 tbody-has-connected-cells\">\n<tbody class=\"row-hover\">\n<tr class=\"row-1\">\n\t<td colspan=\"5\" class=\"column-1\">Bibliographie<\/td>\n<\/tr>\n<tr class=\"row-2\">\n\t<td class=\"column-1\">A.\u00a0Polgu\u00e8re<\/td><td class=\"column-2\">2014<\/td><td class=\"column-3\">From Writing Dictionaries to Weaving Lexical Networks <br \/>\n<\/td><td class=\"column-4\">International Journal of Lexicography, 27(4), 396\u2013418<\/td><td class=\"column-5\"><a href=\"https:\/\/dx.doi.org\/10.1093\/ijl\/ecu017\">doi<\/a><\/td>\n<\/tr>\n<tr class=\"row-3\">\n\t<td class=\"column-1\">I. Mel'\u010duk, A. Clas, A. Polgu\u00e8re<\/td><td class=\"column-2\">1995<\/td><td class=\"column-3\">Introduction \u00e0 la lexicologie explicative et combinatoire <\/td><td class=\"column-4\">Paris\/Louvain-la-Neuve : Duculot<\/td><td class=\"column-5\"><a href=\"https:\/\/doi.org\/10.1017\/S0008413100020582\">doi<\/a><\/td>\n<\/tr>\n<\/tbody>\n<\/table>\n<!-- #tablepress-22 from cache -->\n<p><span style=\"font-family: Open Sans Condensed;font-size: 1.5em\">Statistiques courantes<\/span><br \/>\n<!--more--><\/p>\n<details>\n<summary>\u25bc RL-fr<\/summary>\n<blockquote>\n<p>**************************************************<br \/>\nQuelques statistiques du r\u00e9seau RL-fr du 15Apr26<br \/>\n**************************************************<br \/>\nNombre de vocables (V) : 19061<br \/>\nNombre de n\u0153uds lexicaux (L) : 30146<br \/>\nTaux de polys\u00e9mie (L\/V) : 1.58<\/p>\n<p>Nombre de liens de FL : 67376<br \/>\n\tParadigmatiques : 56844<br \/>\n\tSyntagmatiques : 10532<\/p>\n<p>Nombre de liens d&rsquo;inclusion formelle : 8136<br \/>\nNombre de liens de copolys\u00e9mie : 10006<\/p>\n<p>Nombre de d\u00e9finitions valides : 180<br \/>\nNombre de liens d&rsquo;inclusion d\u00e9finitionnelle : 302<\/p>\n<p>* Nombres de locutions, par POS *<br \/>\nPOS\tNbr de locutions\tNbr de patrons syntaxiques<br \/>\nlocution verbale\t721\t215<br \/>\nlocution nominale\t1830\t103<br \/>\nlocution num\u00e9rale\t5\t5<br \/>\nlocution pronominale\t3\t2<br \/>\nlocution adjectivale\t50\t16<br \/>\nlocution adverbiale\t26\t14<br \/>\nlocution interjective\t5\t4<br \/>\nlocution propositionnelle\t8\t8<br \/>\nlocution phrastique\t55\t44<br \/>\nlocution pr\u00e9positionnelle\t779\t96<br \/>\nlocution conjonctive\t97\t24<\/p>\n<p>* Nombres de syntagmes, par POS *<\/p>\n<p>syntagme nominal\t53<br \/>\nsyntagme adjectival\t6<br \/>\nsyntagme pr\u00e9positionnel\t22<br \/>\nsyntagme verbal\t14<br \/>\nsyntagme adverbial\t2<br \/>\nsyntagme interjectif\t2<br \/>\nsyntagme conjonctif\t1<br \/>\nsyntagme num\u00e9ral\t3<br \/>\nsyntagme pronominal\t1<\/p>\n<p>* Nombres de lex\u00e8mes, par POS *<\/p>\n<p>nom\t14525<br \/>\nadjectif\t4875<br \/>\nverbe\t4708<br \/>\nverbe pronominal\t864<br \/>\nadverbe\t847<br \/>\npr\u00e9position\t157<br \/>\nnum\u00e9ral\t146<br \/>\ninterjection\t58<br \/>\npronom\t44<br \/>\nconjonction\t36<br \/>\npr\u00e9fixe\t14<br \/>\nadjectif d\u00e9terminatif\t14<br \/>\npronom personnel\t11<br \/>\npronom clitique\t9<br \/>\npronom d\u00e9terminatif\t7<br \/>\npronom relatif\t7<br \/>\nonomatop\u00e9e\t7<br \/>\npronom interrogatif\t5<br \/>\narticle\t4<br \/>\npr\u00e9position partitive\t1<\/p>\n<p>Nombre de clich\u00e9s linguistiques : 73<br \/>\nNombre de proverbes : 55<br \/>\nNombre de constructions lexicalis\u00e9es : 14<\/p>\n<p>Nombre d&rsquo;exemples enregistr\u00e9s : 35011<br \/>\nNombre d&rsquo;exemples effectivement utilis\u00e9s : 34451<br \/>\nNombre d&rsquo;associations exemples-n\u0153uds lexicaux : 54930<\/p>\n<p>Nombre d&rsquo;exemples associ\u00e9s \u00e0 5 n\u0153uds lexicaux ou plus : 672<br \/>\nNombre d&rsquo;exemples associ\u00e9s \u00e0 10 n\u0153uds lexicaux ou plus : 8<\/p>\n<p>*** \u00c9tat d&rsquo;avancement des descriptions ***<\/p>\n<p>* Nombres de n\u0153uds lexicaux, par statut *<\/p>\n<p>Statut 0 :\t4<br \/>\nStatut 1 :\t257<br \/>\nStatut 2 :\t10880<br \/>\nStatut 3 :\t19005<\/p>\n<p>Nombre de lexies dont la flexion est d\u00e9crite : 21892<br \/>\nNombre de formes fl\u00e9chies r\u00e9pertori\u00e9es : 311640<\/p>\n<p>* Nombres de lexies \u00e9tiquet\u00e9es s\u00e9mantiquement, par indice de confiance *<\/p>\n<p>100% :\t10621<br \/>\n90% :\t7527<br \/>\n80% :\t1882<br \/>\n70% :\t275<br \/>\n60% :\t6246<\/p>\n<p>* Nombres de lexies associ\u00e9es \u00e0 une forme propositionnelle, par indice de confiance *<\/p>\n<p>100% :\t22774<br \/>\n90% :\t438<br \/>\n80% :\t206<br \/>\n70% :\t36<br \/>\n60% :\t384\n<\/p><\/blockquote>\n<\/details>\n<p><\/p>\n<details>\n<summary>\u25bc RL-en<\/summary>\n<blockquote>\n<p>***************************************************<br \/>\nQuelques statistiques du r\u00e9seau Rl-en du 15Apr26<br \/>\n***************************************************<br \/>\nNombre de vocables (V) : 156656<br \/>\nNombre de n\u0153uds lexicaux (L) : 207104<br \/>\nTaux de polys\u00e9mie (L\/V) : 1.32<\/p>\n<p>Nombre de liens de FL : 942441<br \/>\n\tParadigmatiques : 940862<br \/>\n\tSyntagmatiques : 1579<\/p>\n<p>Nombre de liens d&rsquo;inclusion formelle : 2<br \/>\nNombre de liens de copolys\u00e9mie : 366<\/p>\n<p>Nombre de d\u00e9finitions valides : 117<br \/>\nNombre de liens d&rsquo;inclusion d\u00e9finitionnelle : 228<\/p>\n<p>* Nombres de locutions, par POS *<br \/>\nPOS\tNbr de locutions\tNbr de patrons syntaxiques<br \/>\nverbal idiom\t3<br \/>\nnominal idiom\t63<br \/>\nanthroponym\t3<br \/>\npronominal idiom\t2<br \/>\narch\t1<br \/>\nprepositional idiom\t3\t<\/p>\n<p>* Nombres de syntagmes, par POS *<\/p>\n<p>prosopopeonym\t1<\/p>\n<p>* Nombres de lex\u00e8mes, par POS *<\/p>\n<p>noun\t109661<br \/>\nproper noun (to be replaced with \u201cproper noun\u201d lexical status)\t36653<br \/>\nadjective\t29935<br \/>\nverb\t25059<br \/>\nadverb\t5583<br \/>\nnumeral\t118<br \/>\npreposition\t2<\/p>\n<p>Nombre de clich\u00e9s linguistiques : 40<br \/>\nNombre de proverbes : 4<br \/>\nNombre de constructions lexicalis\u00e9es : 0<\/p>\n<p>Nombre d&rsquo;exemples enregistr\u00e9s : 965<br \/>\nNombre d&rsquo;exemples effectivement utilis\u00e9s : 937<br \/>\nNombre d&rsquo;associations exemples-n\u0153uds lexicaux : 1306<\/p>\n<p>Nombre d&rsquo;exemples associ\u00e9s \u00e0 5 n\u0153uds lexicaux ou plus : 10<br \/>\nNombre d&rsquo;exemples associ\u00e9s \u00e0 10 n\u0153uds lexicaux ou plus : 0<\/p>\n<p>*** \u00c9tat d&rsquo;avancement des descriptions ***<\/p>\n<p>* Nombres de n\u0153uds lexicaux, par statut *<\/p>\n<p>Statut 0 :\t1<br \/>\nStatut 2 :\t512<br \/>\nStatut 3 :\t206591<\/p>\n<p>Nombre de lexies dont la flexion est d\u00e9crite : 58<br \/>\nNombre de formes fl\u00e9chies r\u00e9pertori\u00e9es : 269<\/p>\n<p>* Nombres de lexies \u00e9tiquet\u00e9es s\u00e9mantiquement, par indice de confiance *<\/p>\n<p>100% :\t240<br \/>\n90% :\t2<br \/>\n80% :\t2<br \/>\n70% :\t1<\/p>\n<p>* Nombres de lexies associ\u00e9es \u00e0 une forme propositionnelle, par indice de confiance *<\/p>\n<p>100% :\t189\n<\/p><\/blockquote>\n<\/details>\n<p><\/p>\n<details>\n<summary>\u25bc RL-ru<\/summary>\n<blockquote><p>\n**************************************************<br \/>\nQuelques statistiques du r\u00e9seau RL-ru du 15Apr26<br \/>\n**************************************************<br \/>\nNombre de vocables (V) : 4055<br \/>\nNombre de n\u0153uds lexicaux (L) : 4477<br \/>\nTaux de polys\u00e9mie (L\/V) : 1.10<\/p>\n<p>Nombre de liens de FL : 1369<br \/>\n\tParadigmatiques : 1186<br \/>\n\tSyntagmatiques : 183<\/p>\n<p>Nombre de liens d&rsquo;inclusion formelle : 5<br \/>\nNombre de liens de copolys\u00e9mie : 199<\/p>\n<p>Nombre de d\u00e9finitions valides : 27<br \/>\nNombre de liens d&rsquo;inclusion d\u00e9finitionnelle : 62<\/p>\n<p>* R\u00e9partition des n\u0153uds par POS <\/p>\n<p>\u0441\u0443\u0449\u0435\u0441\u0442\u0432\u0438\u0442\u0435\u043b\u044c\u043d\u043e\u0435\t2146<br \/>\n\u0433\u043b\u0430\u0433\u043e\u043b\t1137<br \/>\n\u043f\u0440\u0438\u043b\u0430\u0433\u0430\u0442\u0435\u043b\u044c\u043d\u043e\u0435\t734<br \/>\n\u043d\u0430\u0440\u0435\u0447\u0438\u0435\t203<br \/>\n\u0444\u0440\u0430\u0437\u0430\t50<br \/>\n\u0447\u0438\u0441\u043b\u0438\u0442\u0435\u043b\u044c\u043d\u043e\u0435\t45<br \/>\n\u043f\u0440\u0435\u0434\u043b\u043e\u0433\t34<br \/>\n\u0441\u0443\u0431\u0441\u0442\u0430\u043d\u0442\u0438\u0432\u043d\u0430\u044f \u0438\u0434\u0438\u043e\u043c\u0430\t30<br \/>\n\u043c\u0435\u0441\u0442\u043e\u0438\u043c\u0435\u043d\u0438\u0435\t26<br \/>\n\u0441\u043e\u044e\u0437\t18<br \/>\n\u043c\u0435\u0436\u0434\u043e\u043c\u0435\u0442\u0438\u0435\t14<br \/>\n\u0432\u043e\u0437\u0432\u0440\u0430\u0442\u043d\u044b\u0439 \u0433\u043b\u0430\u0433\u043e\u043b\t10<br \/>\n\u0447\u0430\u0441\u0442\u0438\u0446\u0430\t8<br \/>\n\u043d\u0430\u0440\u0435\u0447\u043d\u044b\u0439 \u043a\u043b\u0430\u0443\u0437\u0430\u0442\u0438\u0432\t6<br \/>\nlocution verbale\t5<br \/>\nlocution phrastique\t3<br \/>\npr\u00e9dicatif\t3<br \/>\n\u0432\u043e\u043f\u0440\u043e\u0441\u0438\u0442\u0435\u043b\u044c\u043d\u043e\u0435 \u043c\u0435\u0441\u0442\u043e\u0438\u043c\u0435\u043d\u0438\u0435\t1<br \/>\npronom relatif\t1<br \/>\n\u0438\u043c\u0435\u043d\u043d\u043e\u0439 \u043a\u043b\u0430\u0443\u0437\u0430\u0442\u0438\u0432\t1<br \/>\n\u043b\u0438\u0447\u043d\u043e\u0435 \u043c\u0435\u0441\u0442\u043e\u0438\u043c\u0435\u043d\u0438\u0435\t1<\/p>\n<p>Nombre d&rsquo;exemples enregistr\u00e9s : 4954<br \/>\nNombre d&rsquo;exemples effectivement utilis\u00e9s : 4785<br \/>\nNombre d&rsquo;associations exemples-n\u0153uds lexicaux : 7410<\/p>\n<p>Nombre d&rsquo;exemples associ\u00e9s \u00e0 5 n\u0153uds lexicaux ou plus : 69<br \/>\nNombre d&rsquo;exemples associ\u00e9s \u00e0 10 n\u0153uds lexicaux ou plus : 0<\/p>\n<p>*** \u00c9tat d&rsquo;avancement des descriptions ***<\/p>\n<p>* Nombres de n\u0153uds lexicaux, par statut *<\/p>\n<p>Statut 3 :\t4477<\/p>\n<p>Nombre de lexies dont la flexion est d\u00e9crite : 28<br \/>\nNombre de formes fl\u00e9chies r\u00e9pertori\u00e9es : 63<\/p>\n<p>* Nombres de lexies \u00e9tiquet\u00e9es s\u00e9mantiquement, par indice de confiance *<\/p>\n<p>100% :\t133<br \/>\n80% :\t5<br \/>\n70% :\t1<br \/>\n60% :\t3<\/p>\n<p>* Nombres de lexies associ\u00e9es \u00e0 une forme propositionnelle, par indice de confiance *<\/p>\n<p>100% :\t90<br \/>\n60% :\t1\n<\/p><\/blockquote>\n<\/details>\n","protected":false},"excerpt":{"rendered":"<p>Les Syst\u00e8mes Lexicaux (Polgu\u00e8re, 2014) sont des mod\u00e8les de repr\u00e9sentation du lexique construits selon les principes th\u00e9oriques et descriptifs de la Lexicologie Explicative et Combinatoire (Mel\u2019\u010duk et al., 1995). Ils ont la particularit\u00e9 d\u2019\u00eatre structur\u00e9s sous forme de graphes lexicaux. en construction Statistiques courantes<\/p>\n","protected":false},"author":17,"featured_media":0,"parent":512,"menu_order":0,"comment_status":"closed","ping_status":"closed","template":"","meta":{"footnotes":""},"class_list":["post-584","page","type-page","status-publish","hentry"],"_links":{"self":[{"href":"https:\/\/perso.atilf.fr\/sollinge\/wp-json\/wp\/v2\/pages\/584","targetHints":{"allow":["GET"]}}],"collection":[{"href":"https:\/\/perso.atilf.fr\/sollinge\/wp-json\/wp\/v2\/pages"}],"about":[{"href":"https:\/\/perso.atilf.fr\/sollinge\/wp-json\/wp\/v2\/types\/page"}],"author":[{"embeddable":true,"href":"https:\/\/perso.atilf.fr\/sollinge\/wp-json\/wp\/v2\/users\/17"}],"replies":[{"embeddable":true,"href":"https:\/\/perso.atilf.fr\/sollinge\/wp-json\/wp\/v2\/comments?post=584"}],"version-history":[{"count":88,"href":"https:\/\/perso.atilf.fr\/sollinge\/wp-json\/wp\/v2\/pages\/584\/revisions"}],"predecessor-version":[{"id":2068,"href":"https:\/\/perso.atilf.fr\/sollinge\/wp-json\/wp\/v2\/pages\/584\/revisions\/2068"}],"up":[{"embeddable":true,"href":"https:\/\/perso.atilf.fr\/sollinge\/wp-json\/wp\/v2\/pages\/512"}],"wp:attachment":[{"href":"https:\/\/perso.atilf.fr\/sollinge\/wp-json\/wp\/v2\/media?parent=584"}],"curies":[{"name":"wp","href":"https:\/\/api.w.org\/{rel}","templated":true}]}}