{"id":19,"date":"2015-06-29T13:43:50","date_gmt":"2015-06-29T12:43:50","guid":{"rendered":"https:\/\/apps.atilf.fr\/homepages\/sruvol\/?page_id=19"},"modified":"2024-12-06T09:24:58","modified_gmt":"2024-12-06T08:24:58","slug":"animations","status":"publish","type":"page","link":"https:\/\/perso.atilf.fr\/sruvol\/animations\/","title":{"rendered":"Animations"},"content":{"rendered":"<p style=\"text-align: left\"><span style=\"text-decoration: underline\"><strong><a href=\"https:\/\/perso.atilf.fr\/sruvol\/wp-content\/uploads\/sites\/76\/2020\/04\/Atilf_Nuit80ansCNRS_20191018-36-scaled.jpg\"><img loading=\"lazy\" decoding=\"async\" class=\"alignnone wp-image-312\" src=\"https:\/\/perso.atilf.fr\/sruvol\/wp-content\/uploads\/sites\/76\/2020\/04\/Atilf_Nuit80ansCNRS_20191018-36-300x200.jpg\" alt=\"\" width=\"296\" height=\"197\" srcset=\"https:\/\/perso.atilf.fr\/sruvol\/wp-content\/uploads\/sites\/76\/2020\/04\/Atilf_Nuit80ansCNRS_20191018-36-300x200.jpg 300w, https:\/\/perso.atilf.fr\/sruvol\/wp-content\/uploads\/sites\/76\/2020\/04\/Atilf_Nuit80ansCNRS_20191018-36-1024x683.jpg 1024w, https:\/\/perso.atilf.fr\/sruvol\/wp-content\/uploads\/sites\/76\/2020\/04\/Atilf_Nuit80ansCNRS_20191018-36-768x512.jpg 768w, https:\/\/perso.atilf.fr\/sruvol\/wp-content\/uploads\/sites\/76\/2020\/04\/Atilf_Nuit80ansCNRS_20191018-36-1536x1024.jpg 1536w, https:\/\/perso.atilf.fr\/sruvol\/wp-content\/uploads\/sites\/76\/2020\/04\/Atilf_Nuit80ansCNRS_20191018-36-2048x1365.jpg 2048w\" sizes=\"auto, (max-width: 296px) 100vw, 296px\" \/><\/a><a href=\"https:\/\/perso.atilf.fr\/sruvol\/wp-content\/uploads\/sites\/76\/2022\/10\/PXL_20220309_162012929.MP.jpg\"><img loading=\"lazy\" decoding=\"async\" class=\"wp-image-348 alignnone\" src=\"https:\/\/perso.atilf.fr\/sruvol\/wp-content\/uploads\/sites\/76\/2022\/10\/PXL_20220309_162012929.MP-225x300.jpg\" alt=\"\" width=\"163\" height=\"218\" srcset=\"https:\/\/perso.atilf.fr\/sruvol\/wp-content\/uploads\/sites\/76\/2022\/10\/PXL_20220309_162012929.MP-225x300.jpg 225w, https:\/\/perso.atilf.fr\/sruvol\/wp-content\/uploads\/sites\/76\/2022\/10\/PXL_20220309_162012929.MP.jpg 607w\" sizes=\"auto, (max-width: 163px) 100vw, 163px\" \/><\/a><a href=\"https:\/\/perso.atilf.fr\/sruvol\/wp-content\/uploads\/sites\/76\/2022\/10\/PXL_20220930_132823011.PORTRAIT-scaled.jpg\"><img loading=\"lazy\" decoding=\"async\" class=\"wp-image-346\" src=\"https:\/\/perso.atilf.fr\/sruvol\/wp-content\/uploads\/sites\/76\/2022\/10\/PXL_20220930_132823011.PORTRAIT-225x300.jpg\" alt=\"\" width=\"179\" height=\"239\" srcset=\"https:\/\/perso.atilf.fr\/sruvol\/wp-content\/uploads\/sites\/76\/2022\/10\/PXL_20220930_132823011.PORTRAIT-225x300.jpg 225w, https:\/\/perso.atilf.fr\/sruvol\/wp-content\/uploads\/sites\/76\/2022\/10\/PXL_20220930_132823011.PORTRAIT-768x1024.jpg 768w, https:\/\/perso.atilf.fr\/sruvol\/wp-content\/uploads\/sites\/76\/2022\/10\/PXL_20220930_132823011.PORTRAIT-1152x1536.jpg 1152w, https:\/\/perso.atilf.fr\/sruvol\/wp-content\/uploads\/sites\/76\/2022\/10\/PXL_20220930_132823011.PORTRAIT-1536x2048.jpg 1536w, https:\/\/perso.atilf.fr\/sruvol\/wp-content\/uploads\/sites\/76\/2022\/10\/PXL_20220930_132823011.PORTRAIT-scaled.jpg 1920w\" sizes=\"auto, (max-width: 179px) 100vw, 179px\" \/><\/a><\/strong><\/span><\/p>\n<ul>\n<li><span style=\"text-decoration: underline\"><strong>Responsabilit\u00e9s actuelles<\/strong><\/span>\n<ul>\n<li><span style=\"color: #000000\">Responsable de stages pour la Licence en Sciences du Langage <\/span><\/li>\n<li>Responsable des doctorants \u00e0 l&rsquo;ATILF et de l&rsquo;Axe \u00ab\u00a0Approches de Terrain\u00a0\u00bb<\/li>\n<li><span style=\"color: #000000\">Youtuber pour la cha\u00eene <\/span><span style=\"color: #000000\"><i>Youtube<\/i><\/span><span style=\"color: #000000\"> \u00ab\u00a0Elles comme Linguistes\u00a0\u00bb<\/span> <a href=\"https:\/\/www.youtube.com\/channel\/UC8miF2H8VfLDDGeslNaWHfQ\" target=\"_top\" rel=\"noopener noreferrer\">https:\/\/www.youtube.com\/channel\/UC8miF2H8VfLDDGeslNaWHfQ<\/a><\/li>\n<li><span style=\"color: #000000\">R\u00e9dactrice pour la revue de vulgarisation scientifique \u00ab\u00a0The Conversation\u00a0\u00bb<\/span> <a href=\"https:\/\/theconversation.com\/profiles\/samantha-ruvoletto-445959\"><span style=\"color: #000000\">https:\/\/theconversation.com\/profiles\/samantha-ruvoletto-445959<\/span><\/a><\/li>\n<li><span style=\"color: #000000\">Promotion de la formation: Journ\u00e9e Portes Ouvertes de l\u2019Universit\u00e9 de Lorraine et Oriaction<br \/>\n<\/span><\/li>\n<\/ul>\n<\/li>\n<li><strong>Valorisation de la recherche<\/strong>\n<ul>\n<li><strong>Forum de Sciences Cognitives<\/strong>, Pole Herbert Simon \u00e0 Nancy, 13\/11\/, 2019, organis\u00e9 par l\u2019Institut des sciences du Digital, Management &amp; Cognition<\/li>\n<li><strong>La nuit des 80 ans du CNRS, H\u00f4tel de ville de Nancy, 18\/10\/2019<br \/>\n<\/strong>Animation avec K. Bartkova de l\u2019atelier \u00ab Quelle est la couleur des consonnes et comment sonnent-elles les voyelles ? \u00bb sur la perception et la segmentation du fran\u00e7ais entre \u00e9crit et oral (et les probl\u00e9matiques associ\u00e9es).<\/li>\n<li><strong>Le tour du CNRS en 80 jours, Jardin \u00e9ph\u00e9m\u00e8re Place Stanislas \u00e0 Nancy, 26\/10\/2019<br \/>\n<\/strong>Avec K. Bartkova, nous avons pr\u00e9sent\u00e9 l\u2019atelier Atelier \u00ab Empreintes et phon\u00e9tiques \u00bb qui portait sur l\u2019acquisition des accents dans le cadre de l\u2019apprentissage de langues \u00e9trang\u00e8res et les emprunts linguistiques. Cela \u00e9tait accompagn\u00e9 d\u2019une d\u00e9couverte du jardin \u00e9ph\u00e9m\u00e8re.<br \/>\n2022<\/li>\n<li><strong>Sciences en lumi\u00e8re : Rencontre inspirante avec des femmes de sciences, Enstib (\u00c9pinal), 09\/03\/2022<br \/>\n<\/strong>Pour la journ\u00e9e des droits des femmes, j\u2019ai \u00e9t\u00e9 invit\u00e9e avec trois autres chercheuses de l\u2019Universit\u00e9 de Lorraine, \u00e0 l\u2019Enstib (\u00c9pinal) pour une table ronde. Le but de la soir\u00e9e : discuter du r\u00f4le de la femme dans la recherche et sensibiliser aux probl\u00e9matiques concernant l\u2019\u00e9galit\u00e9 de genre dans le monde acad\u00e9mique.<\/li>\n<li><strong>Nuit europ\u00e9enne des chercheurs, Campus SHS Nancy, 30\/09\/2022<br \/>\n<\/strong>Animation de l\u2019atelier \u00ab B\u00e9b\u00e9 sous \u00e9coute ! \u00bb visant \u00e0 expliquer au grand public l\u2019acquisition du langage chez l\u2019enfant et les probl\u00e9matiques concernant l\u2019apprentissage plus tardif de l\u2019\u00e9crit, tout en montrant le travail d\u2019un chercheur en linguistique.<\/li>\n<li><strong>Caf\u00e9 des Parents, MJC Nomade Vandoeuvre-l\u00e8s-Nancy, 16\/12\/2022<br \/>\n<\/strong>Dans le cadre du caf\u00e9 des parents (des rencontres entre professionnels et parents) organis\u00e9 par le service parentalit\u00e9 de la MJC Nomade de Vandoeuvre-l\u00e8s-Nancy, j\u2019ai anim\u00e9 la s\u00e9ance \u00ab grandir avec plusieurs langues \u00bb qui a permis d\u2019amorcer une discussion sur l\u2019acquisition du langage chez l\u2019enfant bilingue ou allophone.<\/li>\n<li><span class=\"il\"><strong>Conf&rsquo;courieuse \u00ab\u00a0Miaou !\u00a0\u00bb, Mus\u00e9e Aquarium Nancy, 12\/01\/2023<\/strong><br \/>\n<\/span>Conf\u00e9rence de vulgarisation sur la communication animale<\/li>\n<li><strong>Atelier ORION \u00ab\u00a0Osez vous lire l&rsquo;\u00e9cruture chinoise ?\u00a0\u00bb,<\/strong> <strong>Campus SHS Nancy, 12\/04\/2023<\/strong><br \/>\nAvec Teng Guo, Marie Boyer, Daniel Zagar<\/li>\n<li><strong>\u00ab\u00a0Osez vous lire l&rsquo;\u00e9cruture chinoise ?\u00a0\u00bb,<\/strong> <strong>Jardin Botanique Jean-Marie Pelt, Villers-l\u00e8s-Nancy, 25\/11\/2023<br \/>\n<\/strong>avec Teng Guo<\/li>\n<li><strong>\u00ab\u00a0Apprendre \u00e0 lire ? C&rsquo;est aussi faire des stats\u00a0\u00bb, F\u00eate de la Sciences, <span class=\"surligne_rose\">Facult\u00e9 des Sciences et Technologies,<\/span> 12\/10\/2024<\/strong><\/li>\n<\/ul>\n<\/li>\n<\/ul>\n","protected":false},"excerpt":{"rendered":"<p>Responsabilit\u00e9s actuelles Responsable de stages pour la Licence en Sciences du Langage Responsable des doctorants \u00e0 l&rsquo;ATILF et de l&rsquo;Axe \u00ab\u00a0Approches de Terrain\u00a0\u00bb Youtuber pour la cha\u00eene Youtube \u00ab\u00a0Elles comme Linguistes\u00a0\u00bb https:\/\/www.youtube.com\/channel\/UC8miF2H8VfLDDGeslNaWHfQ R\u00e9dactrice pour la revue de vulgarisation scientifique \u00ab\u00a0The Conversation\u00a0\u00bb https:\/\/theconversation.com\/profiles\/samantha-ruvoletto-445959 Promotion de la formation: Journ\u00e9e Portes Ouvertes de l\u2019Universit\u00e9 de Lorraine et Oriaction [&hellip;]<\/p>\n","protected":false},"author":1,"featured_media":0,"parent":0,"menu_order":0,"comment_status":"closed","ping_status":"closed","template":"","meta":{"footnotes":""},"class_list":["post-19","page","type-page","status-publish","hentry"],"_links":{"self":[{"href":"https:\/\/perso.atilf.fr\/sruvol\/wp-json\/wp\/v2\/pages\/19","targetHints":{"allow":["GET"]}}],"collection":[{"href":"https:\/\/perso.atilf.fr\/sruvol\/wp-json\/wp\/v2\/pages"}],"about":[{"href":"https:\/\/perso.atilf.fr\/sruvol\/wp-json\/wp\/v2\/types\/page"}],"author":[{"embeddable":true,"href":"https:\/\/perso.atilf.fr\/sruvol\/wp-json\/wp\/v2\/users\/1"}],"replies":[{"embeddable":true,"href":"https:\/\/perso.atilf.fr\/sruvol\/wp-json\/wp\/v2\/comments?post=19"}],"version-history":[{"count":19,"href":"https:\/\/perso.atilf.fr\/sruvol\/wp-json\/wp\/v2\/pages\/19\/revisions"}],"predecessor-version":[{"id":380,"href":"https:\/\/perso.atilf.fr\/sruvol\/wp-json\/wp\/v2\/pages\/19\/revisions\/380"}],"wp:attachment":[{"href":"https:\/\/perso.atilf.fr\/sruvol\/wp-json\/wp\/v2\/media?parent=19"}],"curies":[{"name":"wp","href":"https:\/\/api.w.org\/{rel}","templated":true}]}}