{"id":35,"date":"2015-06-29T13:47:31","date_gmt":"2015-06-29T12:47:31","guid":{"rendered":"https:\/\/apps.atilf.fr\/homepages\/sruvol\/?page_id=35"},"modified":"2023-12-06T10:08:21","modified_gmt":"2023-12-06T09:08:21","slug":"accueil","status":"publish","type":"page","link":"https:\/\/perso.atilf.fr\/sruvol\/","title":{"rendered":"Samantha RUVOLETTO"},"content":{"rendered":"<p style=\"text-align: left\"><a href=\"https:\/\/perso.atilf.fr\/sruvol\/wp-content\/uploads\/sites\/76\/2023\/12\/PXL_20220323_151000710.PORTRAIT.jpg\"><img loading=\"lazy\" decoding=\"async\" class=\"size-medium wp-image-370 alignleft\" src=\"https:\/\/perso.atilf.fr\/sruvol\/wp-content\/uploads\/sites\/76\/2023\/12\/PXL_20220323_151000710.PORTRAIT-225x300.jpg\" alt=\"\" width=\"225\" height=\"300\" srcset=\"https:\/\/perso.atilf.fr\/sruvol\/wp-content\/uploads\/sites\/76\/2023\/12\/PXL_20220323_151000710.PORTRAIT-225x300.jpg 225w, https:\/\/perso.atilf.fr\/sruvol\/wp-content\/uploads\/sites\/76\/2023\/12\/PXL_20220323_151000710.PORTRAIT.jpg 606w\" sizes=\"auto, (max-width: 225px) 100vw, 225px\" \/><\/a><span style=\"text-decoration: underline\"><strong>Fonctions<\/strong><\/span><\/p>\n<p>Ma\u00eetre de Conf\u00e9rences en Sciences du Langage<\/p>\n<p><span style=\"text-decoration: underline\"><strong>Coordonn\u00e9es au laboratoire ATILF<\/strong><\/span><\/p>\n<p>samantha.ruvoletto<span class=\"st\">@<\/span>atilf.fr<\/p>\n<p><span style=\"text-decoration: underline\"><strong>Coordonn\u00e9es personnelles<\/strong><\/span><\/p>\n<p>e-mail: samantha.ruvoletto<span class=\"st\">@<\/span>univ-lorraine.fr<br \/>\nCampus Lettres et Sciences Humaines,<br \/>\n23 Boulevard Albert 1er, 54000 Nancy<br \/>\nbureau : B225<\/p>\n","protected":false},"excerpt":{"rendered":"<p>Fonctions Ma\u00eetre de Conf\u00e9rences en Sciences du Langage Coordonn\u00e9es au laboratoire ATILF samantha.ruvoletto@atilf.fr Coordonn\u00e9es personnelles e-mail: samantha.ruvoletto@univ-lorraine.fr Campus Lettres et Sciences Humaines, 23 Boulevard Albert 1er, 54000 Nancy bureau : B225<\/p>\n","protected":false},"author":1,"featured_media":264,"parent":0,"menu_order":0,"comment_status":"closed","ping_status":"closed","template":"","meta":{"footnotes":""},"class_list":["post-35","page","type-page","status-publish","has-post-thumbnail","hentry"],"_links":{"self":[{"href":"https:\/\/perso.atilf.fr\/sruvol\/wp-json\/wp\/v2\/pages\/35","targetHints":{"allow":["GET"]}}],"collection":[{"href":"https:\/\/perso.atilf.fr\/sruvol\/wp-json\/wp\/v2\/pages"}],"about":[{"href":"https:\/\/perso.atilf.fr\/sruvol\/wp-json\/wp\/v2\/types\/page"}],"author":[{"embeddable":true,"href":"https:\/\/perso.atilf.fr\/sruvol\/wp-json\/wp\/v2\/users\/1"}],"replies":[{"embeddable":true,"href":"https:\/\/perso.atilf.fr\/sruvol\/wp-json\/wp\/v2\/comments?post=35"}],"version-history":[{"count":45,"href":"https:\/\/perso.atilf.fr\/sruvol\/wp-json\/wp\/v2\/pages\/35\/revisions"}],"predecessor-version":[{"id":371,"href":"https:\/\/perso.atilf.fr\/sruvol\/wp-json\/wp\/v2\/pages\/35\/revisions\/371"}],"wp:featuredmedia":[{"embeddable":true,"href":"https:\/\/perso.atilf.fr\/sruvol\/wp-json\/wp\/v2\/media\/264"}],"wp:attachment":[{"href":"https:\/\/perso.atilf.fr\/sruvol\/wp-json\/wp\/v2\/media?parent=35"}],"curies":[{"name":"wp","href":"https:\/\/api.w.org\/{rel}","templated":true}]}}