{"id":17,"date":"2015-06-29T13:43:37","date_gmt":"2015-06-29T12:43:37","guid":{"rendered":"https:\/\/apps.atilf.fr\/homepages\/?page_id=17"},"modified":"2025-02-21T20:56:18","modified_gmt":"2025-02-21T19:56:18","slug":"publications","status":"publish","type":"page","link":"https:\/\/perso.atilf.fr\/vbarrouillet\/publications\/","title":{"rendered":"Publications"},"content":{"rendered":"<div class=\"gs_citr\">Barrouillet, V. T., Amblard, M., &amp; Musiol, M. (2023). Toward an automatic identification of discontinuities in the pathological discourse of patient with schizophrenia. In <i>Journ\u00e9es scientifiques du GDR Lift-LIFT 2023<\/i>.<\/div>\n<div class=\"gs_citr\"><a href=\"https:\/\/perso.atilf.fr\/vbarrouillet\/wp-content\/uploads\/sites\/105\/2024\/11\/D5.docx\">T\u00e9l\u00e9chargement libre ici<\/a><\/div>\n<div><\/div>\n<p>&nbsp;<\/p>\n<div>Barrouillet, V. T., Amblard, M., Haouzir, S., Delage, T., &amp; Musiol, M. (2025, January). L\u2019hypoth\u00e8se du continuum bipolarit\u00e9-schizophr\u00e9nie au risque psycholinguistique des ruptures discursives. In\u00a0<i>Annales M\u00e9dico-psychologiques, revue psychiatrique<\/i>. Elsevier Masson.<\/div>\n<div><a href=\"https:\/\/pdf.sciencedirectassets.com\/272287\/AIP\/1-s2.0-S0003448725000034\/main.pdf?X-Amz-Security-Token=IQoJb3JpZ2luX2VjELT%2F%2F%2F%2F%2F%2F%2F%2F%2F%2FwEaCXVzLWVhc3QtMSJHMEUCIQCwn3hIMuW9mfO%2Ff6z%2FUVn%2B1XR2MyZSmtsgxyX53HqWhAIgYSQ1mY%2Bz%2Fq7GLcAujB7f2ADUsuw30Q6sjHWsoRg%2B72cqvAUI3f%2F%2F%2F%2F%2F%2F%2F%2F%2F%2FARAFGgwwNTkwMDM1NDY4NjUiDGK2Yt0a2yFN74JVQyqQBVTJhD6vL2G2Qv0GzQkojRK00BB%2FLJZxa42sp92dOUCb0QwLqc4ZrVZJiOaYlyZp16WutRv34ijdd584Cnv3nBXCNFfRCztC6QaiSFlOuuhy74NUTGobN%2BaKF7P6VJnmoxWsim2UjNu3uuCR%2F6ywXHkRoH1CwTgY5qnMf0b3gN16mcvmBqG%2Bi7xLp2Ui1Fg2%2BamRzq9bxY5%2BbIPQrQfANKCusO6GOemCGuRCuJOY2bponfzuhUHPwxrNrw22tpefwAGdRvmIun7Ahz%2B9UG0b0tWw3eyFyFt4DegwTbxs67bsKNlQbMZ3PQcoj%2FbowhvrQ5yupp9d4UtsCCTp2zXvi6cQsoDGKwA%2F191vIaie91gMK9cATQMeXxhj%2FVnfJbffTeLu9%2BYaGNM66lh3JQwvGptMezp4qV5fnzU7gWZNcyLeAJ9AiZKzkXRoSMa1%2BRX7yqbc%2BhmDS0E8Ek%2F4%2FGxRQEHukR%2BGZVpaKAb%2BZjnLY1H3jv5R8kSqzoDfrpd%2BCX6pEjft6wh%2Fe3erggJDzFHRbkQa1dJMScl7lMwIus8V0P3EtxnqwDH4VkfVycsH1wl5oEsQ0atHErmvUm4ljBuvPZsgT71Ax0zdiHZsisJIe0hIkJwL0cXVYGPuRx3ghMwZp41ZxhC4JjuPImrEx7nbyM6np%2FoZRwRGwwWEYcjcUkQvZ3QEUiHNAfRrxxCp%2BDGLUeHL786ShEA5emZwRbf%2FlYAu4YT068fJ6QQqenJm5G2tVCQYa6Mmh%2F5Mz65cM4cXy%2BIoEwJT%2Bb%2FkIV2iy5C0LHCwB9GLLMSDjcnpnm3QfIY%2BLwRJe0GhQyotlIkdS%2FKpgA%2FpqTCgA5d3cQ1Knyg7Sxn8XK%2B%2BFSGCIH1Wdhyvo%2BwLMOql470GOrEBjkTPYFMHTLKiY2%2B6eUzOeQcsNhBpsZrZMibGBzRK5Qb5d4FkB05mohQgocrOMSX08EnI218URyttypbz86Zmpil0qTzdRBdA%2B4zKskO42Ir1emX8vI1QrVP2jC7lhlvXaeJok2coCck3hfJHkcYlGz%2FV%2BesVyWkMzb7IcsByQpGzLr7riaKzf3TgKXc9WIfUM13QD1fdEXkqaD6KkbZRUj1aO6tYYTm8QCL6Hjt1GSd5&amp;X-Amz-Algorithm=AWS4-HMAC-SHA256&amp;X-Amz-Date=20250221T195535Z&amp;X-Amz-SignedHeaders=host&amp;X-Amz-Expires=300&amp;X-Amz-Credential=ASIAQ3PHCVTY62UD44PZ%2F20250221%2Fus-east-1%2Fs3%2Faws4_request&amp;X-Amz-Signature=0ea36b9c826c0cd0027f405e8a5f318a4185de29aad475a67cfba2af73321bdb&amp;hash=c0858934296c77bae45081917bd147f28363e307b8cb1577a70b69abdbfa661d&amp;host=68042c943591013ac2b2430a89b270f6af2c76d8dfd086a07176afe7c76c2c61&amp;pii=S0003448725000034&amp;tid=spdf-7c028568-f632-4e37-bde8-891fc10b991d&amp;sid=58e1a52247c08443730bbec18447c7548ca0gxrqb&amp;type=client&amp;tsoh=d3d3LnNjaWVuY2VkaXJlY3QuY29t&amp;rh=d3d3LnNjaWVuY2VkaXJlY3QuY29t&amp;ua=03145d535a585305575f&amp;rr=91594b7888d902e1&amp;cc=fr\">T\u00e9l\u00e9chargement libre ici<\/a><\/div>\n<div><\/div>\n<p>&nbsp;<\/p>\n<div>Et bien s\u00fbr ma th\u00e8se de doctorat tr\u00e8s bient\u00f4t disponible en acc\u00e8s libre.<\/div>\n","protected":false},"excerpt":{"rendered":"<p>Barrouillet, V. T., Amblard, M., &amp; Musiol, M. (2023). Toward an automatic identification of discontinuities in the pathological discourse of patient with schizophrenia. In Journ\u00e9es scientifiques du GDR Lift-LIFT 2023. T\u00e9l\u00e9chargement libre ici &nbsp; Barrouillet, V. T., Amblard, M., Haouzir, S., Delage, T., &amp; Musiol, M. (2025, January). L\u2019hypoth\u00e8se du continuum bipolarit\u00e9-schizophr\u00e9nie au risque psycholinguistique [&hellip;]<\/p>\n","protected":false},"author":1,"featured_media":0,"parent":0,"menu_order":0,"comment_status":"closed","ping_status":"closed","template":"","meta":{"footnotes":""},"class_list":["post-17","page","type-page","status-publish","hentry"],"_links":{"self":[{"href":"https:\/\/perso.atilf.fr\/vbarrouillet\/wp-json\/wp\/v2\/pages\/17","targetHints":{"allow":["GET"]}}],"collection":[{"href":"https:\/\/perso.atilf.fr\/vbarrouillet\/wp-json\/wp\/v2\/pages"}],"about":[{"href":"https:\/\/perso.atilf.fr\/vbarrouillet\/wp-json\/wp\/v2\/types\/page"}],"author":[{"embeddable":true,"href":"https:\/\/perso.atilf.fr\/vbarrouillet\/wp-json\/wp\/v2\/users\/1"}],"replies":[{"embeddable":true,"href":"https:\/\/perso.atilf.fr\/vbarrouillet\/wp-json\/wp\/v2\/comments?post=17"}],"version-history":[{"count":11,"href":"https:\/\/perso.atilf.fr\/vbarrouillet\/wp-json\/wp\/v2\/pages\/17\/revisions"}],"predecessor-version":[{"id":359,"href":"https:\/\/perso.atilf.fr\/vbarrouillet\/wp-json\/wp\/v2\/pages\/17\/revisions\/359"}],"wp:attachment":[{"href":"https:\/\/perso.atilf.fr\/vbarrouillet\/wp-json\/wp\/v2\/media?parent=17"}],"curies":[{"name":"wp","href":"https:\/\/api.w.org\/{rel}","templated":true}]}}