{"id":23,"date":"2015-06-29T13:44:14","date_gmt":"2015-06-29T12:44:14","guid":{"rendered":"https:\/\/apps.atilf.fr\/homepages\/vlang\/?page_id=23"},"modified":"2026-02-11T17:50:32","modified_gmt":"2026-02-11T16:50:32","slug":"cv","status":"publish","type":"page","link":"https:\/\/perso.atilf.fr\/vlang\/cv\/","title":{"rendered":"CV"},"content":{"rendered":"<h5><strong>Responsabilit\u00e9s p\u00e9dagogiques<\/strong><\/h5>\n<ul>\n<li>\n<h6><strong>2024 &#8211;\u00a0 : responsable tutorat <\/strong>de la Licence Sciences du langage &#8211; D\u00e9partement Sciences du Langage, Universit\u00e9 de Lorraine<\/h6>\n<\/li>\n<li>\n<h6><strong>2022 &#8211; 2024 : responsable mobilit\u00e9 internationale <\/strong>de la Licence Sciences du langage &#8211; D\u00e9partement Sciences du Langage, Universit\u00e9 de Lorraine<\/h6>\n<\/li>\n<li>\n<h6><strong>2018 <\/strong><strong>&#8211; 2021 : co-responsable<\/strong> de la Licence Sciences du langage &#8211; D\u00e9partement Sciences du Langage, Universit\u00e9 de Lorraine<\/h6>\n<\/li>\n<li>\n<h6><strong>2017 &#8211; 2018 : coordinatrice p\u00e9dagogique<\/strong> du DU FL2I \u00e0 distance &#8211; D\u00e9partement Sciences du Langage, Universit\u00e9 de Lorraine<\/h6>\n<\/li>\n<li>\n<h6><strong>2017 &#8211; : membre du conseil de perfectionnement du <a href=\"http:\/\/www.fc.univ-lorraine.fr\/fileadmin\/templates\/public\/fichiers\/documents\/doc_actu_2013\/doc_actu_2013\/DU-FLI-Distance-U-Lorraine-Pre-Maquette.pdf\">D.U F.L.2.I.<\/a> \u00e0 distance <\/strong>\u2013 D\u00e9partement Sciences du Langage, Universit\u00e9 de Lorraine<\/h6>\n<\/li>\n<\/ul>\n<hr \/>\n<h5><strong>Responsabilit\u00e9s scientifiques <\/strong><\/h5>\n<ul>\n<li>\n<h6><strong>2224- : <\/strong><strong>membre du comit\u00e9 scientifique<\/strong> de la revue\u00a0<strong>M\u00e9langes<\/strong><\/h6>\n<\/li>\n<li>\n<h6><strong>2022<\/strong>&#8211; : <strong>co-responsable<\/strong> du groupe de recherche ReplayD<\/h6>\n<\/li>\n<li>\n<h6>2022- 2025 :<strong> membre du comit\u00e9 de r\u00e9daction<\/strong> de la revue <a href=\"https:\/\/journals.openedition.org\/pratiques\/\"><strong>Pratiques<\/strong><\/a><\/h6>\n<\/li>\n<li>\n<h6><strong>2015 &#8211; :<\/strong> cr\u00e9ation et\u00a0 <strong>membre du comit\u00e9 de r\u00e9daction<\/strong> de la <a href=\"https:\/\/apps.atilf.fr\/reseaultf\/?cat=17\" target=\"_blank\" rel=\"noopener noreferrer\">revue en ligne LTF<\/a><\/h6>\n<\/li>\n<li>\n<h6><strong>2015 : membre fondateur du <a href=\"https:\/\/apps.atilf.fr\/fli\/\" target=\"_blank\" rel=\"noopener noreferrer\">Portail FL2I<\/a><\/strong><\/h6>\n<\/li>\n<li>\n<h6><strong>2013 &#8211; : coordination<\/strong> des <a href=\"https:\/\/apps.atilf.fr\/reseaultf\/?cat=11\" target=\"_blank\" rel=\"noopener noreferrer\">s\u00e9minaires du r\u00e9seau LTF<\/a><\/h6>\n<\/li>\n<\/ul>\n<hr \/>\n<h5><strong>Exp\u00e9riences professionnelles<\/strong><\/h5>\n<h6><span style=\"color: #333333\"><strong>Universit\u00e9 de Lorraine<\/strong><\/span><\/h6>\n<ul>\n<li>\n<h6><strong>2016 &#8211; :\u00a0 <\/strong>Maitre de conf\u00e9rences, UFR-SHS, D\u00e9partement Sciences du Langage<\/h6>\n<\/li>\n<li>\n<h6><strong>2015-2016<br \/>\n<\/strong>&#8211; Charg\u00e9e de cours au sein du d\u00e9partement Sciences du Langage, Universit\u00e9 de Lorraine (110h d\u2019enseignement)<br \/>\n&#8211; Ing\u00e9nieure de recherches<\/h6>\n<\/li>\n<\/ul>\n<h6><span style=\"color: #ffffff\">&#8211;<\/span><\/h6>\n<h6><span style=\"color: #333333\"><strong>Hors universit\u00e9<\/strong><\/span><\/h6>\n<h6><strong>1999-2015 <\/strong><\/h6>\n<h6>&#8211; Responsable projet et d\u00e9veloppement, Association Formabilis<\/h6>\n<h6>&#8211; Formatrice de formateurs, Association Formabilis<\/h6>\n<h6>&#8211; Responsable de secteur, Association Formabilis<\/h6>\n<h6>&#8211; Formatrice FLE, FLI, et FLM pour adultes, Association Formabilis<\/h6>\n<h6>&#8211; Formatrice FLE, AEFTI Lorraine-Alsace<\/h6>\n<hr \/>\n<h5><strong>Formation<\/strong><\/h5>\n<h6>&#8211; 2015\u00a0\u00a0\u00a0\u00a0 <strong>Qualification<\/strong> <strong>CNU<\/strong> en 7<sup>\u00e8me<\/sup> section (Sciences du langage)<\/h6>\n<h6>&#8211; 2014\u00a0\u00a0\u00a0\u00a0 <strong>Doctorat en sciences du langage<\/strong>. Th\u00e8se soutenue le 24 novembre 2014 \u00e0 l\u2019Universit\u00e9 de Lorraine<\/h6>\n<h6>&#8211; 1995\u00a0\u00a0\u00a0\u00a0 D.E.S.S \u00ab Gestion du d\u00e9veloppement, de l\u2019emploi et de la formation \u00bb Universit\u00e9 Nancy II. Mention bien<\/h6>\n<h6>&#8211; 1994\u00a0\u00a0\u00a0\u00a0 Ma\u00eetrise \u00ab\u00a0Conception et r\u00e9alisation de projets d\u2019intervention sociale\u00a0\u00bb. Universit\u00e9 de Metz<\/h6>\n<hr \/>\n<h5><strong>Th\u00e8se<\/strong><\/h5>\n<h6><em><strong>Analyse et mesure des ins\u00e9curit\u00e9s langagi\u00e8res chez des adultes en situation d\u2019insertion<\/strong><\/em><\/h6>\n<h6>(L\u2019Universit\u00e9 de Lorraine ne d\u00e9livre plus de mention.)<\/h6>\n<h6><u>Composition du jury\u00a0<\/u>:<\/h6>\n<ul>\n<li>\n<h6>Filliettaz, L. (Pr\u00e9sident) &#8211; Universit\u00e9 de Gen\u00e8ve<\/h6>\n<\/li>\n<li>\n<h6>Adami, H.,\u00a0Andr\u00e9, V. (co-directeurs de th\u00e8se) &#8211; Universit\u00e9 de Lorraine<\/h6>\n<\/li>\n<li>\n<h6>Traverso, V. (Rapporteure) &#8211; Universit\u00e9 Lumi\u00e8re Lyon 2<\/h6>\n<\/li>\n<li>\n<h6>Mayen, P. (Rapporteur) &#8211; Universit\u00e9 de Dijon<\/h6>\n<\/li>\n<\/ul>\n","protected":false},"excerpt":{"rendered":"<p>Responsabilit\u00e9s p\u00e9dagogiques 2024 &#8211;\u00a0 : responsable tutorat de la Licence Sciences du langage &#8211; D\u00e9partement Sciences du Langage, Universit\u00e9 de Lorraine 2022 &#8211; 2024 : responsable mobilit\u00e9 internationale de la Licence Sciences du langage &#8211; D\u00e9partement Sciences du Langage, Universit\u00e9 de Lorraine 2018 &#8211; 2021 : co-responsable de la Licence Sciences du langage &#8211; D\u00e9partement [&hellip;]<\/p>\n","protected":false},"author":1,"featured_media":0,"parent":0,"menu_order":0,"comment_status":"closed","ping_status":"closed","template":"","meta":{"footnotes":""},"class_list":["post-23","page","type-page","status-publish","hentry"],"_links":{"self":[{"href":"https:\/\/perso.atilf.fr\/vlang\/wp-json\/wp\/v2\/pages\/23","targetHints":{"allow":["GET"]}}],"collection":[{"href":"https:\/\/perso.atilf.fr\/vlang\/wp-json\/wp\/v2\/pages"}],"about":[{"href":"https:\/\/perso.atilf.fr\/vlang\/wp-json\/wp\/v2\/types\/page"}],"author":[{"embeddable":true,"href":"https:\/\/perso.atilf.fr\/vlang\/wp-json\/wp\/v2\/users\/1"}],"replies":[{"embeddable":true,"href":"https:\/\/perso.atilf.fr\/vlang\/wp-json\/wp\/v2\/comments?post=23"}],"version-history":[{"count":38,"href":"https:\/\/perso.atilf.fr\/vlang\/wp-json\/wp\/v2\/pages\/23\/revisions"}],"predecessor-version":[{"id":618,"href":"https:\/\/perso.atilf.fr\/vlang\/wp-json\/wp\/v2\/pages\/23\/revisions\/618"}],"wp:attachment":[{"href":"https:\/\/perso.atilf.fr\/vlang\/wp-json\/wp\/v2\/media?parent=23"}],"curies":[{"name":"wp","href":"https:\/\/api.w.org\/{rel}","templated":true}]}}