{"id":35,"date":"2015-06-29T13:47:31","date_gmt":"2015-06-29T12:47:31","guid":{"rendered":"https:\/\/apps.atilf.fr\/homepages\/vlang\/?page_id=35"},"modified":"2024-10-02T11:09:59","modified_gmt":"2024-10-02T10:09:59","slug":"accueil","status":"publish","type":"page","link":"https:\/\/perso.atilf.fr\/vlang\/","title":{"rendered":"Accueil"},"content":{"rendered":"<p style=\"text-align: center\"><a href=\"https:\/\/perso.atilf.fr\/vlang\/wp-content\/uploads\/sites\/69\/2024\/10\/val_pp.png\"><img loading=\"lazy\" decoding=\"async\" class=\"alignnone size-medium wp-image-560\" src=\"https:\/\/perso.atilf.fr\/vlang\/wp-content\/uploads\/sites\/69\/2024\/10\/val_pp-272x300.png\" alt=\"\" width=\"272\" height=\"300\" srcset=\"https:\/\/perso.atilf.fr\/vlang\/wp-content\/uploads\/sites\/69\/2024\/10\/val_pp-272x300.png 272w, https:\/\/perso.atilf.fr\/vlang\/wp-content\/uploads\/sites\/69\/2024\/10\/val_pp.png 429w\" sizes=\"auto, (max-width: 272px) 100vw, 272px\" \/><\/a><\/p>\n<h5 style=\"text-align: left\"><span style=\"text-decoration: underline;color: #ffffff\"><strong>\u00a0<\/strong><\/span><\/h5>\n<h4><strong>Ma\u00eetresse de conf\u00e9rences<\/strong><\/h4>\n<h6><a href=\"http:\/\/www.univ-lorraine.fr\/content\/ufr-sciences-humaines-et-sociales-nancy\">UFR SHS &#8211; D\u00e9partement Sciences du Langage<\/a><\/h6>\n<h6><a href=\"http:\/\/www.atilf.fr\/\">Laboratoire ATILF<\/a><\/h6>\n<h6><strong> Mail<\/strong> : <a href=\"mailto:valerie.langbach@univ-lorraine.fr\">valerie.langbach@univ-lorraine.fr<\/a><\/h6>\n<h6><strong>\u00a0<\/strong><\/h6>\n<h4><strong>Objets de recherche<\/strong><\/h4>\n<h6>Mes travaux s&rsquo;articulent autour des probl\u00e9matiques concernant les publics faiblement scolaris\u00e9s et le Fran\u00e7ais Langue Maternelle pour adultes : Comp\u00e9tences cl\u00e9s &#8211; Jeux vid\u00e9o &#8211; Pr\u00e9vention &#8211; Genres brefs en sant\u00e9<\/h6>\n","protected":false},"excerpt":{"rendered":"<p>\u00a0 Ma\u00eetresse de conf\u00e9rences UFR SHS &#8211; D\u00e9partement Sciences du Langage Laboratoire ATILF Mail : valerie.langbach@univ-lorraine.fr \u00a0 Objets de recherche Mes travaux s&rsquo;articulent autour des probl\u00e9matiques concernant les publics faiblement scolaris\u00e9s et le Fran\u00e7ais Langue Maternelle pour adultes : Comp\u00e9tences cl\u00e9s &#8211; Jeux vid\u00e9o &#8211; Pr\u00e9vention &#8211; Genres brefs en sant\u00e9<\/p>\n","protected":false},"author":1,"featured_media":0,"parent":0,"menu_order":0,"comment_status":"closed","ping_status":"closed","template":"","meta":{"footnotes":""},"class_list":["post-35","page","type-page","status-publish","hentry"],"_links":{"self":[{"href":"https:\/\/perso.atilf.fr\/vlang\/wp-json\/wp\/v2\/pages\/35","targetHints":{"allow":["GET"]}}],"collection":[{"href":"https:\/\/perso.atilf.fr\/vlang\/wp-json\/wp\/v2\/pages"}],"about":[{"href":"https:\/\/perso.atilf.fr\/vlang\/wp-json\/wp\/v2\/types\/page"}],"author":[{"embeddable":true,"href":"https:\/\/perso.atilf.fr\/vlang\/wp-json\/wp\/v2\/users\/1"}],"replies":[{"embeddable":true,"href":"https:\/\/perso.atilf.fr\/vlang\/wp-json\/wp\/v2\/comments?post=35"}],"version-history":[{"count":65,"href":"https:\/\/perso.atilf.fr\/vlang\/wp-json\/wp\/v2\/pages\/35\/revisions"}],"predecessor-version":[{"id":563,"href":"https:\/\/perso.atilf.fr\/vlang\/wp-json\/wp\/v2\/pages\/35\/revisions\/563"}],"wp:attachment":[{"href":"https:\/\/perso.atilf.fr\/vlang\/wp-json\/wp\/v2\/media?parent=35"}],"curies":[{"name":"wp","href":"https:\/\/api.w.org\/{rel}","templated":true}]}}