{"id":1078,"date":"2024-07-25T13:50:21","date_gmt":"2024-07-25T12:50:21","guid":{"rendered":"https:\/\/perso.atilf.fr\/vlemoine\/?page_id=1078"},"modified":"2026-01-04T15:17:59","modified_gmt":"2026-01-04T14:17:59","slug":"habilitation-a-diriger-des-recherches-hdr","status":"publish","type":"page","link":"https:\/\/perso.atilf.fr\/vlemoine\/habilitation-a-diriger-des-recherches-hdr\/","title":{"rendered":"Directions de TH\u00c8SE"},"content":{"rendered":"<p><strong>Directions de th\u00e8se<\/strong> :<\/p>\n<p>2024 &#8211; xxx\u00a0 : <strong>Aurore ISAMBERT (100%)<br \/>\n<\/strong><\/p>\n<div class=\"page\" title=\"Page 1\">\n<div class=\"layoutArea\">\n<div class=\"column\">\n<p>Sujet : Mobiliser la voix et les expe\u0301riences des parents pour mieux reconnai\u0302tre et prendre en compte les langues familiales en e\u0301cole bilingue, Universit\u00e9 de Lorraine, ATILF (CNRS)<\/p>\n<p>2025 &#8211; xxx : <strong>Pierre ROUSSY (50%)<\/strong>, codirection avec Samuel Nowakowski, LORIA, Universit\u00e9 de Lorraine<\/p>\n<p>Sujet : Conception et exp\u00e9rimentation d\u2019un dispositif d\u2019apprentissage auto-dirig\u00e9 d&rsquo;une langue seconde int\u00e9grant l\u2019intelligence artificielle g\u00e9n\u00e9rative au second degr\u00e9 en R\u00e9seaux d\u2019\u00c9ducation Prioritaire : quels enjeux d&rsquo;autonomie et d\u2019\u00e9mancipation pour les apprenant-e-s?<\/p>\n<p>2025 &#8211; xxx : <strong>Karima YAHIAOU (100%)<\/strong><\/p>\n<p>Sujet : Le fran\u00e7ais langue seconde, un miroir de soi et d\u2019autrui\u00a0?\u00a0Repr\u00e9sentations du fran\u00e7ais et constructions identitaires des \u00e9l\u00e8ves allophones\u00a0: du dispositif UPE2A \u00e0 la classe ordinaire\u00a0(\u00e9tude comparative)<\/p>\n<\/div>\n<\/div>\n<\/div>\n","protected":false},"excerpt":{"rendered":"<p>Directions de th\u00e8se : 2024 &#8211; xxx\u00a0 : Aurore ISAMBERT (100%) Sujet : Mobiliser la voix et les expe\u0301riences des parents pour mieux reconnai\u0302tre et prendre en compte les langues familiales en e\u0301cole bilingue, Universit\u00e9 de Lorraine, ATILF (CNRS) 2025 &hellip; <a href=\"https:\/\/perso.atilf.fr\/vlemoine\/habilitation-a-diriger-des-recherches-hdr\/\">Continuer la lecture <span class=\"meta-nav\">&rarr;<\/span><\/a><\/p>\n","protected":false},"author":67,"featured_media":0,"parent":0,"menu_order":0,"comment_status":"closed","ping_status":"closed","template":"","meta":{"footnotes":""},"class_list":["post-1078","page","type-page","status-publish","hentry"],"_links":{"self":[{"href":"https:\/\/perso.atilf.fr\/vlemoine\/wp-json\/wp\/v2\/pages\/1078","targetHints":{"allow":["GET"]}}],"collection":[{"href":"https:\/\/perso.atilf.fr\/vlemoine\/wp-json\/wp\/v2\/pages"}],"about":[{"href":"https:\/\/perso.atilf.fr\/vlemoine\/wp-json\/wp\/v2\/types\/page"}],"author":[{"embeddable":true,"href":"https:\/\/perso.atilf.fr\/vlemoine\/wp-json\/wp\/v2\/users\/67"}],"replies":[{"embeddable":true,"href":"https:\/\/perso.atilf.fr\/vlemoine\/wp-json\/wp\/v2\/comments?post=1078"}],"version-history":[{"count":8,"href":"https:\/\/perso.atilf.fr\/vlemoine\/wp-json\/wp\/v2\/pages\/1078\/revisions"}],"predecessor-version":[{"id":1238,"href":"https:\/\/perso.atilf.fr\/vlemoine\/wp-json\/wp\/v2\/pages\/1078\/revisions\/1238"}],"wp:attachment":[{"href":"https:\/\/perso.atilf.fr\/vlemoine\/wp-json\/wp\/v2\/media?parent=1078"}],"curies":[{"name":"wp","href":"https:\/\/api.w.org\/{rel}","templated":true}]}}