{"id":13,"date":"2015-06-29T13:43:15","date_gmt":"2015-06-29T12:43:15","guid":{"rendered":"https:\/\/apps.atilf.fr\/homepages\/vlemoine\/?page_id=13"},"modified":"2025-08-08T14:45:51","modified_gmt":"2025-08-08T13:45:51","slug":"enseignement","status":"publish","type":"page","link":"https:\/\/perso.atilf.fr\/vlemoine\/enseignement\/","title":{"rendered":"Enseignement"},"content":{"rendered":"<p><span style=\"text-decoration: underline\"><strong>Contexte institutionnel<\/strong><\/span><\/p>\n<p>Universit\u00e9 de Lorraine, composante INSPE de Lorraine (Collegium INTERFACE)<\/p>\n<p><a href=\"http:\/\/espe.univ-lorraine.fr\/espe\/esp%C3%A9-de-lorraine\">Site INSPE de Lorraine<\/a><\/p>\n<p><strong>Depuis 2025<\/strong> : PIF, master <strong>DIPEA<\/strong> -Design et Ing\u00e9nierie P\u00e9dagogique pour l&rsquo;Exp\u00e9rience d&rsquo;Apprentissage<\/p>\n<p><strong>Depuis 2021<\/strong><\/p>\n<p><strong>En Master PIF<\/strong> (Pratiques et Ing\u00e9nierie de Formation), <strong>parcours IP<\/strong> (Ing\u00e9nierie P\u00e9dagogique) du campus de Nancy et campus de Montigny-l\u00e8s-Metz :<\/p>\n<ul>\n<li>BLOC 1 (Diversit\u00e9 des publics, interculturalit\u00e9, inclusion, accompagnement, transitions, changements, r\u00e9sistances)<\/li>\n<li>BLOC 4 (Travail de recherche)<\/li>\n<\/ul>\n<p><strong>En Master 1 MEEF 1er degr\u00e9, et en Master 2 MEEF 1er degr\u00e9 (EPR-EPA)<\/strong> :<\/p>\n<ul>\n<li>ME 723 : \u00c9ducation\u00a0\u00e0 et par\u00a0l&rsquo;interculturalit\u00e9 ou \u00ab\u00a0C\u2019est quoi tes origines\u00a0?\u00a0\u00bb\u00a0: question banale\u00a0? \u00c7a s\u2019discute.<\/li>\n<li>ME 923 : \u00c9ducation\u00a0\u00e0 et par\u00a0l&rsquo;interculturalit\u00e9 ou\u00a0\u00ab\u00a0comment relever le d\u00e9fi de prendre en compte les diversit\u00e9s linguistiques et culturelles dans ma classe \u00bb<\/li>\n<\/ul>\n<p><strong>2016-2021<\/strong><\/p>\n<p>En Master 2 PEPA (Parcours Enseignement et Pratique Accompagn\u00e9e) du campus de Nancy : Langues et interculturalit\u00e9 (UE 960.2 et 1060.2)<\/p>\n<p>En Master 2 PIF (Pratiques et Ing\u00e9nierie de Formation), parcours IP (Ing\u00e9nierie P\u00e9dagogique) du campus de Nancy : Langues et Interculturalit\u00e9 (UE 902)<\/p>\n<p>En Master 2 PIF (Pratiques et Ing\u00e9nierie de Formation), parcours IP (Ing\u00e9nierie P\u00e9dagogique) du campus de Montigny-l\u00e8s-Metz : Langues et Interculturalit\u00e9 (UE 902)<\/p>\n<p>En Master 2 PIF (Pratiques et Ing\u00e9nierie de Formation), parcours IP (Ing\u00e9nierie P\u00e9dagogique) du campus de Nancy : EC2 Accompagnement \u00e9ducatif individualis\u00e9 de l&rsquo;UE 1003 Acte d&rsquo;\u00e9ducation : probl\u00e9matiques, r\u00e9ponses et postures professionnelles<\/p>\n<p>En Master 2 PIF (Pratiques et Ing\u00e9nierie de Formation), parcours IP (Ing\u00e9nierie P\u00e9dagogique) du campus de Montigny-l\u00e8s-Metz : Travail d&rsquo;\u00e9tude et de recherche, initiation \u00e0 la recherche (UE 1010)<\/p>\n<p>En Master 2 PEA (Parcours Enseignement en Alternance) et PEPA (Parcours Enseignement et Pratique Accompagn\u00e9e) du campus de Montigny-l\u00e8s-Metz : Travail d&rsquo;\u00e9tude et de recherche, initiation \u00e0 la recherche (UE 1030)<\/p>\n<p><strong>Depuis 09\/2017<\/strong><\/p>\n<p>En Master 2 PIF (Pratiques et Ing\u00e9nierie de Formation), parcours IP (Ing\u00e9nierie P\u00e9dagogique) du campus de Nancy : Travail d&rsquo;\u00e9tude et de recherche, initiation \u00e0 la recherche (UE 910 et 1010)<\/p>\n<p><strong>Depuis 09\/2019<\/strong><\/p>\n<p>En Master 2 PIF (Pratiques et Ing\u00e9nierie de Formation), parcours IP (Ing\u00e9nierie P\u00e9dagogique) du campus de Montigny-l\u00e8s-Metz : Travail d&rsquo;\u00e9tude et de recherche, initiation \u00e0 la recherche (UE 910 et 1010)<\/p>\n<p><strong>AUTRES UNIVERSIT\u00c9S<\/strong><\/p>\n<p><strong>Depuis 2024 :<\/strong><\/p>\n<p><strong>2024-xxx :<\/strong> En <strong>Master Sciences de l&rsquo;\u00c9ducation et de la Formation, parcours MIFEF<\/strong>, IGE FORSE &#8211; ISPEF, Universit\u00e9 Lumi\u00e8re Lyon 2<\/p>\n<p><strong>2024-2025 :<\/strong> En <strong>Master Sciences de l&rsquo;\u00c9ducation et de la Formation, parcours TEGI, option, MEPOT<\/strong>, Universit\u00e9 de Lille<\/p>\n<p><strong>2016-2024 : <\/strong>En <strong>Master 2 MEEF, parcours CLILLE<\/strong> (Contenus disciplinaires et Linguistiques Int\u00e9gr\u00e9s pour Les apprentissages et L\u2019Enseignement), <strong>INSPE\/universit\u00e9 de Lille, Haut-de-France\u00a0<a href=\"http:\/\/www.inspe-lille-hdf.fr\/\/spip.php?article792\">http:\/\/www.inspe-lille-hdf.fr\/\/spip.php?article792<\/a><\/strong><\/p>\n<p><strong>2018-2019 : <\/strong><strong>DU CLILLE<\/strong> (UE Interculturalit\u00e9, cultures) \u00e0 l\u2019<strong>INSP\u00c9 Lille Nord de France\u00a0<\/strong><\/p>\n<p><strong>2015-2017\u00a0: <\/strong>En Master 2 <strong>POSEFI<\/strong>\u00a0(Pilotage des Organisations Scolaires en France et \u00e0 l\u2019International) du site <strong>ESP\u00c9 Lille Nord de France<\/strong> : Interculturalit\u00e9, Plurilinguisme<\/p>\n<p><strong>Depuis 2017\u00a0:<\/strong><\/p>\n<p><strong>2017-2023 : <\/strong>En Master 2 MEEF 1<sup>er<\/sup> et 2<sup>nd<\/sup> degr\u00e9, en Master 1\u00a0 MEEF 1<sup>er<\/sup> et 2<sup>nd<\/sup> degr\u00e9 (Gestion des relations et des interactions entre des cultures diff\u00e9rentes), <strong>\u00e0 l\u2019Universit\u00e9 Catholique de Lille, campus Institut de Formation P\u00e9dagogique, Lille<\/strong><\/p>\n","protected":false},"excerpt":{"rendered":"<p>Contexte institutionnel Universit\u00e9 de Lorraine, composante INSPE de Lorraine (Collegium INTERFACE) Site INSPE de Lorraine Depuis 2025 : PIF, master DIPEA -Design et Ing\u00e9nierie P\u00e9dagogique pour l&rsquo;Exp\u00e9rience d&rsquo;Apprentissage Depuis 2021 En Master PIF (Pratiques et Ing\u00e9nierie de Formation), parcours IP &hellip; <a href=\"https:\/\/perso.atilf.fr\/vlemoine\/enseignement\/\">Continuer la lecture <span class=\"meta-nav\">&rarr;<\/span><\/a><\/p>\n","protected":false},"author":1,"featured_media":0,"parent":0,"menu_order":0,"comment_status":"closed","ping_status":"closed","template":"","meta":{"footnotes":""},"class_list":["post-13","page","type-page","status-publish","hentry"],"_links":{"self":[{"href":"https:\/\/perso.atilf.fr\/vlemoine\/wp-json\/wp\/v2\/pages\/13","targetHints":{"allow":["GET"]}}],"collection":[{"href":"https:\/\/perso.atilf.fr\/vlemoine\/wp-json\/wp\/v2\/pages"}],"about":[{"href":"https:\/\/perso.atilf.fr\/vlemoine\/wp-json\/wp\/v2\/types\/page"}],"author":[{"embeddable":true,"href":"https:\/\/perso.atilf.fr\/vlemoine\/wp-json\/wp\/v2\/users\/1"}],"replies":[{"embeddable":true,"href":"https:\/\/perso.atilf.fr\/vlemoine\/wp-json\/wp\/v2\/comments?post=13"}],"version-history":[{"count":44,"href":"https:\/\/perso.atilf.fr\/vlemoine\/wp-json\/wp\/v2\/pages\/13\/revisions"}],"predecessor-version":[{"id":1202,"href":"https:\/\/perso.atilf.fr\/vlemoine\/wp-json\/wp\/v2\/pages\/13\/revisions\/1202"}],"wp:attachment":[{"href":"https:\/\/perso.atilf.fr\/vlemoine\/wp-json\/wp\/v2\/media?parent=13"}],"curies":[{"name":"wp","href":"https:\/\/api.w.org\/{rel}","templated":true}]}}