{"id":15,"date":"2015-06-29T13:43:26","date_gmt":"2015-06-29T12:43:26","guid":{"rendered":"https:\/\/apps.atilf.fr\/homepages\/vlemoine\/?page_id=15"},"modified":"2024-11-01T16:26:00","modified_gmt":"2024-11-01T15:26:00","slug":"projets","status":"publish","type":"page","link":"https:\/\/perso.atilf.fr\/vlemoine\/projets\/","title":{"rendered":"Parcours"},"content":{"rendered":"<p><strong>SYNTH\u00c8SE DU PARCOURS<\/strong><\/p>\n<p><strong>DEPUIS 03\/07\/2024<\/strong> : MCF, Habilit\u00e9e \u00e0 Diriger des Recherches (HDR SHS &#8211; Sciences du Langage &#8211; Sciences de l&rsquo;\u00e9ducation et de la Formation), obtenu \u00e0 l&rsquo;Universit\u00e9 Paul Val\u00e9ry Montpellier 3<\/p>\n<p>Universit\u00e9 de Lorraine, Laboratoire ATILF (UMR 7118 CNRS), INSP\u00c9 de Lorraine<\/p>\n<p><strong>DEPUIS 2015<\/strong> : MCF, Universit\u00e9 de Lorraine, Laboratoire ATILF (UMR 7118 CNRS), INSP\u00c9 de Lorraine<\/p>\n<p><strong>1988 \u2013 2015. Exp\u00e9riences professionnelles ant\u00e9rieures : \u00c9ducation nationale, Acad\u00e9mie de Lille<\/strong><\/p>\n<p><strong>1988 &#8211; 1990<\/strong> : Laur\u00e9ate concours, institutrice stagiaire, \u00c9cole Normale de gar\u00e7ons, Douai<\/p>\n<p><strong>1990 &#8211; 1999<\/strong> : Institutrice\/professeure des \u00e9coles, Roubaix, en ZEP<\/p>\n<p><strong>1999 &#8211; 2007<\/strong> : Conseill\u00e8re p\u00e9dagogique langues et cultures, bassin d\u2019\u00e9ducation Roubaix-Tourcoing<\/p>\n<p><strong>2007-2015<\/strong> : Conseill\u00e8re p\u00e9dagogique d\u00e9partementale langues et cultures, Direction des Services D\u00e9partementaux de l\u2019\u00c9ducation nationale, Acad\u00e9mie de Lille<\/p>\n<p><strong>\u00a0<\/strong><\/p>\n<p><strong>2008-2010. Reprise d\u2019\u00e9tudes par VAPP<\/strong><\/p>\n<p><strong>2009<\/strong>\u00a0:\u00a0Master 2 \u00ab\u00a0Conseil Accompagnement M\u00e9diation En Formation de Formateurs\u00a0\u00bb, Universit\u00e9 de Lille 3<\/p>\n<p><u>Th\u00e8me de recherche<\/u> : un parcours de formation en langues vivantes pour le premier degr\u00e9 de l\u2019\u00c9cole, \u00e0 l\u2019\u00e9preuve de la perspective actionnable et\/ou d\u2019autres m\u00e9thodologies, sous la direction de B. Daunay, Universit\u00e9 de Lille 3<\/p>\n<p><strong>2010<\/strong>\u00a0:\u00a0Master 2 \u00ab\u00a0Didactiques, Enseignements, Apprentissages\u00a0\u00bb, Universit\u00e9 de Lille 3<\/p>\n<p><u>Th\u00e8me de recherche<\/u> : pratiques autonomisantes et interculturelles dans un enseignement de type actionnel. \u00c9tude comparative internationale entre l\u2019Allemagne et la France assortie d\u2019une comparaison intra nationale, sous la direction de B. Daunay, Universit\u00e9 de Lille 3 et de F. Dervin, Universit\u00e9 d\u2019Helsinki, Finlande<\/p>\n<p>&nbsp;<\/p>\n","protected":false},"excerpt":{"rendered":"<p>SYNTH\u00c8SE DU PARCOURS DEPUIS 03\/07\/2024 : MCF, Habilit\u00e9e \u00e0 Diriger des Recherches (HDR SHS &#8211; Sciences du Langage &#8211; Sciences de l&rsquo;\u00e9ducation et de la Formation), obtenu \u00e0 l&rsquo;Universit\u00e9 Paul Val\u00e9ry Montpellier 3 Universit\u00e9 de Lorraine, Laboratoire ATILF (UMR 7118 &hellip; <a href=\"https:\/\/perso.atilf.fr\/vlemoine\/projets\/\">Continuer la lecture <span class=\"meta-nav\">&rarr;<\/span><\/a><\/p>\n","protected":false},"author":1,"featured_media":0,"parent":0,"menu_order":0,"comment_status":"closed","ping_status":"closed","template":"","meta":{"footnotes":""},"class_list":["post-15","page","type-page","status-publish","hentry"],"_links":{"self":[{"href":"https:\/\/perso.atilf.fr\/vlemoine\/wp-json\/wp\/v2\/pages\/15","targetHints":{"allow":["GET"]}}],"collection":[{"href":"https:\/\/perso.atilf.fr\/vlemoine\/wp-json\/wp\/v2\/pages"}],"about":[{"href":"https:\/\/perso.atilf.fr\/vlemoine\/wp-json\/wp\/v2\/types\/page"}],"author":[{"embeddable":true,"href":"https:\/\/perso.atilf.fr\/vlemoine\/wp-json\/wp\/v2\/users\/1"}],"replies":[{"embeddable":true,"href":"https:\/\/perso.atilf.fr\/vlemoine\/wp-json\/wp\/v2\/comments?post=15"}],"version-history":[{"count":21,"href":"https:\/\/perso.atilf.fr\/vlemoine\/wp-json\/wp\/v2\/pages\/15\/revisions"}],"predecessor-version":[{"id":1103,"href":"https:\/\/perso.atilf.fr\/vlemoine\/wp-json\/wp\/v2\/pages\/15\/revisions\/1103"}],"wp:attachment":[{"href":"https:\/\/perso.atilf.fr\/vlemoine\/wp-json\/wp\/v2\/media?parent=15"}],"curies":[{"name":"wp","href":"https:\/\/api.w.org\/{rel}","templated":true}]}}