{"id":23,"date":"2015-06-29T13:44:14","date_gmt":"2015-06-29T12:44:14","guid":{"rendered":"https:\/\/apps.atilf.fr\/homepages\/vlemoine\/?page_id=23"},"modified":"2026-01-04T15:18:50","modified_gmt":"2026-01-04T14:18:50","slug":"cv","status":"publish","type":"page","link":"https:\/\/perso.atilf.fr\/vlemoine\/cv\/","title":{"rendered":"Curriculum Vitae"},"content":{"rendered":"<p><strong>LEMOINE-BRESSON V\u00e9ronique<\/strong><\/p>\n<p><strong>MCF HC, Habilit\u00e9e \u00e0 Diriger des Recherches<\/strong> (HDR SHS Sciences du langage &#8211; Sciences de l&rsquo;\u00e9ducation et de la formation &#8211; 03\/07\/2024)<\/p>\n<p>N\u00e9e le 20 ao\u00fbt 1966<\/p>\n<p><a href=\"mailto:Veronique.lemoine-bresson@univ-lorraine.fr\">Veronique.lemoine-bresson@univ-lorraine.fr<\/a><\/p>\n<p>T\u00e9l\u00e9phone\u00a0: (0033)+(0)6 08 22 93 87<\/p>\n<h1><a name=\"_Toc166936710\"><\/a><strong>ADRESSES<\/strong><\/h1>\n<p>Adresse du laboratoire\u00a0: Laboratoire ATILF (CNRS) UMR 7118, Universit\u00e9 de<\/p>\n<p>Lorraine, 23 boulevard Albert 1<sup>er<\/sup>, B\u00e2timent F, 54000 Nancy, France<\/p>\n<p>Adresse de la composante : INSP\u00c9 de Lorraine, 5 rue Paul Richard, 54320 Max\u00e9ville, France<\/p>\n<h1><a name=\"_Toc166936711\"><\/a><strong>SITUATION PROFESSIONNELLE ACTUELLE<\/strong><\/h1>\n<p><strong>Depuis le 01\/09\/2015 <\/strong>(effectif 01\/09\/2016, arr\u00eat longue maladie, soins cancer)<\/p>\n<p>Maitresse de conf\u00e9rences HDR, didactique des Langues et des Cultures<\/p>\n<p>CNU\u00a0: 70 (qualification)\u00a0; 07 (poste)<\/p>\n<p>Titulaire PEDR 2021-2025<\/p>\n<p>Rattachement pour l\u2019enseignement\u00a0: INSP\u00c9 de Lorraine, Campus Nancy-Max\u00e9ville et Montigny-l\u00e8s-Metz<\/p>\n<h1><a name=\"_Toc166936712\"><\/a><strong>DIPL\u00d4MES\/QUALIFICATIONS<\/strong><\/h1>\n<p><strong>\u00a02024 : Habilitation \u00e0 Diriger des Recherches, SH &#8211; Sciences du langage et Sciences de l&rsquo;\u00c9ducation et de la Formation, Universit\u00e9 Paul Val\u00e9ry, Montpellier 3<\/strong><\/p>\n<p><strong>2015<\/strong>\u00a0: <strong>Qualification<\/strong> <strong>CNU<\/strong> aux fonctions de maitresse de conf\u00e9rences<\/p>\n<p>70\u00e8 section (Sciences de l\u2019\u00e9ducation)<\/p>\n<p>07\u00e8 section (poste actuel)<\/p>\n<p><strong>2014<\/strong>\u00a0: <strong>Doctorat en Sciences de l\u2019\u00e9ducation et de la formation<\/strong>, Universit\u00e9 de Lille<\/p>\n<p>Soutenance\u00a0: 04\/07\/2014, mention tr\u00e8s honorable, avec les f\u00e9licitations du jury \u00e0 l\u2019unanimit\u00e9<\/p>\n<p><u>Titre de la the\u0300se<\/u> : Diversite\u0301s franco-allemandes, pratiques interculturelles et autonomisantes a\u0300 l\u2019e\u0301cole primaire et a\u0300 la <em>Grundschule<\/em> en didactique des langues \u00e9trang\u00e8res.<br \/>\nCo-directeurs : B. Daunay, professeur d\u2019Universite\u0301, Universite\u0301 de Lille 3, France et F. Dervin, professeur d\u2019Universite\u0301, Universite\u0301 d\u2019Helsinki, Finlande<\/p>\n<p><u>Jury<\/u>\u00a0:<br \/>\nNathalie Auger, professeuse d\u2019Universite\u0301, Universite\u0301 Montpellier 3, France (rapporteure), Marie-Jos\u00e9 Barbot, professeuse d\u2019Universite\u0301 e\u0301me\u0301rite, Universite\u0301 de Lille 3, France<br \/>\nAdelheid Hu, professeuse d\u2019Universite\u0301, Universite\u0301 du Luxembourg, Luxembourg (rapporteure), Dominique Macaire, professeuse d\u2019Universite\u0301, Universite\u0301 de Lorraine, France, Annick Rivens-Mompean, professeuse d\u2019Universite\u0301, Universite\u0301 de Lille 3, France (pre\u0301sidente)<\/p>\n<p><strong>2010\u00a0:<\/strong> <strong>Master 2<\/strong> \u00ab Didactiques, Enseignements, Apprentissages \u00bb, Universite\u0301 Lille 3, mention tr\u00e8s bien<\/p>\n<p><strong>2009\u00a0:<\/strong> <strong>Master 2<\/strong> \u00ab Conseil Accompagnement Me\u0301diation En Formation de Formateurs\u00a0\u00bb, (CAMEFF) Lille 3, mention tr\u00e8s bien<\/p>\n<p><strong>2002\u00a0:<\/strong> <strong>Certificat d\u2019Aptitude aux Fonctions d\u2019Instituteurs et de Professeurs des \u00c9coles Maitres formateurs<\/strong>, Minist\u00e8re de l\u2019\u00c9ducation nationale, sp\u00e9cialit\u00e9 langues vivantes<\/p>\n<p><strong>\u00a0<\/strong><strong>1990\u00a0<\/strong>: <strong>Dipl\u00f4me d\u2019\u00c9tudes Sup\u00e9rieures d\u2019Instituteurs<\/strong>, Minist\u00e8re de l\u2019\u00c9ducation nationale (DESI)<\/p>\n<p><strong>1987<\/strong>\u00a0: <strong>Licence<\/strong> Litt\u00e9rature et Civilisation, Allemand, options\u00a0: espagnol, hongrois, Universite\u0301 Lille 3, France<\/p>\n<p><strong>1984<\/strong>\u00a0: <strong>Baccalaur\u00e9at<\/strong> Section A1 (Philosophie et math\u00e9matiques\u00a0; LVa\u00a0: allemand, LVb\u00a0: anglais, LVc espagnol), Lyc\u00e9e Condorcet, Lens, France<\/p>\n<h1><a name=\"_Toc166936713\"><\/a><strong>PARCOURS PROFESSIONNEL<\/strong><\/h1>\n<p><strong>\u00a0<\/strong><strong>Depuis le 01\/09\/2015<\/strong> Universit\u00e9 de Lorraine, Acad\u00e9mie de Nancy-Metz<\/p>\n<p>Maitresse de conf\u00e9rences HDR, didactique des Langues et des Cultures<\/p>\n<p>Institut National Sup\u00e9rieur du Professorat et de l\u2019\u00c9ducation, INSP\u00c9 de Lorraine, Campus Nancy-Max\u00e9ville et Montigny-l\u00e8s-Metz<\/p>\n<p>2024-2025 Charg\u00e9e de cours, Universit\u00e9 de Lille, Master Sciences de l&rsquo;\u00e9ducation et de la Formation, MEPOT<\/p>\n<p>2024- &#8230; Charg\u00e9e de cours, Universit\u00e9 de Lyon-Rouen Normandie, Master Sciences de l&rsquo;\u00e9ducation et de la Formation, MIFEF<\/p>\n<p>2015-2024 Charg\u00e9e de cours INSP\u00c9, Universit\u00e9 de Lille Hauts-de-France (Master 2 MEEF CLILLE, 12H)<\/p>\n<p>2016-2023 Charg\u00e9e de cours Institut de Formation P\u00e9dagogique, Universit\u00e9 Catholique de Lille (Master 1 MEEF \u00ab \u00c9ducation \u00e0 l\u2019interculturalit\u00e9 \u00bb, 24H)<\/p>\n<p><strong>\u00a0<\/strong><strong>2007-2015<\/strong> Acad\u00e9mie de Lille<\/p>\n<p>Conseill\u00e8re p\u00e9dagogique d\u00e9partementale Langues Vivantes, Direction des Services D\u00e9partementaux de l\u2019\u00c9ducation nationale, Lille.<\/p>\n<p>Formatrice associ\u00e9e IUFM, puis ESP\u00c9, Lille et Villeneuve d\u2019Ascq<\/p>\n<p><strong>\u00a0<\/strong><strong>2000-2007<\/strong> Acad\u00e9mie de Lille<\/p>\n<p>Conseill\u00e8re p\u00e9dagogique Langues Vivantes, Bassin d\u2019\u00e9ducation de Roubaix-Tourcoing<\/p>\n<p><strong>\u00a0<\/strong><strong>1990-2000<\/strong> Acad\u00e9mie de Lille<\/p>\n<p>Institutrice\/Professeuse des \u00e9coles, Roubaix en ZEP<\/p>\n<p><strong>\u00a0<\/strong><strong>1988-1990<\/strong> Acad\u00e9mie de Lille<\/p>\n<p>Laur\u00e9ate concours enseignement primaire, institutrice stagiaire, \u00c9cole Normale de gar\u00e7ons, Douai (Nord)<\/p>\n<h1><a name=\"_Toc166936714\"><\/a><strong>RECHERCHE<\/strong><\/h1>\n<h2><a name=\"_Toc166936715\"><\/a><strong><em>LABORATOIRES<\/em><\/strong><\/h2>\n<p><em>\u00a0<\/em><strong>Depuis 2015<\/strong> Universit\u00e9 de Lorraine<\/p>\n<p>ATILF UMR 7118 (CNRS) &#8211; Analyse et Traitement Informatique de la Langue Fran\u00e7aise. Direction\u00a0: M. Constant.<\/p>\n<p>AXE-3\u00a0: Didactique des langues et cultures et sociolinguistique<\/p>\n<p>AXE-B\u00a0: Approches de terrains<\/p>\n<p><strong>\u00a0<\/strong><strong>2008-2014<\/strong> Universit\u00e9 de Lille, CIREL (Centre interuniversitaire de recherche en \u00e9ducation de Lille) est une unit\u00e9 labellis\u00e9e de recherche (ULR 4354) (anciennement Lille 3).<\/p>\n<p><strong>2010-2014<\/strong> Doctorante, Sciences de l\u2019\u00e9ducation et de la Formation, Didactique des langues et des cultures<\/p>\n<p>&nbsp;<\/p>\n<p>&nbsp;<\/p>\n<p>&nbsp;<\/p>\n","protected":false},"excerpt":{"rendered":"<p>LEMOINE-BRESSON V\u00e9ronique MCF HC, Habilit\u00e9e \u00e0 Diriger des Recherches (HDR SHS Sciences du langage &#8211; Sciences de l&rsquo;\u00e9ducation et de la formation &#8211; 03\/07\/2024) N\u00e9e le 20 ao\u00fbt 1966 Veronique.lemoine-bresson@univ-lorraine.fr T\u00e9l\u00e9phone\u00a0: (0033)+(0)6 08 22 93 87 ADRESSES Adresse du laboratoire\u00a0: &hellip; <a href=\"https:\/\/perso.atilf.fr\/vlemoine\/cv\/\">Continuer la lecture <span class=\"meta-nav\">&rarr;<\/span><\/a><\/p>\n","protected":false},"author":1,"featured_media":0,"parent":0,"menu_order":0,"comment_status":"closed","ping_status":"closed","template":"","meta":{"footnotes":""},"class_list":["post-23","page","type-page","status-publish","hentry"],"_links":{"self":[{"href":"https:\/\/perso.atilf.fr\/vlemoine\/wp-json\/wp\/v2\/pages\/23","targetHints":{"allow":["GET"]}}],"collection":[{"href":"https:\/\/perso.atilf.fr\/vlemoine\/wp-json\/wp\/v2\/pages"}],"about":[{"href":"https:\/\/perso.atilf.fr\/vlemoine\/wp-json\/wp\/v2\/types\/page"}],"author":[{"embeddable":true,"href":"https:\/\/perso.atilf.fr\/vlemoine\/wp-json\/wp\/v2\/users\/1"}],"replies":[{"embeddable":true,"href":"https:\/\/perso.atilf.fr\/vlemoine\/wp-json\/wp\/v2\/comments?post=23"}],"version-history":[{"count":54,"href":"https:\/\/perso.atilf.fr\/vlemoine\/wp-json\/wp\/v2\/pages\/23\/revisions"}],"predecessor-version":[{"id":1240,"href":"https:\/\/perso.atilf.fr\/vlemoine\/wp-json\/wp\/v2\/pages\/23\/revisions\/1240"}],"wp:attachment":[{"href":"https:\/\/perso.atilf.fr\/vlemoine\/wp-json\/wp\/v2\/media?parent=23"}],"curies":[{"name":"wp","href":"https:\/\/api.w.org\/{rel}","templated":true}]}}