{"id":35,"date":"2015-06-29T13:47:31","date_gmt":"2015-06-29T12:47:31","guid":{"rendered":"https:\/\/apps.atilf.fr\/homepages\/vlemoine\/?page_id=35"},"modified":"2025-11-23T16:43:07","modified_gmt":"2025-11-23T15:43:07","slug":"accueil","status":"publish","type":"page","link":"https:\/\/perso.atilf.fr\/vlemoine\/","title":{"rendered":"Bienvenue sur ma page professionnelle !"},"content":{"rendered":"<h3><strong>V\u00e9ronique Lemoine-Bresson, <\/strong><strong>Chercheuse p\u00e9dagogue, impliqu\u00e9e<\/strong><\/h3>\n<h3>Maitresse de Conf\u00e9rences, HDR &#8211; Sciences du langage &#8211; Sciences de l&rsquo;\u00e9ducation et de la formation<\/h3>\n<h4>Titulaire de la Prime d&rsquo;encadrement doctoral et de recherche (PEDR 2021-2025)<\/h4>\n<h4>Co-coordinatrice master 2 MEEF Ing\u00e9nierie P\u00e9dagogique, MASTER DIPEA, Design et Ing\u00e9nierie P\u00e9dagogique en Exp\u00e9rience Apprentissage (M1 et M2), d\u00e8s septembre 2025, Universit\u00e9\/INSP\u00c9 de Lorraine<\/h4>\n<div><\/div>\n<p><a href=\"https:\/\/perso.atilf.fr\/vlemoine\/wp-content\/uploads\/sites\/67\/2021\/08\/Portrait-VLB-in-ATILF-mai-21.png\"><img loading=\"lazy\" decoding=\"async\" class=\"alignnone wp-image-726\" src=\"https:\/\/perso.atilf.fr\/vlemoine\/wp-content\/uploads\/sites\/67\/2021\/08\/Portrait-VLB-in-ATILF-mai-21-300x215.png\" alt=\"\" width=\"345\" height=\"247\" srcset=\"https:\/\/perso.atilf.fr\/vlemoine\/wp-content\/uploads\/sites\/67\/2021\/08\/Portrait-VLB-in-ATILF-mai-21-300x215.png 300w, https:\/\/perso.atilf.fr\/vlemoine\/wp-content\/uploads\/sites\/67\/2021\/08\/Portrait-VLB-in-ATILF-mai-21-1024x733.png 1024w, https:\/\/perso.atilf.fr\/vlemoine\/wp-content\/uploads\/sites\/67\/2021\/08\/Portrait-VLB-in-ATILF-mai-21-768x550.png 768w, https:\/\/perso.atilf.fr\/vlemoine\/wp-content\/uploads\/sites\/67\/2021\/08\/Portrait-VLB-in-ATILF-mai-21-1536x1100.png 1536w, https:\/\/perso.atilf.fr\/vlemoine\/wp-content\/uploads\/sites\/67\/2021\/08\/Portrait-VLB-in-ATILF-mai-21.png 1654w\" sizes=\"auto, (max-width: 345px) 100vw, 345px\" \/><\/a><\/p>\n<h3><span style=\"color: #000000\"><b>Sp\u00e9cialit\u00e9s :\u00a0<\/b><\/span><\/h3>\n<ul>\n<li>Sciences du Langage (CNU 07)<\/li>\n<li>Sciences de l&rsquo;\u00c9ducation et de la Formation (CNU 70)<\/li>\n<\/ul>\n<h3><strong>Domaines de recherche :<\/strong><\/h3>\n<ul>\n<li>Didactique des Langues et des Cultures (DDLC)<\/li>\n<li>Didactique du plurilinguisme<\/li>\n<li>Interculturel en \u00e9ducation et en formation (\u00e9ducation \u00e0&#8230;, rapport \u00e0 l&rsquo;alt\u00e9rit\u00e9, rapports de pouvoir, de domination)<\/li>\n<\/ul>\n<p>\u00c9galement : approche comparative intra\/internationale (Allemagne, Belgique, Br\u00e9sil, RU), autonomisation, construction des exclusions, formation des (futur\u00b7es) enseignant\u00b7es et professionnel\u2022les des terrains \u00e9ducatifs, litt\u00e9racies universitaires, p\u00e9dagogies f\u00e9ministes, recherches collaboratives impliqu\u00e9es et impliquantes.<\/p>\n<p>I am currently associate professor of Teaching and Learning Languages Education and in Intercultural Education at the Faculty of Education and Lifelong Learning, University of Lorraine in initial primary teacher education and in pedagogical engineering.<\/p>\n<p>My research and teaching interests include\u00a0teachers\u2019 knowledge, experiences and beliefs and practices in the classroom, reflections on the relationships of power, domination and oppression at the center of the problems facing teachers in their work.<\/p>\n<p>I am involved in several collaborative research projects and practical education projects focusing on plurilingualism and intercultural education, but also cowriting between researchers and teachers.<\/p>\n<h3><strong>Courriel<\/strong> : veronique.lemoine-bresson@univ-lorraine.fr<\/h3>\n<h3><span style=\"text-decoration: underline\"><strong>Coordonn\u00e9es<\/strong><\/span><\/h3>\n<p>Universit\u00e9 de Lorraine, ATILF UMR 7118 (CNRS)<\/p>\n<p>B\u00e2t. F, 23 Boulevard Albert 1er, BP 13397, 54015 NANCY cedex, FRANCE<\/p>\n<h3><span style=\"text-decoration: underline\"><strong>Appartenances<\/strong><\/span><\/h3>\n<ul>\n<li>Membre r\u00e9gulier du<strong> Groupe de Recherche sur les Jumelages Interculturels (GReJI), <\/strong>partenariat entre l\u2019Universit\u00e9 du Qu\u00e9bec \u00e0 Montr\u00e9al et Vanier College \u00e0 Montr\u00e9al (Qu\u00e9bec, Canada)<\/li>\n<li>Membre experte de la<strong> Deustch-franz\u00f6sische Hochschule Saarbr\u00fccken<\/strong>\/UFA <a href=\"https:\/\/www.dfh-ufa.org\/fr\/\">Site DFH\/UFA<\/a><\/li>\n<li>Membre du Comit\u00e9 \u00c9ditorial de la Revue Recherche En Didactiques (<strong>ReD<\/strong>), Universit\u00e9 de Lille, Laboratoire Th\u00e9odile-CIREL EA 4354 <a href=\"http:\/\/theodile.recherche.univ-lille3.fr\/cms\/\">Site Th\u00e9odile-CIREL<\/a><\/li>\n<li>Centre Interdisciplinaire d&rsquo;Etudes et de Recherches sur l&rsquo;Allemagne (<strong>CIERA<\/strong>)\u00a0<a href=\"http:\/\/www.ciera.fr\/fr\">Site CIERA<\/a><\/li>\n<li>Membre Association Internationale pour la Recherche Interculturelle (<strong>ARIC<\/strong>)\u00a0<a href=\"http:\/\/www.aric-interculturel.com\/\">Site ARIC<\/a><\/li>\n<li>Membre de l&rsquo;Association fran\u00e7aise pour le d\u00e9veloppement des \u00e9changes et de la comparaison en \u00e9ducation (<strong>AFDECE<\/strong>)\u00a0<a href=\"http:\/\/www.afdece.com\/\">Site AFDECE<\/a><\/li>\n<li>Membre de l&rsquo;Association des Enseignant.e.s et Chercheur.e.s en Sciences de l&rsquo;Education (<strong>AECSE<\/strong>)\u00a0:\u00a0<a href=\"http:\/\/www.aecse.net\/\" target=\"_blank\" rel=\"noopener noreferrer\" data-saferedirecturl=\"https:\/\/www.google.com\/url?q=http:\/\/www.aecse.net&amp;source=gmail&amp;ust=1570565697931000&amp;usg=AFQjCNHYfkBGwlKlrAQ-QjPoG_2DNM__QA\">www.aecse.net<\/a><\/li>\n<li>Membre Association for Language Awareness\u00a0 (<strong>ALA<\/strong>): <a href=\"https:\/\/languageawareness.org\/\">https:\/\/languageawareness.org\/<\/a><\/li>\n<li>Membre du s\u00e9minaire des doctorants, laboratoire <strong>CREAD<\/strong>, universit\u00e9 de Rennes, Bretagne Occidentale (C. Le H\u00e9naff)<\/li>\n<\/ul>\n<p>&nbsp;<\/p>\n","protected":false},"excerpt":{"rendered":"<p>V\u00e9ronique Lemoine-Bresson, Chercheuse p\u00e9dagogue, impliqu\u00e9e Maitresse de Conf\u00e9rences, HDR &#8211; Sciences du langage &#8211; Sciences de l&rsquo;\u00e9ducation et de la formation Titulaire de la Prime d&rsquo;encadrement doctoral et de recherche (PEDR 2021-2025) Co-coordinatrice master 2 MEEF Ing\u00e9nierie P\u00e9dagogique, MASTER DIPEA, &hellip; <a href=\"https:\/\/perso.atilf.fr\/vlemoine\/\">Continuer la lecture <span class=\"meta-nav\">&rarr;<\/span><\/a><\/p>\n","protected":false},"author":1,"featured_media":0,"parent":164,"menu_order":0,"comment_status":"closed","ping_status":"closed","template":"","meta":{"footnotes":""},"class_list":["post-35","page","type-page","status-publish","hentry"],"_links":{"self":[{"href":"https:\/\/perso.atilf.fr\/vlemoine\/wp-json\/wp\/v2\/pages\/35","targetHints":{"allow":["GET"]}}],"collection":[{"href":"https:\/\/perso.atilf.fr\/vlemoine\/wp-json\/wp\/v2\/pages"}],"about":[{"href":"https:\/\/perso.atilf.fr\/vlemoine\/wp-json\/wp\/v2\/types\/page"}],"author":[{"embeddable":true,"href":"https:\/\/perso.atilf.fr\/vlemoine\/wp-json\/wp\/v2\/users\/1"}],"replies":[{"embeddable":true,"href":"https:\/\/perso.atilf.fr\/vlemoine\/wp-json\/wp\/v2\/comments?post=35"}],"version-history":[{"count":129,"href":"https:\/\/perso.atilf.fr\/vlemoine\/wp-json\/wp\/v2\/pages\/35\/revisions"}],"predecessor-version":[{"id":1220,"href":"https:\/\/perso.atilf.fr\/vlemoine\/wp-json\/wp\/v2\/pages\/35\/revisions\/1220"}],"up":[{"embeddable":true,"href":"https:\/\/perso.atilf.fr\/vlemoine\/wp-json\/wp\/v2\/pages\/164"}],"wp:attachment":[{"href":"https:\/\/perso.atilf.fr\/vlemoine\/wp-json\/wp\/v2\/media?parent=35"}],"curies":[{"name":"wp","href":"https:\/\/api.w.org\/{rel}","templated":true}]}}