{"id":13,"date":"2015-06-29T13:43:15","date_gmt":"2015-06-29T12:43:15","guid":{"rendered":"https:\/\/apps.atilf.fr\/homepages\/?page_id=13"},"modified":"2021-04-27T12:53:18","modified_gmt":"2021-04-27T11:53:18","slug":"mediation","status":"publish","type":"page","link":"https:\/\/perso.atilf.fr\/vlux\/mediation\/","title":{"rendered":"M\u00e9diation scientifique"},"content":{"rendered":"\n<table id=\"tablepress-9\" class=\"tablepress tablepress-id-9\">\n<tbody class=\"row-striping row-hover\">\n<tr class=\"row-1\">\n\t<td class=\"column-1\">octobre 2019<\/td><td class=\"column-2\"><i>R\u00e9seaux lexicaux : une lexicographie 3D pour voir des mots dans tous les sens et des liens entre ces sens<\/i>, avec S.\u00a0Ollinger<\/td><td class=\"column-3\">Atelier grand public<\/td><td class=\"column-4\"><a href=\"http:\/\/nuit80ans.sciencesconf.org\/\">La nuit des 80 ans du CNRS<\/a>, H\u00f4tel de ville de Nancy, salle Chepfer<\/td>\n<\/tr>\n<tr class=\"row-2\">\n\t<td class=\"column-1\">septembre 2019<\/td><td class=\"column-2\"><i>Histoire du fran\u00e7ais  - frise chronologique<\/i>, avec \u00c9.\u00a0Buchi, B.\u00a0Combettes, B.\u00a0Stumpf, G.\u00a0Toubiana, et al.<\/td><td class=\"column-3\">Document pour le grand public<\/td><td class=\"column-4\">Distribu\u00e9 \u00e0 l'occasion des 80 ans du CNRS<\/td>\n<\/tr>\n<tr class=\"row-3\">\n\t<td class=\"column-1\">octobre 2018 &amp; juin 2019<\/td><td class=\"column-2\"><i>\u2013\u00a0Vous avez dit lexico... quoi ?<\/i><\/td><td class=\"column-3\">Atelier p\u00e9dagogique<\/td><td class=\"column-4\">Classes de CM2, \u00e9coles \u00e9l\u00e9mentaires, Nancy<\/td>\n<\/tr>\n<tr class=\"row-4\">\n\t<td class=\"column-1\">juin 2018 &amp; juin 2019<\/td><td class=\"column-2\"><i>\u2013\u00a0Vous avez dit lexico... quoi ?<\/i><\/td><td class=\"column-3\">Atelier p\u00e9dagogique<\/td><td class=\"column-4\">La nouvelle de la classe, ATILF, Nancy<\/td>\n<\/tr>\n<tr class=\"row-5\">\n\t<td class=\"column-1\">f\u00e9vrier 2017<\/td><td class=\"column-2\"><i>Un aper\u00e7u des ressources de l'ATILF : TLFi et CNRTL<\/i><\/td><td class=\"column-3\">Pr\u00e9sentation, questionnaire-jeu<\/td><td class=\"column-4\">Visite de 2d du Lyc\u00e9e Jeanne d'Arc \u00e0 l'ATILF, Nancy<\/td>\n<\/tr>\n<tr class=\"row-6\">\n\t<td class=\"column-1\">2011-2012<\/td><td class=\"column-2\"><i>\u00c9tymologie et histoire de la langue fran\u00e7aise<\/i>, avec M. Andronache, M. Bergeron-Macguire, L. Budzinski, B. Combettes, Y. Greub, S. Ollinger, S. Pescarini, B. Stumpf<\/td><td class=\"column-3\">Ateliers p\u00e9dagogiques pour environ 160 \u00e9l\u00e8ves de CE1 \u00e0 CM2<\/td><td class=\"column-4\">\u00c9cole \u00e9l\u00e9mentaire du Charmois, Vand\u0153uvre-l\u00e8s-Nancy<\/td>\n<\/tr>\n<tr class=\"row-7\">\n\t<td class=\"column-1\">2010-2011<\/td><td class=\"column-2\"><i>\u00c0 quoi servent les dictionnaires ?<\/i>, avec P. Bernard, S. Haton, A. Fert\u00e9, S. Ollinger, S. Pescarini<\/td><td class=\"column-3\">Ateliers p\u00e9dagogiques pour environ 160 \u00e9l\u00e8ves de CE1 \u00e0 CM2<\/td><td class=\"column-4\">\u00c9cole \u00e9l\u00e9mentaire du Charmois, Vand\u0153uvre-l\u00e8s-Nancy<\/td>\n<\/tr>\n<\/tbody>\n<\/table>\n<!-- #tablepress-9 from cache -->\n","protected":false},"excerpt":{"rendered":"","protected":false},"author":1,"featured_media":0,"parent":0,"menu_order":0,"comment_status":"closed","ping_status":"closed","template":"","meta":{"footnotes":""},"class_list":["post-13","page","type-page","status-publish","hentry"],"_links":{"self":[{"href":"https:\/\/perso.atilf.fr\/vlux\/wp-json\/wp\/v2\/pages\/13","targetHints":{"allow":["GET"]}}],"collection":[{"href":"https:\/\/perso.atilf.fr\/vlux\/wp-json\/wp\/v2\/pages"}],"about":[{"href":"https:\/\/perso.atilf.fr\/vlux\/wp-json\/wp\/v2\/types\/page"}],"author":[{"embeddable":true,"href":"https:\/\/perso.atilf.fr\/vlux\/wp-json\/wp\/v2\/users\/1"}],"replies":[{"embeddable":true,"href":"https:\/\/perso.atilf.fr\/vlux\/wp-json\/wp\/v2\/comments?post=13"}],"version-history":[{"count":13,"href":"https:\/\/perso.atilf.fr\/vlux\/wp-json\/wp\/v2\/pages\/13\/revisions"}],"predecessor-version":[{"id":388,"href":"https:\/\/perso.atilf.fr\/vlux\/wp-json\/wp\/v2\/pages\/13\/revisions\/388"}],"wp:attachment":[{"href":"https:\/\/perso.atilf.fr\/vlux\/wp-json\/wp\/v2\/media?parent=13"}],"curies":[{"name":"wp","href":"https:\/\/api.w.org\/{rel}","templated":true}]}}