{"id":19,"date":"2015-06-29T13:43:50","date_gmt":"2015-06-29T12:43:50","guid":{"rendered":"https:\/\/apps.atilf.fr\/homepages\/?page_id=19"},"modified":"2021-04-27T14:09:21","modified_gmt":"2021-04-27T13:09:21","slug":"animations","status":"publish","type":"page","link":"https:\/\/perso.atilf.fr\/vlux\/animations\/","title":{"rendered":"Conf\u00e9rences, s\u00e9minaires, formations"},"content":{"rendered":"\n<table id=\"tablepress-10\" class=\"tablepress tablepress-id-10\">\n<tbody class=\"row-striping row-hover\">\n<tr class=\"row-1\">\n\t<td class=\"column-1\">novembre 2020<\/td><td class=\"column-2\"><i>Le projet LELREP : Lexique et Enseignement de la Langue en R\u00e9seau d'\u00c9ducation Prioritaire<\/i>, avec A. Polgu\u00e8re<\/td><td class=\"column-3\">\u00e9tudiants Master SDL<\/td><td class=\"column-4\">\u00e0 distance<\/td><td class=\"column-5\"><\/td>\n<\/tr>\n<tr class=\"row-2\">\n\t<td class=\"column-1\">2018-2019<\/td><td class=\"column-2\"><i>Organisation de la connaissance lexicale<\/i>, (9h), avec A. Polgu\u00e8re<\/td><td class=\"column-3\">enseignants en \u00e9coles \u00e9l\u00e9mentaires<\/td><td class=\"column-4\">\u00e9cole La Fontaine, Laxou<\/td><td class=\"column-5\"><\/td>\n<\/tr>\n<tr class=\"row-3\">\n\t<td class=\"column-1\">2017-2018<\/td><td class=\"column-2\"><i>Organisation de la connaissance lexicale<\/i>, (9h), avec A. Polgu\u00e8re<\/td><td class=\"column-3\">enseignants en \u00e9coles \u00e9l\u00e9mentaires<\/td><td class=\"column-4\">\u00e9cole La Fontaine, Laxou<\/td><td class=\"column-5\"><\/td>\n<\/tr>\n<tr class=\"row-4\">\n\t<td class=\"column-1\">26 septembre 2018<\/td><td class=\"column-2\"><i> Introduction \u00e0 la phras\u00e9ologie<\/i>, (3h), avec A. Polgu\u00e8re<\/td><td class=\"column-3\">enseignants en \u00e9coles \u00e9l\u00e9mentaires<\/td><td class=\"column-4\">atelier Canop\u00e9 54, Nancy<\/td><td class=\"column-5\"><\/td>\n<\/tr>\n<tr class=\"row-5\">\n\t<td class=\"column-1\">10 f\u00e9vrier 2016<\/td><td class=\"column-2\">Pr\u00e9sentation invit\u00e9e sur le R\u00e9seau Lexical du Fran\u00e7ais<\/td><td class=\"column-3\">\u00e9tudiants SDL<\/td><td class=\"column-4\">Universit\u00e9 de Grenoble, Grenoble<\/td><td class=\"column-5\"><\/td>\n<\/tr>\n<tr class=\"row-6\">\n\t<td class=\"column-1\">semestre d'hiver 2015-2016<\/td><td class=\"column-2\">S\u00e9minaire \u00ab\u00a0Franz\u00f6sische Lexikographie\u00a0\u00bb  (30 h)<\/td><td class=\"column-3\">\u00e9tudiants<\/td><td class=\"column-4\">Universit\u00e9 Heinrich Heine, D\u00fcsseldorf<\/td><td class=\"column-5\"><\/td>\n<\/tr>\n<tr class=\"row-7\">\n\t<td class=\"column-1\">19 novembre 2014<\/td><td class=\"column-2\">Pr\u00e9sentation invit\u00e9e sur le R\u00e9seau Lexical du Fran\u00e7ais<\/td><td class=\"column-3\">coll\u00e8gues Universit\u00e9 Heinrich Heine<\/td><td class=\"column-4\">Universit\u00e9 Heinrich Heine, D\u00fcsseldorf<\/td><td class=\"column-5\"><\/td>\n<\/tr>\n<tr class=\"row-8\">\n\t<td class=\"column-1\">13 mars 2014<\/td><td class=\"column-2\">Pr\u00e9sentation invit\u00e9e sur le R\u00e9seau Lexical du Fran\u00e7ais<\/td><td class=\"column-3\">chercheurs du groupe Viseo<\/td><td class=\"column-4\">Centre de Recherche et de D\u00e9veloppement du groupe Viseo, Grenoble<\/td><td class=\"column-5\"><\/td>\n<\/tr>\n<tr class=\"row-9\">\n\t<td class=\"column-1\">14 mars 2014<\/td><td class=\"column-2\">Pr\u00e9sentation invit\u00e9e sur le R\u00e9seau Lexical du Fran\u00e7ais<\/td><td class=\"column-3\">\u00e9tudiants SDL, personnels universitaires<\/td><td class=\"column-4\">Universit\u00e9 de Grenoble III, Grenoble<\/td><td class=\"column-5\"><\/td>\n<\/tr>\n<tr class=\"row-10\">\n\t<td class=\"column-1\">16-17 mai 2013<\/td><td class=\"column-2\">Pr\u00e9sentation du projet RELIEF et du R\u00e9seau Lexical du Fran\u00e7ais, avec P. Bernard<\/td><td class=\"column-3\">tout public CNRS<\/td><td class=\"column-4\">Stand au Salon de la valorisation en SHS, Paris<\/td><td class=\"column-5\"><\/td>\n<\/tr>\n<\/tbody>\n<\/table>\n<!-- #tablepress-10 from cache -->\n","protected":false},"excerpt":{"rendered":"","protected":false},"author":1,"featured_media":0,"parent":0,"menu_order":0,"comment_status":"closed","ping_status":"closed","template":"","meta":{"footnotes":""},"class_list":["post-19","page","type-page","status-publish","hentry"],"_links":{"self":[{"href":"https:\/\/perso.atilf.fr\/vlux\/wp-json\/wp\/v2\/pages\/19","targetHints":{"allow":["GET"]}}],"collection":[{"href":"https:\/\/perso.atilf.fr\/vlux\/wp-json\/wp\/v2\/pages"}],"about":[{"href":"https:\/\/perso.atilf.fr\/vlux\/wp-json\/wp\/v2\/types\/page"}],"author":[{"embeddable":true,"href":"https:\/\/perso.atilf.fr\/vlux\/wp-json\/wp\/v2\/users\/1"}],"replies":[{"embeddable":true,"href":"https:\/\/perso.atilf.fr\/vlux\/wp-json\/wp\/v2\/comments?post=19"}],"version-history":[{"count":6,"href":"https:\/\/perso.atilf.fr\/vlux\/wp-json\/wp\/v2\/pages\/19\/revisions"}],"predecessor-version":[{"id":426,"href":"https:\/\/perso.atilf.fr\/vlux\/wp-json\/wp\/v2\/pages\/19\/revisions\/426"}],"wp:attachment":[{"href":"https:\/\/perso.atilf.fr\/vlux\/wp-json\/wp\/v2\/media?parent=19"}],"curies":[{"name":"wp","href":"https:\/\/api.w.org\/{rel}","templated":true}]}}