{"id":35,"date":"2021-03-30T12:00:31","date_gmt":"2021-03-30T11:00:31","guid":{"rendered":"https:\/\/apps.atilf.fr\/homepages\/?page_id=35"},"modified":"2021-04-29T09:22:52","modified_gmt":"2021-04-29T08:22:52","slug":"accueil","status":"publish","type":"page","link":"https:\/\/perso.atilf.fr\/vlux\/","title":{"rendered":"Accueil"},"content":{"rendered":"<p style=\"text-align: left\"><font color=\"#BA55D3\"><strong>Fonction<\/strong><\/font><\/p>\n<p>Ing\u00e9nieure de recherche en production, traitement, analyse de donn\u00e9es et enqu\u00eates<\/p>\n<p><font color=\"#BA55D3\"><strong>Coordonn\u00e9es au laboratoire ATILF<\/strong><\/font><\/p>\n\n<table id=\"tablepress-4\" class=\"tablepress tablepress-id-4\">\n<tbody class=\"row-striping\">\n<tr class=\"row-1\">\n\t<td class=\"column-1\">Axe<\/td><td class=\"column-2\">Lexique<\/td>\n<\/tr>\n<tr class=\"row-2\">\n\t<td class=\"column-1\">Courriel<\/td><td class=\"column-2\">veronika(dot)lux(at)atilf(dot)fr<\/td>\n<\/tr>\n<tr class=\"row-3\">\n\t<td class=\"column-1\">T\u00e9l\u00e9phone<\/td><td class=\"column-2\">+33 (0)3 54 50 52 93<\/td>\n<\/tr>\n<tr class=\"row-4\">\n\t<td class=\"column-1\">Lieu<\/td><td class=\"column-2\">Bureau 108 - 1er \u00e9tage - <a href=\"http:\/\/www.atilf.fr\/spip.php?article70\" target=\"_blank\" rel=\"noopener noreferrer\">B\u00e2timent CNRS<\/a><\/td>\n<\/tr>\n<tr class=\"row-5\">\n\t<td class=\"column-1\">Adresse<\/td><td class=\"column-2\">ATILF (CNRS &amp; Universit\u00e9 de Lorraine) <br \/>\n44, avenue de la Lib\u00e9ration <br \/>\nB.P. 30687 <br \/>\n54063 Nancy Cedex<\/td>\n<\/tr>\n<\/tbody>\n<\/table>\n<!-- #tablepress-4 from cache -->\n<p><font color=\"#BA55D3\"><strong>Responsabilit\u00e9s<\/strong><\/font><\/p>\n\n<table id=\"tablepress-5\" class=\"tablepress tablepress-id-5\">\n<tbody class=\"row-striping row-hover\">\n<tr class=\"row-1\">\n\t<td class=\"column-1\">Depuis 2018<\/td><td class=\"column-2\">Membre du Conseil de Laboratoire de l'ATILF<\/td>\n<\/tr>\n<tr class=\"row-2\">\n\t<td class=\"column-1\">Depuis 2014<\/td><td class=\"column-2\">R\u00e9f\u00e9rente \u00abd\u00e9veloppement durable\u00bb pour l'ATILF<\/td>\n<\/tr>\n<tr class=\"row-3\">\n\t<td class=\"column-1\">2018-2022<\/td><td class=\"column-2\">Responsable adjointe de l'\u00e9quipe \u00ablexique\u00bb (responsable A. Polgu\u00e8re)<\/td>\n<\/tr>\n<tr class=\"row-4\">\n\t<td class=\"column-1\">2016 \u00e0 2018<\/td><td class=\"column-2\">Co-responsable (avec K. Bartkova) des s\u00e9minaires ATILF<\/td>\n<\/tr>\n<tr class=\"row-5\">\n\t<td class=\"column-1\">2016 \u00e0 2018<\/td><td class=\"column-2\">Co-responsable (avec M. Ciekanski puis V. Langbach) de l'organisation des journ\u00e9es de rentr\u00e9es de l'ATILF<\/td>\n<\/tr>\n<\/tbody>\n<\/table>\n<!-- #tablepress-5 from cache -->\n","protected":false},"excerpt":{"rendered":"<p>Fonction Ing\u00e9nieure de recherche en production, traitement, analyse de donn\u00e9es et enqu\u00eates Coordonn\u00e9es au laboratoire ATILF Responsabilit\u00e9s<\/p>\n","protected":false},"author":1,"featured_media":0,"parent":0,"menu_order":0,"comment_status":"closed","ping_status":"closed","template":"","meta":{"footnotes":""},"class_list":["post-35","page","type-page","status-publish","hentry"],"_links":{"self":[{"href":"https:\/\/perso.atilf.fr\/vlux\/wp-json\/wp\/v2\/pages\/35","targetHints":{"allow":["GET"]}}],"collection":[{"href":"https:\/\/perso.atilf.fr\/vlux\/wp-json\/wp\/v2\/pages"}],"about":[{"href":"https:\/\/perso.atilf.fr\/vlux\/wp-json\/wp\/v2\/types\/page"}],"author":[{"embeddable":true,"href":"https:\/\/perso.atilf.fr\/vlux\/wp-json\/wp\/v2\/users\/1"}],"replies":[{"embeddable":true,"href":"https:\/\/perso.atilf.fr\/vlux\/wp-json\/wp\/v2\/comments?post=35"}],"version-history":[{"count":36,"href":"https:\/\/perso.atilf.fr\/vlux\/wp-json\/wp\/v2\/pages\/35\/revisions"}],"predecessor-version":[{"id":429,"href":"https:\/\/perso.atilf.fr\/vlux\/wp-json\/wp\/v2\/pages\/35\/revisions\/429"}],"wp:attachment":[{"href":"https:\/\/perso.atilf.fr\/vlux\/wp-json\/wp\/v2\/media?parent=35"}],"curies":[{"name":"wp","href":"https:\/\/api.w.org\/{rel}","templated":true}]}}