{"id":13,"date":"2015-06-29T13:43:15","date_gmt":"2015-06-29T12:43:15","guid":{"rendered":"https:\/\/apps.atilf.fr\/homepages\/vprivas\/?page_id=13"},"modified":"2025-12-18T10:14:12","modified_gmt":"2025-12-18T09:14:12","slug":"enseignement","status":"publish","type":"page","link":"https:\/\/perso.atilf.fr\/vprivas\/enseignement\/","title":{"rendered":"Activit\u00e9s d&rsquo;enseignement"},"content":{"rendered":"<p><strong>2017 &#8211; auj., \u00a0Ma\u00eetresse de conf\u00e9rences en \u00e9tudes anglophones &#8211; Universit\u00e9 de Lorraine, UFR Arts, Lettres et Langues<\/strong><\/p>\n<ul>\n<li>\u00ab\u00a0Le th\u00e9\u00e2tre immersif de langue anglaise\u00a0\u00bb, Master 2 \u00e9tudes culturelles (CM)<\/li>\n<li>cours de linguistique, Master 1 MEEF anglais (CM)<\/li>\n<li>cours de didactique de l&rsquo;anglais, Licence 3 LLCER anglais, option enseignement<\/li>\n<li>Cours de didactique des langues et des cultures, Master 1 et 2 MEEF, anglais &amp; espagnol (CM et TD)<\/li>\n<li>cours de didactisation des savoirs universitaires (exploitation de documents litt\u00e9raires et civilisationnels), Master 1 MEEF anglais (CM)<\/li>\n<li>cours de langue orale et qualit\u00e9 linguistique, Masters 2 MEEF anglais, mondes anglophones, bilangue-biculture (techniques th\u00e9\u00e2trales)<\/li>\n<li>cours d&rsquo;anglais pour non-sp\u00e9cialistes, Masters 1 et 2, Centre d&rsquo;Etudes Universitaires<\/li>\n<li>accompagnement aux stages enseignement, Licence 2 et 3 LLCER anglais<\/li>\n<li>cours de civilisation et de litt\u00e9rature, Licence 1 LLCER anglais<\/li>\n<\/ul>\n<p><strong>2006-2017, PrCe, \u00a0Universit\u00e9 Jean Moulin &#8211; Lyon 3,\u00a0Institut Universitaire de Technologie (IUT) et Facult\u00e9 de droit<\/strong><\/p>\n<ul>\n<li>cours d&rsquo;anglais \u00e9conomique et commercial, DUT Gestion administrative et commerciale des organisations (CM et TD)<\/li>\n<li>cours d&rsquo;anglais de sp\u00e9cialit\u00e9 (marketing en anglais, anglais des affaires)<\/li>\n<li>cours d&rsquo;anglais LANSAD et langue de sp\u00e9cialit\u00e9<\/li>\n<li>introduction aux certifications en langue, tout dipl\u00f4me<\/li>\n<\/ul>\n<p><strong>2014-2015, Correctrice du CAPES externe et de l\u2019Agr\u00e9gation interne d\u2019anglais &#8211; CNED <\/strong><\/p>\n<ul>\n<li>\u00e9preuves d\u2019admission : expos\u00e9 de la pr\u00e9paration d\u2019un cours \/ \u00e9preuve sur dossier (didactique)\/ mise en situation professionnelle<\/li>\n<\/ul>\n<p><strong>2012-2014, Professeur d\u2019anglais en \u00e9cole primaire &#8211; \u00c9cole primaire le Petit Prince &#8211; Mornant (69).\u00a0<\/strong><\/p>\n<ul>\n<li>Apprentissage de l\u2019anglais par le jeu th\u00e9\u00e2tral<\/li>\n<\/ul>\n<p><strong>2002-2006, ATER, Universit\u00e9 Jean Moulin &#8211; Lyon 3, Facult\u00e9 des Lettres et des Langues (d\u00e9partement d&rsquo;anglais) et Institut d&rsquo;Administration des Entreprises (IAE) <\/strong><\/p>\n<ul>\n<li>pratique de la langue, Licence et DEUG anglais<\/li>\n<li>traduction (th\u00e8me et version), Deug anglais<\/li>\n<li>connaissance et culture du monde anglophone : \u00e9tude de la grande famine en Irlande et du conflit en Irlande du Nord, Licence 3 LLCER anglais<\/li>\n<li>th\u00e8me grammatical (traduction et grammaire), Licence 1 &amp; 2, AES-Eco-gestion et LEA<\/li>\n<li>anglais Lansad, Master Lettres et Langues, Master Droit (Hygi\u00e8ne et s\u00e9curit\u00e9)<\/li>\n<\/ul>\n<p><strong>2001, Professeur d\u2019anglais, Coll\u00e8ge Pierre de Ronsard \u2013 Mornant (69)<\/strong><\/p>\n<ul>\n<li>classes de 6\u00e8me et de 5\u00e8me<\/li>\n<\/ul>\n<p><strong>2000, Professeur d\u2019anglais, Lyc\u00e9e La Martini\u00e8re Duch\u00e8re \u2013 Lyon 9\u00e8me<\/strong><\/p>\n<ul>\n<li>classes de Seconde, Premi\u00e8re STT et Terminale S. Pr\u00e9paration aux \u00e9preuves \u00e9crites et orales du baccalaur\u00e9at d\u2019anglais.<\/li>\n<\/ul>\n<p><strong>Autres enseignements<\/strong><\/p>\n<p><strong>2025- auj. <\/strong>Charg\u00e9e de TD, \u00ab<strong>\u00a0<\/strong>Education au num\u00e9rique en anglais\u00a0\u00bb, Master 1 FORSE, CNED, Universit\u00e9s de Rouen et Lumi\u00e8re Lyon 2.<\/p>\n<p><strong>2024-2025 \u00a0 \u00a0<\/strong>Charg\u00e9e du s\u00e9minaire de recherche en didactique des langues (\u00e0 distance) &#8211; M1 mondes anglophones, \u00a0Universit\u00e9 de La Sorbonne Nouvelle, Paris.<\/p>\n","protected":false},"excerpt":{"rendered":"<p>2017 &#8211; auj., \u00a0Ma\u00eetresse de conf\u00e9rences en \u00e9tudes anglophones &#8211; Universit\u00e9 de Lorraine, UFR Arts, Lettres et Langues \u00ab\u00a0Le th\u00e9\u00e2tre immersif de langue anglaise\u00a0\u00bb, Master 2 \u00e9tudes culturelles (CM) cours de linguistique, Master 1 MEEF anglais (CM) cours de didactique &hellip; <a href=\"https:\/\/perso.atilf.fr\/vprivas\/enseignement\/\">Continuer la lecture <span class=\"meta-nav\">&rarr;<\/span><\/a><\/p>\n","protected":false},"author":1,"featured_media":0,"parent":0,"menu_order":0,"comment_status":"closed","ping_status":"closed","template":"","meta":{"footnotes":""},"class_list":["post-13","page","type-page","status-publish","hentry"],"_links":{"self":[{"href":"https:\/\/perso.atilf.fr\/vprivas\/wp-json\/wp\/v2\/pages\/13","targetHints":{"allow":["GET"]}}],"collection":[{"href":"https:\/\/perso.atilf.fr\/vprivas\/wp-json\/wp\/v2\/pages"}],"about":[{"href":"https:\/\/perso.atilf.fr\/vprivas\/wp-json\/wp\/v2\/types\/page"}],"author":[{"embeddable":true,"href":"https:\/\/perso.atilf.fr\/vprivas\/wp-json\/wp\/v2\/users\/1"}],"replies":[{"embeddable":true,"href":"https:\/\/perso.atilf.fr\/vprivas\/wp-json\/wp\/v2\/comments?post=13"}],"version-history":[{"count":48,"href":"https:\/\/perso.atilf.fr\/vprivas\/wp-json\/wp\/v2\/pages\/13\/revisions"}],"predecessor-version":[{"id":864,"href":"https:\/\/perso.atilf.fr\/vprivas\/wp-json\/wp\/v2\/pages\/13\/revisions\/864"}],"wp:attachment":[{"href":"https:\/\/perso.atilf.fr\/vprivas\/wp-json\/wp\/v2\/media?parent=13"}],"curies":[{"name":"wp","href":"https:\/\/api.w.org\/{rel}","templated":true}]}}