{"id":15,"date":"2015-06-29T13:43:26","date_gmt":"2015-06-29T12:43:26","guid":{"rendered":"https:\/\/apps.atilf.fr\/homepages\/vprivas\/?page_id=15"},"modified":"2024-10-17T12:28:21","modified_gmt":"2024-10-17T11:28:21","slug":"projets","status":"publish","type":"page","link":"https:\/\/perso.atilf.fr\/vprivas\/projets\/","title":{"rendered":"Projets de recherche"},"content":{"rendered":"<div class=\"page\" title=\"Page 1\">\n<div class=\"section\">\n<div class=\"layoutArea\">\n<div class=\"column\">\n<p style=\"text-align: left\">Mes recherches portent sur l\u2019apprentissage\/enseignement des langues vivantes par le jeu th\u00e9\u00e2tral et les environnements virtuels immersifs. Je m\u00e8ne des exp\u00e9rimentations sur le terrain (en classe de langue) \u00a0en inscrivant mes observations et analyses dans le paradigme de l&rsquo;enaction (d\u00e9veloppement cognitif de l&rsquo;apprenant\/ neurosciences\/ articulation corps, \u00e9motions et esprit) relevant de la th\u00e9orie de la cognition incarn\u00e9e (embodied cognition).<\/p>\n<p>Je m&rsquo;int\u00e9resse \u00e9galement \u00e0 l&rsquo;\u00e9mergence d&rsquo;une nouvelle forme esth\u00e9tique th\u00e9\u00e2trale: \u00a0le th\u00e9\u00e2tre immersif anglo-saxon.<\/p>\n<\/div>\n<p style=\"text-align: center\"><strong>Projets\u00a0<\/strong><\/p>\n<div class=\"column\">\n<p style=\"text-align: center\"><strong>Au niveau international<\/strong><\/p>\n<ul>\n<li><strong>ViMuLEnc <\/strong>(Virtual Multilingual learning encounters in the European Language Classroom), project de recherche international( Nancy, Montpellier, Siegen, Istanbul) visant \u00e0 \u00e9tudier les \u00e9changes linguistiques et culturels dans les environnements virtuels.<\/li>\n<\/ul>\n<ul>\n<li><strong>SWIFT &#8211;\u00a0<span class=\"Aucun\"><span lang=\"EN-US\">Sansar Work in Facilitating Teamtalk (2018-2020)<\/span><\/span><\/strong><strong>.<\/strong> \u00a0Afin d\u2019\u00e9tudier les interrelations dans le contexte sp\u00e9cifique de l\u2019apprentissage des langues, nous m\u00e8nerons une exp\u00e9rimentation p\u00e9dagogique aupr\u00e8s d\u2019\u00e9tudiants de droit \u00e0 l\u2019Universit\u00e9 de Lorraine (UL) et \u00e0 l\u2019Universit\u00e9 de Westminster (GB). \u00a0Le dispositif privil\u00e9gi\u00e9 sera l\u2019immersion dans les mondes virtuels par les casques de RV et le monde virtuel utilis\u00e9, Sansar. Une \u00e9quipe compos\u00e9e de 5 Enseignants-Chercheurs de l\u2019\u00e9quipe \u00ab didactique des langues et sociolinguistique \u00bb de l\u2019ATILF (UMR 7118) sera en charge du projet. Sur le plan p\u00e9dagogique, elle sera \u00e9paul\u00e9e par des membres du corps enseignant de la facult\u00e9 de droit de l\u2019UL ainsi que des \u00e9quipes britanniques de l\u2019Universit\u00e9 de Westminster. Un informaticien du Campus lettres et sciences humaines et sociales de Nancy ainsi qu\u2019une enseignante-chercheuse en sciences de l\u2019information et de la communication de l\u2019universit\u00e9 britannique viendront en soutien technique au projet de pratiques immersives et permettront l\u2019enregistrement des donn\u00e9es lors des simulations. Nos objectifs scientifiques seront a) l\u2019\u00e9tude des \u00e9changes verbaux et non-verbaux entre les participants, b) le degr\u00e9 d\u2019immersion et d\u2019engagement des \u00e9tudiants fran\u00e7ais dans un premier temps, puis britanniques si les donn\u00e9es recueillies nous le permettent, dans le dispositif et c) les \u00e9changes interculturels aff\u00e9rents facilitant la r\u00e9solution des cas juridiques, notamment chez les apprenants n\u2019ayant jamais v\u00e9cu en territoire anglo-saxon.<\/li>\n<\/ul>\n<p style=\"text-align: center\"><strong>Au niveau national<\/strong><\/p>\n<ul>\n<li>\n<div><strong><u>GIS \u00e9ducation et formation \u2013 EMO-LANG : <\/u><\/strong>Projet de recherche entre l\u2019ATILF (Universit\u00e9 de Lorraine) et le LiLPA (Universit\u00e9 de Strasbourg) autour de l\u2019anxi\u00e9t\u00e9 langagi\u00e8re dans le cadre de la formation des enseignants en langues (sp\u00e9cialistes et non-sp\u00e9cialistes). Il s\u2019agit de mesurer les \u00e9motions des futurs enseignants de langue du premier et du second degr\u00e9s, et de les accompagner vers une transformation des \u00e9motions n\u00e9gatives en des \u00e9motions positives et un sentiment d\u2019efficacit\u00e9 personnelle en leur proposant de participer \u00e0 des activit\u00e9s ludiques et artistiques.<\/div>\n<\/li>\n<li>\n<div><strong>GTnum n\u00b02 :<\/strong>\u00a0Je suis membre d&rsquo;un groupe de recherche national (Aix-Marseille, Nice, Lyon, Nancy) s&rsquo;inscrivant dans l&rsquo;axe 1 &#8211; Num\u00e9rique, \u00e9ducation et innovation- \u00e9manant du Minist\u00e8re et portant sur l&rsquo;enseignement et l&rsquo;apprentissage en situation hybride pr\u00e9sentiel\/distanciel : vers une r\u00e9invention de la forme scolaire ?\u00a0L\u2019objectif est d\u2019analyser l\u2019activit\u00e9 instrument\u00e9e (Rabardel &amp; Waern, 2003), par des artefacts num\u00e9riques (plateforme collaborative, ENT, environnement virtuel, immersif, technologie blockchain, &#8230;), des acteurs (enseignants, \u00e9l\u00e8ves, parents, personnels d\u2019encadrement et administratifs, collectivit\u00e9s, partenaires associatifs) dans un contexte de distanciel subi.<\/div>\n<\/li>\n<li><strong>Assistants Vocaux en Apprentissage de Langue (AVAL)<\/strong> &#8211;\u00a0L\u2019interface vocale \u00e9mergente avec un assistant informatique donne lieu aux premi\u00e8res explorations p\u00e9dagogiques. Nous (membres d&rsquo;ICAR-Lyon 2 et ATILF &#8211; Universit\u00e9 de Lorraine) \u00a0souhaitons travailler sur l\u2019utilisation de ces assistants vocaux en leur faisant jouer le r\u00f4le d\u2019orchestrateurs de ressources aupr\u00e8s d\u2019\u00e9l\u00e8ves capables de travailler en autonomie, dans une optique de diff\u00e9renciation p\u00e9dagogique. Nous projetons de tester ces dispositifs \u00e0 petite \u00e9chelle pour en explorer le potentiel, limitations et enjeux \u00e9thiques, dans le cadre d\u2019une pratique de la langue.<\/li>\n<\/ul>\n<p style=\"text-align: center\"><strong>Au niveau Local<\/strong><\/p>\n<ul>\n<li><strong>Dispo-DEAL :<\/strong> ce groupe de travail local s&rsquo;int\u00e9resse aux\u00a0dispositifs d&rsquo;enseignement\/ apprentissage qui s&rsquo;inscrivent dans la th\u00e9orie de la cognition incarn\u00e9e ( th\u00e9\u00e2tre, r\u00e9alit\u00e9 virtuelle, jeu vid\u00e9o, marionnettes&#8230;)<\/li>\n<li><strong><strong>XR Pleiades\u00a0:\u00a0<\/strong><\/strong>\u00ab Ma classe de Re\u0302Ve \u00bb: Un EVI pour la pre\u0301-professionnalisation des e\u0301tudiants MEEF 1er degre\u0301(se\u0301ance Langue) = d\u00e9velopper une simulation virtuelle permettant aux futurs enseignants de s&rsquo;entrainer \u00e0 enseigner les langues. ( VRALL-team)<\/li>\n<li><strong>Jeux en jeu (2019-2020)<\/strong>: Ce projet de recherche vise \u00e0 examiner\/ v\u00e9rifier si les environnements virtuels immersifs permettent de r\u00e9duire l\u2019anxi\u00e9t\u00e9 lors de la production orale en interaction dans le cadre de l\u2019apprentissage de l\u2019anglais, en sollicitant l\u2019esprit, le corps et les \u00e9motions. Il s\u2019agira donc d\u2019\u00e9tudier et comparer deux dispositifs d\u2019apprentissage de l\u2019anglais, le jeu th\u00e9\u00e2tral et les mondes synth\u00e9tiques, sur une cohorte d\u2019\u00e9tudiants de l\u2019universit\u00e9 de Lorraine volontaires (id\u00e9alement 30) de janvier \u00e0 avril 2020. Nous inscrirons cette \u00e9tude exp\u00e9rimentale dans un paradigme enactif (Varela, Thompson).<\/li>\n<li><strong>projet DUNE-EOLE (2019)<\/strong>: cr\u00e9ation d&rsquo;un escape game multilingue pour une utilisation exclusive avec les casques de RV en soutien \u00e0 l&rsquo;apprentissage des langues.<\/li>\n<li><strong>Pratiques immersives et Education 4.1 (2017-2020)<\/strong>: j&rsquo;ai effectu\u00e9 une exp\u00e9rimentation avec des \u00e9tudiants de Master 2 MEEF \u00a0\u00e0 la rentr\u00e9e 2018 en utilisant les \u00a0casque(s) de r\u00e9alit\u00e9 virtuelle et la r\u00e9alit\u00e9 virtuelle (Sansar).\u00a0J&rsquo;entends \u00e9tudier dans quelle mesure l&rsquo;immersion dans des situations de communication par ce dispositif utilis\u00e9 \u00e0 des fins p\u00e9dagogiques permet l\u2019apprentissage\/ la consolidation de l&rsquo;anglais \u00e0 des fins professionnelles (en mettant l&rsquo;accent sur la place de la corpor\u00e9it\u00e9).<\/li>\n<\/ul>\n<p>&nbsp;<\/p>\n<\/div>\n<p style=\"text-align: center\"><strong>Obtentions de subventions<\/strong><\/p>\n<ul>\n<li>2021 &#8211; soutien financier de la R\u00e9gion Grand-Est, de la M\u00e9tropole du Grand Nancy, du CNRS, de la CASDEN, de l&rsquo;Universit\u00e9 de Lorraine, de la MSH-Lorraine pour l&rsquo;organisation des 20 ans de l&rsquo;ATILF<\/li>\n<li>2021 &#8211; soutien financier CLCS, de l&rsquo;ATILF et de l&rsquo;UFR ALL pour l&rsquo;organisation d&rsquo;un colloque international portant sur l&rsquo;autonomisation<\/li>\n<li>2019 &#8211;\u00a0soutien financier du CLCS, de l&rsquo;ATILF et de l&rsquo;UFR ALL pour l&rsquo;organisation d&rsquo;une journ\u00e9e d&rsquo;\u00e9tude portant sur les corpus<\/li>\n<li>2018 &#8211; soutien financier du CLCS, de l&rsquo;ATILF et de l&rsquo;UFR ALL pour l&rsquo;organisation d&rsquo;une journ\u00e9e d&rsquo;\u00e9tude portant sur les pratiques immersives<\/li>\n<\/ul>\n<div class=\"column\">\n<p>&nbsp;<\/p>\n<\/div>\n<\/div>\n<\/div>\n<\/div>\n<p style=\"text-align: justify\">\n","protected":false},"excerpt":{"rendered":"<p>Mes recherches portent sur l\u2019apprentissage\/enseignement des langues vivantes par le jeu th\u00e9\u00e2tral et les environnements virtuels immersifs. Je m\u00e8ne des exp\u00e9rimentations sur le terrain (en classe de langue) \u00a0en inscrivant mes observations et analyses dans le paradigme de l&rsquo;enaction (d\u00e9veloppement &hellip; <a href=\"https:\/\/perso.atilf.fr\/vprivas\/projets\/\">Continuer la lecture <span class=\"meta-nav\">&rarr;<\/span><\/a><\/p>\n","protected":false},"author":1,"featured_media":0,"parent":0,"menu_order":0,"comment_status":"closed","ping_status":"closed","template":"","meta":{"footnotes":""},"class_list":["post-15","page","type-page","status-publish","hentry"],"_links":{"self":[{"href":"https:\/\/perso.atilf.fr\/vprivas\/wp-json\/wp\/v2\/pages\/15","targetHints":{"allow":["GET"]}}],"collection":[{"href":"https:\/\/perso.atilf.fr\/vprivas\/wp-json\/wp\/v2\/pages"}],"about":[{"href":"https:\/\/perso.atilf.fr\/vprivas\/wp-json\/wp\/v2\/types\/page"}],"author":[{"embeddable":true,"href":"https:\/\/perso.atilf.fr\/vprivas\/wp-json\/wp\/v2\/users\/1"}],"replies":[{"embeddable":true,"href":"https:\/\/perso.atilf.fr\/vprivas\/wp-json\/wp\/v2\/comments?post=15"}],"version-history":[{"count":48,"href":"https:\/\/perso.atilf.fr\/vprivas\/wp-json\/wp\/v2\/pages\/15\/revisions"}],"predecessor-version":[{"id":772,"href":"https:\/\/perso.atilf.fr\/vprivas\/wp-json\/wp\/v2\/pages\/15\/revisions\/772"}],"wp:attachment":[{"href":"https:\/\/perso.atilf.fr\/vprivas\/wp-json\/wp\/v2\/media?parent=15"}],"curies":[{"name":"wp","href":"https:\/\/api.w.org\/{rel}","templated":true}]}}