{"id":23,"date":"2015-06-29T13:44:14","date_gmt":"2015-06-29T12:44:14","guid":{"rendered":"https:\/\/apps.atilf.fr\/homepages\/vprivas\/?page_id=23"},"modified":"2025-03-06T11:33:48","modified_gmt":"2025-03-06T10:33:48","slug":"cv","status":"publish","type":"page","link":"https:\/\/perso.atilf.fr\/vprivas\/cv\/","title":{"rendered":"Engagement associatif et politique"},"content":{"rendered":"<ul>\n<li><b>2023 : <\/b>Laur\u00e9ate des Troph\u00e9es du Pays Mornantais pour ambition culturelle \u00a0(cr\u00e9ation d&rsquo;une m\u00e9diath\u00e8que gratuite dans un \u00e9crin patrimonial)<\/li>\n<\/ul>\n<ul>\n<li><b>2020 <\/b>&#8211; pr\u00e9sent <b>: <\/b><strong>7\u00e8me a<\/strong><b>djointe<\/b> au maire de Mornant, en charge de la<b> culture, <\/b>du<b> patrimoine et <\/b>des <b>arts<\/b>, Mairie de la commune de Mornant (69440) \u2013 <i>responsable de la politique culturelle, des projets artistiques et patrimoniaux de la commune, cr\u00e9ation et am\u00e9nagement d\u2019une nouvelle m\u00e9diath\u00e8que, recrutement du personnel de biblioth\u00e8que et d\u2019animation, gestion des associations culturelles et artistiques, coordination et soutien aux jumelages (Burkina Faso, Angleterre, Roumanie), membre des groupes de travail \u00ab culture \u00bb et \u00ab jeunesse \u00bb pour la communaut\u00e9 de communes du pays mornantais (COPAMO)<\/i><b>\u00a0 \u00a0 \u00a0 \u00a0 \u00a0 \u00a0 \u00a0 \u00a0<\/b><\/li>\n<\/ul>\n<div>\n<ul>\n<li class=\"Pardfaut\"><b>2020 &#8211; 2021 : Pilote de la cellule \u00ab sant\u00e9 \u00bb <\/b>de la<b> <\/b>r\u00e9serve civile de Mornant, pendant le confinement de mars \u00e0 juin 2020 \u2013 <i>en charge de mettre en relation les personnels de soin et la cellule logistique pour la distribution d\u2019\u00e9quipement de protection et d\u2019hygi\u00e8ne.<\/i><\/li>\n<\/ul>\n<p>&nbsp;<\/p>\n<ul>\n<li class=\"Pardfaut\"><b>2019 : <\/b>Animation \u00ab\u00a0d\u00e9jeuner en anglais\u00a0\u00bb, pour la\u00a0<strong>coworkie<\/strong>, Mornant.<\/li>\n<\/ul>\n<\/div>\n<div>\n<ul>\n<li class=\"Pardfaut\"><b>2012 &#8211; 2022 : <\/b>Com\u00e9dienne dans la compagnie<strong>\u00a0<a href=\"https:\/\/au-fil-de-soi.fr.gd\/\"><i>Au Fil de Soi\u00a0<\/i><\/a> <\/strong>depuis 2012 \/ pratique du th\u00e9\u00e2tre amateur depuis 1993 \u2013 <i>plusieurs repr\u00e9sentations th\u00e9\u00e2trales et participation aux soir\u00e9es po\u00e9sie (mise en voix et th\u00e9\u00e2tralisation de po\u00e8mes)<\/i><\/li>\n<\/ul>\n<\/div>\n<div>\n<ul>\n<li class=\"Pardfaut\"><b>2016 : <\/b>\u00a0Membre fondatrice d\u2019un groupe de repr\u00e9sentants de parents d\u2019\u00e9l\u00e8ves \u00ab<strong>Dessine-moi mon \u00e9cole<\/strong>\u00a0\u00bb (DMME), Groupe scolaire le Petit Prince, Mornant &#8211; <i>participation aux conseils d\u2019\u00e9cole, interface et m\u00e9diation entre parents, mairie, personnel \u00e9ducatif\u00a0<\/i><\/li>\n<\/ul>\n<p>Repr\u00e9sentante \u00e9lue des parents d\u2019\u00e9l\u00e8ves, DMME<\/p>\n<\/div>\n<div>\n<ul>\n<li class=\"Pardfaut\"><b>2008 \u2013 2016 : <\/b>Repr\u00e9sentante des parents <strong>FCPE<\/strong>, groupe scolaire le Petit Prince, Mornant \u2013 <i>participation aux conseils d\u2019\u00e9cole, interface et m\u00e9diation entre parents, mairie, personnel \u00e9ducatif\u00a0\u00a0 <\/i>\u00a0<b><\/b><\/li>\n<\/ul>\n<\/div>\n<div>\n<ul>\n<li class=\"Pardfaut\"><b>2010 \u2013 2012 :\u00a0<\/b><i> <\/i>B\u00e9n\u00e9vole de la <strong>ludoth\u00e8que<\/strong> de Mornant, \u00ab\u00a0Plan\u00e8te-jeux\u00a0\u00bb &#8211;<i> accueil du public, animation apprentissage de l\u2019anglais par le jeu, accueil et animation aux enfants \u00e0 besoins particuliers (ITEP du pays mornantais<\/i>) <i>\u00a0<\/i><\/li>\n<\/ul>\n<\/div>\n<div>\n<ul>\n<li class=\"Pardfaut\"><b>2008 \u2013 2012 : <\/b>\u00a0 <b>Pr\u00e9sidente adjointe de l\u2019association \u00ab\u00a0Eveil en Pays mornantais\u00a0\u00bb (EPAM),<\/b> gestionnaire de cr\u00e8ches et halte-garderie sur le territoire mornantais<\/li>\n<\/ul>\n<\/div>\n<p>Membre de la commission \u00ab\u00a0Ressources Humaines\u00a0\u00bb, <strong>EPAM<\/strong><i> \u2013 recrutement de personnel du milieu de la petite enfance (Infirmi\u00e8re pu\u00e9ricultrice, \u00e9ducatrice de jeunes enfants, auxiliaires de pu\u00e9riculture, directeur g\u00e9n\u00e9ral) <\/i><\/p>\n<p><span lang=\"EN-US\">Porteuse du projet de la<i> <\/i>cr\u00e9ation et ouverture de trois micro-cr\u00e8ches sur le territoire de la COPAMO (Communaut\u00e9 de Communes du Pays Mornantais) &#8211; <i>pr\u00e9sentation du dossier aupr\u00e8s de la CAF et du d\u00e9partement du Rh\u00f4ne.<\/i>\u00a0\u00a0\u00a0\u00a0 <\/span><\/p>\n<p>&nbsp;<\/p>\n","protected":false},"excerpt":{"rendered":"<p>2023 : Laur\u00e9ate des Troph\u00e9es du Pays Mornantais pour ambition culturelle \u00a0(cr\u00e9ation d&rsquo;une m\u00e9diath\u00e8que gratuite dans un \u00e9crin patrimonial) 2020 &#8211; pr\u00e9sent : 7\u00e8me adjointe au maire de Mornant, en charge de la culture, du patrimoine et des arts, Mairie &hellip; <a href=\"https:\/\/perso.atilf.fr\/vprivas\/cv\/\">Continuer la lecture <span class=\"meta-nav\">&rarr;<\/span><\/a><\/p>\n","protected":false},"author":1,"featured_media":0,"parent":0,"menu_order":0,"comment_status":"closed","ping_status":"closed","template":"","meta":{"footnotes":""},"class_list":["post-23","page","type-page","status-publish","hentry"],"_links":{"self":[{"href":"https:\/\/perso.atilf.fr\/vprivas\/wp-json\/wp\/v2\/pages\/23","targetHints":{"allow":["GET"]}}],"collection":[{"href":"https:\/\/perso.atilf.fr\/vprivas\/wp-json\/wp\/v2\/pages"}],"about":[{"href":"https:\/\/perso.atilf.fr\/vprivas\/wp-json\/wp\/v2\/types\/page"}],"author":[{"embeddable":true,"href":"https:\/\/perso.atilf.fr\/vprivas\/wp-json\/wp\/v2\/users\/1"}],"replies":[{"embeddable":true,"href":"https:\/\/perso.atilf.fr\/vprivas\/wp-json\/wp\/v2\/comments?post=23"}],"version-history":[{"count":35,"href":"https:\/\/perso.atilf.fr\/vprivas\/wp-json\/wp\/v2\/pages\/23\/revisions"}],"predecessor-version":[{"id":808,"href":"https:\/\/perso.atilf.fr\/vprivas\/wp-json\/wp\/v2\/pages\/23\/revisions\/808"}],"wp:attachment":[{"href":"https:\/\/perso.atilf.fr\/vprivas\/wp-json\/wp\/v2\/media?parent=23"}],"curies":[{"name":"wp","href":"https:\/\/api.w.org\/{rel}","templated":true}]}}